{"id":1426261,"date":"2025-05-21T10:30:57","date_gmt":"2025-05-21T08:31:05","guid":{"rendered":"https:\/\/positiveprints.com\/?post_type=product&#038;p=1426261"},"modified":"2026-04-12T19:40:18","modified_gmt":"2026-04-12T18:40:18","slug":"morforaldrar-farforaldrar-definition-poster","status":"publish","type":"product","link":"https:\/\/positiveprints.com\/sv\/produkt\/morforaldrar-farforaldrar-definition-poster\/","title":{"rendered":"Morf\u00f6r\u00e4ldrar\/Farf\u00f6r\u00e4ldrar Definition Poster"},"content":{"rendered":"","protected":false},"excerpt":{"rendered":"<ul class=\"check-list\">\n<li>Skriv din personliga definition<\/li>\n<li>L\u00e4gg till ditt eget foto<\/li>\n<li>Anpassa i 3 enkla steg<\/li>\n<li>Se resultatet direkt \u2013 den interaktiva f\u00f6rhandsvisningen l\u00e5ter dig finjustera varje detalj<\/li>\n<\/ul>\n","protected":false},"featured_media":1426549,"template":"","meta":[],"product_brand":[],"product_cat":[9525,7459,9000],"product_tag":[8683,15701,15713],"class_list":{"0":"post-1426261","1":"product","2":"type-product","3":"status-publish","4":"has-post-thumbnail","6":"product_cat-definition-sv","7":"product_cat-alla-produkter","8":"product_cat-aldreomsorgens-dag","9":"product_tag-grandparents-sv","10":"product_tag-present-till-mor-och-farforaldrar","11":"product_tag-presenter-till-mor-och-farforaldrar","13":"first","14":"instock","15":"sale","16":"taxable","17":"shipping-taxable","18":"purchasable","19":"product-type-variable"},"yoast_head":"<!-- This site is optimized with the Yoast SEO Premium plugin v27.2 (Yoast SEO v27.2) - https:\/\/yoast.com\/product\/yoast-seo-premium-wordpress\/ -->\n<title>Morf\u00f6r\u00e4ldrar\/Farf\u00f6r\u00e4ldrar Definition Poster - Positive Prints<\/title>\n<meta name=\"description\" content=\"Visa din k\u00e4rlek med Morf\u00f6r\u00e4ldrar\/Farf\u00f6r\u00e4ldrar definition affisch \u2013 en charmig, meningsfull present som f\u00e5ngar all v\u00e4rme, klokhet och gl\u00e4dje i att vara morf\u00f6r\u00e4lder\/farf\u00f6r\u00e4lder.\" \/>\n<meta name=\"robots\" content=\"index, follow, max-snippet:-1, max-image-preview:large, max-video-preview:-1\" \/>\n<link rel=\"canonical\" href=\"https:\/\/positiveprints.com\/sv\/produkt\/morforaldrar-farforaldrar-definition-poster\/\" \/>\n<meta property=\"og:locale\" content=\"sv_SE\" \/>\n<meta property=\"og:type\" content=\"article\" \/>\n<meta property=\"og:title\" content=\"Morf\u00f6r\u00e4ldrar\/Farf\u00f6r\u00e4ldrar Definition Poster\" \/>\n<meta property=\"og:description\" content=\"Skriv din personliga definition L\u00e4gg till ditt eget foto Anpassa i 3 enkla steg Se resultatet direkt \u2013 den interaktiva f\u00f6rhandsvisningen l\u00e5ter dig finjustera varje detalj\" \/>\n<meta property=\"og:url\" content=\"https:\/\/positiveprints.com\/sv\/produkt\/morforaldrar-farforaldrar-definition-poster\/\" \/>\n<meta property=\"og:site_name\" content=\"Positive Prints\" \/>\n<meta property=\"article:publisher\" content=\"https:\/\/www.facebook.com\/positiveprintscom\" \/>\n<meta property=\"article:modified_time\" content=\"2026-04-12T18:40:18+00:00\" \/>\n<meta property=\"og:image\" content=\"https:\/\/positiveprints.com\/wp-content\/uploads\/2025\/05\/Morfo\u0308ra\u0308ldrarFarfo\u0308ra\u0308ldrar-Definition-Poster-1.webp\" \/>\n\t<meta property=\"og:image:width\" content=\"1450\" \/>\n\t<meta property=\"og:image:height\" content=\"1450\" \/>\n\t<meta property=\"og:image:type\" content=\"image\/webp\" \/>\n<meta name=\"twitter:card\" content=\"summary_large_image\" \/>\n<meta name=\"twitter:label1\" content=\"Ber\u00e4knad l\u00e4stid\" \/>\n\t<meta name=\"twitter:data1\" content=\"1 minut\" \/>\n<!-- \/ Yoast SEO Premium plugin. -->","yoast_head_json":{"title":"Morf\u00f6r\u00e4ldrar\/Farf\u00f6r\u00e4ldrar Definition Poster - Positive Prints","description":"Visa din k\u00e4rlek med Morf\u00f6r\u00e4ldrar\/Farf\u00f6r\u00e4ldrar definition affisch \u2013 en charmig, meningsfull present som f\u00e5ngar all v\u00e4rme, klokhet och gl\u00e4dje i att vara morf\u00f6r\u00e4lder\/farf\u00f6r\u00e4lder.","robots":{"index":"index","follow":"follow","max-snippet":"max-snippet:-1","max-image-preview":"max-image-preview:large","max-video-preview":"max-video-preview:-1"},"canonical":"https:\/\/positiveprints.com\/sv\/produkt\/morforaldrar-farforaldrar-definition-poster\/","og_locale":"sv_SE","og_type":"article","og_title":"Morf\u00f6r\u00e4ldrar\/Farf\u00f6r\u00e4ldrar Definition Poster","og_description":"Skriv din personliga definition L\u00e4gg till ditt eget foto Anpassa i 3 enkla steg Se resultatet direkt \u2013 den interaktiva f\u00f6rhandsvisningen l\u00e5ter dig finjustera varje detalj","og_url":"https:\/\/positiveprints.com\/sv\/produkt\/morforaldrar-farforaldrar-definition-poster\/","og_site_name":"Positive Prints","article_publisher":"https:\/\/www.facebook.com\/positiveprintscom","article_modified_time":"2026-04-12T18:40:18+00:00","og_image":[{"width":1450,"height":1450,"url":"https:\/\/positiveprints.com\/wp-content\/uploads\/2025\/05\/Morfo\u0308ra\u0308ldrarFarfo\u0308ra\u0308ldrar-Definition-Poster-1.webp","type":"image\/webp"}],"twitter_card":"summary_large_image","twitter_misc":{"Ber\u00e4knad l\u00e4stid":"1 minut"},"schema":{"@context":"https:\/\/schema.org","@graph":[{"@type":["WebPage","ItemPage"],"@id":"https:\/\/positiveprints.com\/sv\/produkt\/morforaldrar-farforaldrar-definition-poster\/","url":"https:\/\/positiveprints.com\/sv\/produkt\/morforaldrar-farforaldrar-definition-poster\/","name":"Morf\u00f6r\u00e4ldrar\/Farf\u00f6r\u00e4ldrar Definition Poster - Positive Prints","isPartOf":{"@id":"https:\/\/positiveprints.com\/sv\/#website"},"primaryImageOfPage":{"@id":"https:\/\/positiveprints.com\/sv\/produkt\/morforaldrar-farforaldrar-definition-poster\/#primaryimage"},"image":{"@id":"https:\/\/positiveprints.com\/sv\/produkt\/morforaldrar-farforaldrar-definition-poster\/#primaryimage"},"thumbnailUrl":"https:\/\/positiveprints.com\/wp-content\/uploads\/2025\/05\/Morfo\u0308ra\u0308ldrarFarfo\u0308ra\u0308ldrar-Definition-Poster-1.webp","datePublished":"2025-05-21T08:31:05+00:00","dateModified":"2026-04-12T18:40:18+00:00","description":"Visa din k\u00e4rlek med Morf\u00f6r\u00e4ldrar\/Farf\u00f6r\u00e4ldrar definition affisch \u2013 en charmig, meningsfull present som f\u00e5ngar all v\u00e4rme, klokhet och gl\u00e4dje i att vara morf\u00f6r\u00e4lder\/farf\u00f6r\u00e4lder.","breadcrumb":{"@id":"https:\/\/positiveprints.com\/sv\/produkt\/morforaldrar-farforaldrar-definition-poster\/#breadcrumb"},"inLanguage":"sv-SE","potentialAction":[{"@type":"ReadAction","target":["https:\/\/positiveprints.com\/sv\/produkt\/morforaldrar-farforaldrar-definition-poster\/"]}]},{"@type":"ImageObject","inLanguage":"sv-SE","@id":"https:\/\/positiveprints.com\/sv\/produkt\/morforaldrar-farforaldrar-definition-poster\/#primaryimage","url":"https:\/\/positiveprints.com\/wp-content\/uploads\/2025\/05\/Morfo\u0308ra\u0308ldrarFarfo\u0308ra\u0308ldrar-Definition-Poster-1.webp","contentUrl":"https:\/\/positiveprints.com\/wp-content\/uploads\/2025\/05\/Morfo\u0308ra\u0308ldrarFarfo\u0308ra\u0308ldrar-Definition-Poster-1.webp","width":1450,"height":1450},{"@type":"BreadcrumbList","@id":"https:\/\/positiveprints.com\/sv\/produkt\/morforaldrar-farforaldrar-definition-poster\/#breadcrumb","itemListElement":[{"@type":"ListItem","position":1,"name":"Home","item":"https:\/\/positiveprints.com\/sv\/"},{"@type":"ListItem","position":2,"name":"Produkter","item":"https:\/\/positiveprints.com\/sv\/shop\/"},{"@type":"ListItem","position":3,"name":"Morf\u00f6r\u00e4ldrar\/Farf\u00f6r\u00e4ldrar Definition Poster"}]},{"@type":"WebSite","@id":"https:\/\/positiveprints.com\/sv\/#website","url":"https:\/\/positiveprints.com\/sv\/","name":"Positive Prints","description":"Amazing Custom Personalized Gifts","publisher":{"@id":"https:\/\/positiveprints.com\/sv\/#organization"},"potentialAction":[{"@type":"SearchAction","target":{"@type":"EntryPoint","urlTemplate":"https:\/\/positiveprints.com\/sv\/?s={search_term_string}"},"query-input":{"@type":"PropertyValueSpecification","valueRequired":true,"valueName":"search_term_string"}}],"inLanguage":"sv-SE"},{"@type":"Organization","@id":"https:\/\/positiveprints.com\/sv\/#organization","name":"Positive Prints","alternateName":"Positive Prints","url":"https:\/\/positiveprints.com\/sv\/","logo":{"@type":"ImageObject","inLanguage":"sv-SE","@id":"https:\/\/positiveprints.com\/sv\/#\/schema\/logo\/image\/","url":"https:\/\/positiveprints.com\/wp-content\/uploads\/2026\/03\/245815646_1337939713319158_5671353136411139666_n.png","contentUrl":"https:\/\/positiveprints.com\/wp-content\/uploads\/2026\/03\/245815646_1337939713319158_5671353136411139666_n.png","width":800,"height":800,"caption":"Positive Prints"},"image":{"@id":"https:\/\/positiveprints.com\/sv\/#\/schema\/logo\/image\/"},"sameAs":["https:\/\/www.facebook.com\/positiveprintscom","https:\/\/www.instagram.com\/positiveprintscom\/","https:\/\/www.tiktok.com\/@positiveprintscom","https:\/\/www.pinterest.com\/positiveprintscom\/"]}]}},"jetpack_sharing_enabled":true,"_links":{"self":[{"href":"https:\/\/positiveprints.com\/sv\/wp-json\/wp\/v2\/product\/1426261","targetHints":{"allow":["GET"]}}],"collection":[{"href":"https:\/\/positiveprints.com\/sv\/wp-json\/wp\/v2\/product"}],"about":[{"href":"https:\/\/positiveprints.com\/sv\/wp-json\/wp\/v2\/types\/product"}],"wp:featuredmedia":[{"embeddable":true,"href":"https:\/\/positiveprints.com\/sv\/wp-json\/wp\/v2\/media\/1426549"}],"wp:attachment":[{"href":"https:\/\/positiveprints.com\/sv\/wp-json\/wp\/v2\/media?parent=1426261"}],"wp:term":[{"taxonomy":"product_brand","embeddable":true,"href":"https:\/\/positiveprints.com\/sv\/wp-json\/wp\/v2\/product_brand?post=1426261"},{"taxonomy":"product_cat","embeddable":true,"href":"https:\/\/positiveprints.com\/sv\/wp-json\/wp\/v2\/product_cat?post=1426261"},{"taxonomy":"product_tag","embeddable":true,"href":"https:\/\/positiveprints.com\/sv\/wp-json\/wp\/v2\/product_tag?post=1426261"}],"curies":[{"name":"wp","href":"https:\/\/api.w.org\/{rel}","templated":true}]}}