{"id":1417145,"date":"2025-05-12T08:35:34","date_gmt":"2025-05-12T06:35:40","guid":{"rendered":"https:\/\/positiveprints.com\/?post_type=product&#038;p=1417145"},"modified":"2026-04-12T19:43:09","modified_gmt":"2026-04-12T18:43:09","slug":"havandeportratt-linjeposter-fran-foto","status":"publish","type":"product","link":"https:\/\/positiveprints.com\/sv\/produkt\/havandeportratt-linjeposter-fran-foto\/","title":{"rendered":"Havandeportr\u00e4tt &#8211; Linjeposter fr\u00e5n foto"},"content":{"rendered":"","protected":false},"excerpt":{"rendered":"<ul class=\"check-list\">\n<li>Ritad och skickad f\u00f6r ditt godk\u00e4nnande inom 2-3 arbetsdagar<\/li>\n<li>Anpassa i 3 enkla steg<\/li>\n<li>V\u00e4lj en mall eller var kreativ<\/li>\n<li>2 revisioner tillg\u00e4ngliga p\u00e5 beg\u00e4ran<\/li>\n<\/ul>\n","protected":false},"featured_media":1418594,"template":"","meta":[],"product_brand":[],"product_cat":[9184,7459,7966],"product_tag":[16192,11833,11030,11031,10961,11032,10951,8409,11033,11029],"class_list":{"0":"post-1417145","1":"product","2":"type-product","3":"status-publish","4":"has-post-thumbnail","6":"product_cat-line-art-sv","7":"product_cat-alla-produkter","8":"product_cat-gavor-till-baby-shower","9":"product_tag-babyshower-sv","10":"product_tag-julklappar-till-mamma","11":"product_tag-mam-sv","12":"product_tag-mamma-sv","13":"product_tag-mamma","14":"product_tag-mammor","15":"product_tag-mors-dag","16":"product_tag-mother-sv","17":"product_tag-mumie-sv","18":"product_tag-mumie","20":"first","21":"instock","22":"sale","23":"taxable","24":"shipping-taxable","25":"purchasable","26":"product-type-variable"},"yoast_head":"<!-- This site is optimized with the Yoast SEO Premium plugin v27.2 (Yoast SEO v27.2) - https:\/\/yoast.com\/product\/yoast-seo-premium-wordpress\/ -->\n<title>Havandeportr\u00e4tt - Linjeposter fr\u00e5n foto - Positive Prints<\/title>\n<meta name=\"description\" content=\"Letar du efter den perfekta babyshower-presenten? Ett personligt portr\u00e4tt av den blivande mamman kommer bli en meningsfull och omt\u00e4nksam present hon alltid kommer \u00e4lska.\" \/>\n<meta name=\"robots\" content=\"index, follow, max-snippet:-1, max-image-preview:large, max-video-preview:-1\" \/>\n<link rel=\"canonical\" href=\"https:\/\/positiveprints.com\/sv\/produkt\/havandeportratt-linjeposter-fran-foto\/\" \/>\n<meta property=\"og:locale\" content=\"sv_SE\" \/>\n<meta property=\"og:type\" content=\"article\" \/>\n<meta property=\"og:title\" content=\"Havandeportr\u00e4tt - Linjeposter fr\u00e5n foto\" \/>\n<meta property=\"og:description\" content=\"Ritad och skickad f\u00f6r ditt godk\u00e4nnande inom 2-3 arbetsdagar  Anpassa i 3 enkla steg  V\u00e4lj en mall eller var kreativ  2 revisioner tillg\u00e4ngliga p\u00e5 beg\u00e4ran\" \/>\n<meta property=\"og:url\" content=\"https:\/\/positiveprints.com\/sv\/produkt\/havandeportratt-linjeposter-fran-foto\/\" \/>\n<meta property=\"og:site_name\" content=\"Positive Prints\" \/>\n<meta property=\"article:publisher\" content=\"https:\/\/www.facebook.com\/positiveprintscom\" \/>\n<meta property=\"article:modified_time\" content=\"2026-04-12T18:43:09+00:00\" \/>\n<meta property=\"og:image\" content=\"https:\/\/positiveprints.com\/wp-content\/uploads\/2025\/05\/Packshot_SE_Havandeportratt.webp\" \/>\n\t<meta property=\"og:image:width\" content=\"1450\" \/>\n\t<meta property=\"og:image:height\" content=\"1450\" \/>\n\t<meta property=\"og:image:type\" content=\"image\/webp\" \/>\n<meta name=\"twitter:card\" content=\"summary_large_image\" \/>\n<meta name=\"twitter:label1\" content=\"Ber\u00e4knad l\u00e4stid\" \/>\n\t<meta name=\"twitter:data1\" content=\"1 minut\" \/>\n<!-- \/ Yoast SEO Premium plugin. -->","yoast_head_json":{"title":"Havandeportr\u00e4tt - Linjeposter fr\u00e5n foto - Positive Prints","description":"Letar du efter den perfekta babyshower-presenten? Ett personligt portr\u00e4tt av den blivande mamman kommer bli en meningsfull och omt\u00e4nksam present hon alltid kommer \u00e4lska.","robots":{"index":"index","follow":"follow","max-snippet":"max-snippet:-1","max-image-preview":"max-image-preview:large","max-video-preview":"max-video-preview:-1"},"canonical":"https:\/\/positiveprints.com\/sv\/produkt\/havandeportratt-linjeposter-fran-foto\/","og_locale":"sv_SE","og_type":"article","og_title":"Havandeportr\u00e4tt - Linjeposter fr\u00e5n foto","og_description":"Ritad och skickad f\u00f6r ditt godk\u00e4nnande inom 2-3 arbetsdagar  Anpassa i 3 enkla steg  V\u00e4lj en mall eller var kreativ  2 revisioner tillg\u00e4ngliga p\u00e5 beg\u00e4ran","og_url":"https:\/\/positiveprints.com\/sv\/produkt\/havandeportratt-linjeposter-fran-foto\/","og_site_name":"Positive Prints","article_publisher":"https:\/\/www.facebook.com\/positiveprintscom","article_modified_time":"2026-04-12T18:43:09+00:00","og_image":[{"width":1450,"height":1450,"url":"https:\/\/positiveprints.com\/wp-content\/uploads\/2025\/05\/Packshot_SE_Havandeportratt.webp","type":"image\/webp"}],"twitter_card":"summary_large_image","twitter_misc":{"Ber\u00e4knad l\u00e4stid":"1 minut"},"schema":{"@context":"https:\/\/schema.org","@graph":[{"@type":["WebPage","ItemPage"],"@id":"https:\/\/positiveprints.com\/sv\/produkt\/havandeportratt-linjeposter-fran-foto\/","url":"https:\/\/positiveprints.com\/sv\/produkt\/havandeportratt-linjeposter-fran-foto\/","name":"Havandeportr\u00e4tt - Linjeposter fr\u00e5n foto - Positive Prints","isPartOf":{"@id":"https:\/\/positiveprints.com\/sv\/#website"},"primaryImageOfPage":{"@id":"https:\/\/positiveprints.com\/sv\/produkt\/havandeportratt-linjeposter-fran-foto\/#primaryimage"},"image":{"@id":"https:\/\/positiveprints.com\/sv\/produkt\/havandeportratt-linjeposter-fran-foto\/#primaryimage"},"thumbnailUrl":"https:\/\/positiveprints.com\/wp-content\/uploads\/2025\/05\/Packshot_SE_Havandeportratt.webp","datePublished":"2025-05-12T06:35:40+00:00","dateModified":"2026-04-12T18:43:09+00:00","description":"Letar du efter den perfekta babyshower-presenten? Ett personligt portr\u00e4tt av den blivande mamman kommer bli en meningsfull och omt\u00e4nksam present hon alltid kommer \u00e4lska.","breadcrumb":{"@id":"https:\/\/positiveprints.com\/sv\/produkt\/havandeportratt-linjeposter-fran-foto\/#breadcrumb"},"inLanguage":"sv-SE","potentialAction":[{"@type":"ReadAction","target":["https:\/\/positiveprints.com\/sv\/produkt\/havandeportratt-linjeposter-fran-foto\/"]}]},{"@type":"ImageObject","inLanguage":"sv-SE","@id":"https:\/\/positiveprints.com\/sv\/produkt\/havandeportratt-linjeposter-fran-foto\/#primaryimage","url":"https:\/\/positiveprints.com\/wp-content\/uploads\/2025\/05\/Packshot_SE_Havandeportratt.webp","contentUrl":"https:\/\/positiveprints.com\/wp-content\/uploads\/2025\/05\/Packshot_SE_Havandeportratt.webp","width":1450,"height":1450,"caption":"Packshot_SE_Havandeportr\u00e4tt"},{"@type":"BreadcrumbList","@id":"https:\/\/positiveprints.com\/sv\/produkt\/havandeportratt-linjeposter-fran-foto\/#breadcrumb","itemListElement":[{"@type":"ListItem","position":1,"name":"Home","item":"https:\/\/positiveprints.com\/sv\/"},{"@type":"ListItem","position":2,"name":"Produkter","item":"https:\/\/positiveprints.com\/sv\/shop\/"},{"@type":"ListItem","position":3,"name":"Havandeportr\u00e4tt &#8211; Linjeposter fr\u00e5n foto"}]},{"@type":"WebSite","@id":"https:\/\/positiveprints.com\/sv\/#website","url":"https:\/\/positiveprints.com\/sv\/","name":"Positive Prints","description":"Amazing Custom Personalized Gifts","publisher":{"@id":"https:\/\/positiveprints.com\/sv\/#organization"},"potentialAction":[{"@type":"SearchAction","target":{"@type":"EntryPoint","urlTemplate":"https:\/\/positiveprints.com\/sv\/?s={search_term_string}"},"query-input":{"@type":"PropertyValueSpecification","valueRequired":true,"valueName":"search_term_string"}}],"inLanguage":"sv-SE"},{"@type":"Organization","@id":"https:\/\/positiveprints.com\/sv\/#organization","name":"Positive Prints","alternateName":"Positive Prints","url":"https:\/\/positiveprints.com\/sv\/","logo":{"@type":"ImageObject","inLanguage":"sv-SE","@id":"https:\/\/positiveprints.com\/sv\/#\/schema\/logo\/image\/","url":"https:\/\/positiveprints.com\/wp-content\/uploads\/2026\/03\/245815646_1337939713319158_5671353136411139666_n.png","contentUrl":"https:\/\/positiveprints.com\/wp-content\/uploads\/2026\/03\/245815646_1337939713319158_5671353136411139666_n.png","width":800,"height":800,"caption":"Positive Prints"},"image":{"@id":"https:\/\/positiveprints.com\/sv\/#\/schema\/logo\/image\/"},"sameAs":["https:\/\/www.facebook.com\/positiveprintscom","https:\/\/www.instagram.com\/positiveprintscom\/","https:\/\/www.tiktok.com\/@positiveprintscom","https:\/\/www.pinterest.com\/positiveprintscom\/"]}]}},"jetpack_sharing_enabled":true,"_links":{"self":[{"href":"https:\/\/positiveprints.com\/sv\/wp-json\/wp\/v2\/product\/1417145","targetHints":{"allow":["GET"]}}],"collection":[{"href":"https:\/\/positiveprints.com\/sv\/wp-json\/wp\/v2\/product"}],"about":[{"href":"https:\/\/positiveprints.com\/sv\/wp-json\/wp\/v2\/types\/product"}],"wp:featuredmedia":[{"embeddable":true,"href":"https:\/\/positiveprints.com\/sv\/wp-json\/wp\/v2\/media\/1418594"}],"wp:attachment":[{"href":"https:\/\/positiveprints.com\/sv\/wp-json\/wp\/v2\/media?parent=1417145"}],"wp:term":[{"taxonomy":"product_brand","embeddable":true,"href":"https:\/\/positiveprints.com\/sv\/wp-json\/wp\/v2\/product_brand?post=1417145"},{"taxonomy":"product_cat","embeddable":true,"href":"https:\/\/positiveprints.com\/sv\/wp-json\/wp\/v2\/product_cat?post=1417145"},{"taxonomy":"product_tag","embeddable":true,"href":"https:\/\/positiveprints.com\/sv\/wp-json\/wp\/v2\/product_tag?post=1417145"}],"curies":[{"name":"wp","href":"https:\/\/api.w.org\/{rel}","templated":true}]}}