{"id":1389041,"date":"2023-10-04T13:19:12","date_gmt":"2023-10-04T12:19:12","guid":{"rendered":"https:\/\/positiveprints.com\/product\/aunt-letter-photo-collage\/"},"modified":"2026-04-03T03:04:50","modified_gmt":"2026-04-03T02:04:50","slug":"bokstavscollage-med-foto-for-moster","status":"publish","type":"product","link":"https:\/\/positiveprints.com\/sv\/produkt\/bokstavscollage-med-foto-for-moster\/","title":{"rendered":"Bokstavscollage med Foto f\u00f6r Moster"},"content":{"rendered":"","protected":false},"excerpt":{"rendered":"<ul class=\"check-list\">\n<li>Ladda upp dina favoritbilder och fyll varje bokstav med minnen<\/li>\n<li>L\u00e4gg till en k\u00e4rleksfull h\u00e4lsning f\u00f6r att g\u00f6ra det \u00e4nnu mer personligt<\/li>\n<li>Anpassa enkelt i 3 steg med v\u00e5r anv\u00e4ndarv\u00e4nliga editor<\/li>\n<li>Se din design direkt med v\u00e5r interaktiva f\u00f6rhandsvisning<\/li>\n<\/ul>\n","protected":false},"featured_media":1670951,"template":"","meta":[],"product_brand":[],"product_cat":[8973,7459],"product_tag":[16081,16131,17317,13378,16130,17177,17037],"class_list":{"0":"post-1389041","1":"product","2":"type-product","3":"status-publish","4":"has-post-thumbnail","6":"product_cat-fotobrev","7":"product_cat-alla-produkter","8":"product_tag-family-fr-sv","9":"product_tag-faster","10":"product_tag-fodelsedagspresent-till-moster-faster","11":"product_tag-julklapp-till-en-moster","12":"product_tag-moster","13":"product_tag-present-till-moster-faster","14":"product_tag-presenter-till-moster-faster","16":"first","17":"instock","18":"sale","19":"taxable","20":"shipping-taxable","21":"purchasable","22":"product-type-variable"},"yoast_head":"<!-- This site is optimized with the Yoast SEO Premium plugin v27.2 (Yoast SEO v27.2) - https:\/\/yoast.com\/product\/yoast-seo-premium-wordpress\/ -->\n<title>Bokstavscollage med Foto f\u00f6r Moster - Positive Prints<\/title>\n<meta name=\"description\" content=\"\u00d6verraska din faster eller moster med en hj\u00e4rtlig g\u00e5va! Skapa ett personligt fotokollage med bokst\u00e4ver fyllda med era speciella minnen och visa hur mycket hon betyder f\u00f6r dig.\" \/>\n<meta name=\"robots\" content=\"index, follow, max-snippet:-1, max-image-preview:large, max-video-preview:-1\" \/>\n<link rel=\"canonical\" href=\"https:\/\/positiveprints.com\/sv\/produkt\/bokstavscollage-med-foto-for-moster\/\" \/>\n<meta property=\"og:locale\" content=\"sv_SE\" \/>\n<meta property=\"og:type\" content=\"article\" \/>\n<meta property=\"og:title\" content=\"Bokstavscollage med Foto f\u00f6r Moster\" \/>\n<meta property=\"og:description\" content=\"Ladda upp dina favoritbilder och fyll varje bokstav med minnen  L\u00e4gg till en k\u00e4rleksfull h\u00e4lsning f\u00f6r att g\u00f6ra det \u00e4nnu mer personligt  Anpassa enkelt i 3 steg med v\u00e5r anv\u00e4ndarv\u00e4nliga editor  Se din design direkt med v\u00e5r interaktiva f\u00f6rhandsvisning\" \/>\n<meta property=\"og:url\" content=\"https:\/\/positiveprints.com\/sv\/produkt\/bokstavscollage-med-foto-for-moster\/\" \/>\n<meta property=\"og:site_name\" content=\"Positive Prints\" \/>\n<meta property=\"article:publisher\" content=\"https:\/\/www.facebook.com\/positiveprintscom\" \/>\n<meta property=\"article:modified_time\" content=\"2026-04-03T02:04:50+00:00\" \/>\n<meta property=\"og:image\" content=\"https:\/\/positiveprints.com\/wp-content\/uploads\/2025\/03\/Packshot_SE_Moster.webp\" \/>\n\t<meta property=\"og:image:width\" content=\"1450\" \/>\n\t<meta property=\"og:image:height\" content=\"1450\" \/>\n\t<meta property=\"og:image:type\" content=\"image\/webp\" \/>\n<meta name=\"twitter:card\" content=\"summary_large_image\" \/>\n<meta name=\"twitter:label1\" content=\"Ber\u00e4knad l\u00e4stid\" \/>\n\t<meta name=\"twitter:data1\" content=\"1 minut\" \/>\n<!-- \/ Yoast SEO Premium plugin. -->","yoast_head_json":{"title":"Bokstavscollage med Foto f\u00f6r Moster - Positive Prints","description":"\u00d6verraska din faster eller moster med en hj\u00e4rtlig g\u00e5va! Skapa ett personligt fotokollage med bokst\u00e4ver fyllda med era speciella minnen och visa hur mycket hon betyder f\u00f6r dig.","robots":{"index":"index","follow":"follow","max-snippet":"max-snippet:-1","max-image-preview":"max-image-preview:large","max-video-preview":"max-video-preview:-1"},"canonical":"https:\/\/positiveprints.com\/sv\/produkt\/bokstavscollage-med-foto-for-moster\/","og_locale":"sv_SE","og_type":"article","og_title":"Bokstavscollage med Foto f\u00f6r Moster","og_description":"Ladda upp dina favoritbilder och fyll varje bokstav med minnen  L\u00e4gg till en k\u00e4rleksfull h\u00e4lsning f\u00f6r att g\u00f6ra det \u00e4nnu mer personligt  Anpassa enkelt i 3 steg med v\u00e5r anv\u00e4ndarv\u00e4nliga editor  Se din design direkt med v\u00e5r interaktiva f\u00f6rhandsvisning","og_url":"https:\/\/positiveprints.com\/sv\/produkt\/bokstavscollage-med-foto-for-moster\/","og_site_name":"Positive Prints","article_publisher":"https:\/\/www.facebook.com\/positiveprintscom","article_modified_time":"2026-04-03T02:04:50+00:00","og_image":[{"width":1450,"height":1450,"url":"https:\/\/positiveprints.com\/wp-content\/uploads\/2025\/03\/Packshot_SE_Moster.webp","type":"image\/webp"}],"twitter_card":"summary_large_image","twitter_misc":{"Ber\u00e4knad l\u00e4stid":"1 minut"},"schema":{"@context":"https:\/\/schema.org","@graph":[{"@type":["WebPage","ItemPage"],"@id":"https:\/\/positiveprints.com\/sv\/produkt\/bokstavscollage-med-foto-for-moster\/","url":"https:\/\/positiveprints.com\/sv\/produkt\/bokstavscollage-med-foto-for-moster\/","name":"Bokstavscollage med Foto f\u00f6r Moster - Positive Prints","isPartOf":{"@id":"https:\/\/positiveprints.com\/sv\/#website"},"primaryImageOfPage":{"@id":"https:\/\/positiveprints.com\/sv\/produkt\/bokstavscollage-med-foto-for-moster\/#primaryimage"},"image":{"@id":"https:\/\/positiveprints.com\/sv\/produkt\/bokstavscollage-med-foto-for-moster\/#primaryimage"},"thumbnailUrl":"https:\/\/positiveprints.com\/wp-content\/uploads\/2026\/03\/Aunt_EN.webp","datePublished":"2023-10-04T12:19:12+00:00","dateModified":"2026-04-03T02:04:50+00:00","description":"\u00d6verraska din faster eller moster med en hj\u00e4rtlig g\u00e5va! Skapa ett personligt fotokollage med bokst\u00e4ver fyllda med era speciella minnen och visa hur mycket hon betyder f\u00f6r dig.","breadcrumb":{"@id":"https:\/\/positiveprints.com\/sv\/produkt\/bokstavscollage-med-foto-for-moster\/#breadcrumb"},"inLanguage":"sv-SE","potentialAction":[{"@type":"ReadAction","target":["https:\/\/positiveprints.com\/sv\/produkt\/bokstavscollage-med-foto-for-moster\/"]}]},{"@type":"ImageObject","inLanguage":"sv-SE","@id":"https:\/\/positiveprints.com\/sv\/produkt\/bokstavscollage-med-foto-for-moster\/#primaryimage","url":"https:\/\/positiveprints.com\/wp-content\/uploads\/2026\/03\/Aunt_EN.webp","contentUrl":"https:\/\/positiveprints.com\/wp-content\/uploads\/2026\/03\/Aunt_EN.webp","width":1450,"height":1450},{"@type":"BreadcrumbList","@id":"https:\/\/positiveprints.com\/sv\/produkt\/bokstavscollage-med-foto-for-moster\/#breadcrumb","itemListElement":[{"@type":"ListItem","position":1,"name":"Home","item":"https:\/\/positiveprints.com\/sv\/"},{"@type":"ListItem","position":2,"name":"Produkter","item":"https:\/\/positiveprints.com\/sv\/shop\/"},{"@type":"ListItem","position":3,"name":"Bokstavscollage med Foto f\u00f6r Moster"}]},{"@type":"WebSite","@id":"https:\/\/positiveprints.com\/sv\/#website","url":"https:\/\/positiveprints.com\/sv\/","name":"Positive Prints","description":"Amazing Custom Personalized Gifts","publisher":{"@id":"https:\/\/positiveprints.com\/sv\/#organization"},"potentialAction":[{"@type":"SearchAction","target":{"@type":"EntryPoint","urlTemplate":"https:\/\/positiveprints.com\/sv\/?s={search_term_string}"},"query-input":{"@type":"PropertyValueSpecification","valueRequired":true,"valueName":"search_term_string"}}],"inLanguage":"sv-SE"},{"@type":"Organization","@id":"https:\/\/positiveprints.com\/sv\/#organization","name":"Positive Prints","alternateName":"Positive Prints","url":"https:\/\/positiveprints.com\/sv\/","logo":{"@type":"ImageObject","inLanguage":"sv-SE","@id":"https:\/\/positiveprints.com\/sv\/#\/schema\/logo\/image\/","url":"https:\/\/positiveprints.com\/wp-content\/uploads\/2026\/03\/245815646_1337939713319158_5671353136411139666_n.png","contentUrl":"https:\/\/positiveprints.com\/wp-content\/uploads\/2026\/03\/245815646_1337939713319158_5671353136411139666_n.png","width":800,"height":800,"caption":"Positive Prints"},"image":{"@id":"https:\/\/positiveprints.com\/sv\/#\/schema\/logo\/image\/"},"sameAs":["https:\/\/www.facebook.com\/positiveprintscom","https:\/\/www.instagram.com\/positiveprintscom\/","https:\/\/www.tiktok.com\/@positiveprintscom","https:\/\/www.pinterest.com\/positiveprintscom\/"]}]}},"jetpack_sharing_enabled":true,"_links":{"self":[{"href":"https:\/\/positiveprints.com\/sv\/wp-json\/wp\/v2\/product\/1389041","targetHints":{"allow":["GET"]}}],"collection":[{"href":"https:\/\/positiveprints.com\/sv\/wp-json\/wp\/v2\/product"}],"about":[{"href":"https:\/\/positiveprints.com\/sv\/wp-json\/wp\/v2\/types\/product"}],"wp:featuredmedia":[{"embeddable":true,"href":"https:\/\/positiveprints.com\/sv\/wp-json\/wp\/v2\/media\/1670951"}],"wp:attachment":[{"href":"https:\/\/positiveprints.com\/sv\/wp-json\/wp\/v2\/media?parent=1389041"}],"wp:term":[{"taxonomy":"product_brand","embeddable":true,"href":"https:\/\/positiveprints.com\/sv\/wp-json\/wp\/v2\/product_brand?post=1389041"},{"taxonomy":"product_cat","embeddable":true,"href":"https:\/\/positiveprints.com\/sv\/wp-json\/wp\/v2\/product_cat?post=1389041"},{"taxonomy":"product_tag","embeddable":true,"href":"https:\/\/positiveprints.com\/sv\/wp-json\/wp\/v2\/product_tag?post=1389041"}],"curies":[{"name":"wp","href":"https:\/\/api.w.org\/{rel}","templated":true}]}}