{"id":1383675,"date":"2024-06-18T10:23:26","date_gmt":"2024-06-18T09:23:26","guid":{"rendered":"https:\/\/positiveprints.com\/product\/where-it-all-began-map-with-photo\/"},"modified":"2026-04-03T02:49:48","modified_gmt":"2026-04-03T01:49:48","slug":"var-allt-borjade-karta-med-foto","status":"publish","type":"product","link":"https:\/\/positiveprints.com\/sv\/produkt\/var-allt-borjade-karta-med-foto\/","title":{"rendered":"D\u00e4r allt b\u00f6rjade Karta med foto"},"content":{"rendered":"<p>Fira platsen d\u00e4r er k\u00e4rlekshistoria b\u00f6rjade med v\u00e5r Where It All Began Map with Photo. Detta personliga tryck f\u00e5ngar den exakta platsen d\u00e4r din resa b\u00f6rjade, med en detaljerad karta, en hj\u00e4rtformad mark\u00f6r f\u00f6r att lokalisera platsen, ditt foto och ett anpassat meddelande under kartan och fotot.<\/p>\r\n\r\n<h2>Skapa din egen Where It All Began-karta med foto<\/h2>\r\n\r\n<p>V\u00e5r online-skapare g\u00f6r det enkelt att anpassa. V\u00e4lj form och f\u00e4rger p\u00e5 kartan, v\u00e4lj fr\u00e5n f\u00f6rdefinierade f\u00e4rgscheman eller experimentera med dina egna f\u00e4rgval. Ange den speciella platsen, zooma in och ut f\u00f6r att f\u00e5 den perfekta vyn och l\u00e4gg till en hj\u00e4rtformad mark\u00f6r f\u00f6r att peka ut den exakta platsen. Ladda upp ditt favoritfoto och l\u00e4gg till ett meningsfullt meddelande som Where It All Began.<\/p>\r\n\r\n<p>V\u00e4lj bland en m\u00e4ngd olika format: tryckt eller inramad poster, duk eller digital fil. Oavsett format kommer din personliga karta att se fantastisk ut och fungera som en uppskattad p\u00e5minnelse om din speciella plats.<\/p>\r\n\r\n<h2>Perfekt present f\u00f6r speciella tillf\u00e4llen<\/h2>\r\n\r\n<p>Kartan Where It All Began med foto \u00e4r en unik och omt\u00e4nksam present till \u00e5rsdagar, f\u00f6delsedagar, alla hj\u00e4rtans dag, br\u00f6llop eller andra speciella tillf\u00e4llen. Fira er resa tillsammans genom att ge en g\u00e5va som f\u00e5ngar k\u00e4rnan i ert f\u00f6rh\u00e5llande.<\/p>\r\n\r\n<p>F\u00f6rest\u00e4ll dig gl\u00e4djen i din \u00e4lskades ansikte n\u00e4r de ser den h\u00e4r vackert utformade kartan, som markerar platsen d\u00e4r er k\u00e4rlekshistoria b\u00f6rjade. Det tillagda fotot och det personliga meddelandet g\u00f6r den h\u00e4r presenten unik och visar hur mycket du v\u00e4rnar om era gemensamma minnen. Oavsett om det \u00e4r till din partner, dina f\u00f6r\u00e4ldrar, v\u00e4nner eller syskon kommer den h\u00e4r presenten att v\u00e4cka innerliga k\u00e4nslor och bli en v\u00e4rdefull minnessak.<\/p>\r\n\r\n<h2>Varf\u00f6r v\u00e4lja v\u00e5r Where It All Began-karta med foto?<\/h2>\r\n\r\n<p>Det g\u00e5r snabbt och enkelt att skapa din karta. Bes\u00f6k v\u00e5r webbplats, anv\u00e4nd online-editorn f\u00f6r att skr\u00e4ddarsy ditt tryck och l\u00e4gg din best\u00e4llning. Vi sk\u00f6ter resten och ser till att ditt tryck utformas med omsorg och levereras i r\u00e4tt tid.<\/p>","protected":false},"excerpt":{"rendered":"<ul class=\"check-list\">\n<li>F\u00e5nga det speciella \u00f6gonblicket med en personlig karta och ett foto som visar den exakta platsen f\u00f6r de b\u00e4sta minnena<\/li>\n<li>Markera en speciell plats med en utvald symbol<\/li>\n<li>Inkludera en meningsfull personlig text<\/li>\n<li>Anpassa i 3 enkla steg<\/li>\n<li>Se resultatet direkt \u2013 den interaktiva f\u00f6rhandsvisningen l\u00e5ter dig finjustera varje detalj<\/li>\n<\/ul>\n","protected":false},"featured_media":1387608,"template":"","meta":[],"product_brand":[],"product_cat":[9767,7459,9119,8108,11470,11471,11469,11463,11477,11472,8014,7694],"product_tag":[14998,14996,15000,14999,15005,15006,11758,11772,11835,11829,11832,11830,15001,15002,9020,15004,15008,14201,15009,15010,15003,15011,14997,12717,12718],"class_list":{"0":"post-1383675","1":"product","2":"type-product","3":"status-publish","4":"has-post-thumbnail","6":"product_cat-trending-label-sv","7":"product_cat-alla-produkter","8":"product_cat-map-sv","9":"product_cat-julpresenter","10":"product_cat-julklappar-till-henne","11":"product_cat-julklappar-till-honom","12":"product_cat-julklappar-till-flickvannen","13":"product_cat-julklapp-till-pojkvan","14":"product_cat-julklappar-till-frun","15":"product_cat-julklappar-till-maken","16":"product_cat-gavor-for-man","17":"product_cat-gavor-for-kvinnor","18":"product_tag-anniversary-sv","19":"product_tag-anniversary-gift-sv","20":"product_tag-anniversary-gifts-sv","21":"product_tag-anniversary-present-sv","22":"product_tag-couple-gift-sv","23":"product_tag-gift-for-couple-sv","24":"product_tag-julklapp-till-pojkvan","25":"product_tag-julklappar-till-flickvannen","26":"product_tag-julklappar-till-frun","27":"product_tag-julklappar-till-henne","28":"product_tag-julklappar-till-maken","29":"product_tag-kerstcadeaus-for-honom","30":"product_tag-love-sv","31":"product_tag-love-gift-sv","32":"product_tag-par","33":"product_tag-personalized-gift-sv","34":"product_tag-romantic-gifts-sv","35":"product_tag-romantisk-present","36":"product_tag-sentimental-gift-sv","37":"product_tag-special-occasion-sv-2","38":"product_tag-thoughtful-gift-sv","39":"product_tag-unique-gift-sv","40":"product_tag-wedding-anniversary-sv","41":"product_tag-where-it-began-sv","42":"product_tag-where-it-started-sv","44":"first","45":"instock","46":"sale","47":"taxable","48":"shipping-taxable","49":"purchasable","50":"product-type-variable"},"yoast_head":"<!-- This site is optimized with the Yoast SEO Premium plugin v27.2 (Yoast SEO v27.2) - https:\/\/yoast.com\/product\/yoast-seo-premium-wordpress\/ -->\n<title>D\u00e4r allt b\u00f6rjade Karta med foto - Positive Prints<\/title>\n<meta name=\"description\" content=\"D\u00e4r allt b\u00f6rjade Karta med foto \u00e4r en unik och omt\u00e4nksam present till \u00e5rsdagar, f\u00f6delsedagar, alla hj\u00e4rtans dag, br\u00f6llop eller andra speciella tillf\u00e4llen.\" \/>\n<meta name=\"robots\" content=\"index, follow, max-snippet:-1, max-image-preview:large, max-video-preview:-1\" \/>\n<link rel=\"canonical\" href=\"https:\/\/positiveprints.com\/sv\/produkt\/var-allt-borjade-karta-med-foto\/\" \/>\n<meta property=\"og:locale\" content=\"sv_SE\" \/>\n<meta property=\"og:type\" content=\"article\" \/>\n<meta property=\"og:title\" content=\"D\u00e4r allt b\u00f6rjade Karta med foto\" \/>\n<meta property=\"og:description\" content=\"F\u00e5nga det speciella \u00f6gonblicket med en personlig karta och ett foto som visar den exakta platsen f\u00f6r de b\u00e4sta minnena  Markera en speciell plats med en utvald symbol  Inkludera en meningsfull personlig text  Anpassa i 3 enkla steg  Se resultatet direkt \u2013 den interaktiva f\u00f6rhandsvisningen l\u00e5ter dig finjustera varje detalj\" \/>\n<meta property=\"og:url\" content=\"https:\/\/positiveprints.com\/sv\/produkt\/var-allt-borjade-karta-med-foto\/\" \/>\n<meta property=\"og:site_name\" content=\"Positive Prints\" \/>\n<meta property=\"article:publisher\" content=\"https:\/\/www.facebook.com\/positiveprintscom\" \/>\n<meta property=\"article:modified_time\" content=\"2026-04-03T01:49:48+00:00\" \/>\n<meta property=\"og:image\" content=\"https:\/\/positiveprints.com\/wp-content\/uploads\/2025\/03\/Da\u0308r-allt-bo\u0308rjade-Karta-med-foto-1.webp\" \/>\n\t<meta property=\"og:image:width\" content=\"1450\" \/>\n\t<meta property=\"og:image:height\" content=\"1450\" \/>\n\t<meta property=\"og:image:type\" content=\"image\/webp\" \/>\n<meta name=\"twitter:card\" content=\"summary_large_image\" \/>\n<meta name=\"twitter:label1\" content=\"Ber\u00e4knad l\u00e4stid\" \/>\n\t<meta name=\"twitter:data1\" content=\"2 minut\" \/>\n<!-- \/ Yoast SEO Premium plugin. -->","yoast_head_json":{"title":"D\u00e4r allt b\u00f6rjade Karta med foto - Positive Prints","description":"D\u00e4r allt b\u00f6rjade Karta med foto \u00e4r en unik och omt\u00e4nksam present till \u00e5rsdagar, f\u00f6delsedagar, alla hj\u00e4rtans dag, br\u00f6llop eller andra speciella tillf\u00e4llen.","robots":{"index":"index","follow":"follow","max-snippet":"max-snippet:-1","max-image-preview":"max-image-preview:large","max-video-preview":"max-video-preview:-1"},"canonical":"https:\/\/positiveprints.com\/sv\/produkt\/var-allt-borjade-karta-med-foto\/","og_locale":"sv_SE","og_type":"article","og_title":"D\u00e4r allt b\u00f6rjade Karta med foto","og_description":"F\u00e5nga det speciella \u00f6gonblicket med en personlig karta och ett foto som visar den exakta platsen f\u00f6r de b\u00e4sta minnena  Markera en speciell plats med en utvald symbol  Inkludera en meningsfull personlig text  Anpassa i 3 enkla steg  Se resultatet direkt \u2013 den interaktiva f\u00f6rhandsvisningen l\u00e5ter dig finjustera varje detalj","og_url":"https:\/\/positiveprints.com\/sv\/produkt\/var-allt-borjade-karta-med-foto\/","og_site_name":"Positive Prints","article_publisher":"https:\/\/www.facebook.com\/positiveprintscom","article_modified_time":"2026-04-03T01:49:48+00:00","og_image":[{"width":1450,"height":1450,"url":"https:\/\/positiveprints.com\/wp-content\/uploads\/2025\/03\/Da\u0308r-allt-bo\u0308rjade-Karta-med-foto-1.webp","type":"image\/webp"}],"twitter_card":"summary_large_image","twitter_misc":{"Ber\u00e4knad l\u00e4stid":"2 minut"},"schema":{"@context":"https:\/\/schema.org","@graph":[{"@type":["WebPage","ItemPage"],"@id":"https:\/\/positiveprints.com\/sv\/produkt\/var-allt-borjade-karta-med-foto\/","url":"https:\/\/positiveprints.com\/sv\/produkt\/var-allt-borjade-karta-med-foto\/","name":"D\u00e4r allt b\u00f6rjade Karta med foto - Positive Prints","isPartOf":{"@id":"https:\/\/positiveprints.com\/sv\/#website"},"primaryImageOfPage":{"@id":"https:\/\/positiveprints.com\/sv\/produkt\/var-allt-borjade-karta-med-foto\/#primaryimage"},"image":{"@id":"https:\/\/positiveprints.com\/sv\/produkt\/var-allt-borjade-karta-med-foto\/#primaryimage"},"thumbnailUrl":"https:\/\/positiveprints.com\/wp-content\/uploads\/2025\/03\/Da\u0308r-allt-bo\u0308rjade-Karta-med-foto-1.webp","datePublished":"2024-06-18T09:23:26+00:00","dateModified":"2026-04-03T01:49:48+00:00","description":"D\u00e4r allt b\u00f6rjade Karta med foto \u00e4r en unik och omt\u00e4nksam present till \u00e5rsdagar, f\u00f6delsedagar, alla hj\u00e4rtans dag, br\u00f6llop eller andra speciella tillf\u00e4llen.","breadcrumb":{"@id":"https:\/\/positiveprints.com\/sv\/produkt\/var-allt-borjade-karta-med-foto\/#breadcrumb"},"inLanguage":"sv-SE","potentialAction":[{"@type":"ReadAction","target":["https:\/\/positiveprints.com\/sv\/produkt\/var-allt-borjade-karta-med-foto\/"]}]},{"@type":"ImageObject","inLanguage":"sv-SE","@id":"https:\/\/positiveprints.com\/sv\/produkt\/var-allt-borjade-karta-med-foto\/#primaryimage","url":"https:\/\/positiveprints.com\/wp-content\/uploads\/2025\/03\/Da\u0308r-allt-bo\u0308rjade-Karta-med-foto-1.webp","contentUrl":"https:\/\/positiveprints.com\/wp-content\/uploads\/2025\/03\/Da\u0308r-allt-bo\u0308rjade-Karta-med-foto-1.webp","width":1450,"height":1450},{"@type":"BreadcrumbList","@id":"https:\/\/positiveprints.com\/sv\/produkt\/var-allt-borjade-karta-med-foto\/#breadcrumb","itemListElement":[{"@type":"ListItem","position":1,"name":"Home","item":"https:\/\/positiveprints.com\/sv\/"},{"@type":"ListItem","position":2,"name":"Produkter","item":"https:\/\/positiveprints.com\/sv\/shop\/"},{"@type":"ListItem","position":3,"name":"D\u00e4r allt b\u00f6rjade Karta med foto"}]},{"@type":"WebSite","@id":"https:\/\/positiveprints.com\/sv\/#website","url":"https:\/\/positiveprints.com\/sv\/","name":"Positive Prints","description":"Amazing Custom Personalized Gifts","publisher":{"@id":"https:\/\/positiveprints.com\/sv\/#organization"},"potentialAction":[{"@type":"SearchAction","target":{"@type":"EntryPoint","urlTemplate":"https:\/\/positiveprints.com\/sv\/?s={search_term_string}"},"query-input":{"@type":"PropertyValueSpecification","valueRequired":true,"valueName":"search_term_string"}}],"inLanguage":"sv-SE"},{"@type":"Organization","@id":"https:\/\/positiveprints.com\/sv\/#organization","name":"Positive Prints","alternateName":"Positive Prints","url":"https:\/\/positiveprints.com\/sv\/","logo":{"@type":"ImageObject","inLanguage":"sv-SE","@id":"https:\/\/positiveprints.com\/sv\/#\/schema\/logo\/image\/","url":"https:\/\/positiveprints.com\/wp-content\/uploads\/2026\/03\/245815646_1337939713319158_5671353136411139666_n.png","contentUrl":"https:\/\/positiveprints.com\/wp-content\/uploads\/2026\/03\/245815646_1337939713319158_5671353136411139666_n.png","width":800,"height":800,"caption":"Positive Prints"},"image":{"@id":"https:\/\/positiveprints.com\/sv\/#\/schema\/logo\/image\/"},"sameAs":["https:\/\/www.facebook.com\/positiveprintscom","https:\/\/www.instagram.com\/positiveprintscom\/","https:\/\/www.tiktok.com\/@positiveprintscom","https:\/\/www.pinterest.com\/positiveprintscom\/"]}]}},"jetpack_sharing_enabled":true,"_links":{"self":[{"href":"https:\/\/positiveprints.com\/sv\/wp-json\/wp\/v2\/product\/1383675","targetHints":{"allow":["GET"]}}],"collection":[{"href":"https:\/\/positiveprints.com\/sv\/wp-json\/wp\/v2\/product"}],"about":[{"href":"https:\/\/positiveprints.com\/sv\/wp-json\/wp\/v2\/types\/product"}],"wp:featuredmedia":[{"embeddable":true,"href":"https:\/\/positiveprints.com\/sv\/wp-json\/wp\/v2\/media\/1387608"}],"wp:attachment":[{"href":"https:\/\/positiveprints.com\/sv\/wp-json\/wp\/v2\/media?parent=1383675"}],"wp:term":[{"taxonomy":"product_brand","embeddable":true,"href":"https:\/\/positiveprints.com\/sv\/wp-json\/wp\/v2\/product_brand?post=1383675"},{"taxonomy":"product_cat","embeddable":true,"href":"https:\/\/positiveprints.com\/sv\/wp-json\/wp\/v2\/product_cat?post=1383675"},{"taxonomy":"product_tag","embeddable":true,"href":"https:\/\/positiveprints.com\/sv\/wp-json\/wp\/v2\/product_tag?post=1383675"}],"curies":[{"name":"wp","href":"https:\/\/api.w.org\/{rel}","templated":true}]}}