{"id":1377421,"date":"2025-03-13T20:36:04","date_gmt":"2025-03-13T19:36:04","guid":{"rendered":"https:\/\/positiveprints.com\/?post_type=product&#038;p=1377421"},"modified":"2026-04-12T19:47:28","modified_gmt":"2026-04-12T18:47:28","slug":"mamma-jag-bokstaver-collage","status":"publish","type":"product","link":"https:\/\/positiveprints.com\/sv\/produkt\/mamma-jag-bokstaver-collage\/","title":{"rendered":"Mamma &#038; Jag &#8211; Bokst\u00e4ver Collage"},"content":{"rendered":"","protected":false},"excerpt":{"rendered":"<ul class=\"check-list\">\n<li>Anpassa med foton som f\u00e5ngar era speciella stunder tillsammans<\/li>\n<li>L\u00e4gg till ett k\u00e4rleksfullt meddelande f\u00f6r att g\u00f6ra den riktigt speciell<\/li>\n<li>Anpassa i 3 enkla steg med v\u00e5r l\u00e4ttanv\u00e4nda editor<\/li>\n<li>Se din design direkt med en interaktiv f\u00f6rhandsgranskning<\/li>\n<\/ul>\n","protected":false},"featured_media":1667289,"template":"","meta":[],"product_brand":[],"product_cat":[8973,9767,7459,8113,8108,11474,7710],"product_tag":[11833,11030,11031,10961,11032,10951,8409,11033,11029,16781],"class_list":{"0":"post-1377421","1":"product","2":"type-product","3":"status-publish","4":"has-post-thumbnail","6":"product_cat-fotobrev","7":"product_cat-trending-label-sv","8":"product_cat-alla-produkter","9":"product_cat-mors-dag-presenter","10":"product_cat-julpresenter","11":"product_cat-julklappar-till-mamma","12":"product_cat-gavor-till-mamma","13":"product_tag-julklappar-till-mamma","14":"product_tag-mam-sv","15":"product_tag-mamma-sv","16":"product_tag-mamma","17":"product_tag-mammor","18":"product_tag-mors-dag","19":"product_tag-mother-sv","20":"product_tag-mumie-sv","21":"product_tag-mumie","22":"product_tag-presenter-till-mamma","24":"first","25":"instock","26":"sale","27":"taxable","28":"shipping-taxable","29":"purchasable","30":"product-type-variable"},"yoast_head":"<!-- This site is optimized with the Yoast SEO Premium plugin v27.2 (Yoast SEO v27.2) - https:\/\/yoast.com\/product\/yoast-seo-premium-wordpress\/ -->\n<title>Mamma &amp; Jag - Bokst\u00e4ver Collage - Positive Prints<\/title>\n<meta name=\"description\" content=\"Fira k\u00e4rleken mellan mor och barn med ett personligt fotocollage. En vacker souvenir f\u00f6r k\u00e4ra minnen.\" \/>\n<meta name=\"robots\" content=\"index, follow, max-snippet:-1, max-image-preview:large, max-video-preview:-1\" \/>\n<link rel=\"canonical\" href=\"https:\/\/positiveprints.com\/sv\/produkt\/mamma-jag-bokstaver-collage\/\" \/>\n<meta property=\"og:locale\" content=\"sv_SE\" \/>\n<meta property=\"og:type\" content=\"article\" \/>\n<meta property=\"og:title\" content=\"Mamma &amp; Jag - Bokst\u00e4ver Collage\" \/>\n<meta property=\"og:description\" content=\"Anpassa med foton som f\u00e5ngar era speciella stunder tillsammans L\u00e4gg till ett k\u00e4rleksfullt meddelande f\u00f6r att g\u00f6ra den riktigt speciell Anpassa i 3 enkla steg med v\u00e5r l\u00e4ttanv\u00e4nda editor Se din design direkt med en interaktiv f\u00f6rhandsgranskning\" \/>\n<meta property=\"og:url\" content=\"https:\/\/positiveprints.com\/sv\/produkt\/mamma-jag-bokstaver-collage\/\" \/>\n<meta property=\"og:site_name\" content=\"Positive Prints\" \/>\n<meta property=\"article:publisher\" content=\"https:\/\/www.facebook.com\/positiveprintscom\" \/>\n<meta property=\"article:modified_time\" content=\"2026-04-12T18:47:28+00:00\" \/>\n<meta property=\"og:image\" content=\"https:\/\/positiveprints.com\/wp-content\/uploads\/2025\/03\/Mamma-Jag-Boksta\u0308ver-Collage-1.webp\" \/>\n\t<meta property=\"og:image:width\" content=\"1450\" \/>\n\t<meta property=\"og:image:height\" content=\"1450\" \/>\n\t<meta property=\"og:image:type\" content=\"image\/webp\" \/>\n<meta name=\"twitter:card\" content=\"summary_large_image\" \/>\n<!-- \/ Yoast SEO Premium plugin. -->","yoast_head_json":{"title":"Mamma & Jag - Bokst\u00e4ver Collage - Positive Prints","description":"Fira k\u00e4rleken mellan mor och barn med ett personligt fotocollage. En vacker souvenir f\u00f6r k\u00e4ra minnen.","robots":{"index":"index","follow":"follow","max-snippet":"max-snippet:-1","max-image-preview":"max-image-preview:large","max-video-preview":"max-video-preview:-1"},"canonical":"https:\/\/positiveprints.com\/sv\/produkt\/mamma-jag-bokstaver-collage\/","og_locale":"sv_SE","og_type":"article","og_title":"Mamma & Jag - Bokst\u00e4ver Collage","og_description":"Anpassa med foton som f\u00e5ngar era speciella stunder tillsammans L\u00e4gg till ett k\u00e4rleksfullt meddelande f\u00f6r att g\u00f6ra den riktigt speciell Anpassa i 3 enkla steg med v\u00e5r l\u00e4ttanv\u00e4nda editor Se din design direkt med en interaktiv f\u00f6rhandsgranskning","og_url":"https:\/\/positiveprints.com\/sv\/produkt\/mamma-jag-bokstaver-collage\/","og_site_name":"Positive Prints","article_publisher":"https:\/\/www.facebook.com\/positiveprintscom","article_modified_time":"2026-04-12T18:47:28+00:00","og_image":[{"width":1450,"height":1450,"url":"https:\/\/positiveprints.com\/wp-content\/uploads\/2025\/03\/Mamma-Jag-Boksta\u0308ver-Collage-1.webp","type":"image\/webp"}],"twitter_card":"summary_large_image","schema":{"@context":"https:\/\/schema.org","@graph":[{"@type":["WebPage","ItemPage"],"@id":"https:\/\/positiveprints.com\/sv\/produkt\/mamma-jag-bokstaver-collage\/","url":"https:\/\/positiveprints.com\/sv\/produkt\/mamma-jag-bokstaver-collage\/","name":"Mamma & Jag - Bokst\u00e4ver Collage - Positive Prints","isPartOf":{"@id":"https:\/\/positiveprints.com\/sv\/#website"},"primaryImageOfPage":{"@id":"https:\/\/positiveprints.com\/sv\/produkt\/mamma-jag-bokstaver-collage\/#primaryimage"},"image":{"@id":"https:\/\/positiveprints.com\/sv\/produkt\/mamma-jag-bokstaver-collage\/#primaryimage"},"thumbnailUrl":"https:\/\/positiveprints.com\/wp-content\/uploads\/2026\/03\/Momme_EN.webp","datePublished":"2025-03-13T19:36:04+00:00","dateModified":"2026-04-12T18:47:28+00:00","description":"Fira k\u00e4rleken mellan mor och barn med ett personligt fotocollage. En vacker souvenir f\u00f6r k\u00e4ra minnen.","breadcrumb":{"@id":"https:\/\/positiveprints.com\/sv\/produkt\/mamma-jag-bokstaver-collage\/#breadcrumb"},"inLanguage":"sv-SE","potentialAction":[{"@type":"ReadAction","target":["https:\/\/positiveprints.com\/sv\/produkt\/mamma-jag-bokstaver-collage\/"]}]},{"@type":"ImageObject","inLanguage":"sv-SE","@id":"https:\/\/positiveprints.com\/sv\/produkt\/mamma-jag-bokstaver-collage\/#primaryimage","url":"https:\/\/positiveprints.com\/wp-content\/uploads\/2026\/03\/Momme_EN.webp","contentUrl":"https:\/\/positiveprints.com\/wp-content\/uploads\/2026\/03\/Momme_EN.webp","width":1450,"height":1450},{"@type":"BreadcrumbList","@id":"https:\/\/positiveprints.com\/sv\/produkt\/mamma-jag-bokstaver-collage\/#breadcrumb","itemListElement":[{"@type":"ListItem","position":1,"name":"Home","item":"https:\/\/positiveprints.com\/sv\/"},{"@type":"ListItem","position":2,"name":"Produkter","item":"https:\/\/positiveprints.com\/sv\/shop\/"},{"@type":"ListItem","position":3,"name":"Mamma &#038; Jag &#8211; Bokst\u00e4ver Collage"}]},{"@type":"WebSite","@id":"https:\/\/positiveprints.com\/sv\/#website","url":"https:\/\/positiveprints.com\/sv\/","name":"Positive Prints","description":"Amazing Custom Personalized Gifts","publisher":{"@id":"https:\/\/positiveprints.com\/sv\/#organization"},"potentialAction":[{"@type":"SearchAction","target":{"@type":"EntryPoint","urlTemplate":"https:\/\/positiveprints.com\/sv\/?s={search_term_string}"},"query-input":{"@type":"PropertyValueSpecification","valueRequired":true,"valueName":"search_term_string"}}],"inLanguage":"sv-SE"},{"@type":"Organization","@id":"https:\/\/positiveprints.com\/sv\/#organization","name":"Positive Prints","alternateName":"Positive Prints","url":"https:\/\/positiveprints.com\/sv\/","logo":{"@type":"ImageObject","inLanguage":"sv-SE","@id":"https:\/\/positiveprints.com\/sv\/#\/schema\/logo\/image\/","url":"https:\/\/positiveprints.com\/wp-content\/uploads\/2026\/03\/245815646_1337939713319158_5671353136411139666_n.png","contentUrl":"https:\/\/positiveprints.com\/wp-content\/uploads\/2026\/03\/245815646_1337939713319158_5671353136411139666_n.png","width":800,"height":800,"caption":"Positive Prints"},"image":{"@id":"https:\/\/positiveprints.com\/sv\/#\/schema\/logo\/image\/"},"sameAs":["https:\/\/www.facebook.com\/positiveprintscom","https:\/\/www.instagram.com\/positiveprintscom\/","https:\/\/www.tiktok.com\/@positiveprintscom","https:\/\/www.pinterest.com\/positiveprintscom\/"]}]}},"jetpack_sharing_enabled":true,"_links":{"self":[{"href":"https:\/\/positiveprints.com\/sv\/wp-json\/wp\/v2\/product\/1377421","targetHints":{"allow":["GET"]}}],"collection":[{"href":"https:\/\/positiveprints.com\/sv\/wp-json\/wp\/v2\/product"}],"about":[{"href":"https:\/\/positiveprints.com\/sv\/wp-json\/wp\/v2\/types\/product"}],"wp:featuredmedia":[{"embeddable":true,"href":"https:\/\/positiveprints.com\/sv\/wp-json\/wp\/v2\/media\/1667289"}],"wp:attachment":[{"href":"https:\/\/positiveprints.com\/sv\/wp-json\/wp\/v2\/media?parent=1377421"}],"wp:term":[{"taxonomy":"product_brand","embeddable":true,"href":"https:\/\/positiveprints.com\/sv\/wp-json\/wp\/v2\/product_brand?post=1377421"},{"taxonomy":"product_cat","embeddable":true,"href":"https:\/\/positiveprints.com\/sv\/wp-json\/wp\/v2\/product_cat?post=1377421"},{"taxonomy":"product_tag","embeddable":true,"href":"https:\/\/positiveprints.com\/sv\/wp-json\/wp\/v2\/product_tag?post=1377421"}],"curies":[{"name":"wp","href":"https:\/\/api.w.org\/{rel}","templated":true}]}}