{"id":1375131,"date":"2025-02-18T15:51:35","date_gmt":"2025-02-18T14:51:35","guid":{"rendered":"https:\/\/positiveprints.com\/product\/vi-sa-ja-till-adressen-karta-med-foto\/"},"modified":"2026-04-23T10:41:19","modified_gmt":"2026-04-23T09:41:19","slug":"vi-sade-ja-till-adressen-karta-med-foto","status":"publish","type":"product","link":"https:\/\/positiveprints.com\/sv\/produkt\/vi-sade-ja-till-adressen-karta-med-foto\/","title":{"rendered":"Vi sa ja till adressen &#8211; karta med foto"},"content":{"rendered":"<h2 class=\"grenB f24 cblue\" style=\"margin-top: 3rem\">Vi sa ja till adressen &#8211; Personlig New Home Map Poster<\/h2>\n\n<p style=\"margin-top: 1rem\">\u00c5terskapa \u00f6gonblicket med en anpassad karta och dina foton n\u00e4r vi markerar den exakta platsen f\u00f6r prisv\u00e4rda minnen. F\u00f6r den som vill k\u00f6pa en milstolpe, den som s\u00f6ker en speciell present till nya hus\u00e4gare eller fastighetsm\u00e4klare som letar efter en meningsfull inflyttningspresent \u00e4r &#8220;We Said Yes to the Address&#8221; det perfekta valet. <\/p>\n\n<h2 class=\"grenB f24 cblue\" style=\"margin-top: 3rem\">Unik konst f\u00f6r nya hus\u00e4gare<\/h2>\n\n<p style=\"margin-top: 1rem\">V\u00e5r poster &#8220;Vi sa ja till adressen&#8221; \u00e4r en rolig och snygg metod f\u00f6r att bevara detta speciella \u00f6gonblick i ditt liv n\u00e4r du f\u00e5r nycklarna till ditt nya hus. Denna poster \u00e4r ett speciellt till\u00e4gg till alla rum och \u00e4r perfekt f\u00f6r personligt bruk eller som en present till v\u00e4nner och familj eller fr\u00e5n fastighetsm\u00e4klare som vill ge sina kunder en meningsfull avslutningsg\u00e5va. <\/p>\n\n<h2 class=\"grenB f24 cblue\" style=\"margin-top: 3rem\">Varf\u00f6r v\u00e4lja en personlig New Home Map Poster?<\/h2>\n\n<p style=\"margin-top: 1rem\">En anpassad karta fungerar som en vacker heminredning samtidigt som den symboliserar platsen f\u00f6r den personliga historien. V\u00e5ra h\u00f6gkvalitativa designer \u00e4r utm\u00e4rkta inflyttningspresenter eller firande av f\u00f6rsta \u00e4garen och unika presentalternativ f\u00f6r fastighetsm\u00e4klare som vill ge sina kunder minnesv\u00e4rda avslutningsg\u00e5vor. <\/p> \n\n<h2 class=\"grenB f24 cblue\" style=\"margin-top: 3rem\">S\u00e5 h\u00e4r skapar du din personliga kartposter<\/h2>\n\n<p style=\"margin-top: 1rem\">1.Select Your Location &#8211; V\u00e4lj adressen till ditt nya hem.<br>2. Personalize Your Poster &#8211; V\u00e4lj den text du vill ha och v\u00e4lj en ikon f\u00f6r att visa den exakta platsen.<br>3. Choose Your Format &#8211; V\u00e4lj bland olika stilar, f\u00e4rger och utskriftsalternativ (poster, canvas eller digital nedladdning).<\/p>\n\n<h2 class=\"grenB f24 cblue\" style=\"margin-top: 3rem\">En tidl\u00f6s g\u00e5va f\u00f6r alla tillf\u00e4llen<\/h2>\n\n<p style=\"margin-top: 1rem\">En inramad kartposter &#8220;We Said Yes to the Address&#8221; \u00e4r en perfekt inflyttningspresent, \u00e5rsdagspresent eller bara ett bra s\u00e4tt att skapa ett eget personligt minne. Det \u00e4r ocks\u00e5 en utm\u00e4rkt avslutningspresent f\u00f6r fastighetsm\u00e4klare som vill ge sina kunder en viktig och unik symbol f\u00f6r deras bostadss\u00f6kning. Kom ih\u00e5g ditt dr\u00f6mhem med v\u00e5ra personliga kartposters som l\u00e5ter dig \u00e4ga \u00f6gonblicket d\u00e5 du valde din nya adress.  <\/p>","protected":false},"excerpt":{"rendered":"<ul class=\"check-list\">\n<li>F\u00e5nga det speciella \u00f6gonblicket d\u00e5 du blev hus\u00e4gare med en personlig karta och ett foto<\/li>\n<li>Markera platsen f\u00f6r ditt nya hem med en symbol som du sj\u00e4lv v\u00e4ljer<\/li>\n<li>Inkludera en meningsfull personlig text<\/li>\n<li>Anpassa p\u00e5 2 minuter<\/li>\n<li>Se effekten omedelbart &#8211; interaktiv f\u00f6rhandsgranskning g\u00f6r att du kan f\u00f6rfina varje detalj<\/li>\n<\/ul>\n","protected":false},"featured_media":1372537,"template":"","meta":[],"product_brand":[],"product_cat":[9118,8983,7459,8119],"product_tag":[15013,15014],"class_list":{"0":"post-1375131","1":"product","2":"type-product","3":"status-publish","4":"has-post-thumbnail","6":"product_cat-double-maps-sv","7":"product_cat-ny","8":"product_cat-alla-produkter","9":"product_cat-inflyttningspresenter-presenttillfallen","10":"product_tag-housewarming-sv-2","11":"product_tag-new-home-sv","13":"first","14":"instock","15":"sale","16":"taxable","17":"shipping-taxable","18":"purchasable","19":"product-type-variable"},"yoast_head":"<!-- This site is optimized with the Yoast SEO Premium plugin v27.2 (Yoast SEO v27.2) - https:\/\/yoast.com\/product\/yoast-seo-premium-wordpress\/ -->\n<title>Vi sa ja till adressen - Karta med foto - Positiva tryck<\/title>\n<meta name=\"description\" content=\"The We Said Yes to the Address - Map with a Photo \u00e4r en unik och omt\u00e4nksam present till inflyttningsfesten eller n\u00e5got annat speciellt tillf\u00e4lle.\" \/>\n<meta name=\"robots\" content=\"index, follow, max-snippet:-1, max-image-preview:large, max-video-preview:-1\" \/>\n<link rel=\"canonical\" href=\"https:\/\/positiveprints.com\/sv\/produkt\/vi-sade-ja-till-adressen-karta-med-foto\/\" \/>\n<meta property=\"og:locale\" content=\"sv_SE\" \/>\n<meta property=\"og:type\" content=\"article\" \/>\n<meta property=\"og:title\" content=\"Vi sa ja till adressen - karta med foto\" \/>\n<meta property=\"og:description\" content=\"F\u00e5nga det speciella \u00f6gonblicket d\u00e5 du blev hus\u00e4gare med en personlig karta och ett foto Markera platsen f\u00f6r ditt nya hem med en symbol som du sj\u00e4lv v\u00e4ljer Inkludera en meningsfull personlig text Anpassa p\u00e5 2 minuter Se effekten omedelbart - interaktiv f\u00f6rhandsgranskning g\u00f6r att du kan f\u00f6rfina varje detalj\" \/>\n<meta property=\"og:url\" content=\"https:\/\/positiveprints.com\/sv\/produkt\/vi-sade-ja-till-adressen-karta-med-foto\/\" \/>\n<meta property=\"og:site_name\" content=\"Positive Prints\" \/>\n<meta property=\"article:publisher\" content=\"https:\/\/www.facebook.com\/positiveprintscom\" \/>\n<meta property=\"article:modified_time\" content=\"2026-04-23T09:41:19+00:00\" \/>\n<meta property=\"og:image\" content=\"https:\/\/positiveprints.com\/wp-content\/uploads\/2025\/03\/Vi-sa-22Ja22-till-adressen-\u2013-Karta-med-foto-1.webp\" \/>\n\t<meta property=\"og:image:width\" content=\"1450\" \/>\n\t<meta property=\"og:image:height\" content=\"1450\" \/>\n\t<meta property=\"og:image:type\" content=\"image\/webp\" \/>\n<meta name=\"twitter:card\" content=\"summary_large_image\" \/>\n<meta name=\"twitter:label1\" content=\"Ber\u00e4knad l\u00e4stid\" \/>\n\t<meta name=\"twitter:data1\" content=\"2 minut\" \/>\n<!-- \/ Yoast SEO Premium plugin. -->","yoast_head_json":{"title":"Vi sa ja till adressen - Karta med foto - Positiva tryck","description":"The We Said Yes to the Address - Map with a Photo \u00e4r en unik och omt\u00e4nksam present till inflyttningsfesten eller n\u00e5got annat speciellt tillf\u00e4lle.","robots":{"index":"index","follow":"follow","max-snippet":"max-snippet:-1","max-image-preview":"max-image-preview:large","max-video-preview":"max-video-preview:-1"},"canonical":"https:\/\/positiveprints.com\/sv\/produkt\/vi-sade-ja-till-adressen-karta-med-foto\/","og_locale":"sv_SE","og_type":"article","og_title":"Vi sa ja till adressen - karta med foto","og_description":"F\u00e5nga det speciella \u00f6gonblicket d\u00e5 du blev hus\u00e4gare med en personlig karta och ett foto Markera platsen f\u00f6r ditt nya hem med en symbol som du sj\u00e4lv v\u00e4ljer Inkludera en meningsfull personlig text Anpassa p\u00e5 2 minuter Se effekten omedelbart - interaktiv f\u00f6rhandsgranskning g\u00f6r att du kan f\u00f6rfina varje detalj","og_url":"https:\/\/positiveprints.com\/sv\/produkt\/vi-sade-ja-till-adressen-karta-med-foto\/","og_site_name":"Positive Prints","article_publisher":"https:\/\/www.facebook.com\/positiveprintscom","article_modified_time":"2026-04-23T09:41:19+00:00","og_image":[{"width":1450,"height":1450,"url":"https:\/\/positiveprints.com\/wp-content\/uploads\/2025\/03\/Vi-sa-22Ja22-till-adressen-\u2013-Karta-med-foto-1.webp","type":"image\/webp"}],"twitter_card":"summary_large_image","twitter_misc":{"Ber\u00e4knad l\u00e4stid":"2 minut"},"schema":{"@context":"https:\/\/schema.org","@graph":[{"@type":["WebPage","ItemPage"],"@id":"https:\/\/positiveprints.com\/sv\/produkt\/vi-sade-ja-till-adressen-karta-med-foto\/","url":"https:\/\/positiveprints.com\/sv\/produkt\/vi-sade-ja-till-adressen-karta-med-foto\/","name":"Vi sa ja till adressen - Karta med foto - Positiva tryck","isPartOf":{"@id":"https:\/\/positiveprints.com\/sv\/#website"},"primaryImageOfPage":{"@id":"https:\/\/positiveprints.com\/sv\/produkt\/vi-sade-ja-till-adressen-karta-med-foto\/#primaryimage"},"image":{"@id":"https:\/\/positiveprints.com\/sv\/produkt\/vi-sade-ja-till-adressen-karta-med-foto\/#primaryimage"},"thumbnailUrl":"https:\/\/positiveprints.com\/wp-content\/uploads\/2025\/03\/Vi-sa-22Ja22-till-adressen-\u2013-Karta-med-foto-1.webp","datePublished":"2025-02-18T14:51:35+00:00","dateModified":"2026-04-23T09:41:19+00:00","description":"The We Said Yes to the Address - Map with a Photo \u00e4r en unik och omt\u00e4nksam present till inflyttningsfesten eller n\u00e5got annat speciellt tillf\u00e4lle.","breadcrumb":{"@id":"https:\/\/positiveprints.com\/sv\/produkt\/vi-sade-ja-till-adressen-karta-med-foto\/#breadcrumb"},"inLanguage":"sv-SE","potentialAction":[{"@type":"ReadAction","target":["https:\/\/positiveprints.com\/sv\/produkt\/vi-sade-ja-till-adressen-karta-med-foto\/"]}]},{"@type":"ImageObject","inLanguage":"sv-SE","@id":"https:\/\/positiveprints.com\/sv\/produkt\/vi-sade-ja-till-adressen-karta-med-foto\/#primaryimage","url":"https:\/\/positiveprints.com\/wp-content\/uploads\/2025\/03\/Vi-sa-22Ja22-till-adressen-\u2013-Karta-med-foto-1.webp","contentUrl":"https:\/\/positiveprints.com\/wp-content\/uploads\/2025\/03\/Vi-sa-22Ja22-till-adressen-\u2013-Karta-med-foto-1.webp","width":1450,"height":1450,"caption":"Vi sa Ja till adressen \u2013 Karta med foto 1"},{"@type":"BreadcrumbList","@id":"https:\/\/positiveprints.com\/sv\/produkt\/vi-sade-ja-till-adressen-karta-med-foto\/#breadcrumb","itemListElement":[{"@type":"ListItem","position":1,"name":"Home","item":"https:\/\/positiveprints.com\/sv\/"},{"@type":"ListItem","position":2,"name":"Produkter","item":"https:\/\/positiveprints.com\/sv\/shop\/"},{"@type":"ListItem","position":3,"name":"Vi sa ja till adressen &#8211; karta med foto"}]},{"@type":"WebSite","@id":"https:\/\/positiveprints.com\/sv\/#website","url":"https:\/\/positiveprints.com\/sv\/","name":"Positive Prints","description":"Amazing Custom Personalized Gifts","publisher":{"@id":"https:\/\/positiveprints.com\/sv\/#organization"},"potentialAction":[{"@type":"SearchAction","target":{"@type":"EntryPoint","urlTemplate":"https:\/\/positiveprints.com\/sv\/?s={search_term_string}"},"query-input":{"@type":"PropertyValueSpecification","valueRequired":true,"valueName":"search_term_string"}}],"inLanguage":"sv-SE"},{"@type":"Organization","@id":"https:\/\/positiveprints.com\/sv\/#organization","name":"Positive Prints","alternateName":"Positive Prints","url":"https:\/\/positiveprints.com\/sv\/","logo":{"@type":"ImageObject","inLanguage":"sv-SE","@id":"https:\/\/positiveprints.com\/sv\/#\/schema\/logo\/image\/","url":"https:\/\/positiveprints.com\/wp-content\/uploads\/2026\/03\/245815646_1337939713319158_5671353136411139666_n.png","contentUrl":"https:\/\/positiveprints.com\/wp-content\/uploads\/2026\/03\/245815646_1337939713319158_5671353136411139666_n.png","width":800,"height":800,"caption":"Positive Prints"},"image":{"@id":"https:\/\/positiveprints.com\/sv\/#\/schema\/logo\/image\/"},"sameAs":["https:\/\/www.facebook.com\/positiveprintscom","https:\/\/www.instagram.com\/positiveprintscom\/","https:\/\/www.tiktok.com\/@positiveprintscom","https:\/\/www.pinterest.com\/positiveprintscom\/"]}]}},"jetpack_sharing_enabled":true,"_links":{"self":[{"href":"https:\/\/positiveprints.com\/sv\/wp-json\/wp\/v2\/product\/1375131","targetHints":{"allow":["GET"]}}],"collection":[{"href":"https:\/\/positiveprints.com\/sv\/wp-json\/wp\/v2\/product"}],"about":[{"href":"https:\/\/positiveprints.com\/sv\/wp-json\/wp\/v2\/types\/product"}],"wp:featuredmedia":[{"embeddable":true,"href":"https:\/\/positiveprints.com\/sv\/wp-json\/wp\/v2\/media\/1372537"}],"wp:attachment":[{"href":"https:\/\/positiveprints.com\/sv\/wp-json\/wp\/v2\/media?parent=1375131"}],"wp:term":[{"taxonomy":"product_brand","embeddable":true,"href":"https:\/\/positiveprints.com\/sv\/wp-json\/wp\/v2\/product_brand?post=1375131"},{"taxonomy":"product_cat","embeddable":true,"href":"https:\/\/positiveprints.com\/sv\/wp-json\/wp\/v2\/product_cat?post=1375131"},{"taxonomy":"product_tag","embeddable":true,"href":"https:\/\/positiveprints.com\/sv\/wp-json\/wp\/v2\/product_tag?post=1375131"}],"curies":[{"name":"wp","href":"https:\/\/api.w.org\/{rel}","templated":true}]}}