{"id":1355752,"date":"2025-02-19T14:25:13","date_gmt":"2025-02-19T13:25:29","guid":{"rendered":"https:\/\/positiveprints.com\/?post_type=product&#038;p=1355752"},"modified":"2026-04-03T02:33:24","modified_gmt":"2026-04-03T01:33:24","slug":"bonusmamma-fotokollage","status":"publish","type":"product","link":"https:\/\/positiveprints.com\/sv\/produkt\/bonusmamma-fotokollage\/","title":{"rendered":"Bonusmamma Fotokollage"},"content":{"rendered":"","protected":false},"excerpt":{"rendered":"<ul class=\"check-list\">\n<li>F\u00f6rvandla \u00e4lskade foton till ett speciellt minne som firar betydelsefulla stunder och ert band<\/li>\n<li>Inkludera en meningsfull personlig text<\/li>\n<li>Anpassa i 3 enkla steg<\/li>\n<li>V\u00e4lj ett f\u00f6rdefinierat layout eller l\u00e5t kreativiteten fl\u00f6da<\/li>\n<li>Se resultatet direkt \u2013 den interaktiva f\u00f6rhandsvisningen l\u00e5ter dig finjustera varje detalj<\/li>\n<\/ul>\n","protected":false},"featured_media":1356112,"template":"","meta":[],"product_brand":[],"product_cat":[7459,7503],"product_tag":[10961,11031,10951,8409,16404],"class_list":{"0":"post-1355752","1":"product","2":"type-product","3":"status-publish","4":"has-post-thumbnail","6":"product_cat-alla-produkter","7":"product_cat-foto-sv","8":"product_tag-mamma","9":"product_tag-mamma-sv","10":"product_tag-mors-dag","11":"product_tag-mother-sv","12":"product_tag-styvmamma","14":"first","15":"instock","16":"sale","17":"taxable","18":"shipping-taxable","19":"purchasable","20":"product-type-variable"},"yoast_head":"<!-- This site is optimized with the Yoast SEO Premium plugin v27.2 (Yoast SEO v27.2) - https:\/\/yoast.com\/product\/yoast-seo-premium-wordpress\/ -->\n<title>Bonusmamma Fotokollage - Positive Prints<\/title>\n<meta name=\"description\" content=\"Skapa ett Bonusmamma Fotocollage f\u00f6r att fira speciella stunder med bonusmamma. Perfekt f\u00f6r minnen eller som en k\u00e4rleksfull g\u00e5va f\u00f6r att f\u00e5 henne att le.\" \/>\n<meta name=\"robots\" content=\"index, follow, max-snippet:-1, max-image-preview:large, max-video-preview:-1\" \/>\n<link rel=\"canonical\" href=\"https:\/\/positiveprints.com\/sv\/produkt\/bonusmamma-fotokollage\/\" \/>\n<meta property=\"og:locale\" content=\"sv_SE\" \/>\n<meta property=\"og:type\" content=\"article\" \/>\n<meta property=\"og:title\" content=\"Bonusmamma Fotokollage\" \/>\n<meta property=\"og:description\" content=\"F\u00f6rvandla \u00e4lskade foton till ett speciellt minne som firar betydelsefulla stunder och ert band  Inkludera en meningsfull personlig text  Anpassa i 3 enkla steg  V\u00e4lj ett f\u00f6rdefinierat layout eller l\u00e5t kreativiteten fl\u00f6da  Se resultatet direkt \u2013 den interaktiva f\u00f6rhandsvisningen l\u00e5ter dig finjustera varje detalj\" \/>\n<meta property=\"og:url\" content=\"https:\/\/positiveprints.com\/sv\/produkt\/bonusmamma-fotokollage\/\" \/>\n<meta property=\"og:site_name\" content=\"Positive Prints\" \/>\n<meta property=\"article:publisher\" content=\"https:\/\/www.facebook.com\/positiveprintscom\" \/>\n<meta property=\"article:modified_time\" content=\"2026-04-03T01:33:24+00:00\" \/>\n<meta property=\"og:image\" content=\"https:\/\/positiveprints.com\/wp-content\/uploads\/2025\/02\/Stepmom-Photo-Collage.webp\" \/>\n\t<meta property=\"og:image:width\" content=\"1450\" \/>\n\t<meta property=\"og:image:height\" content=\"1450\" \/>\n\t<meta property=\"og:image:type\" content=\"image\/webp\" \/>\n<meta name=\"twitter:card\" content=\"summary_large_image\" \/>\n<meta name=\"twitter:label1\" content=\"Ber\u00e4knad l\u00e4stid\" \/>\n\t<meta name=\"twitter:data1\" content=\"1 minut\" \/>\n<!-- \/ Yoast SEO Premium plugin. -->","yoast_head_json":{"title":"Bonusmamma Fotokollage - Positive Prints","description":"Skapa ett Bonusmamma Fotocollage f\u00f6r att fira speciella stunder med bonusmamma. Perfekt f\u00f6r minnen eller som en k\u00e4rleksfull g\u00e5va f\u00f6r att f\u00e5 henne att le.","robots":{"index":"index","follow":"follow","max-snippet":"max-snippet:-1","max-image-preview":"max-image-preview:large","max-video-preview":"max-video-preview:-1"},"canonical":"https:\/\/positiveprints.com\/sv\/produkt\/bonusmamma-fotokollage\/","og_locale":"sv_SE","og_type":"article","og_title":"Bonusmamma Fotokollage","og_description":"F\u00f6rvandla \u00e4lskade foton till ett speciellt minne som firar betydelsefulla stunder och ert band  Inkludera en meningsfull personlig text  Anpassa i 3 enkla steg  V\u00e4lj ett f\u00f6rdefinierat layout eller l\u00e5t kreativiteten fl\u00f6da  Se resultatet direkt \u2013 den interaktiva f\u00f6rhandsvisningen l\u00e5ter dig finjustera varje detalj","og_url":"https:\/\/positiveprints.com\/sv\/produkt\/bonusmamma-fotokollage\/","og_site_name":"Positive Prints","article_publisher":"https:\/\/www.facebook.com\/positiveprintscom","article_modified_time":"2026-04-03T01:33:24+00:00","og_image":[{"width":1450,"height":1450,"url":"https:\/\/positiveprints.com\/wp-content\/uploads\/2025\/02\/Stepmom-Photo-Collage.webp","type":"image\/webp"}],"twitter_card":"summary_large_image","twitter_misc":{"Ber\u00e4knad l\u00e4stid":"1 minut"},"schema":{"@context":"https:\/\/schema.org","@graph":[{"@type":["WebPage","ItemPage"],"@id":"https:\/\/positiveprints.com\/sv\/produkt\/bonusmamma-fotokollage\/","url":"https:\/\/positiveprints.com\/sv\/produkt\/bonusmamma-fotokollage\/","name":"Bonusmamma Fotokollage - Positive Prints","isPartOf":{"@id":"https:\/\/positiveprints.com\/sv\/#website"},"primaryImageOfPage":{"@id":"https:\/\/positiveprints.com\/sv\/produkt\/bonusmamma-fotokollage\/#primaryimage"},"image":{"@id":"https:\/\/positiveprints.com\/sv\/produkt\/bonusmamma-fotokollage\/#primaryimage"},"thumbnailUrl":"https:\/\/positiveprints.com\/wp-content\/uploads\/2025\/02\/Stepmom-Photo-Collage.webp","datePublished":"2025-02-19T13:25:29+00:00","dateModified":"2026-04-03T01:33:24+00:00","description":"Skapa ett Bonusmamma Fotocollage f\u00f6r att fira speciella stunder med bonusmamma. Perfekt f\u00f6r minnen eller som en k\u00e4rleksfull g\u00e5va f\u00f6r att f\u00e5 henne att le.","breadcrumb":{"@id":"https:\/\/positiveprints.com\/sv\/produkt\/bonusmamma-fotokollage\/#breadcrumb"},"inLanguage":"sv-SE","potentialAction":[{"@type":"ReadAction","target":["https:\/\/positiveprints.com\/sv\/produkt\/bonusmamma-fotokollage\/"]}]},{"@type":"ImageObject","inLanguage":"sv-SE","@id":"https:\/\/positiveprints.com\/sv\/produkt\/bonusmamma-fotokollage\/#primaryimage","url":"https:\/\/positiveprints.com\/wp-content\/uploads\/2025\/02\/Stepmom-Photo-Collage.webp","contentUrl":"https:\/\/positiveprints.com\/wp-content\/uploads\/2025\/02\/Stepmom-Photo-Collage.webp","width":1450,"height":1450,"caption":"Stepmom Photo Collage"},{"@type":"BreadcrumbList","@id":"https:\/\/positiveprints.com\/sv\/produkt\/bonusmamma-fotokollage\/#breadcrumb","itemListElement":[{"@type":"ListItem","position":1,"name":"Home","item":"https:\/\/positiveprints.com\/sv\/"},{"@type":"ListItem","position":2,"name":"Produkter","item":"https:\/\/positiveprints.com\/sv\/shop\/"},{"@type":"ListItem","position":3,"name":"Bonusmamma Fotokollage"}]},{"@type":"WebSite","@id":"https:\/\/positiveprints.com\/sv\/#website","url":"https:\/\/positiveprints.com\/sv\/","name":"Positive Prints","description":"Amazing Custom Personalized Gifts","publisher":{"@id":"https:\/\/positiveprints.com\/sv\/#organization"},"potentialAction":[{"@type":"SearchAction","target":{"@type":"EntryPoint","urlTemplate":"https:\/\/positiveprints.com\/sv\/?s={search_term_string}"},"query-input":{"@type":"PropertyValueSpecification","valueRequired":true,"valueName":"search_term_string"}}],"inLanguage":"sv-SE"},{"@type":"Organization","@id":"https:\/\/positiveprints.com\/sv\/#organization","name":"Positive Prints","alternateName":"Positive Prints","url":"https:\/\/positiveprints.com\/sv\/","logo":{"@type":"ImageObject","inLanguage":"sv-SE","@id":"https:\/\/positiveprints.com\/sv\/#\/schema\/logo\/image\/","url":"https:\/\/positiveprints.com\/wp-content\/uploads\/2026\/03\/245815646_1337939713319158_5671353136411139666_n.png","contentUrl":"https:\/\/positiveprints.com\/wp-content\/uploads\/2026\/03\/245815646_1337939713319158_5671353136411139666_n.png","width":800,"height":800,"caption":"Positive Prints"},"image":{"@id":"https:\/\/positiveprints.com\/sv\/#\/schema\/logo\/image\/"},"sameAs":["https:\/\/www.facebook.com\/positiveprintscom","https:\/\/www.instagram.com\/positiveprintscom\/","https:\/\/www.tiktok.com\/@positiveprintscom","https:\/\/www.pinterest.com\/positiveprintscom\/"]}]}},"jetpack_sharing_enabled":true,"_links":{"self":[{"href":"https:\/\/positiveprints.com\/sv\/wp-json\/wp\/v2\/product\/1355752","targetHints":{"allow":["GET"]}}],"collection":[{"href":"https:\/\/positiveprints.com\/sv\/wp-json\/wp\/v2\/product"}],"about":[{"href":"https:\/\/positiveprints.com\/sv\/wp-json\/wp\/v2\/types\/product"}],"wp:featuredmedia":[{"embeddable":true,"href":"https:\/\/positiveprints.com\/sv\/wp-json\/wp\/v2\/media\/1356112"}],"wp:attachment":[{"href":"https:\/\/positiveprints.com\/sv\/wp-json\/wp\/v2\/media?parent=1355752"}],"wp:term":[{"taxonomy":"product_brand","embeddable":true,"href":"https:\/\/positiveprints.com\/sv\/wp-json\/wp\/v2\/product_brand?post=1355752"},{"taxonomy":"product_cat","embeddable":true,"href":"https:\/\/positiveprints.com\/sv\/wp-json\/wp\/v2\/product_cat?post=1355752"},{"taxonomy":"product_tag","embeddable":true,"href":"https:\/\/positiveprints.com\/sv\/wp-json\/wp\/v2\/product_tag?post=1355752"}],"curies":[{"name":"wp","href":"https:\/\/api.w.org\/{rel}","templated":true}]}}