{"id":1323678,"date":"2025-01-23T10:03:05","date_gmt":"2025-01-23T09:03:20","guid":{"rendered":"https:\/\/positiveprints.com\/?post_type=product&#038;p=1323678"},"modified":"2026-04-28T13:31:07","modified_gmt":"2026-04-28T12:31:07","slug":"1-arsjubileum-fotokollage","status":"publish","type":"product","link":"https:\/\/positiveprints.com\/sv\/produkt\/1-arsjubileum-fotokollage\/","title":{"rendered":"1-\u00e5rsjubileum Fotokollage"},"content":{"rendered":"","protected":false},"excerpt":{"rendered":"<ul class=\"check-list\">\n<li>F\u00f6rvandla dina favoritbilder som par till ett speciellt minne som firar er k\u00e4rlek och de stunder ni delat<\/li>\n<li>Inkludera en meningsfull personlig text<\/li>\n<li>Anpassa i 3 enkla steg<\/li>\n<li>V\u00e4lj ett f\u00f6rdefinierat layout eller l\u00e5t kreativiteten fl\u00f6da<\/li>\n<li>Se resultatet direkt \u2013 den interaktiva f\u00f6rhandsvisningen l\u00e5ter dig finjustera varje detalj<\/li>\n<\/ul>\n","protected":false},"featured_media":1323785,"template":"","meta":[],"product_brand":[],"product_cat":[7459,7503,8114,11579,11192,11190,11191,8014,7679,7647,7694,7790,7758,7806],"product_tag":[13167],"class_list":{"0":"post-1323678","1":"product","2":"type-product","3":"status-publish","4":"has-post-thumbnail","6":"product_cat-alla-produkter","7":"product_cat-foto-sv","8":"product_cat-jubileumspresent-presenttillfallen","9":"product_cat-1-arsjubileum","10":"product_cat-arsdagspresenter-till-par","11":"product_cat-arsdagspresenter-till-henne","12":"product_cat-arsdagspresenter-till-honom","13":"product_cat-gavor-for-man","14":"product_cat-gavor-till-pojkvannen","15":"product_cat-gavor-till-din-man","16":"product_cat-gavor-for-kvinnor","17":"product_cat-gavor-till-flickvannen","18":"product_cat-gavor-till-fru","19":"product_cat-gavor-for-par","20":"product_tag-1-arsjubileum","22":"first","23":"instock","24":"sale","25":"taxable","26":"shipping-taxable","27":"purchasable","28":"product-type-variable"},"yoast_head":"<!-- This site is optimized with the Yoast SEO Premium plugin v27.2 (Yoast SEO v27.2) - https:\/\/yoast.com\/product\/yoast-seo-premium-wordpress\/ -->\n<title>1-\u00e5rsjubileum Fotokollage - Positive Prints<\/title>\n<meta name=\"description\" content=\"Skapa ett vackert 1-\u00e5rsjubileum fotokollage f\u00f6r att bevara dina speciella \u00f6gonblick. Perfekt f\u00f6r jubileum eller som en hj\u00e4rtlig g\u00e5va f\u00f6r att fira k\u00e4rleken.\" \/>\n<meta name=\"robots\" content=\"index, follow, max-snippet:-1, max-image-preview:large, max-video-preview:-1\" \/>\n<link rel=\"canonical\" href=\"https:\/\/positiveprints.com\/sv\/produkt\/1-arsjubileum-fotokollage\/\" \/>\n<meta property=\"og:locale\" content=\"sv_SE\" \/>\n<meta property=\"og:type\" content=\"article\" \/>\n<meta property=\"og:title\" content=\"1-\u00e5rsjubileum Fotokollage\" \/>\n<meta property=\"og:description\" content=\"F\u00f6rvandla dina favoritbilder som par till ett speciellt minne som firar er k\u00e4rlek och de stunder ni delat Inkludera en meningsfull personlig text Anpassa i 3 enkla steg V\u00e4lj ett f\u00f6rdefinierat layout eller l\u00e5t kreativiteten fl\u00f6da Se resultatet direkt \u2013 den interaktiva f\u00f6rhandsvisningen l\u00e5ter dig finjustera varje detalj\" \/>\n<meta property=\"og:url\" content=\"https:\/\/positiveprints.com\/sv\/produkt\/1-arsjubileum-fotokollage\/\" \/>\n<meta property=\"og:site_name\" content=\"Positive Prints\" \/>\n<meta property=\"article:publisher\" content=\"https:\/\/www.facebook.com\/positiveprintscom\" \/>\n<meta property=\"article:modified_time\" content=\"2026-04-28T12:31:07+00:00\" \/>\n<meta property=\"og:image\" content=\"https:\/\/positiveprints.com\/wp-content\/uploads\/2025\/01\/1st-Year-Anniversary-Photo-Collage.webp\" \/>\n\t<meta property=\"og:image:width\" content=\"1450\" \/>\n\t<meta property=\"og:image:height\" content=\"1450\" \/>\n\t<meta property=\"og:image:type\" content=\"image\/webp\" \/>\n<meta name=\"twitter:card\" content=\"summary_large_image\" \/>\n<!-- \/ Yoast SEO Premium plugin. -->","yoast_head_json":{"title":"1-\u00e5rsjubileum Fotokollage - Positive Prints","description":"Skapa ett vackert 1-\u00e5rsjubileum fotokollage f\u00f6r att bevara dina speciella \u00f6gonblick. Perfekt f\u00f6r jubileum eller som en hj\u00e4rtlig g\u00e5va f\u00f6r att fira k\u00e4rleken.","robots":{"index":"index","follow":"follow","max-snippet":"max-snippet:-1","max-image-preview":"max-image-preview:large","max-video-preview":"max-video-preview:-1"},"canonical":"https:\/\/positiveprints.com\/sv\/produkt\/1-arsjubileum-fotokollage\/","og_locale":"sv_SE","og_type":"article","og_title":"1-\u00e5rsjubileum Fotokollage","og_description":"F\u00f6rvandla dina favoritbilder som par till ett speciellt minne som firar er k\u00e4rlek och de stunder ni delat Inkludera en meningsfull personlig text Anpassa i 3 enkla steg V\u00e4lj ett f\u00f6rdefinierat layout eller l\u00e5t kreativiteten fl\u00f6da Se resultatet direkt \u2013 den interaktiva f\u00f6rhandsvisningen l\u00e5ter dig finjustera varje detalj","og_url":"https:\/\/positiveprints.com\/sv\/produkt\/1-arsjubileum-fotokollage\/","og_site_name":"Positive Prints","article_publisher":"https:\/\/www.facebook.com\/positiveprintscom","article_modified_time":"2026-04-28T12:31:07+00:00","og_image":[{"width":1450,"height":1450,"url":"https:\/\/positiveprints.com\/wp-content\/uploads\/2025\/01\/1st-Year-Anniversary-Photo-Collage.webp","type":"image\/webp"}],"twitter_card":"summary_large_image","schema":{"@context":"https:\/\/schema.org","@graph":[{"@type":["WebPage","ItemPage"],"@id":"https:\/\/positiveprints.com\/sv\/produkt\/1-arsjubileum-fotokollage\/","url":"https:\/\/positiveprints.com\/sv\/produkt\/1-arsjubileum-fotokollage\/","name":"1-\u00e5rsjubileum Fotokollage - Positive Prints","isPartOf":{"@id":"https:\/\/positiveprints.com\/sv\/#website"},"primaryImageOfPage":{"@id":"https:\/\/positiveprints.com\/sv\/produkt\/1-arsjubileum-fotokollage\/#primaryimage"},"image":{"@id":"https:\/\/positiveprints.com\/sv\/produkt\/1-arsjubileum-fotokollage\/#primaryimage"},"thumbnailUrl":"https:\/\/positiveprints.com\/wp-content\/uploads\/2025\/01\/1st-Year-Anniversary-Photo-Collage.webp","datePublished":"2025-01-23T09:03:20+00:00","dateModified":"2026-04-28T12:31:07+00:00","description":"Skapa ett vackert 1-\u00e5rsjubileum fotokollage f\u00f6r att bevara dina speciella \u00f6gonblick. Perfekt f\u00f6r jubileum eller som en hj\u00e4rtlig g\u00e5va f\u00f6r att fira k\u00e4rleken.","breadcrumb":{"@id":"https:\/\/positiveprints.com\/sv\/produkt\/1-arsjubileum-fotokollage\/#breadcrumb"},"inLanguage":"sv-SE","potentialAction":[{"@type":"ReadAction","target":["https:\/\/positiveprints.com\/sv\/produkt\/1-arsjubileum-fotokollage\/"]}]},{"@type":"ImageObject","inLanguage":"sv-SE","@id":"https:\/\/positiveprints.com\/sv\/produkt\/1-arsjubileum-fotokollage\/#primaryimage","url":"https:\/\/positiveprints.com\/wp-content\/uploads\/2025\/01\/1st-Year-Anniversary-Photo-Collage.webp","contentUrl":"https:\/\/positiveprints.com\/wp-content\/uploads\/2025\/01\/1st-Year-Anniversary-Photo-Collage.webp","width":1450,"height":1450,"caption":"1st Year Anniversary Photo Collage"},{"@type":"BreadcrumbList","@id":"https:\/\/positiveprints.com\/sv\/produkt\/1-arsjubileum-fotokollage\/#breadcrumb","itemListElement":[{"@type":"ListItem","position":1,"name":"Home","item":"https:\/\/positiveprints.com\/sv\/"},{"@type":"ListItem","position":2,"name":"Produkter","item":"https:\/\/positiveprints.com\/sv\/shop\/"},{"@type":"ListItem","position":3,"name":"1-\u00e5rsjubileum Fotokollage"}]},{"@type":"WebSite","@id":"https:\/\/positiveprints.com\/sv\/#website","url":"https:\/\/positiveprints.com\/sv\/","name":"Positive Prints","description":"Amazing Custom Personalized Gifts","publisher":{"@id":"https:\/\/positiveprints.com\/sv\/#organization"},"potentialAction":[{"@type":"SearchAction","target":{"@type":"EntryPoint","urlTemplate":"https:\/\/positiveprints.com\/sv\/?s={search_term_string}"},"query-input":{"@type":"PropertyValueSpecification","valueRequired":true,"valueName":"search_term_string"}}],"inLanguage":"sv-SE"},{"@type":"Organization","@id":"https:\/\/positiveprints.com\/sv\/#organization","name":"Positive Prints","alternateName":"Positive Prints","url":"https:\/\/positiveprints.com\/sv\/","logo":{"@type":"ImageObject","inLanguage":"sv-SE","@id":"https:\/\/positiveprints.com\/sv\/#\/schema\/logo\/image\/","url":"https:\/\/positiveprints.com\/wp-content\/uploads\/2026\/03\/245815646_1337939713319158_5671353136411139666_n.png","contentUrl":"https:\/\/positiveprints.com\/wp-content\/uploads\/2026\/03\/245815646_1337939713319158_5671353136411139666_n.png","width":800,"height":800,"caption":"Positive Prints"},"image":{"@id":"https:\/\/positiveprints.com\/sv\/#\/schema\/logo\/image\/"},"sameAs":["https:\/\/www.facebook.com\/positiveprintscom","https:\/\/www.instagram.com\/positiveprintscom\/","https:\/\/www.tiktok.com\/@positiveprintscom","https:\/\/www.pinterest.com\/positiveprintscom\/"]}]}},"jetpack_sharing_enabled":true,"_links":{"self":[{"href":"https:\/\/positiveprints.com\/sv\/wp-json\/wp\/v2\/product\/1323678","targetHints":{"allow":["GET"]}}],"collection":[{"href":"https:\/\/positiveprints.com\/sv\/wp-json\/wp\/v2\/product"}],"about":[{"href":"https:\/\/positiveprints.com\/sv\/wp-json\/wp\/v2\/types\/product"}],"wp:featuredmedia":[{"embeddable":true,"href":"https:\/\/positiveprints.com\/sv\/wp-json\/wp\/v2\/media\/1323785"}],"wp:attachment":[{"href":"https:\/\/positiveprints.com\/sv\/wp-json\/wp\/v2\/media?parent=1323678"}],"wp:term":[{"taxonomy":"product_brand","embeddable":true,"href":"https:\/\/positiveprints.com\/sv\/wp-json\/wp\/v2\/product_brand?post=1323678"},{"taxonomy":"product_cat","embeddable":true,"href":"https:\/\/positiveprints.com\/sv\/wp-json\/wp\/v2\/product_cat?post=1323678"},{"taxonomy":"product_tag","embeddable":true,"href":"https:\/\/positiveprints.com\/sv\/wp-json\/wp\/v2\/product_tag?post=1323678"}],"curies":[{"name":"wp","href":"https:\/\/api.w.org\/{rel}","templated":true}]}}