{"id":1317546,"date":"2024-12-26T22:11:54","date_gmt":"2024-12-26T21:11:54","guid":{"rendered":"https:\/\/positiveprints.com\/product\/you-me-letter-photo-collage\/"},"modified":"2026-04-18T03:08:21","modified_gmt":"2026-04-18T02:08:21","slug":"du-jag-brev-fotocollage","status":"publish","type":"product","link":"https:\/\/positiveprints.com\/sv\/produkt\/du-jag-brev-fotocollage\/","title":{"rendered":"Du &#038; Jag Brev Fotocollage"},"content":{"rendered":"","protected":false},"excerpt":{"rendered":"<ul class=\"check-list\">\n<li>F\u00f6rvandla ditt foto till ett konstverk och h\u00e5ll dina minnen levande f\u00f6r alltid<\/li>\n<li>Tillg\u00e4nglig omedelbart efter k\u00f6pet<\/li>\n<li>Kan skrivas ut i valfritt format<\/li>\n<li>JPEG-filer av h\u00f6g kvalitet med 300 dpi<\/li>\n<li>Se resultatet direkt \u2013 den interaktiva f\u00f6rhandsvisningen l\u00e5ter dig finjustera varje detalj<\/li>\n<\/ul>\n","protected":false},"featured_media":1671800,"template":"","meta":[],"product_brand":[],"product_cat":[9281,8983,8973,7459,8114,11192,11190,11191,8108,11470,11471,11469,11463,8014,7679,7647,7694,7790,7758,7806,8116,11251,11252],"product_tag":[14996,15000,14999,15005,14197,15006,11758,11772,11829,11830,15001,15002,15004,15008,14201,15009,15010,15003,15011,14995,14992,14993,14997],"class_list":{"0":"post-1317546","1":"product","2":"type-product","3":"status-publish","4":"has-post-thumbnail","6":"product_cat-bestsellers-label-sv","7":"product_cat-ny","8":"product_cat-fotobrev","9":"product_cat-alla-produkter","10":"product_cat-jubileumspresent-presenttillfallen","11":"product_cat-arsdagspresenter-till-par","12":"product_cat-arsdagspresenter-till-henne","13":"product_cat-arsdagspresenter-till-honom","14":"product_cat-julpresenter","15":"product_cat-julklappar-till-henne","16":"product_cat-julklappar-till-honom","17":"product_cat-julklappar-till-flickvannen","18":"product_cat-julklapp-till-pojkvan","19":"product_cat-gavor-for-man","20":"product_cat-gavor-till-pojkvannen","21":"product_cat-gavor-till-din-man","22":"product_cat-gavor-for-kvinnor","23":"product_cat-gavor-till-flickvannen","24":"product_cat-gavor-till-fru","25":"product_cat-gavor-for-par","26":"product_cat-gava-pa-alla-hjartans-dag","27":"product_cat-alla-hjartans-dag-presenter-for-henne","28":"product_cat-alla-hjartans-dag-presenter-for-honom","29":"product_tag-anniversary-gift-sv","30":"product_tag-anniversary-gifts-sv","31":"product_tag-anniversary-present-sv","32":"product_tag-couple-gift-sv","33":"product_tag-couple-gift-anniversary-sv","34":"product_tag-gift-for-couple-sv","35":"product_tag-julklapp-till-pojkvan","36":"product_tag-julklappar-till-flickvannen","37":"product_tag-julklappar-till-henne","38":"product_tag-kerstcadeaus-for-honom","39":"product_tag-love-sv","40":"product_tag-love-gift-sv","41":"product_tag-personalized-gift-sv","42":"product_tag-romantic-gifts-sv","43":"product_tag-romantisk-present","44":"product_tag-sentimental-gift-sv","45":"product_tag-special-occasion-sv-2","46":"product_tag-thoughtful-gift-sv","47":"product_tag-unique-gift-sv","48":"product_tag-valentines-day-gifts-sv","49":"product_tag-valentines-day-sv","50":"product_tag-valentines-day-gift-sv","51":"product_tag-wedding-anniversary-sv","53":"first","54":"instock","55":"sale","56":"taxable","57":"shipping-taxable","58":"purchasable","59":"product-type-variable"},"yoast_head":"<!-- This site is optimized with the Yoast SEO Premium plugin v27.2 (Yoast SEO v27.2) - https:\/\/yoast.com\/product\/yoast-seo-premium-wordpress\/ -->\n<title>Du &amp; Jag Brev Fotocollage - Positive Prints<\/title>\n<meta name=\"description\" content=\"Fira ert speciella band med v\u00e5rt Du &amp; Jag Bokstavsfotokollage. Detta personliga konstverk \u00e4r det perfekta s\u00e4ttet att bevara dina b\u00e4sta minnen.\" \/>\n<meta name=\"robots\" content=\"index, follow, max-snippet:-1, max-image-preview:large, max-video-preview:-1\" \/>\n<link rel=\"canonical\" href=\"https:\/\/positiveprints.com\/sv\/produkt\/du-jag-brev-fotocollage\/\" \/>\n<meta property=\"og:locale\" content=\"sv_SE\" \/>\n<meta property=\"og:type\" content=\"article\" \/>\n<meta property=\"og:title\" content=\"Du &amp; Jag Brev Fotocollage\" \/>\n<meta property=\"og:description\" content=\"F\u00f6rvandla ditt foto till ett konstverk och h\u00e5ll dina minnen levande f\u00f6r alltid Tillg\u00e4nglig omedelbart efter k\u00f6pet  Kan skrivas ut i valfritt format  JPEG-filer av h\u00f6g kvalitet med 300 dpi      Se resultatet direkt \u2013 den interaktiva f\u00f6rhandsvisningen l\u00e5ter dig finjustera varje detalj\" \/>\n<meta property=\"og:url\" content=\"https:\/\/positiveprints.com\/sv\/produkt\/du-jag-brev-fotocollage\/\" \/>\n<meta property=\"og:site_name\" content=\"Positive Prints\" \/>\n<meta property=\"article:publisher\" content=\"https:\/\/www.facebook.com\/positiveprintscom\" \/>\n<meta property=\"article:modified_time\" content=\"2026-04-18T02:08:21+00:00\" \/>\n<meta property=\"og:image\" content=\"https:\/\/positiveprints.com\/wp-content\/uploads\/2024\/12\/You-and-Me-Letter-Photo-Collage.webp\" \/>\n\t<meta property=\"og:image:width\" content=\"1450\" \/>\n\t<meta property=\"og:image:height\" content=\"1450\" \/>\n\t<meta property=\"og:image:type\" content=\"image\/webp\" \/>\n<meta name=\"twitter:card\" content=\"summary_large_image\" \/>\n<meta name=\"twitter:label1\" content=\"Ber\u00e4knad l\u00e4stid\" \/>\n\t<meta name=\"twitter:data1\" content=\"1 minut\" \/>\n<!-- \/ Yoast SEO Premium plugin. -->","yoast_head_json":{"title":"Du & Jag Brev Fotocollage - Positive Prints","description":"Fira ert speciella band med v\u00e5rt Du & Jag Bokstavsfotokollage. Detta personliga konstverk \u00e4r det perfekta s\u00e4ttet att bevara dina b\u00e4sta minnen.","robots":{"index":"index","follow":"follow","max-snippet":"max-snippet:-1","max-image-preview":"max-image-preview:large","max-video-preview":"max-video-preview:-1"},"canonical":"https:\/\/positiveprints.com\/sv\/produkt\/du-jag-brev-fotocollage\/","og_locale":"sv_SE","og_type":"article","og_title":"Du & Jag Brev Fotocollage","og_description":"F\u00f6rvandla ditt foto till ett konstverk och h\u00e5ll dina minnen levande f\u00f6r alltid Tillg\u00e4nglig omedelbart efter k\u00f6pet  Kan skrivas ut i valfritt format  JPEG-filer av h\u00f6g kvalitet med 300 dpi      Se resultatet direkt \u2013 den interaktiva f\u00f6rhandsvisningen l\u00e5ter dig finjustera varje detalj","og_url":"https:\/\/positiveprints.com\/sv\/produkt\/du-jag-brev-fotocollage\/","og_site_name":"Positive Prints","article_publisher":"https:\/\/www.facebook.com\/positiveprintscom","article_modified_time":"2026-04-18T02:08:21+00:00","og_image":[{"width":1450,"height":1450,"url":"https:\/\/positiveprints.com\/wp-content\/uploads\/2024\/12\/You-and-Me-Letter-Photo-Collage.webp","type":"image\/webp"}],"twitter_card":"summary_large_image","twitter_misc":{"Ber\u00e4knad l\u00e4stid":"1 minut"},"schema":{"@context":"https:\/\/schema.org","@graph":[{"@type":["WebPage","ItemPage"],"@id":"https:\/\/positiveprints.com\/sv\/produkt\/du-jag-brev-fotocollage\/","url":"https:\/\/positiveprints.com\/sv\/produkt\/du-jag-brev-fotocollage\/","name":"Du & Jag Brev Fotocollage - Positive Prints","isPartOf":{"@id":"https:\/\/positiveprints.com\/sv\/#website"},"primaryImageOfPage":{"@id":"https:\/\/positiveprints.com\/sv\/produkt\/du-jag-brev-fotocollage\/#primaryimage"},"image":{"@id":"https:\/\/positiveprints.com\/sv\/produkt\/du-jag-brev-fotocollage\/#primaryimage"},"thumbnailUrl":"https:\/\/positiveprints.com\/wp-content\/uploads\/2026\/03\/Youme_EN.webp","datePublished":"2024-12-26T21:11:54+00:00","dateModified":"2026-04-18T02:08:21+00:00","description":"Fira ert speciella band med v\u00e5rt Du & Jag Bokstavsfotokollage. Detta personliga konstverk \u00e4r det perfekta s\u00e4ttet att bevara dina b\u00e4sta minnen.","breadcrumb":{"@id":"https:\/\/positiveprints.com\/sv\/produkt\/du-jag-brev-fotocollage\/#breadcrumb"},"inLanguage":"sv-SE","potentialAction":[{"@type":"ReadAction","target":["https:\/\/positiveprints.com\/sv\/produkt\/du-jag-brev-fotocollage\/"]}]},{"@type":"ImageObject","inLanguage":"sv-SE","@id":"https:\/\/positiveprints.com\/sv\/produkt\/du-jag-brev-fotocollage\/#primaryimage","url":"https:\/\/positiveprints.com\/wp-content\/uploads\/2026\/03\/Youme_EN.webp","contentUrl":"https:\/\/positiveprints.com\/wp-content\/uploads\/2026\/03\/Youme_EN.webp","width":1450,"height":1450,"caption":"You&me_EN"},{"@type":"BreadcrumbList","@id":"https:\/\/positiveprints.com\/sv\/produkt\/du-jag-brev-fotocollage\/#breadcrumb","itemListElement":[{"@type":"ListItem","position":1,"name":"Home","item":"https:\/\/positiveprints.com\/sv\/"},{"@type":"ListItem","position":2,"name":"Produkter","item":"https:\/\/positiveprints.com\/sv\/shop\/"},{"@type":"ListItem","position":3,"name":"Du &#038; Jag Brev Fotocollage"}]},{"@type":"WebSite","@id":"https:\/\/positiveprints.com\/sv\/#website","url":"https:\/\/positiveprints.com\/sv\/","name":"Positive Prints","description":"Amazing Custom Personalized Gifts","publisher":{"@id":"https:\/\/positiveprints.com\/sv\/#organization"},"potentialAction":[{"@type":"SearchAction","target":{"@type":"EntryPoint","urlTemplate":"https:\/\/positiveprints.com\/sv\/?s={search_term_string}"},"query-input":{"@type":"PropertyValueSpecification","valueRequired":true,"valueName":"search_term_string"}}],"inLanguage":"sv-SE"},{"@type":"Organization","@id":"https:\/\/positiveprints.com\/sv\/#organization","name":"Positive Prints","alternateName":"Positive Prints","url":"https:\/\/positiveprints.com\/sv\/","logo":{"@type":"ImageObject","inLanguage":"sv-SE","@id":"https:\/\/positiveprints.com\/sv\/#\/schema\/logo\/image\/","url":"https:\/\/positiveprints.com\/wp-content\/uploads\/2026\/03\/245815646_1337939713319158_5671353136411139666_n.png","contentUrl":"https:\/\/positiveprints.com\/wp-content\/uploads\/2026\/03\/245815646_1337939713319158_5671353136411139666_n.png","width":800,"height":800,"caption":"Positive Prints"},"image":{"@id":"https:\/\/positiveprints.com\/sv\/#\/schema\/logo\/image\/"},"sameAs":["https:\/\/www.facebook.com\/positiveprintscom","https:\/\/www.instagram.com\/positiveprintscom\/","https:\/\/www.tiktok.com\/@positiveprintscom","https:\/\/www.pinterest.com\/positiveprintscom\/"]}]}},"jetpack_sharing_enabled":true,"_links":{"self":[{"href":"https:\/\/positiveprints.com\/sv\/wp-json\/wp\/v2\/product\/1317546","targetHints":{"allow":["GET"]}}],"collection":[{"href":"https:\/\/positiveprints.com\/sv\/wp-json\/wp\/v2\/product"}],"about":[{"href":"https:\/\/positiveprints.com\/sv\/wp-json\/wp\/v2\/types\/product"}],"wp:featuredmedia":[{"embeddable":true,"href":"https:\/\/positiveprints.com\/sv\/wp-json\/wp\/v2\/media\/1671800"}],"wp:attachment":[{"href":"https:\/\/positiveprints.com\/sv\/wp-json\/wp\/v2\/media?parent=1317546"}],"wp:term":[{"taxonomy":"product_brand","embeddable":true,"href":"https:\/\/positiveprints.com\/sv\/wp-json\/wp\/v2\/product_brand?post=1317546"},{"taxonomy":"product_cat","embeddable":true,"href":"https:\/\/positiveprints.com\/sv\/wp-json\/wp\/v2\/product_cat?post=1317546"},{"taxonomy":"product_tag","embeddable":true,"href":"https:\/\/positiveprints.com\/sv\/wp-json\/wp\/v2\/product_tag?post=1317546"}],"curies":[{"name":"wp","href":"https:\/\/api.w.org\/{rel}","templated":true}]}}