{"id":1313202,"date":"2024-12-26T23:24:26","date_gmt":"2024-12-26T22:24:26","guid":{"rendered":"https:\/\/positiveprints.com\/product\/you-me-photo-collage\/"},"modified":"2026-04-03T02:35:08","modified_gmt":"2026-04-03T01:35:08","slug":"du-och-jag-fotocollage","status":"publish","type":"product","link":"https:\/\/positiveprints.com\/sv\/produkt\/du-och-jag-fotocollage\/","title":{"rendered":"Du och Jag Fotocollage"},"content":{"rendered":"","protected":false},"excerpt":{"rendered":"<ul class=\"check-list\">\n<li>F\u00f6rvandla dina favoritbilder som par till ett speciellt minne som firar er k\u00e4rlek och de stunder ni delat<\/li>\n<li>Inkludera en meningsfull personlig text<\/li>\n<li>Anpassa i 3 enkla steg<\/li>\n<li>V\u00e4lj ett f\u00f6rdefinierat layout eller l\u00e5t kreativiteten fl\u00f6da<\/li>\n<li>Se resultatet direkt \u2013 den interaktiva f\u00f6rhandsvisningen l\u00e5ter dig finjustera varje detalj<\/li>\n<\/ul>\n","protected":false},"featured_media":1313038,"template":"","meta":[],"product_brand":[],"product_cat":[8116,11251,11252,7459,11190,11191,11192,7694,8014,7503,8108,7647,11469,7790,7758,11477,11470,11471,11472,11463,7679],"product_tag":[14996,15000,14999,15005,14197,15006,11758,11772,11835,11829,11832,11830,15001,15002,15004,15008,14201,15009,15010,15003,15011,14995,14992,14993,14997],"class_list":{"0":"post-1313202","1":"product","2":"type-product","3":"status-publish","4":"has-post-thumbnail","6":"product_cat-gava-pa-alla-hjartans-dag","7":"product_cat-alla-hjartans-dag-presenter-for-henne","8":"product_cat-alla-hjartans-dag-presenter-for-honom","9":"product_cat-alla-produkter","10":"product_cat-arsdagspresenter-till-henne","11":"product_cat-arsdagspresenter-till-honom","12":"product_cat-arsdagspresenter-till-par","13":"product_cat-gavor-for-kvinnor","14":"product_cat-gavor-for-man","15":"product_cat-foto-sv","16":"product_cat-julpresenter","17":"product_cat-gavor-till-din-man","18":"product_cat-julklappar-till-flickvannen","19":"product_cat-gavor-till-flickvannen","20":"product_cat-gavor-till-fru","21":"product_cat-julklappar-till-frun","22":"product_cat-julklappar-till-henne","23":"product_cat-julklappar-till-honom","24":"product_cat-julklappar-till-maken","25":"product_cat-julklapp-till-pojkvan","26":"product_cat-gavor-till-pojkvannen","27":"product_tag-anniversary-gift-sv","28":"product_tag-anniversary-gifts-sv","29":"product_tag-anniversary-present-sv","30":"product_tag-couple-gift-sv","31":"product_tag-couple-gift-anniversary-sv","32":"product_tag-gift-for-couple-sv","33":"product_tag-julklapp-till-pojkvan","34":"product_tag-julklappar-till-flickvannen","35":"product_tag-julklappar-till-frun","36":"product_tag-julklappar-till-henne","37":"product_tag-julklappar-till-maken","38":"product_tag-kerstcadeaus-for-honom","39":"product_tag-love-sv","40":"product_tag-love-gift-sv","41":"product_tag-personalized-gift-sv","42":"product_tag-romantic-gifts-sv","43":"product_tag-romantisk-present","44":"product_tag-sentimental-gift-sv","45":"product_tag-special-occasion-sv-2","46":"product_tag-thoughtful-gift-sv","47":"product_tag-unique-gift-sv","48":"product_tag-valentines-day-gifts-sv","49":"product_tag-valentines-day-sv","50":"product_tag-valentines-day-gift-sv","51":"product_tag-wedding-anniversary-sv","53":"first","54":"instock","55":"sale","56":"taxable","57":"shipping-taxable","58":"purchasable","59":"product-type-variable"},"yoast_head":"<!-- This site is optimized with the Yoast SEO Premium plugin v27.2 (Yoast SEO v27.2) - https:\/\/yoast.com\/product\/yoast-seo-premium-wordpress\/ -->\n<title>Du och Jag Fotocollage - Positive Prints<\/title>\n<meta name=\"description\" content=\"F\u00f6reviga dina favorit\u00f6gonblick med Du och Jag Fotocollage. Detta vackert personaliserade konstverk \u00e4r perfekt f\u00f6r att fira ert speciella band.\" \/>\n<meta name=\"robots\" content=\"index, follow, max-snippet:-1, max-image-preview:large, max-video-preview:-1\" \/>\n<link rel=\"canonical\" href=\"https:\/\/positiveprints.com\/sv\/produkt\/du-och-jag-fotocollage\/\" \/>\n<meta property=\"og:locale\" content=\"sv_SE\" \/>\n<meta property=\"og:type\" content=\"article\" \/>\n<meta property=\"og:title\" content=\"Du och Jag Fotocollage\" \/>\n<meta property=\"og:description\" content=\"F\u00f6rvandla dina favoritbilder som par till ett speciellt minne som firar er k\u00e4rlek och de stunder ni delat Inkludera en meningsfull personlig text Anpassa i 3 enkla steg V\u00e4lj ett f\u00f6rdefinierat layout eller l\u00e5t kreativiteten fl\u00f6da Se resultatet direkt \u2013 den interaktiva f\u00f6rhandsvisningen l\u00e5ter dig finjustera varje detalj\" \/>\n<meta property=\"og:url\" content=\"https:\/\/positiveprints.com\/sv\/produkt\/du-och-jag-fotocollage\/\" \/>\n<meta property=\"og:site_name\" content=\"Positive Prints\" \/>\n<meta property=\"article:publisher\" content=\"https:\/\/www.facebook.com\/positiveprintscom\" \/>\n<meta property=\"article:modified_time\" content=\"2026-04-03T01:35:08+00:00\" \/>\n<meta property=\"og:image\" content=\"https:\/\/positiveprints.com\/wp-content\/uploads\/2024\/12\/You-and-Me-Photo-Collage.webp\" \/>\n\t<meta property=\"og:image:width\" content=\"1450\" \/>\n\t<meta property=\"og:image:height\" content=\"1450\" \/>\n\t<meta property=\"og:image:type\" content=\"image\/webp\" \/>\n<meta name=\"twitter:card\" content=\"summary_large_image\" \/>\n<meta name=\"twitter:label1\" content=\"Ber\u00e4knad l\u00e4stid\" \/>\n\t<meta name=\"twitter:data1\" content=\"1 minut\" \/>\n<!-- \/ Yoast SEO Premium plugin. -->","yoast_head_json":{"title":"Du och Jag Fotocollage - Positive Prints","description":"F\u00f6reviga dina favorit\u00f6gonblick med Du och Jag Fotocollage. Detta vackert personaliserade konstverk \u00e4r perfekt f\u00f6r att fira ert speciella band.","robots":{"index":"index","follow":"follow","max-snippet":"max-snippet:-1","max-image-preview":"max-image-preview:large","max-video-preview":"max-video-preview:-1"},"canonical":"https:\/\/positiveprints.com\/sv\/produkt\/du-och-jag-fotocollage\/","og_locale":"sv_SE","og_type":"article","og_title":"Du och Jag Fotocollage","og_description":"F\u00f6rvandla dina favoritbilder som par till ett speciellt minne som firar er k\u00e4rlek och de stunder ni delat Inkludera en meningsfull personlig text Anpassa i 3 enkla steg V\u00e4lj ett f\u00f6rdefinierat layout eller l\u00e5t kreativiteten fl\u00f6da Se resultatet direkt \u2013 den interaktiva f\u00f6rhandsvisningen l\u00e5ter dig finjustera varje detalj","og_url":"https:\/\/positiveprints.com\/sv\/produkt\/du-och-jag-fotocollage\/","og_site_name":"Positive Prints","article_publisher":"https:\/\/www.facebook.com\/positiveprintscom","article_modified_time":"2026-04-03T01:35:08+00:00","og_image":[{"width":1450,"height":1450,"url":"https:\/\/positiveprints.com\/wp-content\/uploads\/2024\/12\/You-and-Me-Photo-Collage.webp","type":"image\/webp"}],"twitter_card":"summary_large_image","twitter_misc":{"Ber\u00e4knad l\u00e4stid":"1 minut"},"schema":{"@context":"https:\/\/schema.org","@graph":[{"@type":["WebPage","ItemPage"],"@id":"https:\/\/positiveprints.com\/sv\/produkt\/du-och-jag-fotocollage\/","url":"https:\/\/positiveprints.com\/sv\/produkt\/du-och-jag-fotocollage\/","name":"Du och Jag Fotocollage - Positive Prints","isPartOf":{"@id":"https:\/\/positiveprints.com\/sv\/#website"},"primaryImageOfPage":{"@id":"https:\/\/positiveprints.com\/sv\/produkt\/du-och-jag-fotocollage\/#primaryimage"},"image":{"@id":"https:\/\/positiveprints.com\/sv\/produkt\/du-och-jag-fotocollage\/#primaryimage"},"thumbnailUrl":"https:\/\/positiveprints.com\/wp-content\/uploads\/2024\/12\/You-and-Me-Photo-Collage.webp","datePublished":"2024-12-26T22:24:26+00:00","dateModified":"2026-04-03T01:35:08+00:00","description":"F\u00f6reviga dina favorit\u00f6gonblick med Du och Jag Fotocollage. Detta vackert personaliserade konstverk \u00e4r perfekt f\u00f6r att fira ert speciella band.","breadcrumb":{"@id":"https:\/\/positiveprints.com\/sv\/produkt\/du-och-jag-fotocollage\/#breadcrumb"},"inLanguage":"sv-SE","potentialAction":[{"@type":"ReadAction","target":["https:\/\/positiveprints.com\/sv\/produkt\/du-och-jag-fotocollage\/"]}]},{"@type":"ImageObject","inLanguage":"sv-SE","@id":"https:\/\/positiveprints.com\/sv\/produkt\/du-och-jag-fotocollage\/#primaryimage","url":"https:\/\/positiveprints.com\/wp-content\/uploads\/2024\/12\/You-and-Me-Photo-Collage.webp","contentUrl":"https:\/\/positiveprints.com\/wp-content\/uploads\/2024\/12\/You-and-Me-Photo-Collage.webp","width":1450,"height":1450,"caption":"You and Me Photo Collage"},{"@type":"BreadcrumbList","@id":"https:\/\/positiveprints.com\/sv\/produkt\/du-och-jag-fotocollage\/#breadcrumb","itemListElement":[{"@type":"ListItem","position":1,"name":"Home","item":"https:\/\/positiveprints.com\/sv\/"},{"@type":"ListItem","position":2,"name":"Produkter","item":"https:\/\/positiveprints.com\/sv\/shop\/"},{"@type":"ListItem","position":3,"name":"Du och Jag Fotocollage"}]},{"@type":"WebSite","@id":"https:\/\/positiveprints.com\/sv\/#website","url":"https:\/\/positiveprints.com\/sv\/","name":"Positive Prints","description":"Amazing Custom Personalized Gifts","publisher":{"@id":"https:\/\/positiveprints.com\/sv\/#organization"},"potentialAction":[{"@type":"SearchAction","target":{"@type":"EntryPoint","urlTemplate":"https:\/\/positiveprints.com\/sv\/?s={search_term_string}"},"query-input":{"@type":"PropertyValueSpecification","valueRequired":true,"valueName":"search_term_string"}}],"inLanguage":"sv-SE"},{"@type":"Organization","@id":"https:\/\/positiveprints.com\/sv\/#organization","name":"Positive Prints","alternateName":"Positive Prints","url":"https:\/\/positiveprints.com\/sv\/","logo":{"@type":"ImageObject","inLanguage":"sv-SE","@id":"https:\/\/positiveprints.com\/sv\/#\/schema\/logo\/image\/","url":"https:\/\/positiveprints.com\/wp-content\/uploads\/2026\/03\/245815646_1337939713319158_5671353136411139666_n.png","contentUrl":"https:\/\/positiveprints.com\/wp-content\/uploads\/2026\/03\/245815646_1337939713319158_5671353136411139666_n.png","width":800,"height":800,"caption":"Positive Prints"},"image":{"@id":"https:\/\/positiveprints.com\/sv\/#\/schema\/logo\/image\/"},"sameAs":["https:\/\/www.facebook.com\/positiveprintscom","https:\/\/www.instagram.com\/positiveprintscom\/","https:\/\/www.tiktok.com\/@positiveprintscom","https:\/\/www.pinterest.com\/positiveprintscom\/"]}]}},"jetpack_sharing_enabled":true,"_links":{"self":[{"href":"https:\/\/positiveprints.com\/sv\/wp-json\/wp\/v2\/product\/1313202","targetHints":{"allow":["GET"]}}],"collection":[{"href":"https:\/\/positiveprints.com\/sv\/wp-json\/wp\/v2\/product"}],"about":[{"href":"https:\/\/positiveprints.com\/sv\/wp-json\/wp\/v2\/types\/product"}],"wp:featuredmedia":[{"embeddable":true,"href":"https:\/\/positiveprints.com\/sv\/wp-json\/wp\/v2\/media\/1313038"}],"wp:attachment":[{"href":"https:\/\/positiveprints.com\/sv\/wp-json\/wp\/v2\/media?parent=1313202"}],"wp:term":[{"taxonomy":"product_brand","embeddable":true,"href":"https:\/\/positiveprints.com\/sv\/wp-json\/wp\/v2\/product_brand?post=1313202"},{"taxonomy":"product_cat","embeddable":true,"href":"https:\/\/positiveprints.com\/sv\/wp-json\/wp\/v2\/product_cat?post=1313202"},{"taxonomy":"product_tag","embeddable":true,"href":"https:\/\/positiveprints.com\/sv\/wp-json\/wp\/v2\/product_tag?post=1313202"}],"curies":[{"name":"wp","href":"https:\/\/api.w.org\/{rel}","templated":true}]}}