{"id":1287124,"date":"2024-04-19T11:49:25","date_gmt":"2024-04-19T10:49:25","guid":{"rendered":"https:\/\/positiveprints.com\/product\/anpassade-stjarnkarta-smycken\/"},"modified":"2026-04-18T04:26:08","modified_gmt":"2026-04-18T03:26:08","slug":"stjarnkarta-smycken","status":"publish","type":"product","link":"https:\/\/positiveprints.com\/sv\/produkt\/stjarnkarta-smycken\/","title":{"rendered":"Anpassade Stj\u00e4rnkarta Smycken"},"content":{"rendered":"<p>Har du n\u00e5gonsin velat f\u00e5nga magin av ett speciellt \u00f6gonblick under stj\u00e4rnorna? Vi presenterar v\u00e5r personliga stj\u00e4rnkartssmycken. Men vad g\u00f6r dessa smycken verkligen f\u00f6rtrollande?  <\/p>\n\n\n\n<h2>Skapa Ditt Egna Personliga Stj\u00e4rnkartssmycke<\/h2>\n\n\n\n<p>Med v\u00e5rt personliga stj\u00e4rnkartssmycke kan du f\u00f6r evigt bevara den himmelska sk\u00f6nheten av ett betydelsefullt \u00f6gonblick i tiden. Ge oss helt enkelt datum, tid och plats f\u00f6r ditt speciella \u00f6gonblick, s\u00e5 skapar vi en unik vy av den stj\u00e4rnklara himlen fr\u00e5n just det \u00f6gonblicket. <\/p>\n\n\n\n<p>Varje h\u00e4nge har en fantastisk avbildning av stj\u00e4rnkartan fr\u00e5n ditt valda \u00f6gonblick, vilket s\u00e4kerst\u00e4ller att din smycke \u00e4r lika unik som de minnen den representerar. L\u00e4gg till ett personligt meddelande p\u00e5 baksidan av h\u00e4nget f\u00f6r att g\u00f6ra det \u00e4nnu mer personligt. <\/p>\n\n\n\n<p>Varje smycke genomg\u00e5r noggrant lasergravyr f\u00f6r att s\u00e4kerst\u00e4lla precision och h\u00e5llbarhet. <\/p>\n\n\n\n\n\n<h2>Best\u00e4ll Stj\u00e4rnkartssmycken som Present<\/h2>\n\n\n\n<p>Letar du efter den perfekta presenten till n\u00e5gon du tycker om? V\u00e5r personliga stj\u00e4rnkartssmycken \u00e4r ett hj\u00e4rtligt s\u00e4tt att minnas speciella tillf\u00e4llen som br\u00f6llop, f\u00f6delsedagar, jubileer eller f\u00f6delsen av ett barn. T\u00e4nk dig f\u00f6rundran i deras ansikte n\u00e4r de f\u00e5r ett h\u00e4nge med stj\u00e4rnhimlen fr\u00e5n det \u00f6gonblick de sa &#8220;ja&#8221;, eller natten deras barn f\u00f6ddes. <\/p>\n\n\n\n<p>Att best\u00e4lla \u00e4r enkelt &#8211; bes\u00f6k bara v\u00e5r webbplats, fyll i de n\u00f6dv\u00e4ndiga detaljerna, anpassa ditt h\u00e4nge, v\u00e4lj ditt f\u00f6redragna material och kedja, och slutf\u00f6r din best\u00e4llning. Vi tar hand om resten och ser till att ditt h\u00e4nge \u00e4r elegant inpackat i en smyckesl\u00e5da, komplett med en v\u00e5rdguide och ett specialtorkduk f\u00f6r reng\u00f6ring.\n\nVi tar hand om resten och ser till att ditt h\u00e4nge \u00e4r elegant f\u00f6rpackat i ett smyckeskrin, komplett med en sk\u00f6tselguide och en speciell trasa f\u00f6r reng\u00f6ring. <\/p>\n\n\n\n<p>Oavsett om du firar en milstolpe, hedrar ett speciellt minne, eller helt enkelt uttrycker din k\u00e4rlek, \u00e4r v\u00e5rt personliga stj\u00e4rnkartssmycke det perfekta s\u00e4ttet att f\u00e5nga kosmos sk\u00f6nhet och h\u00e5lla dina dyrbara \u00f6gonblick n\u00e4ra ditt hj\u00e4rta. S\u00e5 varf\u00f6r v\u00e4nta? Designa din personliga smycke idag och l\u00e5t stj\u00e4rnorna ber\u00e4tta din historia!<\/p>","protected":false},"excerpt":{"rendered":"<ul class=\"check-list\">\n<li>En unik hyllning till detta speciella \u00f6gonblick i universum<\/li>\n<li>Uppt\u00e4ck din stj\u00e4rnkarta och l\u00e4gg till ett meddelande f\u00f6r att gravera p\u00e5 din charm<\/li>\n<li>20 mm h\u00e4ngsmycke tillverkad av f\u00f6rstklassigt sterlingsilver, lasergraverat och handgjort<\/li>\n<li>Anpassa p\u00e5 bara 2 minuter<\/li>\n<li>Se resultatet direkt \u2013 den interaktiva f\u00f6rhandsvisningen l\u00e5ter dig finjustera varje detalj<\/li>\n<\/ul>\n","protected":false},"featured_media":1552133,"template":"","meta":[],"product_brand":[],"product_cat":[9266,9221,7459,11582,11602,11583,11579,11585,11580,11581,8108,15046,11476,11473,7694],"product_tag":[11905,11906,8397,13430,13480,15067,15068,15069,13719,13704,15070],"class_list":{"0":"post-1287124","1":"product","2":"type-product","3":"status-publish","4":"has-post-thumbnail","6":"product_cat-jewelry-sv","7":"product_cat-smycken-fran-stjarnkartor","8":"product_cat-alla-produkter","9":"product_cat-10-arsjubileum","10":"product_cat-50-arsjubileum","11":"product_cat-15-arsjubileum","12":"product_cat-1-arsjubileum","13":"product_cat-20-arsjubileum","14":"product_cat-2-arsjubileum","15":"product_cat-5-arsjubileum","16":"product_cat-julpresenter","17":"product_cat-julklappar-for-vanner","18":"product_cat-julklappar-till-systern","19":"product_cat-julklappar-till-barnen","20":"product_cat-gavor-for-kvinnor","21":"product_tag-berlock","22":"product_tag-berlocker","23":"product_tag-creators-sv","24":"product_tag-julklapp-till-syster","25":"product_tag-julklappar-till-vanner","26":"product_tag-lancuszek-sv","27":"product_tag-medalion-sv","28":"product_tag-naszyjnik-sv","29":"product_tag-silver-stjarnkarthalsband","30":"product_tag-stjarnkarthalsband","31":"product_tag-wisiorek-sv","33":"first","34":"instock","35":"sale","36":"taxable","37":"shipping-taxable","38":"purchasable","39":"product-type-variable"},"yoast_head":"<!-- This site is optimized with the Yoast SEO Premium plugin v27.2 (Yoast SEO v27.2) - https:\/\/yoast.com\/product\/yoast-seo-premium-wordpress\/ -->\n<title>Anpassade Stj\u00e4rnkarta Smycken - Positive Prints<\/title>\n<meta name=\"description\" content=\"V\u00e5r anpassade stj\u00e4rnkarta smycken \u00e4r det perfekta s\u00e4ttet att f\u00e5nga kosmos sk\u00f6nhet och h\u00e5lla dina k\u00e4ra \u00f6gonblick n\u00e4ra hj\u00e4rtat.\" \/>\n<meta name=\"robots\" content=\"index, follow, max-snippet:-1, max-image-preview:large, max-video-preview:-1\" \/>\n<link rel=\"canonical\" href=\"https:\/\/positiveprints.com\/sv\/produkt\/stjarnkarta-smycken\/\" \/>\n<meta property=\"og:locale\" content=\"sv_SE\" \/>\n<meta property=\"og:type\" content=\"article\" \/>\n<meta property=\"og:title\" content=\"Anpassade Stj\u00e4rnkarta Smycken\" \/>\n<meta property=\"og:description\" content=\"En unik hyllning till detta speciella \u00f6gonblick i universum    Uppt\u00e4ck din stj\u00e4rnkarta och l\u00e4gg till ett meddelande f\u00f6r att gravera p\u00e5 din charm    20 mm h\u00e4ngsmycke tillverkad av f\u00f6rstklassigt sterlingsilver, lasergraverat och handgjort    Anpassa p\u00e5 bara 2 minuter    Se resultatet direkt \u2013 den interaktiva f\u00f6rhandsvisningen l\u00e5ter dig finjustera varje detalj\" \/>\n<meta property=\"og:url\" content=\"https:\/\/positiveprints.com\/sv\/produkt\/stjarnkarta-smycken\/\" \/>\n<meta property=\"og:site_name\" content=\"Positive Prints\" \/>\n<meta property=\"article:publisher\" content=\"https:\/\/www.facebook.com\/positiveprintscom\" \/>\n<meta property=\"article:modified_time\" content=\"2026-04-18T03:26:08+00:00\" \/>\n<meta property=\"og:image\" content=\"https:\/\/positiveprints.com\/wp-content\/uploads\/2025\/10\/main-and-packshot-all-custom-star-chart-jewelry.webp\" \/>\n\t<meta property=\"og:image:width\" content=\"2500\" \/>\n\t<meta property=\"og:image:height\" content=\"2500\" \/>\n\t<meta property=\"og:image:type\" content=\"image\/webp\" \/>\n<meta name=\"twitter:card\" content=\"summary_large_image\" \/>\n<meta name=\"twitter:label1\" content=\"Ber\u00e4knad l\u00e4stid\" \/>\n\t<meta name=\"twitter:data1\" content=\"2 minut\" \/>\n<!-- \/ Yoast SEO Premium plugin. -->","yoast_head_json":{"title":"Anpassade Stj\u00e4rnkarta Smycken - Positive Prints","description":"V\u00e5r anpassade stj\u00e4rnkarta smycken \u00e4r det perfekta s\u00e4ttet att f\u00e5nga kosmos sk\u00f6nhet och h\u00e5lla dina k\u00e4ra \u00f6gonblick n\u00e4ra hj\u00e4rtat.","robots":{"index":"index","follow":"follow","max-snippet":"max-snippet:-1","max-image-preview":"max-image-preview:large","max-video-preview":"max-video-preview:-1"},"canonical":"https:\/\/positiveprints.com\/sv\/produkt\/stjarnkarta-smycken\/","og_locale":"sv_SE","og_type":"article","og_title":"Anpassade Stj\u00e4rnkarta Smycken","og_description":"En unik hyllning till detta speciella \u00f6gonblick i universum    Uppt\u00e4ck din stj\u00e4rnkarta och l\u00e4gg till ett meddelande f\u00f6r att gravera p\u00e5 din charm    20 mm h\u00e4ngsmycke tillverkad av f\u00f6rstklassigt sterlingsilver, lasergraverat och handgjort    Anpassa p\u00e5 bara 2 minuter    Se resultatet direkt \u2013 den interaktiva f\u00f6rhandsvisningen l\u00e5ter dig finjustera varje detalj","og_url":"https:\/\/positiveprints.com\/sv\/produkt\/stjarnkarta-smycken\/","og_site_name":"Positive Prints","article_publisher":"https:\/\/www.facebook.com\/positiveprintscom","article_modified_time":"2026-04-18T03:26:08+00:00","og_image":[{"width":2500,"height":2500,"url":"https:\/\/positiveprints.com\/wp-content\/uploads\/2025\/10\/main-and-packshot-all-custom-star-chart-jewelry.webp","type":"image\/webp"}],"twitter_card":"summary_large_image","twitter_misc":{"Ber\u00e4knad l\u00e4stid":"2 minut"},"schema":{"@context":"https:\/\/schema.org","@graph":[{"@type":["WebPage","ItemPage"],"@id":"https:\/\/positiveprints.com\/sv\/produkt\/stjarnkarta-smycken\/","url":"https:\/\/positiveprints.com\/sv\/produkt\/stjarnkarta-smycken\/","name":"Anpassade Stj\u00e4rnkarta Smycken - Positive Prints","isPartOf":{"@id":"https:\/\/positiveprints.com\/sv\/#website"},"primaryImageOfPage":{"@id":"https:\/\/positiveprints.com\/sv\/produkt\/stjarnkarta-smycken\/#primaryimage"},"image":{"@id":"https:\/\/positiveprints.com\/sv\/produkt\/stjarnkarta-smycken\/#primaryimage"},"thumbnailUrl":"https:\/\/positiveprints.com\/wp-content\/uploads\/2025\/10\/main-and-packshot-all-custom-star-chart-jewelry.webp","datePublished":"2024-04-19T10:49:25+00:00","dateModified":"2026-04-18T03:26:08+00:00","description":"V\u00e5r anpassade stj\u00e4rnkarta smycken \u00e4r det perfekta s\u00e4ttet att f\u00e5nga kosmos sk\u00f6nhet och h\u00e5lla dina k\u00e4ra \u00f6gonblick n\u00e4ra hj\u00e4rtat.","breadcrumb":{"@id":"https:\/\/positiveprints.com\/sv\/produkt\/stjarnkarta-smycken\/#breadcrumb"},"inLanguage":"sv-SE","potentialAction":[{"@type":"ReadAction","target":["https:\/\/positiveprints.com\/sv\/produkt\/stjarnkarta-smycken\/"]}]},{"@type":"ImageObject","inLanguage":"sv-SE","@id":"https:\/\/positiveprints.com\/sv\/produkt\/stjarnkarta-smycken\/#primaryimage","url":"https:\/\/positiveprints.com\/wp-content\/uploads\/2025\/10\/main-and-packshot-all-custom-star-chart-jewelry.webp","contentUrl":"https:\/\/positiveprints.com\/wp-content\/uploads\/2025\/10\/main-and-packshot-all-custom-star-chart-jewelry.webp","width":2500,"height":2500},{"@type":"BreadcrumbList","@id":"https:\/\/positiveprints.com\/sv\/produkt\/stjarnkarta-smycken\/#breadcrumb","itemListElement":[{"@type":"ListItem","position":1,"name":"Home","item":"https:\/\/positiveprints.com\/sv\/"},{"@type":"ListItem","position":2,"name":"Produkter","item":"https:\/\/positiveprints.com\/sv\/shop\/"},{"@type":"ListItem","position":3,"name":"Anpassade Stj\u00e4rnkarta Smycken"}]},{"@type":"WebSite","@id":"https:\/\/positiveprints.com\/sv\/#website","url":"https:\/\/positiveprints.com\/sv\/","name":"Positive Prints","description":"Amazing Custom Personalized Gifts","publisher":{"@id":"https:\/\/positiveprints.com\/sv\/#organization"},"potentialAction":[{"@type":"SearchAction","target":{"@type":"EntryPoint","urlTemplate":"https:\/\/positiveprints.com\/sv\/?s={search_term_string}"},"query-input":{"@type":"PropertyValueSpecification","valueRequired":true,"valueName":"search_term_string"}}],"inLanguage":"sv-SE"},{"@type":"Organization","@id":"https:\/\/positiveprints.com\/sv\/#organization","name":"Positive Prints","alternateName":"Positive Prints","url":"https:\/\/positiveprints.com\/sv\/","logo":{"@type":"ImageObject","inLanguage":"sv-SE","@id":"https:\/\/positiveprints.com\/sv\/#\/schema\/logo\/image\/","url":"https:\/\/positiveprints.com\/wp-content\/uploads\/2026\/03\/245815646_1337939713319158_5671353136411139666_n.png","contentUrl":"https:\/\/positiveprints.com\/wp-content\/uploads\/2026\/03\/245815646_1337939713319158_5671353136411139666_n.png","width":800,"height":800,"caption":"Positive Prints"},"image":{"@id":"https:\/\/positiveprints.com\/sv\/#\/schema\/logo\/image\/"},"sameAs":["https:\/\/www.facebook.com\/positiveprintscom","https:\/\/www.instagram.com\/positiveprintscom\/","https:\/\/www.tiktok.com\/@positiveprintscom","https:\/\/www.pinterest.com\/positiveprintscom\/"]}]}},"jetpack_sharing_enabled":true,"_links":{"self":[{"href":"https:\/\/positiveprints.com\/sv\/wp-json\/wp\/v2\/product\/1287124","targetHints":{"allow":["GET"]}}],"collection":[{"href":"https:\/\/positiveprints.com\/sv\/wp-json\/wp\/v2\/product"}],"about":[{"href":"https:\/\/positiveprints.com\/sv\/wp-json\/wp\/v2\/types\/product"}],"wp:featuredmedia":[{"embeddable":true,"href":"https:\/\/positiveprints.com\/sv\/wp-json\/wp\/v2\/media\/1552133"}],"wp:attachment":[{"href":"https:\/\/positiveprints.com\/sv\/wp-json\/wp\/v2\/media?parent=1287124"}],"wp:term":[{"taxonomy":"product_brand","embeddable":true,"href":"https:\/\/positiveprints.com\/sv\/wp-json\/wp\/v2\/product_brand?post=1287124"},{"taxonomy":"product_cat","embeddable":true,"href":"https:\/\/positiveprints.com\/sv\/wp-json\/wp\/v2\/product_cat?post=1287124"},{"taxonomy":"product_tag","embeddable":true,"href":"https:\/\/positiveprints.com\/sv\/wp-json\/wp\/v2\/product_tag?post=1287124"}],"curies":[{"name":"wp","href":"https:\/\/api.w.org\/{rel}","templated":true}]}}