{"id":1259493,"date":"2024-11-06T19:57:23","date_gmt":"2024-11-06T18:57:23","guid":{"rendered":"https:\/\/positiveprints.com\/?post_type=product&#038;p=1259493"},"modified":"2026-04-28T13:33:56","modified_gmt":"2026-04-28T12:33:56","slug":"var-speciella-sang","status":"publish","type":"product","link":"https:\/\/positiveprints.com\/sv\/produkt\/var-speciella-sang\/","title":{"rendered":"V\u00e5r Speciella S\u00e5ng"},"content":{"rendered":"<p>Letar du efter en romantisk present till din speciella person? V\u00e5rt konstverk V\u00e5r Speciella S\u00e5ng \u00e4r ett unikt och innerligt s\u00e4tt att fira din k\u00e4rlek.  Den h\u00e4r vackra tavlan inneh\u00e5ller texten till en s\u00e5ng som betyder n\u00e5got speciellt f\u00f6r er b\u00e5da, elegant presenterad f\u00f6r att skapa ett minnesv\u00e4rt minne av er relation.<\/p>\r\n\r\n<h2>Skapa dina egna speciella illustrationer av l\u00e5ttexter<\/h2>\r\n\r\n<p>B\u00f6rja med att bes\u00f6ka v\u00e5r online editor, d\u00e4r du kan v\u00e4lja en bakgrund fr\u00e5n v\u00e5rt urval eller skapa din egen f\u00f6r att matcha texten perfekt. Skriv sedan in texten fr\u00e5n din speciella l\u00e5t och l\u00e4gg till ett personligt meddelande f\u00f6r att g\u00f6ra den \u00e4nnu mer meningsfull. <\/p>\r\n\r\n<p>V\u00e4lj det format som passar din stil b\u00e4st. Vi erbjuder olika alternativ, inklusive tryckta eller inramade affischtryck, dukar och omedelbara digitala nedladdningar. Varje konstverk g\u00f6rs bara f\u00f6r dig, vilket garanterar att ditt konstverk blir en unik och v\u00e4rdefull g\u00e5va.  <\/p>\r\n\r\n<h2>Den perfekta romantiska presenten<\/h2>\r\n\r\n<p>V\u00e5rt konstverk V\u00e5r Speciella S\u00e5ng \u00e4r den perfekta romantiska presenten till henne eller honom. Oavsett om det \u00e4r till en \u00e5rsdag, f\u00f6delsedag, alla hj\u00e4rtans dag eller bara f\u00f6r att visa att du bryr dig, \u00e4r detta konstverk ett vackert s\u00e4tt att fira din k\u00e4rlek och de stunder ni delar. Det \u00e4r perfekt f\u00f6r par som vill komma ih\u00e5g en speciell l\u00e5t som representerar deras relation.  <\/p>\r\n\r\n<h2>B\u00f6rja personifiera din g\u00e5va idag<\/h2>\r\n\r\n<p>\u00c4r du redo att skapa en unik och romantisk g\u00e5va? B\u00f6rja anpassa ditt V\u00e5r Speciella S\u00e5ng-konstverk idag. Bes\u00f6k v\u00e5r online-editor f\u00f6r att v\u00e4lja en bakgrund, skriva in s\u00e5ngtexten och l\u00e4gga till ett personligt meddelande. V\u00e4lj det format som passar din stil och du \u00e4r klar!   <\/p>\r\n\r\n<p>Best\u00e4ll ditt personliga V\u00e5r Speciella S\u00e5ng-konstverk nu och ge en g\u00e5va som kommer att uppskattas f\u00f6r alltid.<\/p>","protected":false},"excerpt":{"rendered":"<ul class=\"check-list\">\n<li>Personalisera genom att v\u00e4lja en valfri l\u00e5t \u2013 vi tar dess text och arrangerar den konstn\u00e4rligt p\u00e5 designen<\/li>\n<li>Anpassa p\u00e5 bara 2 minuter<\/li>\n<li>Inkludera en meningsfull personlig text<\/li>\n<li>Se resultatet direkt \u2013 den interaktiva f\u00f6rhandsvisningen l\u00e5ter dig finjustera varje detalj<\/li>\n<\/ul>\n","protected":false},"featured_media":1267814,"template":"","meta":[],"product_brand":[],"product_cat":[8214,12103,9767,7459,11582,11602,11583,11579,11585,11580,11581,11192,11191,11222,8108,11470,11471,11469,11463,11477,11472,8014,7694,8116,11251,11252],"product_tag":[14998,14996,15000,14999,12967,15005,15006,11758,11772,11835,11829,11832,11830,15001,15002,9417,12969,12968,15004,15008,14201,15009,15010,15003,15011,16276,14997],"class_list":{"0":"post-1259493","1":"product","2":"type-product","3":"status-publish","4":"has-post-thumbnail","6":"product_cat-till-honom","7":"product_cat-text","8":"product_cat-trending-label-sv","9":"product_cat-alla-produkter","10":"product_cat-10-arsjubileum","11":"product_cat-50-arsjubileum","12":"product_cat-15-arsjubileum","13":"product_cat-1-arsjubileum","14":"product_cat-20-arsjubileum","15":"product_cat-2-arsjubileum","16":"product_cat-5-arsjubileum","17":"product_cat-arsdagspresenter-till-par","18":"product_cat-arsdagspresenter-till-honom","19":"product_cat-fodelsedagspresenter-till-honom","20":"product_cat-julpresenter","21":"product_cat-julklappar-till-henne","22":"product_cat-julklappar-till-honom","23":"product_cat-julklappar-till-flickvannen","24":"product_cat-julklapp-till-pojkvan","25":"product_cat-julklappar-till-frun","26":"product_cat-julklappar-till-maken","27":"product_cat-gavor-for-man","28":"product_cat-gavor-for-kvinnor","29":"product_cat-gava-pa-alla-hjartans-dag","30":"product_cat-alla-hjartans-dag-presenter-for-henne","31":"product_cat-alla-hjartans-dag-presenter-for-honom","32":"product_tag-anniversary-sv","33":"product_tag-anniversary-gift-sv","34":"product_tag-anniversary-gifts-sv","35":"product_tag-anniversary-present-sv","36":"product_tag-chanson-sv","37":"product_tag-couple-gift-sv","38":"product_tag-gift-for-couple-sv","39":"product_tag-julklapp-till-pojkvan","40":"product_tag-julklappar-till-flickvannen","41":"product_tag-julklappar-till-frun","42":"product_tag-julklappar-till-henne","43":"product_tag-julklappar-till-maken","44":"product_tag-kerstcadeaus-for-honom","45":"product_tag-love-sv","46":"product_tag-love-gift-sv","47":"product_tag-musik-sv","48":"product_tag-paroles-sv","49":"product_tag-paroles-de-chanson-sv","50":"product_tag-personalized-gift-sv","51":"product_tag-romantic-gifts-sv","52":"product_tag-romantisk-present","53":"product_tag-sentimental-gift-sv","54":"product_tag-special-occasion-sv-2","55":"product_tag-thoughtful-gift-sv","56":"product_tag-unique-gift-sv","57":"product_tag-vinylalbum","58":"product_tag-wedding-anniversary-sv","60":"first","61":"instock","62":"sale","63":"taxable","64":"shipping-taxable","65":"purchasable","66":"product-type-variable"},"yoast_head":"<!-- This site is optimized with the Yoast SEO Premium plugin v27.2 (Yoast SEO v27.2) - https:\/\/yoast.com\/product\/yoast-seo-premium-wordpress\/ -->\n<title>V\u00e5r speciella s\u00e5ng - Positive Prints<\/title>\n<meta name=\"description\" content=\"Letar du efter en romantisk present till din speciella person? V\u00e5rt konstverk Special Song Lyrics \u00e4r ett unikt och innerligt s\u00e4tt att fira din k\u00e4rlek.\" \/>\n<meta name=\"robots\" content=\"index, follow, max-snippet:-1, max-image-preview:large, max-video-preview:-1\" \/>\n<link rel=\"canonical\" href=\"https:\/\/positiveprints.com\/sv\/produkt\/var-speciella-sang\/\" \/>\n<meta property=\"og:locale\" content=\"sv_SE\" \/>\n<meta property=\"og:type\" content=\"article\" \/>\n<meta property=\"og:title\" content=\"V\u00e5r Speciella S\u00e5ng\" \/>\n<meta property=\"og:description\" content=\"Personalisera genom att v\u00e4lja en valfri l\u00e5t \u2013 vi tar dess text och arrangerar den konstn\u00e4rligt p\u00e5 designen Anpassa p\u00e5 bara 2 minuter Inkludera en meningsfull personlig text Se resultatet direkt \u2013 den interaktiva f\u00f6rhandsvisningen l\u00e5ter dig finjustera varje detalj\" \/>\n<meta property=\"og:url\" content=\"https:\/\/positiveprints.com\/sv\/produkt\/var-speciella-sang\/\" \/>\n<meta property=\"og:site_name\" content=\"Positive Prints\" \/>\n<meta property=\"article:publisher\" content=\"https:\/\/www.facebook.com\/positiveprintscom\" \/>\n<meta property=\"article:modified_time\" content=\"2026-04-28T12:33:56+00:00\" \/>\n<meta property=\"og:image\" content=\"https:\/\/positiveprints.com\/wp-content\/uploads\/2024\/11\/SE_PACKSHOT_Our-Special-Song-product-image-.webp\" \/>\n\t<meta property=\"og:image:width\" content=\"1450\" \/>\n\t<meta property=\"og:image:height\" content=\"1450\" \/>\n\t<meta property=\"og:image:type\" content=\"image\/webp\" \/>\n<meta name=\"twitter:card\" content=\"summary_large_image\" \/>\n<!-- \/ Yoast SEO Premium plugin. -->","yoast_head_json":{"title":"V\u00e5r speciella s\u00e5ng - Positive Prints","description":"Letar du efter en romantisk present till din speciella person? V\u00e5rt konstverk Special Song Lyrics \u00e4r ett unikt och innerligt s\u00e4tt att fira din k\u00e4rlek.","robots":{"index":"index","follow":"follow","max-snippet":"max-snippet:-1","max-image-preview":"max-image-preview:large","max-video-preview":"max-video-preview:-1"},"canonical":"https:\/\/positiveprints.com\/sv\/produkt\/var-speciella-sang\/","og_locale":"sv_SE","og_type":"article","og_title":"V\u00e5r Speciella S\u00e5ng","og_description":"Personalisera genom att v\u00e4lja en valfri l\u00e5t \u2013 vi tar dess text och arrangerar den konstn\u00e4rligt p\u00e5 designen Anpassa p\u00e5 bara 2 minuter Inkludera en meningsfull personlig text Se resultatet direkt \u2013 den interaktiva f\u00f6rhandsvisningen l\u00e5ter dig finjustera varje detalj","og_url":"https:\/\/positiveprints.com\/sv\/produkt\/var-speciella-sang\/","og_site_name":"Positive Prints","article_publisher":"https:\/\/www.facebook.com\/positiveprintscom","article_modified_time":"2026-04-28T12:33:56+00:00","og_image":[{"width":1450,"height":1450,"url":"https:\/\/positiveprints.com\/wp-content\/uploads\/2024\/11\/SE_PACKSHOT_Our-Special-Song-product-image-.webp","type":"image\/webp"}],"twitter_card":"summary_large_image","schema":{"@context":"https:\/\/schema.org","@graph":[{"@type":["WebPage","ItemPage"],"@id":"https:\/\/positiveprints.com\/sv\/produkt\/var-speciella-sang\/","url":"https:\/\/positiveprints.com\/sv\/produkt\/var-speciella-sang\/","name":"V\u00e5r speciella s\u00e5ng - Positive Prints","isPartOf":{"@id":"https:\/\/positiveprints.com\/sv\/#website"},"primaryImageOfPage":{"@id":"https:\/\/positiveprints.com\/sv\/produkt\/var-speciella-sang\/#primaryimage"},"image":{"@id":"https:\/\/positiveprints.com\/sv\/produkt\/var-speciella-sang\/#primaryimage"},"thumbnailUrl":"https:\/\/positiveprints.com\/wp-content\/uploads\/2024\/11\/SE_PACKSHOT_Our-Special-Song-product-image-.webp","datePublished":"2024-11-06T18:57:23+00:00","dateModified":"2026-04-28T12:33:56+00:00","description":"Letar du efter en romantisk present till din speciella person? V\u00e5rt konstverk Special Song Lyrics \u00e4r ett unikt och innerligt s\u00e4tt att fira din k\u00e4rlek.","breadcrumb":{"@id":"https:\/\/positiveprints.com\/sv\/produkt\/var-speciella-sang\/#breadcrumb"},"inLanguage":"sv-SE","potentialAction":[{"@type":"ReadAction","target":["https:\/\/positiveprints.com\/sv\/produkt\/var-speciella-sang\/"]}]},{"@type":"ImageObject","inLanguage":"sv-SE","@id":"https:\/\/positiveprints.com\/sv\/produkt\/var-speciella-sang\/#primaryimage","url":"https:\/\/positiveprints.com\/wp-content\/uploads\/2024\/11\/SE_PACKSHOT_Our-Special-Song-product-image-.webp","contentUrl":"https:\/\/positiveprints.com\/wp-content\/uploads\/2024\/11\/SE_PACKSHOT_Our-Special-Song-product-image-.webp","width":1450,"height":1450},{"@type":"BreadcrumbList","@id":"https:\/\/positiveprints.com\/sv\/produkt\/var-speciella-sang\/#breadcrumb","itemListElement":[{"@type":"ListItem","position":1,"name":"Home","item":"https:\/\/positiveprints.com\/sv\/"},{"@type":"ListItem","position":2,"name":"Produkter","item":"https:\/\/positiveprints.com\/sv\/shop\/"},{"@type":"ListItem","position":3,"name":"V\u00e5r Speciella S\u00e5ng"}]},{"@type":"WebSite","@id":"https:\/\/positiveprints.com\/sv\/#website","url":"https:\/\/positiveprints.com\/sv\/","name":"Positive Prints","description":"Amazing Custom Personalized Gifts","publisher":{"@id":"https:\/\/positiveprints.com\/sv\/#organization"},"potentialAction":[{"@type":"SearchAction","target":{"@type":"EntryPoint","urlTemplate":"https:\/\/positiveprints.com\/sv\/?s={search_term_string}"},"query-input":{"@type":"PropertyValueSpecification","valueRequired":true,"valueName":"search_term_string"}}],"inLanguage":"sv-SE"},{"@type":"Organization","@id":"https:\/\/positiveprints.com\/sv\/#organization","name":"Positive Prints","alternateName":"Positive Prints","url":"https:\/\/positiveprints.com\/sv\/","logo":{"@type":"ImageObject","inLanguage":"sv-SE","@id":"https:\/\/positiveprints.com\/sv\/#\/schema\/logo\/image\/","url":"https:\/\/positiveprints.com\/wp-content\/uploads\/2026\/03\/245815646_1337939713319158_5671353136411139666_n.png","contentUrl":"https:\/\/positiveprints.com\/wp-content\/uploads\/2026\/03\/245815646_1337939713319158_5671353136411139666_n.png","width":800,"height":800,"caption":"Positive Prints"},"image":{"@id":"https:\/\/positiveprints.com\/sv\/#\/schema\/logo\/image\/"},"sameAs":["https:\/\/www.facebook.com\/positiveprintscom","https:\/\/www.instagram.com\/positiveprintscom\/","https:\/\/www.tiktok.com\/@positiveprintscom","https:\/\/www.pinterest.com\/positiveprintscom\/"]}]}},"jetpack_sharing_enabled":true,"_links":{"self":[{"href":"https:\/\/positiveprints.com\/sv\/wp-json\/wp\/v2\/product\/1259493","targetHints":{"allow":["GET"]}}],"collection":[{"href":"https:\/\/positiveprints.com\/sv\/wp-json\/wp\/v2\/product"}],"about":[{"href":"https:\/\/positiveprints.com\/sv\/wp-json\/wp\/v2\/types\/product"}],"wp:featuredmedia":[{"embeddable":true,"href":"https:\/\/positiveprints.com\/sv\/wp-json\/wp\/v2\/media\/1267814"}],"wp:attachment":[{"href":"https:\/\/positiveprints.com\/sv\/wp-json\/wp\/v2\/media?parent=1259493"}],"wp:term":[{"taxonomy":"product_brand","embeddable":true,"href":"https:\/\/positiveprints.com\/sv\/wp-json\/wp\/v2\/product_brand?post=1259493"},{"taxonomy":"product_cat","embeddable":true,"href":"https:\/\/positiveprints.com\/sv\/wp-json\/wp\/v2\/product_cat?post=1259493"},{"taxonomy":"product_tag","embeddable":true,"href":"https:\/\/positiveprints.com\/sv\/wp-json\/wp\/v2\/product_tag?post=1259493"}],"curies":[{"name":"wp","href":"https:\/\/api.w.org\/{rel}","templated":true}]}}