{"id":1259472,"date":"2024-11-06T19:43:10","date_gmt":"2024-11-06T18:43:10","guid":{"rendered":"https:\/\/positiveprints.com\/?post_type=product&#038;p=1259472"},"modified":"2026-04-28T13:34:10","modified_gmt":"2026-04-28T12:34:10","slug":"brollopsloften-konst-med-foto","status":"publish","type":"product","link":"https:\/\/positiveprints.com\/sv\/produkt\/brollopsloften-konst-med-foto\/","title":{"rendered":"Br\u00f6llopsl\u00f6ften Konst med foto"},"content":{"rendered":"<p>Letar du efter ett unikt s\u00e4tt att minnas din br\u00f6llopsdag? V\u00e5r Wedding Vows Art with Photo \u00e4r det perfekta s\u00e4ttet att fira din k\u00e4rlek och ditt engagemang. Detta vackra verk har dina anpassade br\u00f6llopsl\u00f6ften som elegant visas runt ett omhuldat foto, vilket skapar ett tidl\u00f6st minnesm\u00e4rke av din speciella dag.  <\/p>\r\n\r\n<h2>Skapa din egen br\u00f6llopsl\u00f6ftekonst med foto<\/h2>\r\n\r\n<p>B\u00f6rja med att bes\u00f6ka v\u00e5r online-editor, d\u00e4r du enkelt kan ladda upp ett foto som betyder n\u00e5got s\u00e4rskilt f\u00f6r dig. V\u00e4lj en bakgrund fr\u00e5n v\u00e5rt urval eller skapa din egen f\u00f6r att f\u00f6rst\u00e4rka fotot och l\u00f6ftena. Ange sedan dina br\u00f6llopsl\u00f6ften och l\u00e4gg till ett personligt meddelande f\u00f6r att g\u00f6ra det \u00e4nnu mer speciellt.  <\/p>\r\n\r\n<p>V\u00e4lj det format som b\u00e4st passar din stil och dina behov. Vi erbjuder olika alternativ, inklusive tryckta eller inramade affischtryck, dukar och omedelbara digitala nedladdningar. Varje verk \u00e4r skr\u00e4ddarsytt just f\u00f6r dig, vilket s\u00e4kerst\u00e4ller att ditt konstverk blir ett unikt och k\u00e4rt minne.  <\/p>\r\n\r\n<h2>Det perfekta s\u00e4ttet att minnas din br\u00f6llopsdag<\/h2>\r\n\r\n<p>Wedding Vows Art with Photo \u00e4r perfekt f\u00f6r alla speciella tillf\u00e4llen. Oavsett om det \u00e4r ett br\u00f6llop, en \u00e5rsdag eller helt enkelt en k\u00e4rleksgest, \u00e4r detta konstverk ett meningsfullt s\u00e4tt att fira och bevara de l\u00f6ften ni gav varandra. Det \u00e4r perfekt f\u00f6r par som vill komma ih\u00e5g sin br\u00f6llopsdag och de speciella l\u00f6ften som markerade b\u00f6rjan p\u00e5 deras resa tillsammans.  <\/p>\r\n\r\n<h2>B\u00f6rja skapa dina br\u00f6llopsminnen idag<\/h2>\r\n\r\n<p>\u00c4r du redo att skapa en unik och minnesv\u00e4rd minnessak? B\u00f6rja anpassa din Wedding Vows Art with Photo idag. Bes\u00f6k v\u00e5r online-editor f\u00f6r att ladda upp ditt foto, v\u00e4lja en bakgrund, skriva in dina br\u00f6llopsl\u00f6ften och l\u00e4gga till ett personligt meddelande. V\u00e4lj det format som passar din stil och du \u00e4r klar!   <\/p>\r\n\r\n<p>Best\u00e4ll din personliga Wedding Vows Art with Photo nu och skapa ett best\u00e5ende minne av din speciella dag.<\/p>","protected":false},"excerpt":{"rendered":"<ul class=\"check-list\">\n<li>Personifiera med dina br\u00f6llopsl\u00f6ften<\/li>\n<li>Anpassa p\u00e5 bara 2 minuter<\/li>\n<li>Inkludera en meningsfull personlig text<\/li>\n<li>Se resultatet direkt \u2013 den interaktiva f\u00f6rhandsvisningen l\u00e5ter dig finjustera varje detalj<\/li>\n<\/ul>\n","protected":false},"featured_media":1260963,"template":"","meta":[],"product_brand":[],"product_cat":[12103,7459,11579,11190,11191,8120],"product_tag":[14998,12967,12969,12968,14997,15071],"class_list":{"0":"post-1259472","1":"product","2":"type-product","3":"status-publish","4":"has-post-thumbnail","6":"product_cat-text","7":"product_cat-alla-produkter","8":"product_cat-1-arsjubileum","9":"product_cat-arsdagspresenter-till-henne","10":"product_cat-arsdagspresenter-till-honom","11":"product_cat-brollopspresenter-presenttillfallen","12":"product_tag-anniversary-sv","13":"product_tag-chanson-sv","14":"product_tag-paroles-sv","15":"product_tag-paroles-de-chanson-sv","16":"product_tag-wedding-anniversary-sv","17":"product_tag-wedding-pl-sv","19":"first","20":"instock","21":"sale","22":"taxable","23":"shipping-taxable","24":"purchasable","25":"product-type-variable"},"yoast_head":"<!-- This site is optimized with the Yoast SEO Premium plugin v27.2 (Yoast SEO v27.2) - https:\/\/yoast.com\/product\/yoast-seo-premium-wordpress\/ -->\n<title>Br\u00f6llopsl\u00f6ften Konst med foto - Positive Prints<\/title>\n<meta name=\"description\" content=\"Letar du efter ett unikt s\u00e4tt att minnas din br\u00f6llopsdag? V\u00e5r Wedding Vows Art med foto \u00e4r det perfekta s\u00e4ttet att fira er k\u00e4rlek och ert engagemang.\" \/>\n<meta name=\"robots\" content=\"index, follow, max-snippet:-1, max-image-preview:large, max-video-preview:-1\" \/>\n<link rel=\"canonical\" href=\"https:\/\/positiveprints.com\/sv\/produkt\/brollopsloften-konst-med-foto\/\" \/>\n<meta property=\"og:locale\" content=\"sv_SE\" \/>\n<meta property=\"og:type\" content=\"article\" \/>\n<meta property=\"og:title\" content=\"Br\u00f6llopsl\u00f6ften Konst med foto\" \/>\n<meta property=\"og:description\" content=\"Personifiera med dina br\u00f6llopsl\u00f6ften Anpassa p\u00e5 bara 2 minuter Inkludera en meningsfull personlig text Se resultatet direkt \u2013 den interaktiva f\u00f6rhandsvisningen l\u00e5ter dig finjustera varje detalj\" \/>\n<meta property=\"og:url\" content=\"https:\/\/positiveprints.com\/sv\/produkt\/brollopsloften-konst-med-foto\/\" \/>\n<meta property=\"og:site_name\" content=\"Positive Prints\" \/>\n<meta property=\"article:publisher\" content=\"https:\/\/www.facebook.com\/positiveprintscom\" \/>\n<meta property=\"article:modified_time\" content=\"2026-04-28T12:34:10+00:00\" \/>\n<meta property=\"og:image\" content=\"https:\/\/positiveprints.com\/wp-content\/uploads\/2024\/11\/SE_PACKSHOT_Wedding-Vows-Art-with-Photo-product-image-.webp\" \/>\n\t<meta property=\"og:image:width\" content=\"1450\" \/>\n\t<meta property=\"og:image:height\" content=\"1450\" \/>\n\t<meta property=\"og:image:type\" content=\"image\/webp\" \/>\n<meta name=\"twitter:card\" content=\"summary_large_image\" \/>\n<!-- \/ Yoast SEO Premium plugin. -->","yoast_head_json":{"title":"Br\u00f6llopsl\u00f6ften Konst med foto - Positive Prints","description":"Letar du efter ett unikt s\u00e4tt att minnas din br\u00f6llopsdag? V\u00e5r Wedding Vows Art med foto \u00e4r det perfekta s\u00e4ttet att fira er k\u00e4rlek och ert engagemang.","robots":{"index":"index","follow":"follow","max-snippet":"max-snippet:-1","max-image-preview":"max-image-preview:large","max-video-preview":"max-video-preview:-1"},"canonical":"https:\/\/positiveprints.com\/sv\/produkt\/brollopsloften-konst-med-foto\/","og_locale":"sv_SE","og_type":"article","og_title":"Br\u00f6llopsl\u00f6ften Konst med foto","og_description":"Personifiera med dina br\u00f6llopsl\u00f6ften Anpassa p\u00e5 bara 2 minuter Inkludera en meningsfull personlig text Se resultatet direkt \u2013 den interaktiva f\u00f6rhandsvisningen l\u00e5ter dig finjustera varje detalj","og_url":"https:\/\/positiveprints.com\/sv\/produkt\/brollopsloften-konst-med-foto\/","og_site_name":"Positive Prints","article_publisher":"https:\/\/www.facebook.com\/positiveprintscom","article_modified_time":"2026-04-28T12:34:10+00:00","og_image":[{"width":1450,"height":1450,"url":"https:\/\/positiveprints.com\/wp-content\/uploads\/2024\/11\/SE_PACKSHOT_Wedding-Vows-Art-with-Photo-product-image-.webp","type":"image\/webp"}],"twitter_card":"summary_large_image","schema":{"@context":"https:\/\/schema.org","@graph":[{"@type":["WebPage","ItemPage"],"@id":"https:\/\/positiveprints.com\/sv\/produkt\/brollopsloften-konst-med-foto\/","url":"https:\/\/positiveprints.com\/sv\/produkt\/brollopsloften-konst-med-foto\/","name":"Br\u00f6llopsl\u00f6ften Konst med foto - Positive Prints","isPartOf":{"@id":"https:\/\/positiveprints.com\/sv\/#website"},"primaryImageOfPage":{"@id":"https:\/\/positiveprints.com\/sv\/produkt\/brollopsloften-konst-med-foto\/#primaryimage"},"image":{"@id":"https:\/\/positiveprints.com\/sv\/produkt\/brollopsloften-konst-med-foto\/#primaryimage"},"thumbnailUrl":"https:\/\/positiveprints.com\/wp-content\/uploads\/2024\/11\/SE_PACKSHOT_Wedding-Vows-Art-with-Photo-product-image-.webp","datePublished":"2024-11-06T18:43:10+00:00","dateModified":"2026-04-28T12:34:10+00:00","description":"Letar du efter ett unikt s\u00e4tt att minnas din br\u00f6llopsdag? V\u00e5r Wedding Vows Art med foto \u00e4r det perfekta s\u00e4ttet att fira er k\u00e4rlek och ert engagemang.","breadcrumb":{"@id":"https:\/\/positiveprints.com\/sv\/produkt\/brollopsloften-konst-med-foto\/#breadcrumb"},"inLanguage":"sv-SE","potentialAction":[{"@type":"ReadAction","target":["https:\/\/positiveprints.com\/sv\/produkt\/brollopsloften-konst-med-foto\/"]}]},{"@type":"ImageObject","inLanguage":"sv-SE","@id":"https:\/\/positiveprints.com\/sv\/produkt\/brollopsloften-konst-med-foto\/#primaryimage","url":"https:\/\/positiveprints.com\/wp-content\/uploads\/2024\/11\/SE_PACKSHOT_Wedding-Vows-Art-with-Photo-product-image-.webp","contentUrl":"https:\/\/positiveprints.com\/wp-content\/uploads\/2024\/11\/SE_PACKSHOT_Wedding-Vows-Art-with-Photo-product-image-.webp","width":1450,"height":1450,"caption":"SE_PACKSHOT_Wedding Vows Art with Photo product image"},{"@type":"BreadcrumbList","@id":"https:\/\/positiveprints.com\/sv\/produkt\/brollopsloften-konst-med-foto\/#breadcrumb","itemListElement":[{"@type":"ListItem","position":1,"name":"Home","item":"https:\/\/positiveprints.com\/sv\/"},{"@type":"ListItem","position":2,"name":"Produkter","item":"https:\/\/positiveprints.com\/sv\/shop\/"},{"@type":"ListItem","position":3,"name":"Br\u00f6llopsl\u00f6ften Konst med foto"}]},{"@type":"WebSite","@id":"https:\/\/positiveprints.com\/sv\/#website","url":"https:\/\/positiveprints.com\/sv\/","name":"Positive Prints","description":"Amazing Custom Personalized Gifts","publisher":{"@id":"https:\/\/positiveprints.com\/sv\/#organization"},"potentialAction":[{"@type":"SearchAction","target":{"@type":"EntryPoint","urlTemplate":"https:\/\/positiveprints.com\/sv\/?s={search_term_string}"},"query-input":{"@type":"PropertyValueSpecification","valueRequired":true,"valueName":"search_term_string"}}],"inLanguage":"sv-SE"},{"@type":"Organization","@id":"https:\/\/positiveprints.com\/sv\/#organization","name":"Positive Prints","alternateName":"Positive Prints","url":"https:\/\/positiveprints.com\/sv\/","logo":{"@type":"ImageObject","inLanguage":"sv-SE","@id":"https:\/\/positiveprints.com\/sv\/#\/schema\/logo\/image\/","url":"https:\/\/positiveprints.com\/wp-content\/uploads\/2026\/03\/245815646_1337939713319158_5671353136411139666_n.png","contentUrl":"https:\/\/positiveprints.com\/wp-content\/uploads\/2026\/03\/245815646_1337939713319158_5671353136411139666_n.png","width":800,"height":800,"caption":"Positive Prints"},"image":{"@id":"https:\/\/positiveprints.com\/sv\/#\/schema\/logo\/image\/"},"sameAs":["https:\/\/www.facebook.com\/positiveprintscom","https:\/\/www.instagram.com\/positiveprintscom\/","https:\/\/www.tiktok.com\/@positiveprintscom","https:\/\/www.pinterest.com\/positiveprintscom\/"]}]}},"jetpack_sharing_enabled":true,"_links":{"self":[{"href":"https:\/\/positiveprints.com\/sv\/wp-json\/wp\/v2\/product\/1259472","targetHints":{"allow":["GET"]}}],"collection":[{"href":"https:\/\/positiveprints.com\/sv\/wp-json\/wp\/v2\/product"}],"about":[{"href":"https:\/\/positiveprints.com\/sv\/wp-json\/wp\/v2\/types\/product"}],"wp:featuredmedia":[{"embeddable":true,"href":"https:\/\/positiveprints.com\/sv\/wp-json\/wp\/v2\/media\/1260963"}],"wp:attachment":[{"href":"https:\/\/positiveprints.com\/sv\/wp-json\/wp\/v2\/media?parent=1259472"}],"wp:term":[{"taxonomy":"product_brand","embeddable":true,"href":"https:\/\/positiveprints.com\/sv\/wp-json\/wp\/v2\/product_brand?post=1259472"},{"taxonomy":"product_cat","embeddable":true,"href":"https:\/\/positiveprints.com\/sv\/wp-json\/wp\/v2\/product_cat?post=1259472"},{"taxonomy":"product_tag","embeddable":true,"href":"https:\/\/positiveprints.com\/sv\/wp-json\/wp\/v2\/product_tag?post=1259472"}],"curies":[{"name":"wp","href":"https:\/\/api.w.org\/{rel}","templated":true}]}}