{"id":1259434,"date":"2024-11-06T17:42:52","date_gmt":"2024-11-06T16:42:52","guid":{"rendered":"https:\/\/positiveprints.com\/?post_type=product&#038;p=1259434"},"modified":"2026-04-18T03:18:04","modified_gmt":"2026-04-18T02:18:04","slug":"forsta-dansens-sangtext-med-foto","status":"publish","type":"product","link":"https:\/\/positiveprints.com\/sv\/produkt\/forsta-dansens-sangtext-med-foto\/","title":{"rendered":"F\u00f6rsta Dansens S\u00e5ngtext Med Foto"},"content":{"rendered":"<p>Letar du efter den perfekta \u00e5rsdagspresenten? V\u00e5r F\u00f6rsta Dansens S\u00e5ngtext Med Fotokonstverk \u00e4r ett speciellt och unikt s\u00e4tt att komma ih\u00e5g din br\u00f6llopsdag.  Den h\u00e4r vackra tavlan inneh\u00e5ller texten till din f\u00f6rsta dansl\u00e5t som visas runt ett favoritfoto fr\u00e5n ditt br\u00f6llop eller ett annat speciellt \u00f6gonblick, vilket skapar ett best\u00e5ende minne av din k\u00e4rlekshistoria.<\/p>\r\n\r\n<h2>Skapa din egen F\u00f6rsta Dansens S\u00e5ngtext Med Foto<\/h2>\r\n\r\n<p>B\u00f6rja med att bes\u00f6ka v\u00e5r online editor, d\u00e4r du enkelt kan ladda upp ett foto som betyder mycket f\u00f6r dig. V\u00e4lj en bakgrund fr\u00e5n v\u00e5rt urval eller skapa din egen f\u00f6r att matcha fotot och texten. Skriv sedan in texten fr\u00e5n er f\u00f6rsta dansl\u00e5t och l\u00e4gg till ett personligt meddelande f\u00f6r att g\u00f6ra den \u00e4nnu mer speciell.  <\/p>\r\n\r\n<p>V\u00e4lj det format som passar din stil b\u00e4st. Vi erbjuder olika alternativ, inklusive tryckta eller inramade affischtryck, dukar och omedelbara digitala nedladdningar. Varje konstverk g\u00f6rs bara f\u00f6r dig, vilket garanterar att ditt konstverk blir en unik och v\u00e4rdefull g\u00e5va.  <\/p>\r\n\r\n<h2>Den perfekta jubileumspresenten<\/h2>\r\n\r\n<p>F\u00f6rsta Dansens S\u00e5ngtext Med Foto \u00e4r den perfekta \u00e5rsdagspresenten. Oavsett om du firar ditt f\u00f6rsta \u00e5r tillsammans eller en stor milstolpe, \u00e4r detta konstverk ett meningsfullt s\u00e4tt att hedra din k\u00e4rlek och de minnen du delar. Det \u00e4r perfekt f\u00f6r par som vill komma ih\u00e5g sin br\u00f6llopsdag och den speciella s\u00e5ng som startade deras resa tillsammans.  <\/p>\r\n\r\n<h2>B\u00f6rja personifiera din g\u00e5va idag<\/h2>\r\n\r\n<p>\u00c4r du redo att skapa en unik och innerlig \u00e5rsdagspresent? B\u00f6rja anpassa din F\u00f6rsta Dansens S\u00e5ngtext Med Foto idag. Bes\u00f6k v\u00e5r online-editor f\u00f6r att ladda upp ditt foto, v\u00e4lja en bakgrund, skriva in s\u00e5ngtexten och l\u00e4gga till ett personligt meddelande. V\u00e4lj det format som passar din stil och du \u00e4r klar!   <\/p>\r\n\r\n<p>Best\u00e4ll din personliga F\u00f6rsta Dansens S\u00e5ngtext Med Foto nu och ge en g\u00e5va som kommer att uppskattas f\u00f6r alltid.<\/p>","protected":false},"excerpt":{"rendered":"<ul class=\"check-list\">\n<li>Personifiera med valfri s\u00e5ngtext<\/li>\n<li>Anpassa p\u00e5 bara 2 minuter<\/li>\n<li>Inkludera en meningsfull personlig text<\/li>\n<li>Se resultatet direkt \u2013 den interaktiva f\u00f6rhandsvisningen l\u00e5ter dig finjustera varje detalj<\/li>\n<\/ul>\n","protected":false},"featured_media":1261508,"template":"","meta":[],"product_brand":[],"product_cat":[15851,9281,12103,7459,11579,11192,11190,8120,8108,11470,11471,15061,11477,11472],"product_tag":[14998,16082,12967,11835,11829,11832,11830,12969,12968,15071],"class_list":{"0":"post-1259434","1":"product","2":"type-product","3":"status-publish","4":"has-post-thumbnail","6":"product_cat-shop-bestsellers-sv","7":"product_cat-bestsellers-label-sv","8":"product_cat-text","9":"product_cat-alla-produkter","10":"product_cat-1-arsjubileum","11":"product_cat-arsdagspresenter-till-par","12":"product_cat-arsdagspresenter-till-henne","13":"product_cat-brollopspresenter-presenttillfallen","14":"product_cat-julpresenter","15":"product_cat-julklappar-till-henne","16":"product_cat-julklappar-till-honom","17":"product_cat-julklappar-till-familjen","18":"product_cat-julklappar-till-frun","19":"product_cat-julklappar-till-maken","20":"product_tag-anniversary-sv","21":"product_tag-cadeaux-de-noel-pour-la-famille-sv","22":"product_tag-chanson-sv","23":"product_tag-julklappar-till-frun","24":"product_tag-julklappar-till-henne","25":"product_tag-julklappar-till-maken","26":"product_tag-kerstcadeaus-for-honom","27":"product_tag-paroles-sv","28":"product_tag-paroles-de-chanson-sv","29":"product_tag-wedding-pl-sv","31":"first","32":"instock","33":"sale","34":"taxable","35":"shipping-taxable","36":"purchasable","37":"product-type-variable"},"yoast_head":"<!-- This site is optimized with the Yoast SEO Premium plugin v27.2 (Yoast SEO v27.2) - https:\/\/yoast.com\/product\/yoast-seo-premium-wordpress\/ -->\n<title>F\u00f6rsta dansens s\u00e5ngtexter med foto - Positive Prints<\/title>\n<meta name=\"description\" content=\"Letar du efter den perfekta \u00e5rsdagspresenten? V\u00e5r First Dance Song Lyrics med fotokonstverk \u00e4r ett speciellt och unikt s\u00e4tt att komma ih\u00e5g din br\u00f6llopsdag.\" \/>\n<meta name=\"robots\" content=\"index, follow, max-snippet:-1, max-image-preview:large, max-video-preview:-1\" \/>\n<link rel=\"canonical\" href=\"https:\/\/positiveprints.com\/sv\/produkt\/forsta-dansens-sangtext-med-foto\/\" \/>\n<meta property=\"og:locale\" content=\"sv_SE\" \/>\n<meta property=\"og:type\" content=\"article\" \/>\n<meta property=\"og:title\" content=\"F\u00f6rsta Dansens S\u00e5ngtext Med Foto\" \/>\n<meta property=\"og:description\" content=\"Personifiera med valfri s\u00e5ngtext Anpassa p\u00e5 bara 2 minuter Inkludera en meningsfull personlig text Se resultatet direkt \u2013 den interaktiva f\u00f6rhandsvisningen l\u00e5ter dig finjustera varje detalj\" \/>\n<meta property=\"og:url\" content=\"https:\/\/positiveprints.com\/sv\/produkt\/forsta-dansens-sangtext-med-foto\/\" \/>\n<meta property=\"og:site_name\" content=\"Positive Prints\" \/>\n<meta property=\"article:publisher\" content=\"https:\/\/www.facebook.com\/positiveprintscom\" \/>\n<meta property=\"article:modified_time\" content=\"2026-04-18T02:18:04+00:00\" \/>\n<meta property=\"og:image\" content=\"https:\/\/positiveprints.com\/wp-content\/uploads\/2024\/11\/SE_PACKSHOT_First-Dance-Song-Lyrics-with-Photo-product-image-.webp\" \/>\n\t<meta property=\"og:image:width\" content=\"1450\" \/>\n\t<meta property=\"og:image:height\" content=\"1450\" \/>\n\t<meta property=\"og:image:type\" content=\"image\/webp\" \/>\n<meta name=\"twitter:card\" content=\"summary_large_image\" \/>\n<meta name=\"twitter:label1\" content=\"Ber\u00e4knad l\u00e4stid\" \/>\n\t<meta name=\"twitter:data1\" content=\"2 minut\" \/>\n<!-- \/ Yoast SEO Premium plugin. -->","yoast_head_json":{"title":"F\u00f6rsta dansens s\u00e5ngtexter med foto - Positive Prints","description":"Letar du efter den perfekta \u00e5rsdagspresenten? V\u00e5r First Dance Song Lyrics med fotokonstverk \u00e4r ett speciellt och unikt s\u00e4tt att komma ih\u00e5g din br\u00f6llopsdag.","robots":{"index":"index","follow":"follow","max-snippet":"max-snippet:-1","max-image-preview":"max-image-preview:large","max-video-preview":"max-video-preview:-1"},"canonical":"https:\/\/positiveprints.com\/sv\/produkt\/forsta-dansens-sangtext-med-foto\/","og_locale":"sv_SE","og_type":"article","og_title":"F\u00f6rsta Dansens S\u00e5ngtext Med Foto","og_description":"Personifiera med valfri s\u00e5ngtext Anpassa p\u00e5 bara 2 minuter Inkludera en meningsfull personlig text Se resultatet direkt \u2013 den interaktiva f\u00f6rhandsvisningen l\u00e5ter dig finjustera varje detalj","og_url":"https:\/\/positiveprints.com\/sv\/produkt\/forsta-dansens-sangtext-med-foto\/","og_site_name":"Positive Prints","article_publisher":"https:\/\/www.facebook.com\/positiveprintscom","article_modified_time":"2026-04-18T02:18:04+00:00","og_image":[{"width":1450,"height":1450,"url":"https:\/\/positiveprints.com\/wp-content\/uploads\/2024\/11\/SE_PACKSHOT_First-Dance-Song-Lyrics-with-Photo-product-image-.webp","type":"image\/webp"}],"twitter_card":"summary_large_image","twitter_misc":{"Ber\u00e4knad l\u00e4stid":"2 minut"},"schema":{"@context":"https:\/\/schema.org","@graph":[{"@type":["WebPage","ItemPage"],"@id":"https:\/\/positiveprints.com\/sv\/produkt\/forsta-dansens-sangtext-med-foto\/","url":"https:\/\/positiveprints.com\/sv\/produkt\/forsta-dansens-sangtext-med-foto\/","name":"F\u00f6rsta dansens s\u00e5ngtexter med foto - Positive Prints","isPartOf":{"@id":"https:\/\/positiveprints.com\/sv\/#website"},"primaryImageOfPage":{"@id":"https:\/\/positiveprints.com\/sv\/produkt\/forsta-dansens-sangtext-med-foto\/#primaryimage"},"image":{"@id":"https:\/\/positiveprints.com\/sv\/produkt\/forsta-dansens-sangtext-med-foto\/#primaryimage"},"thumbnailUrl":"https:\/\/positiveprints.com\/wp-content\/uploads\/2024\/11\/SE_PACKSHOT_First-Dance-Song-Lyrics-with-Photo-product-image-.webp","datePublished":"2024-11-06T16:42:52+00:00","dateModified":"2026-04-18T02:18:04+00:00","description":"Letar du efter den perfekta \u00e5rsdagspresenten? V\u00e5r First Dance Song Lyrics med fotokonstverk \u00e4r ett speciellt och unikt s\u00e4tt att komma ih\u00e5g din br\u00f6llopsdag.","breadcrumb":{"@id":"https:\/\/positiveprints.com\/sv\/produkt\/forsta-dansens-sangtext-med-foto\/#breadcrumb"},"inLanguage":"sv-SE","potentialAction":[{"@type":"ReadAction","target":["https:\/\/positiveprints.com\/sv\/produkt\/forsta-dansens-sangtext-med-foto\/"]}]},{"@type":"ImageObject","inLanguage":"sv-SE","@id":"https:\/\/positiveprints.com\/sv\/produkt\/forsta-dansens-sangtext-med-foto\/#primaryimage","url":"https:\/\/positiveprints.com\/wp-content\/uploads\/2024\/11\/SE_PACKSHOT_First-Dance-Song-Lyrics-with-Photo-product-image-.webp","contentUrl":"https:\/\/positiveprints.com\/wp-content\/uploads\/2024\/11\/SE_PACKSHOT_First-Dance-Song-Lyrics-with-Photo-product-image-.webp","width":1450,"height":1450},{"@type":"BreadcrumbList","@id":"https:\/\/positiveprints.com\/sv\/produkt\/forsta-dansens-sangtext-med-foto\/#breadcrumb","itemListElement":[{"@type":"ListItem","position":1,"name":"Home","item":"https:\/\/positiveprints.com\/sv\/"},{"@type":"ListItem","position":2,"name":"Produkter","item":"https:\/\/positiveprints.com\/sv\/shop\/"},{"@type":"ListItem","position":3,"name":"F\u00f6rsta Dansens S\u00e5ngtext Med Foto"}]},{"@type":"WebSite","@id":"https:\/\/positiveprints.com\/sv\/#website","url":"https:\/\/positiveprints.com\/sv\/","name":"Positive Prints","description":"Amazing Custom Personalized Gifts","publisher":{"@id":"https:\/\/positiveprints.com\/sv\/#organization"},"potentialAction":[{"@type":"SearchAction","target":{"@type":"EntryPoint","urlTemplate":"https:\/\/positiveprints.com\/sv\/?s={search_term_string}"},"query-input":{"@type":"PropertyValueSpecification","valueRequired":true,"valueName":"search_term_string"}}],"inLanguage":"sv-SE"},{"@type":"Organization","@id":"https:\/\/positiveprints.com\/sv\/#organization","name":"Positive Prints","alternateName":"Positive Prints","url":"https:\/\/positiveprints.com\/sv\/","logo":{"@type":"ImageObject","inLanguage":"sv-SE","@id":"https:\/\/positiveprints.com\/sv\/#\/schema\/logo\/image\/","url":"https:\/\/positiveprints.com\/wp-content\/uploads\/2026\/03\/245815646_1337939713319158_5671353136411139666_n.png","contentUrl":"https:\/\/positiveprints.com\/wp-content\/uploads\/2026\/03\/245815646_1337939713319158_5671353136411139666_n.png","width":800,"height":800,"caption":"Positive Prints"},"image":{"@id":"https:\/\/positiveprints.com\/sv\/#\/schema\/logo\/image\/"},"sameAs":["https:\/\/www.facebook.com\/positiveprintscom","https:\/\/www.instagram.com\/positiveprintscom\/","https:\/\/www.tiktok.com\/@positiveprintscom","https:\/\/www.pinterest.com\/positiveprintscom\/"]}]}},"jetpack_sharing_enabled":true,"_links":{"self":[{"href":"https:\/\/positiveprints.com\/sv\/wp-json\/wp\/v2\/product\/1259434","targetHints":{"allow":["GET"]}}],"collection":[{"href":"https:\/\/positiveprints.com\/sv\/wp-json\/wp\/v2\/product"}],"about":[{"href":"https:\/\/positiveprints.com\/sv\/wp-json\/wp\/v2\/types\/product"}],"wp:featuredmedia":[{"embeddable":true,"href":"https:\/\/positiveprints.com\/sv\/wp-json\/wp\/v2\/media\/1261508"}],"wp:attachment":[{"href":"https:\/\/positiveprints.com\/sv\/wp-json\/wp\/v2\/media?parent=1259434"}],"wp:term":[{"taxonomy":"product_brand","embeddable":true,"href":"https:\/\/positiveprints.com\/sv\/wp-json\/wp\/v2\/product_brand?post=1259434"},{"taxonomy":"product_cat","embeddable":true,"href":"https:\/\/positiveprints.com\/sv\/wp-json\/wp\/v2\/product_cat?post=1259434"},{"taxonomy":"product_tag","embeddable":true,"href":"https:\/\/positiveprints.com\/sv\/wp-json\/wp\/v2\/product_tag?post=1259434"}],"curies":[{"name":"wp","href":"https:\/\/api.w.org\/{rel}","templated":true}]}}