{"id":1245073,"date":"2024-10-23T23:02:42","date_gmt":"2024-10-23T22:02:42","guid":{"rendered":"https:\/\/positiveprints.com\/product\/egen-affisch-med-texter\/"},"modified":"2026-04-18T03:19:36","modified_gmt":"2026-04-18T02:19:36","slug":"anpassad-vinylkonst-for-lattexter","status":"publish","type":"product","link":"https:\/\/positiveprints.com\/sv\/produkt\/anpassad-vinylkonst-for-lattexter\/","title":{"rendered":"Anpassad vinylkonst f\u00f6r l\u00e5ttexter"},"content":{"rendered":"<p style=\"margin-top: 1rem;\">Letar du efter en unik och speciell g\u00e5va? Anpassad vinylkonst f\u00f6r l\u00e5ttexter \u00e4r ett personligt tryck eller en duk som vackert visar texten till en l\u00e5t du v\u00e4ljer. Det \u00e4r det perfekta s\u00e4ttet att fira alla tillf\u00e4llen och skapa best\u00e5ende minnen.  <\/p>\r\n\r\n<h2 class=\"grenB f24 cblue\" style=\"margin-top: 3rem;\">Skapa din egen Anpassad vinylkonst f\u00f6r l\u00e5ttexter<\/h2>\r\n\r\n<p style=\"margin-top: 1rem;\">Bes\u00f6k v\u00e5r online editor och b\u00f6rja med att v\u00e4lja en bakgrund. Du kan v\u00e4lja bland v\u00e5ra f\u00f6rdefinierade alternativ eller skapa din egen. V\u00e4lj sedan den s\u00e5ngtext som du vill visa. Du kan ocks\u00e5 l\u00e4gga till ett personligt meddelande under texten f\u00f6r att g\u00f6ra den extra speciell.   <\/p>\r\n\r\n<p style=\"margin-top: 1rem;\">V\u00e4lj format f\u00f6r ditt konstverk bland olika alternativ, inklusive tryckta eller inramade affischtryck, dukar och omedelbara digitala nedladdningar. Varje konstverk g\u00f6rs bara f\u00f6r dig, vilket g\u00f6r det till en unik och uppskattad g\u00e5va. <\/p>\r\n\r\n<h2 class=\"grenB f24 cblue\" style=\"margin-top: 3rem;\">Perfekt present f\u00f6r alla tillf\u00e4llen<\/h2>\r\n\r\n<p style=\"margin-top: 1rem;\">Anpassad vinylkonst \u00e4r en fantastisk g\u00e5va f\u00f6r alla tillf\u00e4llen. Oavsett om det \u00e4r en f\u00f6delsedag, \u00e5rsdag, br\u00f6llop eller bara f\u00f6r att visa att du bryr dig, \u00e4r detta konstverk ett meningsfullt s\u00e4tt att fira speciella stunder. Det \u00e4r ocks\u00e5 en romantisk g\u00e5va, perfekt f\u00f6r att visa l\u00e5ten fr\u00e5n din f\u00f6rsta dans eller f\u00f6rsta m\u00f6te.  <\/p>\r\n\r\n<p style=\"margin-top: 1rem;\">Den h\u00e4r presenten \u00e4r perfekt f\u00f6r v\u00e4nner, familjemedlemmar eller kollegor som har en favoritl\u00e5t som betyder n\u00e5got speciellt f\u00f6r dem.<\/p>\r\n\r\n<h2 class=\"grenB f24 cblue\" style=\"margin-top: 3rem;\">B\u00f6rja personifiera din g\u00e5va idag<\/h2>\r\n\r\n<p style=\"margin-top: 1rem;\">\u00c4r du redo att skapa en innerlig g\u00e5va? B\u00f6rja anpassa din anpassade vinylkonst idag. Bes\u00f6k v\u00e5r online-redigerare f\u00f6r att v\u00e4lja en bakgrund, skriva in l\u00e5ttexten och l\u00e4gga till ett personligt meddelande. V\u00e4lj det format som passar din stil, och du \u00e4r klar!   <\/p>\r\n\r\n<p style=\"margin-top: 1rem;\">Best\u00e4ll din personliga Anpassad vinylkonst f\u00f6r l\u00e5ttexter nu och ge en g\u00e5va som kommer att uppskattas f\u00f6r alltid.<\/p>","protected":false},"excerpt":{"rendered":"<ul class=\"check-list\">\n<li>Personifiera med valfri s\u00e5ngtext eller br\u00f6llopsl\u00f6ften<\/li>\n<li>Anpassa p\u00e5 bara 2 minuter<\/li>\n<li>Inkludera en meningsfull personlig text<\/li>\n<li>Se resultatet direkt \u2013 den interaktiva f\u00f6rhandsvisningen l\u00e5ter dig finjustera varje detalj<\/li>\n<\/ul>\n","protected":false},"featured_media":1248210,"template":"","meta":[],"product_brand":[],"product_cat":[9281,15116,9031,12103,7459,8147,11584,11586,11587,11588,11645,11646,11647,11648,11221,11222,8119,7934,8108,11476,11464,7630,7662,7774,7743,7854,7838],"product_tag":[15100,8397,13430,13460],"class_list":{"0":"post-1245073","1":"product","2":"type-product","3":"status-publish","4":"has-post-thumbnail","6":"product_cat-bestsellers-label-sv","7":"product_cat-bestsellers-menu-sv","8":"product_cat-digitala-produkter","9":"product_cat-text","10":"product_cat-alla-produkter","11":"product_cat-creators-sv","12":"product_cat-18-arsdag","13":"product_cat-21-arsdag","14":"product_cat-30-arsdag","15":"product_cat-40-arsdag","16":"product_cat-50-arsdag","17":"product_cat-60-arsdag","18":"product_cat-70-arsdag","19":"product_cat-80-arsdag","20":"product_cat-fodelsedagspresenter-till-henne","21":"product_cat-fodelsedagspresenter-till-honom","22":"product_cat-inflyttningspresenter-presenttillfallen","23":"product_cat-gavor-till-brollopsdusch","24":"product_cat-julpresenter","25":"product_cat-julklappar-till-systern","26":"product_cat-julklappar-till-brodern","27":"product_cat-gavor-till-din-bror","28":"product_cat-gavor-till-sonen","29":"product_cat-gavor-till-dottern","30":"product_cat-gavor-till-en-syster","31":"product_cat-gavor-till-familjen","32":"product_cat-gavor-till-vanner","33":"product_tag-birthday-pl-sv","34":"product_tag-creators-sv","35":"product_tag-julklapp-till-syster","36":"product_tag-julklappar-till-bror","38":"first","39":"instock","40":"sale","41":"taxable","42":"shipping-taxable","43":"purchasable","44":"product-type-variable"},"yoast_head":"<!-- This site is optimized with the Yoast SEO Premium plugin v27.2 (Yoast SEO v27.2) - https:\/\/yoast.com\/product\/yoast-seo-premium-wordpress\/ -->\n<title>Anpassad vinylkonst f\u00f6r l\u00e5ttexter - Positive Prints<\/title>\n<meta name=\"description\" content=\"Letar du efter en unik och speciell g\u00e5va? Anpassad vinylkonst f\u00f6r l\u00e5ttexter \u00e4r ett personligt tryck eller en duk som vackert visar texten till en l\u00e5t du v\u00e4ljer.\" \/>\n<meta name=\"robots\" content=\"index, follow, max-snippet:-1, max-image-preview:large, max-video-preview:-1\" \/>\n<link rel=\"canonical\" href=\"https:\/\/positiveprints.com\/sv\/produkt\/anpassad-vinylkonst-for-lattexter\/\" \/>\n<meta property=\"og:locale\" content=\"sv_SE\" \/>\n<meta property=\"og:type\" content=\"article\" \/>\n<meta property=\"og:title\" content=\"Anpassad vinylkonst f\u00f6r l\u00e5ttexter\" \/>\n<meta property=\"og:description\" content=\"Personifiera med valfri s\u00e5ngtext eller br\u00f6llopsl\u00f6ften       Anpassa p\u00e5 bara 2 minuter       Inkludera en meningsfull personlig text       Se resultatet direkt \u2013 den interaktiva f\u00f6rhandsvisningen l\u00e5ter dig finjustera varje detalj\" \/>\n<meta property=\"og:url\" content=\"https:\/\/positiveprints.com\/sv\/produkt\/anpassad-vinylkonst-for-lattexter\/\" \/>\n<meta property=\"og:site_name\" content=\"Positive Prints\" \/>\n<meta property=\"article:publisher\" content=\"https:\/\/www.facebook.com\/positiveprintscom\" \/>\n<meta property=\"article:modified_time\" content=\"2026-04-18T02:19:36+00:00\" \/>\n<meta property=\"og:image\" content=\"https:\/\/positiveprints.com\/wp-content\/uploads\/2024\/11\/Packshot_SE_Custom-Song-Lyrics-Art-with-Photo-product-image-.webp\" \/>\n\t<meta property=\"og:image:width\" content=\"1450\" \/>\n\t<meta property=\"og:image:height\" content=\"1450\" \/>\n\t<meta property=\"og:image:type\" content=\"image\/webp\" \/>\n<meta name=\"twitter:card\" content=\"summary_large_image\" \/>\n<meta name=\"twitter:label1\" content=\"Ber\u00e4knad l\u00e4stid\" \/>\n\t<meta name=\"twitter:data1\" content=\"2 minut\" \/>\n<!-- \/ Yoast SEO Premium plugin. -->","yoast_head_json":{"title":"Anpassad vinylkonst f\u00f6r l\u00e5ttexter - Positive Prints","description":"Letar du efter en unik och speciell g\u00e5va? Anpassad vinylkonst f\u00f6r l\u00e5ttexter \u00e4r ett personligt tryck eller en duk som vackert visar texten till en l\u00e5t du v\u00e4ljer.","robots":{"index":"index","follow":"follow","max-snippet":"max-snippet:-1","max-image-preview":"max-image-preview:large","max-video-preview":"max-video-preview:-1"},"canonical":"https:\/\/positiveprints.com\/sv\/produkt\/anpassad-vinylkonst-for-lattexter\/","og_locale":"sv_SE","og_type":"article","og_title":"Anpassad vinylkonst f\u00f6r l\u00e5ttexter","og_description":"Personifiera med valfri s\u00e5ngtext eller br\u00f6llopsl\u00f6ften       Anpassa p\u00e5 bara 2 minuter       Inkludera en meningsfull personlig text       Se resultatet direkt \u2013 den interaktiva f\u00f6rhandsvisningen l\u00e5ter dig finjustera varje detalj","og_url":"https:\/\/positiveprints.com\/sv\/produkt\/anpassad-vinylkonst-for-lattexter\/","og_site_name":"Positive Prints","article_publisher":"https:\/\/www.facebook.com\/positiveprintscom","article_modified_time":"2026-04-18T02:19:36+00:00","og_image":[{"width":1450,"height":1450,"url":"https:\/\/positiveprints.com\/wp-content\/uploads\/2024\/11\/Packshot_SE_Custom-Song-Lyrics-Art-with-Photo-product-image-.webp","type":"image\/webp"}],"twitter_card":"summary_large_image","twitter_misc":{"Ber\u00e4knad l\u00e4stid":"2 minut"},"schema":{"@context":"https:\/\/schema.org","@graph":[{"@type":["WebPage","ItemPage"],"@id":"https:\/\/positiveprints.com\/sv\/produkt\/anpassad-vinylkonst-for-lattexter\/","url":"https:\/\/positiveprints.com\/sv\/produkt\/anpassad-vinylkonst-for-lattexter\/","name":"Anpassad vinylkonst f\u00f6r l\u00e5ttexter - Positive Prints","isPartOf":{"@id":"https:\/\/positiveprints.com\/sv\/#website"},"primaryImageOfPage":{"@id":"https:\/\/positiveprints.com\/sv\/produkt\/anpassad-vinylkonst-for-lattexter\/#primaryimage"},"image":{"@id":"https:\/\/positiveprints.com\/sv\/produkt\/anpassad-vinylkonst-for-lattexter\/#primaryimage"},"thumbnailUrl":"https:\/\/positiveprints.com\/wp-content\/uploads\/2024\/11\/Packshot_SE_Custom-Song-Lyrics-Art-with-Photo-product-image-.webp","datePublished":"2024-10-23T22:02:42+00:00","dateModified":"2026-04-18T02:19:36+00:00","description":"Letar du efter en unik och speciell g\u00e5va? Anpassad vinylkonst f\u00f6r l\u00e5ttexter \u00e4r ett personligt tryck eller en duk som vackert visar texten till en l\u00e5t du v\u00e4ljer.","breadcrumb":{"@id":"https:\/\/positiveprints.com\/sv\/produkt\/anpassad-vinylkonst-for-lattexter\/#breadcrumb"},"inLanguage":"sv-SE","potentialAction":[{"@type":"ReadAction","target":["https:\/\/positiveprints.com\/sv\/produkt\/anpassad-vinylkonst-for-lattexter\/"]}]},{"@type":"ImageObject","inLanguage":"sv-SE","@id":"https:\/\/positiveprints.com\/sv\/produkt\/anpassad-vinylkonst-for-lattexter\/#primaryimage","url":"https:\/\/positiveprints.com\/wp-content\/uploads\/2024\/11\/Packshot_SE_Custom-Song-Lyrics-Art-with-Photo-product-image-.webp","contentUrl":"https:\/\/positiveprints.com\/wp-content\/uploads\/2024\/11\/Packshot_SE_Custom-Song-Lyrics-Art-with-Photo-product-image-.webp","width":1450,"height":1450},{"@type":"BreadcrumbList","@id":"https:\/\/positiveprints.com\/sv\/produkt\/anpassad-vinylkonst-for-lattexter\/#breadcrumb","itemListElement":[{"@type":"ListItem","position":1,"name":"Home","item":"https:\/\/positiveprints.com\/sv\/"},{"@type":"ListItem","position":2,"name":"Produkter","item":"https:\/\/positiveprints.com\/sv\/shop\/"},{"@type":"ListItem","position":3,"name":"Anpassad vinylkonst f\u00f6r l\u00e5ttexter"}]},{"@type":"WebSite","@id":"https:\/\/positiveprints.com\/sv\/#website","url":"https:\/\/positiveprints.com\/sv\/","name":"Positive Prints","description":"Amazing Custom Personalized Gifts","publisher":{"@id":"https:\/\/positiveprints.com\/sv\/#organization"},"potentialAction":[{"@type":"SearchAction","target":{"@type":"EntryPoint","urlTemplate":"https:\/\/positiveprints.com\/sv\/?s={search_term_string}"},"query-input":{"@type":"PropertyValueSpecification","valueRequired":true,"valueName":"search_term_string"}}],"inLanguage":"sv-SE"},{"@type":"Organization","@id":"https:\/\/positiveprints.com\/sv\/#organization","name":"Positive Prints","alternateName":"Positive Prints","url":"https:\/\/positiveprints.com\/sv\/","logo":{"@type":"ImageObject","inLanguage":"sv-SE","@id":"https:\/\/positiveprints.com\/sv\/#\/schema\/logo\/image\/","url":"https:\/\/positiveprints.com\/wp-content\/uploads\/2026\/03\/245815646_1337939713319158_5671353136411139666_n.png","contentUrl":"https:\/\/positiveprints.com\/wp-content\/uploads\/2026\/03\/245815646_1337939713319158_5671353136411139666_n.png","width":800,"height":800,"caption":"Positive Prints"},"image":{"@id":"https:\/\/positiveprints.com\/sv\/#\/schema\/logo\/image\/"},"sameAs":["https:\/\/www.facebook.com\/positiveprintscom","https:\/\/www.instagram.com\/positiveprintscom\/","https:\/\/www.tiktok.com\/@positiveprintscom","https:\/\/www.pinterest.com\/positiveprintscom\/"]}]}},"jetpack_sharing_enabled":true,"_links":{"self":[{"href":"https:\/\/positiveprints.com\/sv\/wp-json\/wp\/v2\/product\/1245073","targetHints":{"allow":["GET"]}}],"collection":[{"href":"https:\/\/positiveprints.com\/sv\/wp-json\/wp\/v2\/product"}],"about":[{"href":"https:\/\/positiveprints.com\/sv\/wp-json\/wp\/v2\/types\/product"}],"wp:featuredmedia":[{"embeddable":true,"href":"https:\/\/positiveprints.com\/sv\/wp-json\/wp\/v2\/media\/1248210"}],"wp:attachment":[{"href":"https:\/\/positiveprints.com\/sv\/wp-json\/wp\/v2\/media?parent=1245073"}],"wp:term":[{"taxonomy":"product_brand","embeddable":true,"href":"https:\/\/positiveprints.com\/sv\/wp-json\/wp\/v2\/product_brand?post=1245073"},{"taxonomy":"product_cat","embeddable":true,"href":"https:\/\/positiveprints.com\/sv\/wp-json\/wp\/v2\/product_cat?post=1245073"},{"taxonomy":"product_tag","embeddable":true,"href":"https:\/\/positiveprints.com\/sv\/wp-json\/wp\/v2\/product_tag?post=1245073"}],"curies":[{"name":"wp","href":"https:\/\/api.w.org\/{rel}","templated":true}]}}