{"id":1169364,"date":"2024-08-05T10:44:18","date_gmt":"2024-08-05T09:44:18","guid":{"rendered":"https:\/\/positiveprints.com\/product\/tre-manar-for-mamma\/"},"modified":"2026-04-23T10:47:44","modified_gmt":"2026-04-23T09:47:44","slug":"tre-manar-for-mamma","status":"publish","type":"product","link":"https:\/\/positiveprints.com\/sv\/produkt\/tre-manar-for-mamma\/","title":{"rendered":"Tre m\u00e5nar f\u00f6r mamma"},"content":{"rendered":"<p>Letar du efter en hj\u00e4rtlig och unik g\u00e5va som hyllar det speciella bandet mellan mamma och hennes barn?\r\nThree Moons for Mom \u00e4r ett personligt tryck eller en canvasduk som vackert f\u00e5ngar moderskapets magi.\r\nMed tre m\u00e5nfaser &#8211; en f\u00f6r vart och ett av hennes barn &#8211; \u00e4r detta uts\u00f6kta konstverk det perfekta s\u00e4ttet att hedra mamma och skapa en best\u00e5ende minnessak som hon kommer att v\u00e4rna om f\u00f6r alltid.  <\/p>\r\n<h2>Tre m\u00e5nar f\u00f6r mamma<\/h2>\r\n<p>Three Moons for Mom \u00e4r ett fantastiskt konstverk som visar tre betydelsefulla m\u00e5nfaser, som var och en representerar den dag d\u00e5 varje barn f\u00f6ddes.\r\nF\u00f6r att skapa denna meningsfulla minnessak bes\u00f6ker du helt enkelt v\u00e5r online-redakt\u00f6r.\r\nB\u00f6rja med att v\u00e4lja en bakgrund.\r\nV\u00e4lj bland f\u00f6rdefinierade alternativ eller designa ditt eget f\u00e4rgschema.\r\nL\u00e4gg sedan till en titel f\u00f6r ditt konstverk &#8211; ett speciellt meddelande eller en k\u00e4nsla som kommer att visas ovanf\u00f6r m\u00e5nfaserna.    <\/p>\r\n<p>N\u00e4r du har st\u00e4llt in titeln anger du datum och platser f\u00f6r att visa m\u00e5nfaserna fr\u00e5n varje barns f\u00f6delsedatum.\r\nUnder varje m\u00e5nfas kan du l\u00e4gga till namn, f\u00f6delsedatum eller n\u00e5gon annan text som g\u00f6r det \u00e4nnu mer personligt.\r\nSlutligen v\u00e4ljer du formatet p\u00e5 ditt konstverk.\r\nVi erbjuder olika storlekar och stilar, inklusive tryckta eller inramade affischtryck, dukar och omedelbara digitala nedladdningar.   <\/p>\r\n<h2>Varf\u00f6r tre m\u00e5nar till mamma \u00e4r den perfekta presenten<\/h2>\r\n<p>Det kan vara sv\u00e5rt att hitta en meningsfull och personlig present till mamma, men Three Moons for Mom \u00e4r den perfekta l\u00f6sningen.\r\nDetta konstverk \u00e4r inte bara en visuell njutning.\r\nDet \u00e4r en sentimental p\u00e5minnelse om de speciella dagar d\u00e5 vart och ett av hennes barn f\u00f6ddes.\r\nPerfekt f\u00f6r mors dag, f\u00f6delsedagar eller andra speciella tillf\u00e4llen, den h\u00e4r presenten visar mamma hur mycket dessa \u00f6gonblick betyder f\u00f6r dig och din familj.   <\/p>\r\n<p>Den personliga karakt\u00e4ren hos detta konstverk s\u00e4kerst\u00e4ller att varje bit \u00e4r unik.\r\nVarje g\u00e5ng mamma ser det kommer hon att bli p\u00e5mind om den k\u00e4rlek och gl\u00e4dje som hennes barn ger henne i livet.\r\nDet \u00e4r en g\u00e5va som har en djup mening och som s\u00e4kert kommer att bli en uppskattad del av ditt hem.  <\/p>\r\n<h2>B\u00f6rja personifiera din g\u00e5va idag<\/h2>\r\n<p>\u00c4r du redo att skapa en minnesv\u00e4rd och innerlig present till mamma?\r\nB\u00f6rja personifiera ditt konstverk Three Moons for Mom idag.   <\/p>\r\n<p>V\u00e4nta inte &#8211; f\u00f6rvandla dessa of\u00f6rgl\u00f6mliga \u00f6gonblick till ett fantastiskt konstverk som mamma kommer att uppskatta f\u00f6r alltid.\r\nBest\u00e4ll din personliga Three Moons f\u00f6r mamma nu och ge en g\u00e5va som verkligen \u00e4r utom denna v\u00e4rld. <\/p>","protected":false},"excerpt":{"rendered":"<ul class=\"check-list\">\n<li>F\u00e5nga tre speciella \u00f6gonblick och visa hur m\u00e5nen s\u00e5g ut under dessa dagar<\/li>\n<li>Anpassa i 3 enkla steg<\/li>\n<li>V\u00e4lj bland en rad olika fantastiska m\u00f6nster<\/li>\n<li>Inkludera en meningsfull personlig text<\/li>\n<li>Se resultatet direkt \u2013 den interaktiva f\u00f6rhandsvisningen l\u00e5ter dig finjustera varje detalj<\/li>\n<\/ul>\n","protected":false},"featured_media":1168040,"template":"","meta":[],"product_brand":[],"product_cat":[11019,7459,8113,8108,11474,11475,7710],"product_tag":[11833,11030,11031,10961,11032,9801,10949,10951,11033,11029],"class_list":{"0":"post-1169364","1":"product","2":"type-product","3":"status-publish","4":"has-post-thumbnail","6":"product_cat-trippelmane","7":"product_cat-alla-produkter","8":"product_cat-mors-dag-presenter","9":"product_cat-julpresenter","10":"product_cat-julklappar-till-mamma","11":"product_cat-julklappar-till-foraldrarna","12":"product_cat-gavor-till-mamma","13":"product_tag-julklappar-till-mamma","14":"product_tag-mam-sv","15":"product_tag-mamma-sv","16":"product_tag-mamma","17":"product_tag-mammor","18":"product_tag-mane","19":"product_tag-manfas","20":"product_tag-mors-dag","21":"product_tag-mumie-sv","22":"product_tag-mumie","24":"first","25":"instock","26":"sale","27":"taxable","28":"shipping-taxable","29":"purchasable","30":"product-type-variable"},"yoast_head":"<!-- This site is optimized with the Yoast SEO Premium plugin v27.2 (Yoast SEO v27.2) - https:\/\/yoast.com\/product\/yoast-seo-premium-wordpress\/ -->\n<title>Tre m\u00e5nar till mamma - Positive Prints<\/title>\n<meta name=\"description\" content=\"Three Moons for Mom \u00e4r ett personligt tryck eller en canvas som p\u00e5 ett vackert s\u00e4tt f\u00e5ngar moderskapets magi. Best\u00e4ll din egen nu.\" \/>\n<meta name=\"robots\" content=\"index, follow, max-snippet:-1, max-image-preview:large, max-video-preview:-1\" \/>\n<link rel=\"canonical\" href=\"https:\/\/positiveprints.com\/sv\/produkt\/tre-manar-for-mamma\/\" \/>\n<meta property=\"og:locale\" content=\"sv_SE\" \/>\n<meta property=\"og:type\" content=\"article\" \/>\n<meta property=\"og:title\" content=\"Tre m\u00e5nar f\u00f6r mamma\" \/>\n<meta property=\"og:description\" content=\"F\u00e5nga tre speciella \u00f6gonblick och visa hur m\u00e5nen s\u00e5g ut under dessa dagar Anpassa i 3 enkla steg V\u00e4lj bland en rad olika fantastiska m\u00f6nster Inkludera en meningsfull personlig text Se resultatet direkt \u2013 den interaktiva f\u00f6rhandsvisningen l\u00e5ter dig finjustera varje detalj\" \/>\n<meta property=\"og:url\" content=\"https:\/\/positiveprints.com\/sv\/produkt\/tre-manar-for-mamma\/\" \/>\n<meta property=\"og:site_name\" content=\"Positive Prints\" \/>\n<meta property=\"article:publisher\" content=\"https:\/\/www.facebook.com\/positiveprintscom\" \/>\n<meta property=\"article:modified_time\" content=\"2026-04-23T09:47:44+00:00\" \/>\n<meta property=\"og:image\" content=\"https:\/\/positiveprints.com\/wp-content\/uploads\/2024\/08\/Three-Moons-for-Mom.jpg\" \/>\n\t<meta property=\"og:image:width\" content=\"1080\" \/>\n\t<meta property=\"og:image:height\" content=\"1080\" \/>\n\t<meta property=\"og:image:type\" content=\"image\/jpeg\" \/>\n<meta name=\"twitter:card\" content=\"summary_large_image\" \/>\n<!-- \/ Yoast SEO Premium plugin. -->","yoast_head_json":{"title":"Tre m\u00e5nar till mamma - Positive Prints","description":"Three Moons for Mom \u00e4r ett personligt tryck eller en canvas som p\u00e5 ett vackert s\u00e4tt f\u00e5ngar moderskapets magi. Best\u00e4ll din egen nu.","robots":{"index":"index","follow":"follow","max-snippet":"max-snippet:-1","max-image-preview":"max-image-preview:large","max-video-preview":"max-video-preview:-1"},"canonical":"https:\/\/positiveprints.com\/sv\/produkt\/tre-manar-for-mamma\/","og_locale":"sv_SE","og_type":"article","og_title":"Tre m\u00e5nar f\u00f6r mamma","og_description":"F\u00e5nga tre speciella \u00f6gonblick och visa hur m\u00e5nen s\u00e5g ut under dessa dagar Anpassa i 3 enkla steg V\u00e4lj bland en rad olika fantastiska m\u00f6nster Inkludera en meningsfull personlig text Se resultatet direkt \u2013 den interaktiva f\u00f6rhandsvisningen l\u00e5ter dig finjustera varje detalj","og_url":"https:\/\/positiveprints.com\/sv\/produkt\/tre-manar-for-mamma\/","og_site_name":"Positive Prints","article_publisher":"https:\/\/www.facebook.com\/positiveprintscom","article_modified_time":"2026-04-23T09:47:44+00:00","og_image":[{"width":1080,"height":1080,"url":"https:\/\/positiveprints.com\/wp-content\/uploads\/2024\/08\/Three-Moons-for-Mom.jpg","type":"image\/jpeg"}],"twitter_card":"summary_large_image","schema":{"@context":"https:\/\/schema.org","@graph":[{"@type":["WebPage","ItemPage"],"@id":"https:\/\/positiveprints.com\/sv\/produkt\/tre-manar-for-mamma\/","url":"https:\/\/positiveprints.com\/sv\/produkt\/tre-manar-for-mamma\/","name":"Tre m\u00e5nar till mamma - Positive Prints","isPartOf":{"@id":"https:\/\/positiveprints.com\/sv\/#website"},"primaryImageOfPage":{"@id":"https:\/\/positiveprints.com\/sv\/produkt\/tre-manar-for-mamma\/#primaryimage"},"image":{"@id":"https:\/\/positiveprints.com\/sv\/produkt\/tre-manar-for-mamma\/#primaryimage"},"thumbnailUrl":"https:\/\/positiveprints.com\/wp-content\/uploads\/2024\/08\/Three-Moons-for-Mom.jpg","datePublished":"2024-08-05T09:44:18+00:00","dateModified":"2026-04-23T09:47:44+00:00","description":"Three Moons for Mom \u00e4r ett personligt tryck eller en canvas som p\u00e5 ett vackert s\u00e4tt f\u00e5ngar moderskapets magi. Best\u00e4ll din egen nu.","breadcrumb":{"@id":"https:\/\/positiveprints.com\/sv\/produkt\/tre-manar-for-mamma\/#breadcrumb"},"inLanguage":"sv-SE","potentialAction":[{"@type":"ReadAction","target":["https:\/\/positiveprints.com\/sv\/produkt\/tre-manar-for-mamma\/"]}]},{"@type":"ImageObject","inLanguage":"sv-SE","@id":"https:\/\/positiveprints.com\/sv\/produkt\/tre-manar-for-mamma\/#primaryimage","url":"https:\/\/positiveprints.com\/wp-content\/uploads\/2024\/08\/Three-Moons-for-Mom.jpg","contentUrl":"https:\/\/positiveprints.com\/wp-content\/uploads\/2024\/08\/Three-Moons-for-Mom.jpg","width":1080,"height":1080,"caption":"Tre m\u00e5nar f\u00f6r mamma"},{"@type":"BreadcrumbList","@id":"https:\/\/positiveprints.com\/sv\/produkt\/tre-manar-for-mamma\/#breadcrumb","itemListElement":[{"@type":"ListItem","position":1,"name":"Home","item":"https:\/\/positiveprints.com\/sv\/"},{"@type":"ListItem","position":2,"name":"Produkter","item":"https:\/\/positiveprints.com\/sv\/shop\/"},{"@type":"ListItem","position":3,"name":"Tre m\u00e5nar f\u00f6r mamma"}]},{"@type":"WebSite","@id":"https:\/\/positiveprints.com\/sv\/#website","url":"https:\/\/positiveprints.com\/sv\/","name":"Positive Prints","description":"Amazing Custom Personalized Gifts","publisher":{"@id":"https:\/\/positiveprints.com\/sv\/#organization"},"potentialAction":[{"@type":"SearchAction","target":{"@type":"EntryPoint","urlTemplate":"https:\/\/positiveprints.com\/sv\/?s={search_term_string}"},"query-input":{"@type":"PropertyValueSpecification","valueRequired":true,"valueName":"search_term_string"}}],"inLanguage":"sv-SE"},{"@type":"Organization","@id":"https:\/\/positiveprints.com\/sv\/#organization","name":"Positive Prints","alternateName":"Positive Prints","url":"https:\/\/positiveprints.com\/sv\/","logo":{"@type":"ImageObject","inLanguage":"sv-SE","@id":"https:\/\/positiveprints.com\/sv\/#\/schema\/logo\/image\/","url":"https:\/\/positiveprints.com\/wp-content\/uploads\/2026\/03\/245815646_1337939713319158_5671353136411139666_n.png","contentUrl":"https:\/\/positiveprints.com\/wp-content\/uploads\/2026\/03\/245815646_1337939713319158_5671353136411139666_n.png","width":800,"height":800,"caption":"Positive Prints"},"image":{"@id":"https:\/\/positiveprints.com\/sv\/#\/schema\/logo\/image\/"},"sameAs":["https:\/\/www.facebook.com\/positiveprintscom","https:\/\/www.instagram.com\/positiveprintscom\/","https:\/\/www.tiktok.com\/@positiveprintscom","https:\/\/www.pinterest.com\/positiveprintscom\/"]}]}},"jetpack_sharing_enabled":true,"_links":{"self":[{"href":"https:\/\/positiveprints.com\/sv\/wp-json\/wp\/v2\/product\/1169364","targetHints":{"allow":["GET"]}}],"collection":[{"href":"https:\/\/positiveprints.com\/sv\/wp-json\/wp\/v2\/product"}],"about":[{"href":"https:\/\/positiveprints.com\/sv\/wp-json\/wp\/v2\/types\/product"}],"wp:featuredmedia":[{"embeddable":true,"href":"https:\/\/positiveprints.com\/sv\/wp-json\/wp\/v2\/media\/1168040"}],"wp:attachment":[{"href":"https:\/\/positiveprints.com\/sv\/wp-json\/wp\/v2\/media?parent=1169364"}],"wp:term":[{"taxonomy":"product_brand","embeddable":true,"href":"https:\/\/positiveprints.com\/sv\/wp-json\/wp\/v2\/product_brand?post=1169364"},{"taxonomy":"product_cat","embeddable":true,"href":"https:\/\/positiveprints.com\/sv\/wp-json\/wp\/v2\/product_cat?post=1169364"},{"taxonomy":"product_tag","embeddable":true,"href":"https:\/\/positiveprints.com\/sv\/wp-json\/wp\/v2\/product_tag?post=1169364"}],"curies":[{"name":"wp","href":"https:\/\/api.w.org\/{rel}","templated":true}]}}