{"id":1169352,"date":"2024-08-05T10:01:00","date_gmt":"2024-08-05T09:01:00","guid":{"rendered":"https:\/\/positiveprints.com\/product\/traffade-forlovade-gifta-manfaser\/"},"modified":"2026-04-03T02:39:05","modified_gmt":"2026-04-03T01:39:05","slug":"met-engagerad-gift-moon-fasen","status":"publish","type":"product","link":"https:\/\/positiveprints.com\/sv\/produkt\/met-engagerad-gift-moon-fasen\/","title":{"rendered":"Tr\u00e4ffade F\u00f6rlovade Gifta M\u00e5nfaser"},"content":{"rendered":"<p>Fira din k\u00e4rlekshistoria med en unik och meningsfull g\u00e5va.\r\nMet Engaged Married Moon Phases \u00e4r ett personligt tryck eller en duk som vackert f\u00e5ngar de viktigaste milstolparna i ditt f\u00f6rh\u00e5llande.\r\nMed tre m\u00e5nfaser &#8211; en fr\u00e5n dagen d\u00e5 ni tr\u00e4ffades, en fr\u00e5n dagen d\u00e5 ni f\u00f6rlovade er och en fr\u00e5n er br\u00f6llopsdag &#8211; \u00e4r detta uts\u00f6kta konstverk det perfekta s\u00e4ttet att minnas er resa tillsammans och skapa en best\u00e5ende minnessak.  <\/p>\r\n<h2>Tr\u00e4ffade F\u00f6rlovade Gifta M\u00e5nfaser<\/h2>\r\n<p>Met Engaged Married Moon Phases \u00e4r ett fantastiskt skr\u00e4ddarsytt konstverk som visar tre viktiga m\u00e5nfaser tillsammans med personliga detaljer.\r\nF\u00f6r att skapa denna meningsfulla minnessak bes\u00f6ker du helt enkelt v\u00e5r online editor.\r\nB\u00f6rja med att v\u00e4lja en bakgrund.\r\nV\u00e4lj bland f\u00f6rdefinierade alternativ eller skapa ditt eget f\u00e4rgschema.\r\nL\u00e4gg sedan till en titel f\u00f6r ditt konstverk &#8211; ett speciellt meddelande eller en k\u00e4nsla som kommer att visas ovanf\u00f6r m\u00e5nfaserna.    <\/p>\r\n<p>N\u00e4r du har st\u00e4llt in titeln anger du datum och platser f\u00f6r att visa m\u00e5nfaserna fr\u00e5n dagen d\u00e5 ni tr\u00e4ffades, dagen d\u00e5 ni f\u00f6rlovade er och er br\u00f6llopsdag.\r\nUnder varje m\u00e5nfas kan du l\u00e4gga till namn, datum eller n\u00e5gon annan text som g\u00f6r det \u00e4nnu mer personligt.\r\nSlutligen v\u00e4ljer du formatet p\u00e5 ditt konstverk.\r\nVi erbjuder olika storlekar och stilar, inklusive tryckta eller inramade affischtryck, dukar och omedelbara digitala nedladdningar.   <\/p>\r\n<h2>Varf\u00f6r Met Engaged Married Moon Phases \u00e4r den perfekta presenten<\/h2>\r\n<p>Att hitta en meningsfull och romantisk g\u00e5va f\u00f6r att fira ditt f\u00f6rh\u00e5llande kan vara en utmaning, men Met Engaged Married Moon Phases \u00e4r den perfekta l\u00f6sningen.\r\nDetta konstverk \u00e4r inte bara en visuell njutning.\r\nDet \u00e4r en sentimental p\u00e5minnelse om de viktigaste \u00f6gonblicken som formade er k\u00e4rlekshistoria.\r\nDen h\u00e4r presenten \u00e4r perfekt f\u00f6r \u00e5rsdagar, br\u00f6llop, f\u00f6rlovningar eller andra speciella tillf\u00e4llen och visar din partner hur mycket dessa \u00f6gonblick betyder f\u00f6r dig.   <\/p>\r\n<p>Den personliga karakt\u00e4ren hos detta konstverk s\u00e4kerst\u00e4ller att varje bit \u00e4r unik.\r\nVarje g\u00e5ng du och din partner ser det kommer ni att p\u00e5minnas om den k\u00e4rlek och gl\u00e4dje som ni har delat.\r\nDet \u00e4r en g\u00e5va som har en djup mening och som s\u00e4kert kommer att bli en uppskattad del av ditt hem.  <\/p>\r\n<h2>B\u00f6rja personifiera din g\u00e5va idag<\/h2>\r\n<p>\u00c4r du redo att skapa en minnesv\u00e4rd och innerlig minnessak?\r\nB\u00f6rja anpassa ditt Met Engaged Married Moon Phases konstverk idag. <\/p>\r\n<p>V\u00e4nta inte &#8211; f\u00f6rvandla de viktiga \u00f6gonblicken i din k\u00e4rlekshistoria till ett fantastiskt konstverk som du och din partner kommer att uppskatta f\u00f6r alltid.\r\nBest\u00e4ll dina personliga Met Engaged Married Moon Phases nu och fira er resa tillsammans med en g\u00e5va som verkligen inte \u00e4r av denna v\u00e4rld. <\/p>","protected":false},"excerpt":{"rendered":"<ul class=\"check-list\">\n<li>F\u00e5nga tre speciella \u00f6gonblick och visa hur m\u00e5nen s\u00e5g ut under dessa dagar<\/li>\n<li>Anpassa i 3 enkla steg<\/li>\n<li>V\u00e4lj bland en rad olika fantastiska m\u00f6nster<\/li>\n<li>Inkludera en meningsfull personlig text<\/li>\n<li>Se resultatet direkt \u2013 den interaktiva f\u00f6rhandsvisningen l\u00e5ter dig finjustera varje detalj<\/li>\n<\/ul>\n","protected":false},"featured_media":1479589,"template":"","meta":[],"product_brand":[],"product_cat":[8116,11251,11252,7459,11190,11191,11192,7934,8120,7694,8014,8114,8108,7647,11469,7758,11477,11470,11471,11472,11463,11019],"product_tag":[14998,11758,11772,11835,11829,11832,11830,9801,10949,13764,13754,15071],"class_list":{"0":"post-1169352","1":"product","2":"type-product","3":"status-publish","4":"has-post-thumbnail","6":"product_cat-gava-pa-alla-hjartans-dag","7":"product_cat-alla-hjartans-dag-presenter-for-henne","8":"product_cat-alla-hjartans-dag-presenter-for-honom","9":"product_cat-alla-produkter","10":"product_cat-arsdagspresenter-till-henne","11":"product_cat-arsdagspresenter-till-honom","12":"product_cat-arsdagspresenter-till-par","13":"product_cat-gavor-till-brollopsdusch","14":"product_cat-brollopspresenter-presenttillfallen","15":"product_cat-gavor-for-kvinnor","16":"product_cat-gavor-for-man","17":"product_cat-jubileumspresent-presenttillfallen","18":"product_cat-julpresenter","19":"product_cat-gavor-till-din-man","20":"product_cat-julklappar-till-flickvannen","21":"product_cat-gavor-till-fru","22":"product_cat-julklappar-till-frun","23":"product_cat-julklappar-till-henne","24":"product_cat-julklappar-till-honom","25":"product_cat-julklappar-till-maken","26":"product_cat-julklapp-till-pojkvan","27":"product_cat-trippelmane","28":"product_tag-anniversary-sv","29":"product_tag-julklapp-till-pojkvan","30":"product_tag-julklappar-till-flickvannen","31":"product_tag-julklappar-till-frun","32":"product_tag-julklappar-till-henne","33":"product_tag-julklappar-till-maken","34":"product_tag-kerstcadeaus-for-honom","35":"product_tag-mane","36":"product_tag-manfas","37":"product_tag-manfas-pa-brollopsdagen","38":"product_tag-manfas-pa-er-arsdag","39":"product_tag-wedding-pl-sv","41":"first","42":"instock","43":"sale","44":"taxable","45":"shipping-taxable","46":"purchasable","47":"product-type-variable"},"yoast_head":"<!-- This site is optimized with the Yoast SEO Premium plugin v27.2 (Yoast SEO v27.2) - https:\/\/yoast.com\/product\/yoast-seo-premium-wordpress\/ -->\n<title>Tr\u00e4ffades F\u00f6rlovade Gifta M\u00e5nfaser - Positive Prints<\/title>\n<meta name=\"description\" content=\"Met Engaged Married Moon Phases \u00e4r ett personligt tryck eller en canvas som p\u00e5 ett vackert s\u00e4tt f\u00e5ngar de viktigaste milstolparna i ditt f\u00f6rh\u00e5llande.\" \/>\n<meta name=\"robots\" content=\"index, follow, max-snippet:-1, max-image-preview:large, max-video-preview:-1\" \/>\n<link rel=\"canonical\" href=\"https:\/\/positiveprints.com\/sv\/produkt\/met-engagerad-gift-moon-fasen\/\" \/>\n<meta property=\"og:locale\" content=\"sv_SE\" \/>\n<meta property=\"og:type\" content=\"article\" \/>\n<meta property=\"og:title\" content=\"Tr\u00e4ffade F\u00f6rlovade Gifta M\u00e5nfaser\" \/>\n<meta property=\"og:description\" content=\"F\u00e5nga tre speciella \u00f6gonblick och visa hur m\u00e5nen s\u00e5g ut under dessa dagar Anpassa i 3 enkla steg V\u00e4lj bland en rad olika fantastiska m\u00f6nster Inkludera en meningsfull personlig text Se resultatet direkt \u2013 den interaktiva f\u00f6rhandsvisningen l\u00e5ter dig finjustera varje detalj\" \/>\n<meta property=\"og:url\" content=\"https:\/\/positiveprints.com\/sv\/produkt\/met-engagerad-gift-moon-fasen\/\" \/>\n<meta property=\"og:site_name\" content=\"Positive Prints\" \/>\n<meta property=\"article:publisher\" content=\"https:\/\/www.facebook.com\/positiveprintscom\" \/>\n<meta property=\"article:modified_time\" content=\"2026-04-03T01:39:05+00:00\" \/>\n<meta property=\"og:image\" content=\"https:\/\/positiveprints.com\/wp-content\/uploads\/2024\/08\/Met-Engaged-Married-Moon-Phases.jpg\" \/>\n\t<meta property=\"og:image:width\" content=\"1080\" \/>\n\t<meta property=\"og:image:height\" content=\"1080\" \/>\n\t<meta property=\"og:image:type\" content=\"image\/jpeg\" \/>\n<meta name=\"twitter:card\" content=\"summary_large_image\" \/>\n<meta name=\"twitter:label1\" content=\"Ber\u00e4knad l\u00e4stid\" \/>\n\t<meta name=\"twitter:data1\" content=\"2 minut\" \/>\n<!-- \/ Yoast SEO Premium plugin. -->","yoast_head_json":{"title":"Tr\u00e4ffades F\u00f6rlovade Gifta M\u00e5nfaser - Positive Prints","description":"Met Engaged Married Moon Phases \u00e4r ett personligt tryck eller en canvas som p\u00e5 ett vackert s\u00e4tt f\u00e5ngar de viktigaste milstolparna i ditt f\u00f6rh\u00e5llande.","robots":{"index":"index","follow":"follow","max-snippet":"max-snippet:-1","max-image-preview":"max-image-preview:large","max-video-preview":"max-video-preview:-1"},"canonical":"https:\/\/positiveprints.com\/sv\/produkt\/met-engagerad-gift-moon-fasen\/","og_locale":"sv_SE","og_type":"article","og_title":"Tr\u00e4ffade F\u00f6rlovade Gifta M\u00e5nfaser","og_description":"F\u00e5nga tre speciella \u00f6gonblick och visa hur m\u00e5nen s\u00e5g ut under dessa dagar Anpassa i 3 enkla steg V\u00e4lj bland en rad olika fantastiska m\u00f6nster Inkludera en meningsfull personlig text Se resultatet direkt \u2013 den interaktiva f\u00f6rhandsvisningen l\u00e5ter dig finjustera varje detalj","og_url":"https:\/\/positiveprints.com\/sv\/produkt\/met-engagerad-gift-moon-fasen\/","og_site_name":"Positive Prints","article_publisher":"https:\/\/www.facebook.com\/positiveprintscom","article_modified_time":"2026-04-03T01:39:05+00:00","og_image":[{"width":1080,"height":1080,"url":"https:\/\/positiveprints.com\/wp-content\/uploads\/2024\/08\/Met-Engaged-Married-Moon-Phases.jpg","type":"image\/jpeg"}],"twitter_card":"summary_large_image","twitter_misc":{"Ber\u00e4knad l\u00e4stid":"2 minut"},"schema":{"@context":"https:\/\/schema.org","@graph":[{"@type":["WebPage","ItemPage"],"@id":"https:\/\/positiveprints.com\/sv\/produkt\/met-engagerad-gift-moon-fasen\/","url":"https:\/\/positiveprints.com\/sv\/produkt\/met-engagerad-gift-moon-fasen\/","name":"Tr\u00e4ffades F\u00f6rlovade Gifta M\u00e5nfaser - Positive Prints","isPartOf":{"@id":"https:\/\/positiveprints.com\/sv\/#website"},"primaryImageOfPage":{"@id":"https:\/\/positiveprints.com\/sv\/produkt\/met-engagerad-gift-moon-fasen\/#primaryimage"},"image":{"@id":"https:\/\/positiveprints.com\/sv\/produkt\/met-engagerad-gift-moon-fasen\/#primaryimage"},"thumbnailUrl":"https:\/\/positiveprints.com\/wp-content\/uploads\/2025\/07\/Packshot_SE_Tra\u0308ffade-Fo\u0308rlovade-Gifta-Ma\u030anfaser.webp","datePublished":"2024-08-05T09:01:00+00:00","dateModified":"2026-04-03T01:39:05+00:00","description":"Met Engaged Married Moon Phases \u00e4r ett personligt tryck eller en canvas som p\u00e5 ett vackert s\u00e4tt f\u00e5ngar de viktigaste milstolparna i ditt f\u00f6rh\u00e5llande.","breadcrumb":{"@id":"https:\/\/positiveprints.com\/sv\/produkt\/met-engagerad-gift-moon-fasen\/#breadcrumb"},"inLanguage":"sv-SE","potentialAction":[{"@type":"ReadAction","target":["https:\/\/positiveprints.com\/sv\/produkt\/met-engagerad-gift-moon-fasen\/"]}]},{"@type":"ImageObject","inLanguage":"sv-SE","@id":"https:\/\/positiveprints.com\/sv\/produkt\/met-engagerad-gift-moon-fasen\/#primaryimage","url":"https:\/\/positiveprints.com\/wp-content\/uploads\/2025\/07\/Packshot_SE_Tra\u0308ffade-Fo\u0308rlovade-Gifta-Ma\u030anfaser.webp","contentUrl":"https:\/\/positiveprints.com\/wp-content\/uploads\/2025\/07\/Packshot_SE_Tra\u0308ffade-Fo\u0308rlovade-Gifta-Ma\u030anfaser.webp","width":1450,"height":1450},{"@type":"BreadcrumbList","@id":"https:\/\/positiveprints.com\/sv\/produkt\/met-engagerad-gift-moon-fasen\/#breadcrumb","itemListElement":[{"@type":"ListItem","position":1,"name":"Home","item":"https:\/\/positiveprints.com\/sv\/"},{"@type":"ListItem","position":2,"name":"Produkter","item":"https:\/\/positiveprints.com\/sv\/shop\/"},{"@type":"ListItem","position":3,"name":"Tr\u00e4ffade F\u00f6rlovade Gifta M\u00e5nfaser"}]},{"@type":"WebSite","@id":"https:\/\/positiveprints.com\/sv\/#website","url":"https:\/\/positiveprints.com\/sv\/","name":"Positive Prints","description":"Amazing Custom Personalized Gifts","publisher":{"@id":"https:\/\/positiveprints.com\/sv\/#organization"},"potentialAction":[{"@type":"SearchAction","target":{"@type":"EntryPoint","urlTemplate":"https:\/\/positiveprints.com\/sv\/?s={search_term_string}"},"query-input":{"@type":"PropertyValueSpecification","valueRequired":true,"valueName":"search_term_string"}}],"inLanguage":"sv-SE"},{"@type":"Organization","@id":"https:\/\/positiveprints.com\/sv\/#organization","name":"Positive Prints","alternateName":"Positive Prints","url":"https:\/\/positiveprints.com\/sv\/","logo":{"@type":"ImageObject","inLanguage":"sv-SE","@id":"https:\/\/positiveprints.com\/sv\/#\/schema\/logo\/image\/","url":"https:\/\/positiveprints.com\/wp-content\/uploads\/2026\/03\/245815646_1337939713319158_5671353136411139666_n.png","contentUrl":"https:\/\/positiveprints.com\/wp-content\/uploads\/2026\/03\/245815646_1337939713319158_5671353136411139666_n.png","width":800,"height":800,"caption":"Positive Prints"},"image":{"@id":"https:\/\/positiveprints.com\/sv\/#\/schema\/logo\/image\/"},"sameAs":["https:\/\/www.facebook.com\/positiveprintscom","https:\/\/www.instagram.com\/positiveprintscom\/","https:\/\/www.tiktok.com\/@positiveprintscom","https:\/\/www.pinterest.com\/positiveprintscom\/"]}]}},"jetpack_sharing_enabled":true,"_links":{"self":[{"href":"https:\/\/positiveprints.com\/sv\/wp-json\/wp\/v2\/product\/1169352","targetHints":{"allow":["GET"]}}],"collection":[{"href":"https:\/\/positiveprints.com\/sv\/wp-json\/wp\/v2\/product"}],"about":[{"href":"https:\/\/positiveprints.com\/sv\/wp-json\/wp\/v2\/types\/product"}],"wp:featuredmedia":[{"embeddable":true,"href":"https:\/\/positiveprints.com\/sv\/wp-json\/wp\/v2\/media\/1479589"}],"wp:attachment":[{"href":"https:\/\/positiveprints.com\/sv\/wp-json\/wp\/v2\/media?parent=1169352"}],"wp:term":[{"taxonomy":"product_brand","embeddable":true,"href":"https:\/\/positiveprints.com\/sv\/wp-json\/wp\/v2\/product_brand?post=1169352"},{"taxonomy":"product_cat","embeddable":true,"href":"https:\/\/positiveprints.com\/sv\/wp-json\/wp\/v2\/product_cat?post=1169352"},{"taxonomy":"product_tag","embeddable":true,"href":"https:\/\/positiveprints.com\/sv\/wp-json\/wp\/v2\/product_tag?post=1169352"}],"curies":[{"name":"wp","href":"https:\/\/api.w.org\/{rel}","templated":true}]}}