{"id":1169321,"date":"2024-08-02T10:13:41","date_gmt":"2024-08-02T09:13:41","guid":{"rendered":"https:\/\/positiveprints.com\/product\/forlovningsnatt-manfas-med-foto\/"},"modified":"2026-04-03T02:39:15","modified_gmt":"2026-04-03T01:39:15","slug":"forlovning-natt-mandag-fas-med-foto","status":"publish","type":"product","link":"https:\/\/positiveprints.com\/sv\/produkt\/forlovning-natt-mandag-fas-med-foto\/","title":{"rendered":"F\u00f6rlovningsnatt M\u00e5nfas med foto"},"content":{"rendered":"<p>Letar du efter ett hj\u00e4rtligt s\u00e4tt att minnas din f\u00f6rlovning?\r\nEngagement Night Moon Phase with Photo \u00e4r ett personligt tryck eller en canvas som p\u00e5 ett vackert s\u00e4tt f\u00e5ngar essensen av kv\u00e4llen d\u00e5 ni f\u00f6rlovade er.\r\nDetta fantastiska konstverk visar m\u00e5nfasen fr\u00e5n den magiska kv\u00e4llen, tillsammans med ett omhuldat foto av dig och din partner.\r\nDet \u00e4r det perfekta s\u00e4ttet att fira er k\u00e4rlekshistoria och skapa en best\u00e5ende minnessak av ert speciella \u00f6gonblick.   <\/p>\r\n<h2>F\u00f6rlovningsnatt M\u00e5nfas med foto<\/h2>\r\n<p>Engagement Night Moon Phase with Photo \u00e4r ett vackert, personligt konstverk som kombinerar en m\u00e5nfas med ett personligt foto.\r\nF\u00f6r att skapa denna minnesv\u00e4rda minnessak beh\u00f6ver du bara bes\u00f6ka v\u00e5r online-editor.\r\nB\u00f6rja med att v\u00e4lja en bakgrund.\r\nV\u00e4lj bland f\u00f6rdefinierade alternativ eller designa ditt eget f\u00e4rgschema.\r\nL\u00e4gg sedan till en titel f\u00f6r ditt konstverk &#8211; ett speciellt meddelande eller en k\u00e4nsla som kommer att visas ovanf\u00f6r m\u00e5nen och fotot.    <\/p>\r\n<p>N\u00e4r du har st\u00e4llt in titeln anger du datum och plats f\u00f6r att visa m\u00e5nfasen fr\u00e5n din f\u00f6rlovningsnatt.\r\nUnder m\u00e5nen och fotot kan du l\u00e4gga till namn, ett speciellt datum eller n\u00e5gon annan text f\u00f6r att g\u00f6ra det \u00e4nnu mer personligt.\r\nSlutligen v\u00e4ljer du formatet p\u00e5 ditt konstverk.\r\nVi erbjuder olika storlekar och stilar, inklusive tryckta eller inramade affischtryck, dukar och omedelbara digitala nedladdningar.   <\/p>\r\n<h2>Varf\u00f6r m\u00e5nfas med foto f\u00f6r f\u00f6rlovningsnatt \u00e4r den perfekta presenten<\/h2>\r\n<p>Att hitta en meningsfull och romantisk g\u00e5va f\u00f6r att fira din f\u00f6rlovning kan vara utmanande, men Engagement Night Moon Phase with Photo \u00e4r den perfekta l\u00f6sningen.\r\nDetta konstverk \u00e4r inte bara en visuell njutning.\r\nDet \u00e4r en sentimental p\u00e5minnelse om den natt d\u00e5 ni b\u00f6rjade er resa mot evigheten.\r\nPerfekt f\u00f6r \u00e5rsdagar, f\u00f6rlovningsfester eller som en speciell minnessak, denna g\u00e5va visar din partner hur mycket det \u00f6gonblicket betyder f\u00f6r dig.   <\/p>\r\n<p>Den personliga karakt\u00e4ren hos detta konstverk s\u00e4kerst\u00e4ller att varje bit \u00e4r unik.\r\nVarje g\u00e5ng du och din partner ser det kommer ni att bli p\u00e5minda om k\u00e4rleken och gl\u00e4djen under er f\u00f6rlovningsnatt.\r\nDet \u00e4r en g\u00e5va som har en djup inneb\u00f6rd och som kommer att bli en uppskattad del av ert hem.  <\/p>\r\n<h2>B\u00f6rja personifiera din g\u00e5va idag<\/h2>\r\n<p>\u00c4r du redo att skapa en minnesv\u00e4rd och innerlig minnessak?\r\nB\u00f6rja anpassa ditt konstverk med m\u00e5nfas och foto f\u00f6r f\u00f6rlovningsnatten idag.\r\nBes\u00f6k v\u00e5r online-editor f\u00f6r att v\u00e4lja en bakgrund, l\u00e4gga till en speciell titel, ange datum och plats f\u00f6r m\u00e5nfasen och anpassa texten under m\u00e5nen och fotot.\r\nV\u00e4lj det format som b\u00e4st passar din stil och du \u00e4r klar!   <\/p>\r\n<p>V\u00e4nta inte &#8211; f\u00f6rvandla den of\u00f6rgl\u00f6mliga f\u00f6rlovningsnatten till ett fantastiskt konstverk som du och din partner kommer att uppskatta f\u00f6r alltid.\r\nBest\u00e4ll din personliga f\u00f6rlovningsnatt m\u00e5nfas med foto nu och fira din k\u00e4rlekshistoria med en g\u00e5va som verkligen inte \u00e4r av denna v\u00e4rld. <\/p>","protected":false},"excerpt":{"rendered":"<ul class=\"check-list\">\n<li>Kom ih\u00e5g ett speciellt \u00f6gonblick med ett m\u00e5nfasutskrift av ditt datum och din plats<\/li>\n<li>Anpassa i 3 enkla steg<\/li>\n<li>V\u00e4lj bland en rad olika fantastiska m\u00f6nster<\/li>\n<li>Inkludera en meningsfull personlig text<\/li>\n<li>Se resultatet direkt \u2013 den interaktiva f\u00f6rhandsvisningen l\u00e5ter dig finjustera varje detalj<\/li>\n<\/ul>\n","protected":false},"featured_media":1168445,"template":"","meta":[],"product_brand":[],"product_cat":[7459,10948,8118],"product_tag":[8441,9801,10949],"class_list":{"0":"post-1169321","1":"product","2":"type-product","3":"status-publish","4":"has-post-thumbnail","6":"product_cat-alla-produkter","7":"product_cat-dubbelmane","8":"product_cat-gavor-for-nyforlovade-par-presenttillfallen","9":"product_tag-forlovning","10":"product_tag-mane","11":"product_tag-manfas","13":"first","14":"instock","15":"sale","16":"taxable","17":"shipping-taxable","18":"purchasable","19":"product-type-variable"},"yoast_head":"<!-- This site is optimized with the Yoast SEO Premium plugin v27.2 (Yoast SEO v27.2) - https:\/\/yoast.com\/product\/yoast-seo-premium-wordpress\/ -->\n<title>F\u00f6rlovningsnatt M\u00e5nfas med foto - Positive Prints<\/title>\n<meta name=\"description\" content=\"Letar du efter ett hj\u00e4rtligt s\u00e4tt att fira din f\u00f6rlovning? B\u00f6rja med att personifiera din Engagement Night Moon Phase med fotokonstverk idag.\" \/>\n<meta name=\"robots\" content=\"index, follow, max-snippet:-1, max-image-preview:large, max-video-preview:-1\" \/>\n<link rel=\"canonical\" href=\"https:\/\/positiveprints.com\/sv\/produkt\/forlovning-natt-mandag-fas-med-foto\/\" \/>\n<meta property=\"og:locale\" content=\"sv_SE\" \/>\n<meta property=\"og:type\" content=\"article\" \/>\n<meta property=\"og:title\" content=\"F\u00f6rlovningsnatt M\u00e5nfas med foto\" \/>\n<meta property=\"og:description\" content=\"Kom ih\u00e5g ett speciellt \u00f6gonblick med ett m\u00e5nfasutskrift av ditt datum och din plats Anpassa i 3 enkla steg V\u00e4lj bland en rad olika fantastiska m\u00f6nster Inkludera en meningsfull personlig text Se resultatet direkt \u2013 den interaktiva f\u00f6rhandsvisningen l\u00e5ter dig finjustera varje detalj\" \/>\n<meta property=\"og:url\" content=\"https:\/\/positiveprints.com\/sv\/produkt\/forlovning-natt-mandag-fas-med-foto\/\" \/>\n<meta property=\"og:site_name\" content=\"Positive Prints\" \/>\n<meta property=\"article:publisher\" content=\"https:\/\/www.facebook.com\/positiveprintscom\" \/>\n<meta property=\"article:modified_time\" content=\"2026-04-03T01:39:15+00:00\" \/>\n<meta property=\"og:image\" content=\"https:\/\/positiveprints.com\/wp-content\/uploads\/2024\/08\/Engagement-Night-Moon-Phase-with-Photo.jpg\" \/>\n\t<meta property=\"og:image:width\" content=\"1080\" \/>\n\t<meta property=\"og:image:height\" content=\"1080\" \/>\n\t<meta property=\"og:image:type\" content=\"image\/jpeg\" \/>\n<meta name=\"twitter:card\" content=\"summary_large_image\" \/>\n<meta name=\"twitter:label1\" content=\"Ber\u00e4knad l\u00e4stid\" \/>\n\t<meta name=\"twitter:data1\" content=\"2 minut\" \/>\n<!-- \/ Yoast SEO Premium plugin. -->","yoast_head_json":{"title":"F\u00f6rlovningsnatt M\u00e5nfas med foto - Positive Prints","description":"Letar du efter ett hj\u00e4rtligt s\u00e4tt att fira din f\u00f6rlovning? B\u00f6rja med att personifiera din Engagement Night Moon Phase med fotokonstverk idag.","robots":{"index":"index","follow":"follow","max-snippet":"max-snippet:-1","max-image-preview":"max-image-preview:large","max-video-preview":"max-video-preview:-1"},"canonical":"https:\/\/positiveprints.com\/sv\/produkt\/forlovning-natt-mandag-fas-med-foto\/","og_locale":"sv_SE","og_type":"article","og_title":"F\u00f6rlovningsnatt M\u00e5nfas med foto","og_description":"Kom ih\u00e5g ett speciellt \u00f6gonblick med ett m\u00e5nfasutskrift av ditt datum och din plats Anpassa i 3 enkla steg V\u00e4lj bland en rad olika fantastiska m\u00f6nster Inkludera en meningsfull personlig text Se resultatet direkt \u2013 den interaktiva f\u00f6rhandsvisningen l\u00e5ter dig finjustera varje detalj","og_url":"https:\/\/positiveprints.com\/sv\/produkt\/forlovning-natt-mandag-fas-med-foto\/","og_site_name":"Positive Prints","article_publisher":"https:\/\/www.facebook.com\/positiveprintscom","article_modified_time":"2026-04-03T01:39:15+00:00","og_image":[{"width":1080,"height":1080,"url":"https:\/\/positiveprints.com\/wp-content\/uploads\/2024\/08\/Engagement-Night-Moon-Phase-with-Photo.jpg","type":"image\/jpeg"}],"twitter_card":"summary_large_image","twitter_misc":{"Ber\u00e4knad l\u00e4stid":"2 minut"},"schema":{"@context":"https:\/\/schema.org","@graph":[{"@type":["WebPage","ItemPage"],"@id":"https:\/\/positiveprints.com\/sv\/produkt\/forlovning-natt-mandag-fas-med-foto\/","url":"https:\/\/positiveprints.com\/sv\/produkt\/forlovning-natt-mandag-fas-med-foto\/","name":"F\u00f6rlovningsnatt M\u00e5nfas med foto - Positive Prints","isPartOf":{"@id":"https:\/\/positiveprints.com\/sv\/#website"},"primaryImageOfPage":{"@id":"https:\/\/positiveprints.com\/sv\/produkt\/forlovning-natt-mandag-fas-med-foto\/#primaryimage"},"image":{"@id":"https:\/\/positiveprints.com\/sv\/produkt\/forlovning-natt-mandag-fas-med-foto\/#primaryimage"},"thumbnailUrl":"https:\/\/positiveprints.com\/wp-content\/uploads\/2024\/08\/Engagement-Night-Moon-Phase-with-Photo.jpg","datePublished":"2024-08-02T09:13:41+00:00","dateModified":"2026-04-03T01:39:15+00:00","description":"Letar du efter ett hj\u00e4rtligt s\u00e4tt att fira din f\u00f6rlovning? B\u00f6rja med att personifiera din Engagement Night Moon Phase med fotokonstverk idag.","breadcrumb":{"@id":"https:\/\/positiveprints.com\/sv\/produkt\/forlovning-natt-mandag-fas-med-foto\/#breadcrumb"},"inLanguage":"sv-SE","potentialAction":[{"@type":"ReadAction","target":["https:\/\/positiveprints.com\/sv\/produkt\/forlovning-natt-mandag-fas-med-foto\/"]}]},{"@type":"ImageObject","inLanguage":"sv-SE","@id":"https:\/\/positiveprints.com\/sv\/produkt\/forlovning-natt-mandag-fas-med-foto\/#primaryimage","url":"https:\/\/positiveprints.com\/wp-content\/uploads\/2024\/08\/Engagement-Night-Moon-Phase-with-Photo.jpg","contentUrl":"https:\/\/positiveprints.com\/wp-content\/uploads\/2024\/08\/Engagement-Night-Moon-Phase-with-Photo.jpg","width":1080,"height":1080,"caption":"Engagement Night Moon Phase with Photo"},{"@type":"BreadcrumbList","@id":"https:\/\/positiveprints.com\/sv\/produkt\/forlovning-natt-mandag-fas-med-foto\/#breadcrumb","itemListElement":[{"@type":"ListItem","position":1,"name":"Home","item":"https:\/\/positiveprints.com\/sv\/"},{"@type":"ListItem","position":2,"name":"Produkter","item":"https:\/\/positiveprints.com\/sv\/shop\/"},{"@type":"ListItem","position":3,"name":"F\u00f6rlovningsnatt M\u00e5nfas med foto"}]},{"@type":"WebSite","@id":"https:\/\/positiveprints.com\/sv\/#website","url":"https:\/\/positiveprints.com\/sv\/","name":"Positive Prints","description":"Amazing Custom Personalized Gifts","publisher":{"@id":"https:\/\/positiveprints.com\/sv\/#organization"},"potentialAction":[{"@type":"SearchAction","target":{"@type":"EntryPoint","urlTemplate":"https:\/\/positiveprints.com\/sv\/?s={search_term_string}"},"query-input":{"@type":"PropertyValueSpecification","valueRequired":true,"valueName":"search_term_string"}}],"inLanguage":"sv-SE"},{"@type":"Organization","@id":"https:\/\/positiveprints.com\/sv\/#organization","name":"Positive Prints","alternateName":"Positive Prints","url":"https:\/\/positiveprints.com\/sv\/","logo":{"@type":"ImageObject","inLanguage":"sv-SE","@id":"https:\/\/positiveprints.com\/sv\/#\/schema\/logo\/image\/","url":"https:\/\/positiveprints.com\/wp-content\/uploads\/2026\/03\/245815646_1337939713319158_5671353136411139666_n.png","contentUrl":"https:\/\/positiveprints.com\/wp-content\/uploads\/2026\/03\/245815646_1337939713319158_5671353136411139666_n.png","width":800,"height":800,"caption":"Positive Prints"},"image":{"@id":"https:\/\/positiveprints.com\/sv\/#\/schema\/logo\/image\/"},"sameAs":["https:\/\/www.facebook.com\/positiveprintscom","https:\/\/www.instagram.com\/positiveprintscom\/","https:\/\/www.tiktok.com\/@positiveprintscom","https:\/\/www.pinterest.com\/positiveprintscom\/"]}]}},"jetpack_sharing_enabled":true,"_links":{"self":[{"href":"https:\/\/positiveprints.com\/sv\/wp-json\/wp\/v2\/product\/1169321","targetHints":{"allow":["GET"]}}],"collection":[{"href":"https:\/\/positiveprints.com\/sv\/wp-json\/wp\/v2\/product"}],"about":[{"href":"https:\/\/positiveprints.com\/sv\/wp-json\/wp\/v2\/types\/product"}],"wp:featuredmedia":[{"embeddable":true,"href":"https:\/\/positiveprints.com\/sv\/wp-json\/wp\/v2\/media\/1168445"}],"wp:attachment":[{"href":"https:\/\/positiveprints.com\/sv\/wp-json\/wp\/v2\/media?parent=1169321"}],"wp:term":[{"taxonomy":"product_brand","embeddable":true,"href":"https:\/\/positiveprints.com\/sv\/wp-json\/wp\/v2\/product_brand?post=1169321"},{"taxonomy":"product_cat","embeddable":true,"href":"https:\/\/positiveprints.com\/sv\/wp-json\/wp\/v2\/product_cat?post=1169321"},{"taxonomy":"product_tag","embeddable":true,"href":"https:\/\/positiveprints.com\/sv\/wp-json\/wp\/v2\/product_tag?post=1169321"}],"curies":[{"name":"wp","href":"https:\/\/api.w.org\/{rel}","templated":true}]}}