{"id":1169312,"date":"2024-08-02T09:39:45","date_gmt":"2024-08-02T08:39:45","guid":{"rendered":"https:\/\/positiveprints.com\/product\/fodelsedagsmane-med-foto\/"},"modified":"2026-04-12T20:10:01","modified_gmt":"2026-04-12T19:10:01","slug":"fodelsedagsmanad-med-foto","status":"publish","type":"product","link":"https:\/\/positiveprints.com\/sv\/produkt\/fodelsedagsmanad-med-foto\/","title":{"rendered":"F\u00f6delsedagsm\u00e5ne med foto"},"content":{"rendered":"<p>Letar du efter en unik och innerlig g\u00e5va f\u00f6r att fira en speciell f\u00f6delsedag?\r\nBirthday Moon with Photo \u00e4r ett personligt tryck eller en canvas som vackert f\u00e5ngar m\u00e5nfasens under fr\u00e5n dagen d\u00e5 n\u00e5gon f\u00f6ddes, tillsammans med ett omhuldat foto.\r\nDetta uts\u00f6kta konstverk \u00e4r det perfekta s\u00e4ttet att fira en f\u00f6delsedag och skapa en best\u00e5ende minnessak som kommer att uppskattas f\u00f6r alltid.  <\/p>\r\n<h2>F\u00f6delsedagsm\u00e5ne med foto<\/h2>\r\n<p>Birthday Moon with Photo \u00e4r ett fantastiskt stycke skr\u00e4ddarsytt konstverk som visar en m\u00e5nfas och ett personligt foto.\r\nF\u00f6r att skapa denna meningsfulla minnessak bes\u00f6ker du bara v\u00e5r online-editor.\r\nB\u00f6rja med att v\u00e4lja en bakgrund.\r\nV\u00e4lj bland f\u00f6rdefinierade alternativ eller skapa ditt eget f\u00e4rgschema.\r\nL\u00e4gg sedan till en titel f\u00f6r ditt konstverk &#8211; ett speciellt meddelande eller en k\u00e4nsla som kommer att visas ovanf\u00f6r m\u00e5nen och fotot.    <\/p>\r\n<p>N\u00e4r du har st\u00e4llt in titeln anger du datum och plats f\u00f6r att visa m\u00e5nfasen fr\u00e5n den f\u00f6delsedag du vill minnas.\r\nUnder m\u00e5nen och fotot kan du l\u00e4gga till namn eller annan text f\u00f6r att g\u00f6ra det \u00e4nnu mer personligt.\r\nSlutligen v\u00e4ljer du formatet p\u00e5 ditt konstverk.\r\nVi erbjuder olika storlekar och stilar, inklusive tryckta eller inramade affischtryck, dukar och omedelbara digitala nedladdningar.   <\/p>\r\n<h2>Varf\u00f6r f\u00f6delsedagsm\u00e5n med foto \u00e4r den perfekta presenten<\/h2>\r\n<p>Det kan vara sv\u00e5rt att hitta en meningsfull och personlig f\u00f6delsedagspresent, men Birthday Moon with Photo \u00e4r den perfekta l\u00f6sningen.\r\nDetta konstverk \u00e4r inte bara en visuell njutning.\r\nDet \u00e4r en sentimental p\u00e5minnelse om den speciella dag d\u00e5 n\u00e5gon f\u00f6ddes.\r\nDen h\u00e4r presenten \u00e4r perfekt f\u00f6r f\u00f6delsedagar i alla \u00e5ldrar och visar din \u00e4lskade hur mycket han eller hon betyder f\u00f6r dig.   <\/p>\r\n<p>Den personliga karakt\u00e4ren hos detta konstverk s\u00e4kerst\u00e4ller att varje bit \u00e4r unik.\r\nVarje g\u00e5ng de ser det kommer de att bli p\u00e5minda om den k\u00e4rlek och gl\u00e4dje som deras f\u00f6delsedag ger.\r\nDet \u00e4r en g\u00e5va som har en djup inneb\u00f6rd och som s\u00e4kert kommer att bli en uppskattad del av deras hem.  <\/p>\r\n<h2>B\u00f6rja personifiera din g\u00e5va idag<\/h2>\r\n<p>\u00c4r du redo att skapa en minnesv\u00e4rd och hj\u00e4rtlig f\u00f6delsedagspresent?\r\nB\u00f6rja anpassa din f\u00f6delsedagsm\u00e5ne med fotokonstverk idag. <\/p>\r\n<p>V\u00e4nta inte &#8211; f\u00f6rvandla den speciella f\u00f6delsedagen till ett fantastiskt konstverk som kommer att uppskattas f\u00f6r alltid.\r\nBest\u00e4ll din personliga f\u00f6delsedagsm\u00e5ne med foto nu och ge en g\u00e5va som verkligen inte \u00e4r av denna v\u00e4rld. <\/p>","protected":false},"excerpt":{"rendered":"<ul class=\"check-list\">\n<li>Kom ih\u00e5g ett speciellt \u00f6gonblick med ett m\u00e5nfasutskrift av ditt datum och din plats<\/li>\n<li>Anpassa i 3 enkla steg<\/li>\n<li>V\u00e4lj bland en rad olika fantastiska m\u00f6nster<\/li>\n<li>Inkludera en meningsfull personlig text<\/li>\n<li>Se resultatet direkt \u2013 den interaktiva f\u00f6rhandsvisningen l\u00e5ter dig finjustera varje detalj<\/li>\n<\/ul>\n","protected":false},"featured_media":1689908,"template":"","meta":[],"product_brand":[],"product_cat":[7459,7598,10948,8117,11221,11222,7694,8014,8108,8115,11473,7630,7774,7743,7822,7662],"product_tag":[15100,15954,9801,10949],"class_list":{"0":"post-1169312","1":"product","2":"type-product","3":"status-publish","4":"has-post-thumbnail","6":"product_cat-alla-produkter","7":"product_cat-gavor-till-dopet","8":"product_cat-dubbelmane","9":"product_cat-fodelsedagspresenter-presenttillfallen","10":"product_cat-fodelsedagspresenter-till-henne","11":"product_cat-fodelsedagspresenter-till-honom","12":"product_cat-gavor-for-kvinnor","13":"product_cat-gavor-for-man","14":"product_cat-julpresenter","15":"product_cat-gavor-till-nyfodda-barn-presenttillfallen","16":"product_cat-julklappar-till-barnen","17":"product_cat-gavor-till-din-bror","18":"product_cat-gavor-till-dottern","19":"product_cat-gavor-till-en-syster","20":"product_cat-gavor-till-nya-foraldrar","21":"product_cat-gavor-till-sonen","22":"product_tag-birthday-pl-sv","23":"product_tag-julklapp-till-barn","24":"product_tag-mane","25":"product_tag-manfas","27":"first","28":"instock","29":"sale","30":"taxable","31":"shipping-taxable","32":"purchasable","33":"product-type-variable"},"yoast_head":"<!-- This site is optimized with the Yoast SEO Premium plugin v27.2 (Yoast SEO v27.2) - https:\/\/yoast.com\/product\/yoast-seo-premium-wordpress\/ -->\n<title>F\u00f6delsedagsm\u00e5ne med foto - Positive Prints<\/title>\n<meta name=\"description\" content=\"\u00c4r du redo att skapa en minnesv\u00e4rd och hj\u00e4rtlig f\u00f6delsedagspresent? B\u00f6rja personifiera din f\u00f6delsedagsm\u00e5ne med fotokonstverk idag.\" \/>\n<meta name=\"robots\" content=\"index, follow, max-snippet:-1, max-image-preview:large, max-video-preview:-1\" \/>\n<link rel=\"canonical\" href=\"https:\/\/positiveprints.com\/sv\/produkt\/fodelsedagsmanad-med-foto\/\" \/>\n<meta property=\"og:locale\" content=\"sv_SE\" \/>\n<meta property=\"og:type\" content=\"article\" \/>\n<meta property=\"og:title\" content=\"F\u00f6delsedagsm\u00e5ne med foto\" \/>\n<meta property=\"og:description\" content=\"Kom ih\u00e5g ett speciellt \u00f6gonblick med ett m\u00e5nfasutskrift av ditt datum och din plats Anpassa i 3 enkla steg V\u00e4lj bland en rad olika fantastiska m\u00f6nster Inkludera en meningsfull personlig text Se resultatet direkt \u2013 den interaktiva f\u00f6rhandsvisningen l\u00e5ter dig finjustera varje detalj\" \/>\n<meta property=\"og:url\" content=\"https:\/\/positiveprints.com\/sv\/produkt\/fodelsedagsmanad-med-foto\/\" \/>\n<meta property=\"og:site_name\" content=\"Positive Prints\" \/>\n<meta property=\"article:publisher\" content=\"https:\/\/www.facebook.com\/positiveprintscom\" \/>\n<meta property=\"article:modified_time\" content=\"2026-04-12T19:10:01+00:00\" \/>\n<meta property=\"og:image\" content=\"https:\/\/positiveprints.com\/wp-content\/uploads\/2024\/08\/Birthday-Moon-with-Photo.jpg\" \/>\n\t<meta property=\"og:image:width\" content=\"1080\" \/>\n\t<meta property=\"og:image:height\" content=\"1080\" \/>\n\t<meta property=\"og:image:type\" content=\"image\/jpeg\" \/>\n<meta name=\"twitter:card\" content=\"summary_large_image\" \/>\n<meta name=\"twitter:label1\" content=\"Ber\u00e4knad l\u00e4stid\" \/>\n\t<meta name=\"twitter:data1\" content=\"2 minut\" \/>\n<!-- \/ Yoast SEO Premium plugin. -->","yoast_head_json":{"title":"F\u00f6delsedagsm\u00e5ne med foto - Positive Prints","description":"\u00c4r du redo att skapa en minnesv\u00e4rd och hj\u00e4rtlig f\u00f6delsedagspresent? B\u00f6rja personifiera din f\u00f6delsedagsm\u00e5ne med fotokonstverk idag.","robots":{"index":"index","follow":"follow","max-snippet":"max-snippet:-1","max-image-preview":"max-image-preview:large","max-video-preview":"max-video-preview:-1"},"canonical":"https:\/\/positiveprints.com\/sv\/produkt\/fodelsedagsmanad-med-foto\/","og_locale":"sv_SE","og_type":"article","og_title":"F\u00f6delsedagsm\u00e5ne med foto","og_description":"Kom ih\u00e5g ett speciellt \u00f6gonblick med ett m\u00e5nfasutskrift av ditt datum och din plats Anpassa i 3 enkla steg V\u00e4lj bland en rad olika fantastiska m\u00f6nster Inkludera en meningsfull personlig text Se resultatet direkt \u2013 den interaktiva f\u00f6rhandsvisningen l\u00e5ter dig finjustera varje detalj","og_url":"https:\/\/positiveprints.com\/sv\/produkt\/fodelsedagsmanad-med-foto\/","og_site_name":"Positive Prints","article_publisher":"https:\/\/www.facebook.com\/positiveprintscom","article_modified_time":"2026-04-12T19:10:01+00:00","og_image":[{"width":1080,"height":1080,"url":"https:\/\/positiveprints.com\/wp-content\/uploads\/2024\/08\/Birthday-Moon-with-Photo.jpg","type":"image\/jpeg"}],"twitter_card":"summary_large_image","twitter_misc":{"Ber\u00e4knad l\u00e4stid":"2 minut"},"schema":{"@context":"https:\/\/schema.org","@graph":[{"@type":["WebPage","ItemPage"],"@id":"https:\/\/positiveprints.com\/sv\/produkt\/fodelsedagsmanad-med-foto\/","url":"https:\/\/positiveprints.com\/sv\/produkt\/fodelsedagsmanad-med-foto\/","name":"F\u00f6delsedagsm\u00e5ne med foto - Positive Prints","isPartOf":{"@id":"https:\/\/positiveprints.com\/sv\/#website"},"primaryImageOfPage":{"@id":"https:\/\/positiveprints.com\/sv\/produkt\/fodelsedagsmanad-med-foto\/#primaryimage"},"image":{"@id":"https:\/\/positiveprints.com\/sv\/produkt\/fodelsedagsmanad-med-foto\/#primaryimage"},"thumbnailUrl":"https:\/\/positiveprints.com\/wp-content\/uploads\/2026\/03\/Packshot_EN_Birthday-Moon-with-Photo.webp","datePublished":"2024-08-02T08:39:45+00:00","dateModified":"2026-04-12T19:10:01+00:00","description":"\u00c4r du redo att skapa en minnesv\u00e4rd och hj\u00e4rtlig f\u00f6delsedagspresent? B\u00f6rja personifiera din f\u00f6delsedagsm\u00e5ne med fotokonstverk idag.","breadcrumb":{"@id":"https:\/\/positiveprints.com\/sv\/produkt\/fodelsedagsmanad-med-foto\/#breadcrumb"},"inLanguage":"sv-SE","potentialAction":[{"@type":"ReadAction","target":["https:\/\/positiveprints.com\/sv\/produkt\/fodelsedagsmanad-med-foto\/"]}]},{"@type":"ImageObject","inLanguage":"sv-SE","@id":"https:\/\/positiveprints.com\/sv\/produkt\/fodelsedagsmanad-med-foto\/#primaryimage","url":"https:\/\/positiveprints.com\/wp-content\/uploads\/2026\/03\/Packshot_EN_Birthday-Moon-with-Photo.webp","contentUrl":"https:\/\/positiveprints.com\/wp-content\/uploads\/2026\/03\/Packshot_EN_Birthday-Moon-with-Photo.webp","width":1450,"height":1450},{"@type":"BreadcrumbList","@id":"https:\/\/positiveprints.com\/sv\/produkt\/fodelsedagsmanad-med-foto\/#breadcrumb","itemListElement":[{"@type":"ListItem","position":1,"name":"Home","item":"https:\/\/positiveprints.com\/sv\/"},{"@type":"ListItem","position":2,"name":"Produkter","item":"https:\/\/positiveprints.com\/sv\/shop\/"},{"@type":"ListItem","position":3,"name":"F\u00f6delsedagsm\u00e5ne med foto"}]},{"@type":"WebSite","@id":"https:\/\/positiveprints.com\/sv\/#website","url":"https:\/\/positiveprints.com\/sv\/","name":"Positive Prints","description":"Amazing Custom Personalized Gifts","publisher":{"@id":"https:\/\/positiveprints.com\/sv\/#organization"},"potentialAction":[{"@type":"SearchAction","target":{"@type":"EntryPoint","urlTemplate":"https:\/\/positiveprints.com\/sv\/?s={search_term_string}"},"query-input":{"@type":"PropertyValueSpecification","valueRequired":true,"valueName":"search_term_string"}}],"inLanguage":"sv-SE"},{"@type":"Organization","@id":"https:\/\/positiveprints.com\/sv\/#organization","name":"Positive Prints","alternateName":"Positive Prints","url":"https:\/\/positiveprints.com\/sv\/","logo":{"@type":"ImageObject","inLanguage":"sv-SE","@id":"https:\/\/positiveprints.com\/sv\/#\/schema\/logo\/image\/","url":"https:\/\/positiveprints.com\/wp-content\/uploads\/2026\/03\/245815646_1337939713319158_5671353136411139666_n.png","contentUrl":"https:\/\/positiveprints.com\/wp-content\/uploads\/2026\/03\/245815646_1337939713319158_5671353136411139666_n.png","width":800,"height":800,"caption":"Positive Prints"},"image":{"@id":"https:\/\/positiveprints.com\/sv\/#\/schema\/logo\/image\/"},"sameAs":["https:\/\/www.facebook.com\/positiveprintscom","https:\/\/www.instagram.com\/positiveprintscom\/","https:\/\/www.tiktok.com\/@positiveprintscom","https:\/\/www.pinterest.com\/positiveprintscom\/"]}]}},"jetpack_sharing_enabled":true,"_links":{"self":[{"href":"https:\/\/positiveprints.com\/sv\/wp-json\/wp\/v2\/product\/1169312","targetHints":{"allow":["GET"]}}],"collection":[{"href":"https:\/\/positiveprints.com\/sv\/wp-json\/wp\/v2\/product"}],"about":[{"href":"https:\/\/positiveprints.com\/sv\/wp-json\/wp\/v2\/types\/product"}],"wp:featuredmedia":[{"embeddable":true,"href":"https:\/\/positiveprints.com\/sv\/wp-json\/wp\/v2\/media\/1689908"}],"wp:attachment":[{"href":"https:\/\/positiveprints.com\/sv\/wp-json\/wp\/v2\/media?parent=1169312"}],"wp:term":[{"taxonomy":"product_brand","embeddable":true,"href":"https:\/\/positiveprints.com\/sv\/wp-json\/wp\/v2\/product_brand?post=1169312"},{"taxonomy":"product_cat","embeddable":true,"href":"https:\/\/positiveprints.com\/sv\/wp-json\/wp\/v2\/product_cat?post=1169312"},{"taxonomy":"product_tag","embeddable":true,"href":"https:\/\/positiveprints.com\/sv\/wp-json\/wp\/v2\/product_tag?post=1169312"}],"curies":[{"name":"wp","href":"https:\/\/api.w.org\/{rel}","templated":true}]}}