{"id":1169297,"date":"2024-08-02T09:30:21","date_gmt":"2024-08-02T08:30:21","guid":{"rendered":"https:\/\/positiveprints.com\/product\/manfas-med-foto\/"},"modified":"2026-04-03T02:39:52","modified_gmt":"2026-04-03T01:39:52","slug":"manfas-med-foto","status":"publish","type":"product","link":"https:\/\/positiveprints.com\/sv\/produkt\/manfas-med-foto\/","title":{"rendered":"M\u00e5nfas med foto"},"content":{"rendered":"<p>Letar du efter en unik och minnesv\u00e4rd g\u00e5va som kombinerar himmelsk sk\u00f6nhet med personliga minnen?\r\nMoon Phase with Photo \u00e4r ett personligt tryck eller en canvas som vackert blandar m\u00e5nfasernas underverk med ditt \u00e4lskade foto.\r\nDetta uts\u00f6kta konstverk har en m\u00e5nfas fr\u00e5n ett viktigt datum i ditt liv, tillsammans med ett v\u00e4rdefullt foto.\r\nDet \u00e4r det perfekta s\u00e4ttet att fira speciella \u00f6gonblick och skapa en best\u00e5ende minnessak.   <\/p>\r\n<h2>M\u00e5nfas med foto<\/h2>\r\n<p>Moon Phase with Photo \u00e4r ett fantastiskt skr\u00e4ddarsytt konstverk som visar en m\u00e5nfas och ett personligt foto.\r\nF\u00f6r att skapa denna meningsfulla minnessak bes\u00f6ker du helt enkelt v\u00e5r online-editor.\r\nB\u00f6rja med att v\u00e4lja en bakgrund.\r\nV\u00e4lj bland f\u00f6rdefinierade alternativ eller skapa ditt eget f\u00e4rgschema.\r\nL\u00e4gg sedan till en titel f\u00f6r ditt konstverk &#8211; ett speciellt meddelande eller en k\u00e4nsla som kommer att visas ovanf\u00f6r m\u00e5nen och fotot.    <\/p>\r\n<p>N\u00e4r du har st\u00e4llt in titeln anger du datum och plats f\u00f6r att visa m\u00e5nfasen fr\u00e5n din valda viktiga dag.\r\nUnder m\u00e5nen och fotot kan du l\u00e4gga till namn eller annan text f\u00f6r att g\u00f6ra det \u00e4nnu mer personligt.\r\nSlutligen v\u00e4ljer du formatet p\u00e5 ditt konstverk.\r\nVi erbjuder olika storlekar och stilar, inklusive tryckta eller inramade affischtryck, dukar och omedelbara digitala nedladdningar.   <\/p>\r\n<h2>Varf\u00f6r m\u00e5nfas med foto \u00e4r den perfekta presenten<\/h2>\r\n<p>Det kan vara sv\u00e5rt att hitta en meningsfull och personlig g\u00e5va, men Moon Phase with Photo \u00e4r den perfekta l\u00f6sningen.\r\nDetta konstverk \u00e4r inte bara en visuell njutning.\r\nDet \u00e4r en sentimental p\u00e5minnelse om en viktig dag i ditt liv.\r\nPerfekt f\u00f6r f\u00f6delsedagar, \u00e5rsdagar, br\u00f6llop eller andra speciella tillf\u00e4llen, denna g\u00e5va visar dina n\u00e4ra och k\u00e4ra hur mycket dessa \u00f6gonblick betyder f\u00f6r dig.   <\/p>\r\n<p>Den personliga karakt\u00e4ren hos detta konstverk s\u00e4kerst\u00e4ller att varje bit \u00e4r unik.\r\nVarje g\u00e5ng du eller din \u00e4lskade ser det kommer ni att p\u00e5minnas om den k\u00e4rlek och de minnen ni delar.\r\nDet \u00e4r en g\u00e5va som har en djup mening och som s\u00e4kert kommer att bli en uppskattad del av ditt hem.  <\/p>\r\n<h2>B\u00f6rja personifiera din g\u00e5va idag<\/h2>\r\n<p>\u00c4r du redo att skapa en minnesv\u00e4rd och innerlig g\u00e5va?\r\nB\u00f6rja med att personifiera din Moon Phase med fotokonstverk idag. <\/p>\r\n<p>V\u00e4nta inte &#8211; f\u00f6rvandla dessa speciella \u00f6gonblick till ett fantastiskt konstverk som du och dina n\u00e4ra och k\u00e4ra kommer att v\u00e5rda f\u00f6r alltid.\r\nBest\u00e4ll din personliga m\u00e5nfas med foto nu och ge en g\u00e5va som verkligen inte \u00e4r av denna v\u00e4rld. <\/p>","protected":false},"excerpt":{"rendered":"<ul class=\"check-list\">\n<li>Kom ih\u00e5g ett speciellt \u00f6gonblick med ett m\u00e5nfasutskrift av ditt datum och din plats<\/li>\n<li>Anpassa i 3 enkla steg<\/li>\n<li>V\u00e4lj bland en rad olika fantastiska m\u00f6nster<\/li>\n<li>Inkludera en meningsfull personlig text<\/li>\n<li>Se resultatet direkt \u2013 den interaktiva f\u00f6rhandsvisningen l\u00e5ter dig finjustera varje detalj<\/li>\n<\/ul>\n","protected":false},"featured_media":1168678,"template":"","meta":[],"product_brand":[],"product_cat":[7459,10948,7694,8014],"product_tag":[9801,10949],"class_list":{"0":"post-1169297","1":"product","2":"type-product","3":"status-publish","4":"has-post-thumbnail","6":"product_cat-alla-produkter","7":"product_cat-dubbelmane","8":"product_cat-gavor-for-kvinnor","9":"product_cat-gavor-for-man","10":"product_tag-mane","11":"product_tag-manfas","13":"first","14":"instock","15":"sale","16":"taxable","17":"shipping-taxable","18":"purchasable","19":"product-type-variable"},"yoast_head":"<!-- This site is optimized with the Yoast SEO Premium plugin v27.2 (Yoast SEO v27.2) - https:\/\/yoast.com\/product\/yoast-seo-premium-wordpress\/ -->\n<title>M\u00e5nfas med foto - Positive Prints<\/title>\n<meta name=\"description\" content=\"Letar du efter en unik och minnesv\u00e4rd g\u00e5va som kombinerar himmelsk sk\u00f6nhet med personliga minnen? B\u00f6rja med att g\u00f6ra din Moon Phase med fotokonstverk personlig idag.\" \/>\n<meta name=\"robots\" content=\"index, follow, max-snippet:-1, max-image-preview:large, max-video-preview:-1\" \/>\n<link rel=\"canonical\" href=\"https:\/\/positiveprints.com\/sv\/produkt\/manfas-med-foto\/\" \/>\n<meta property=\"og:locale\" content=\"sv_SE\" \/>\n<meta property=\"og:type\" content=\"article\" \/>\n<meta property=\"og:title\" content=\"M\u00e5nfas med foto\" \/>\n<meta property=\"og:description\" content=\"Kom ih\u00e5g ett speciellt \u00f6gonblick med ett m\u00e5nfasutskrift av ditt datum och din plats Anpassa i 3 enkla steg V\u00e4lj bland en rad olika fantastiska m\u00f6nster Inkludera en meningsfull personlig text Se resultatet direkt \u2013 den interaktiva f\u00f6rhandsvisningen l\u00e5ter dig finjustera varje detalj\" \/>\n<meta property=\"og:url\" content=\"https:\/\/positiveprints.com\/sv\/produkt\/manfas-med-foto\/\" \/>\n<meta property=\"og:site_name\" content=\"Positive Prints\" \/>\n<meta property=\"article:publisher\" content=\"https:\/\/www.facebook.com\/positiveprintscom\" \/>\n<meta property=\"article:modified_time\" content=\"2026-04-03T01:39:52+00:00\" \/>\n<meta property=\"og:image\" content=\"https:\/\/positiveprints.com\/wp-content\/uploads\/2024\/08\/Moon-Phase-with-Photo.jpg\" \/>\n\t<meta property=\"og:image:width\" content=\"1080\" \/>\n\t<meta property=\"og:image:height\" content=\"1080\" \/>\n\t<meta property=\"og:image:type\" content=\"image\/jpeg\" \/>\n<meta name=\"twitter:card\" content=\"summary_large_image\" \/>\n<meta name=\"twitter:label1\" content=\"Ber\u00e4knad l\u00e4stid\" \/>\n\t<meta name=\"twitter:data1\" content=\"2 minut\" \/>\n<!-- \/ Yoast SEO Premium plugin. -->","yoast_head_json":{"title":"M\u00e5nfas med foto - Positive Prints","description":"Letar du efter en unik och minnesv\u00e4rd g\u00e5va som kombinerar himmelsk sk\u00f6nhet med personliga minnen? B\u00f6rja med att g\u00f6ra din Moon Phase med fotokonstverk personlig idag.","robots":{"index":"index","follow":"follow","max-snippet":"max-snippet:-1","max-image-preview":"max-image-preview:large","max-video-preview":"max-video-preview:-1"},"canonical":"https:\/\/positiveprints.com\/sv\/produkt\/manfas-med-foto\/","og_locale":"sv_SE","og_type":"article","og_title":"M\u00e5nfas med foto","og_description":"Kom ih\u00e5g ett speciellt \u00f6gonblick med ett m\u00e5nfasutskrift av ditt datum och din plats Anpassa i 3 enkla steg V\u00e4lj bland en rad olika fantastiska m\u00f6nster Inkludera en meningsfull personlig text Se resultatet direkt \u2013 den interaktiva f\u00f6rhandsvisningen l\u00e5ter dig finjustera varje detalj","og_url":"https:\/\/positiveprints.com\/sv\/produkt\/manfas-med-foto\/","og_site_name":"Positive Prints","article_publisher":"https:\/\/www.facebook.com\/positiveprintscom","article_modified_time":"2026-04-03T01:39:52+00:00","og_image":[{"width":1080,"height":1080,"url":"https:\/\/positiveprints.com\/wp-content\/uploads\/2024\/08\/Moon-Phase-with-Photo.jpg","type":"image\/jpeg"}],"twitter_card":"summary_large_image","twitter_misc":{"Ber\u00e4knad l\u00e4stid":"2 minut"},"schema":{"@context":"https:\/\/schema.org","@graph":[{"@type":["WebPage","ItemPage"],"@id":"https:\/\/positiveprints.com\/sv\/produkt\/manfas-med-foto\/","url":"https:\/\/positiveprints.com\/sv\/produkt\/manfas-med-foto\/","name":"M\u00e5nfas med foto - Positive Prints","isPartOf":{"@id":"https:\/\/positiveprints.com\/sv\/#website"},"primaryImageOfPage":{"@id":"https:\/\/positiveprints.com\/sv\/produkt\/manfas-med-foto\/#primaryimage"},"image":{"@id":"https:\/\/positiveprints.com\/sv\/produkt\/manfas-med-foto\/#primaryimage"},"thumbnailUrl":"https:\/\/positiveprints.com\/wp-content\/uploads\/2024\/08\/Moon-Phase-with-Photo.jpg","datePublished":"2024-08-02T08:30:21+00:00","dateModified":"2026-04-03T01:39:52+00:00","description":"Letar du efter en unik och minnesv\u00e4rd g\u00e5va som kombinerar himmelsk sk\u00f6nhet med personliga minnen? B\u00f6rja med att g\u00f6ra din Moon Phase med fotokonstverk personlig idag.","breadcrumb":{"@id":"https:\/\/positiveprints.com\/sv\/produkt\/manfas-med-foto\/#breadcrumb"},"inLanguage":"sv-SE","potentialAction":[{"@type":"ReadAction","target":["https:\/\/positiveprints.com\/sv\/produkt\/manfas-med-foto\/"]}]},{"@type":"ImageObject","inLanguage":"sv-SE","@id":"https:\/\/positiveprints.com\/sv\/produkt\/manfas-med-foto\/#primaryimage","url":"https:\/\/positiveprints.com\/wp-content\/uploads\/2024\/08\/Moon-Phase-with-Photo.jpg","contentUrl":"https:\/\/positiveprints.com\/wp-content\/uploads\/2024\/08\/Moon-Phase-with-Photo.jpg","width":1080,"height":1080,"caption":"Moon Phase with Photo"},{"@type":"BreadcrumbList","@id":"https:\/\/positiveprints.com\/sv\/produkt\/manfas-med-foto\/#breadcrumb","itemListElement":[{"@type":"ListItem","position":1,"name":"Home","item":"https:\/\/positiveprints.com\/sv\/"},{"@type":"ListItem","position":2,"name":"Produkter","item":"https:\/\/positiveprints.com\/sv\/shop\/"},{"@type":"ListItem","position":3,"name":"M\u00e5nfas med foto"}]},{"@type":"WebSite","@id":"https:\/\/positiveprints.com\/sv\/#website","url":"https:\/\/positiveprints.com\/sv\/","name":"Positive Prints","description":"Amazing Custom Personalized Gifts","publisher":{"@id":"https:\/\/positiveprints.com\/sv\/#organization"},"potentialAction":[{"@type":"SearchAction","target":{"@type":"EntryPoint","urlTemplate":"https:\/\/positiveprints.com\/sv\/?s={search_term_string}"},"query-input":{"@type":"PropertyValueSpecification","valueRequired":true,"valueName":"search_term_string"}}],"inLanguage":"sv-SE"},{"@type":"Organization","@id":"https:\/\/positiveprints.com\/sv\/#organization","name":"Positive Prints","alternateName":"Positive Prints","url":"https:\/\/positiveprints.com\/sv\/","logo":{"@type":"ImageObject","inLanguage":"sv-SE","@id":"https:\/\/positiveprints.com\/sv\/#\/schema\/logo\/image\/","url":"https:\/\/positiveprints.com\/wp-content\/uploads\/2026\/03\/245815646_1337939713319158_5671353136411139666_n.png","contentUrl":"https:\/\/positiveprints.com\/wp-content\/uploads\/2026\/03\/245815646_1337939713319158_5671353136411139666_n.png","width":800,"height":800,"caption":"Positive Prints"},"image":{"@id":"https:\/\/positiveprints.com\/sv\/#\/schema\/logo\/image\/"},"sameAs":["https:\/\/www.facebook.com\/positiveprintscom","https:\/\/www.instagram.com\/positiveprintscom\/","https:\/\/www.tiktok.com\/@positiveprintscom","https:\/\/www.pinterest.com\/positiveprintscom\/"]}]}},"jetpack_sharing_enabled":true,"_links":{"self":[{"href":"https:\/\/positiveprints.com\/sv\/wp-json\/wp\/v2\/product\/1169297","targetHints":{"allow":["GET"]}}],"collection":[{"href":"https:\/\/positiveprints.com\/sv\/wp-json\/wp\/v2\/product"}],"about":[{"href":"https:\/\/positiveprints.com\/sv\/wp-json\/wp\/v2\/types\/product"}],"wp:featuredmedia":[{"embeddable":true,"href":"https:\/\/positiveprints.com\/sv\/wp-json\/wp\/v2\/media\/1168678"}],"wp:attachment":[{"href":"https:\/\/positiveprints.com\/sv\/wp-json\/wp\/v2\/media?parent=1169297"}],"wp:term":[{"taxonomy":"product_brand","embeddable":true,"href":"https:\/\/positiveprints.com\/sv\/wp-json\/wp\/v2\/product_brand?post=1169297"},{"taxonomy":"product_cat","embeddable":true,"href":"https:\/\/positiveprints.com\/sv\/wp-json\/wp\/v2\/product_cat?post=1169297"},{"taxonomy":"product_tag","embeddable":true,"href":"https:\/\/positiveprints.com\/sv\/wp-json\/wp\/v2\/product_tag?post=1169297"}],"curies":[{"name":"wp","href":"https:\/\/api.w.org\/{rel}","templated":true}]}}