{"id":1169268,"date":"2024-08-01T11:37:09","date_gmt":"2024-08-01T10:37:09","guid":{"rendered":"https:\/\/positiveprints.com\/product\/traffade-och-gifta-manfaser\/"},"modified":"2026-04-28T13:37:18","modified_gmt":"2026-04-28T12:37:18","slug":"traffas-och-gifta-moon-fasen","status":"publish","type":"product","link":"https:\/\/positiveprints.com\/sv\/produkt\/traffas-och-gifta-moon-fasen\/","title":{"rendered":"Tr\u00e4ffade och gifta m\u00e5nfaser"},"content":{"rendered":"<p>Letar du efter ett unikt och meningsfullt s\u00e4tt att fira din k\u00e4rlekshistoria?\r\nMet and Married Moon Phases \u00e4r ett personligt tryck som p\u00e5 ett vackert s\u00e4tt f\u00e5ngar de speciella \u00f6gonblicken n\u00e4r ni tr\u00e4ffades f\u00f6rsta g\u00e5ngen och n\u00e4r ni gifte er.\r\nDetta uts\u00f6kta konstverk inneh\u00e5ller tv\u00e5 m\u00e5nfaser: en fr\u00e5n dagen d\u00e5 ni tr\u00e4ffades och en fr\u00e5n er br\u00f6llopsdag.\r\nDet \u00e4r ett hj\u00e4rtligt s\u00e4tt att hedra er resa tillsammans och skapa ett best\u00e5ende minne av er k\u00e4rlek.   <\/p>\r\n<h2>Tr\u00e4ffade och gifta m\u00e5nfaser<\/h2>\r\n<p>Met and Married Moon Phases \u00e4r ett fantastiskt stycke skr\u00e4ddarsytt konstverk som visar tv\u00e5 m\u00e5nfaser, som var och en representerar de viktiga datumen i ditt f\u00f6rh\u00e5llande.\r\nF\u00f6r att skapa denna minnesv\u00e4rda minnessak bes\u00f6ker du helt enkelt v\u00e5r online editor.\r\nB\u00f6rja med att v\u00e4lja en bakgrund.\r\nV\u00e4lj bland f\u00f6rdefinierade alternativ eller designa ditt eget f\u00e4rgschema.\r\nL\u00e4gg sedan till en titel f\u00f6r ditt konstverk &#8211; ett speciellt meddelande eller en k\u00e4nsla som kommer att visas ovanf\u00f6r m\u00e5narna.    <\/p>\r\n<p>N\u00e4r du har angett titeln anger du datum och plats f\u00f6r varje m\u00e5nfas.\r\nDetta kommer att visa hur m\u00e5nen s\u00e5g ut den dag ni tr\u00e4ffades och p\u00e5 er br\u00f6llopsdag.\r\nUnder varje m\u00e5ne kan du l\u00e4gga till namn eller n\u00e5gon annan text som du f\u00f6redrar.\r\nSlutligen v\u00e4ljer du formatet p\u00e5 ditt konstverk.\r\nVi erbjuder olika storlekar och stilar, inklusive tryckta eller inramade affischtryck, dukar och omedelbara digitala nedladdningar.    <\/p>\r\n<h2>Varf\u00f6r tr\u00e4ffade och gifta m\u00e5nfaser \u00e4r den perfekta presenten<\/h2>\r\n<p>Det kan vara sv\u00e5rt att hitta en meningsfull \u00e5rsdags- eller br\u00f6llopsg\u00e5va, men Met and Married Moon Phases \u00e4r den perfekta l\u00f6sningen.\r\nDetta konstverk \u00e4r inte bara en visuell njutning; det \u00e4r en sentimental p\u00e5minnelse om de viktigaste dagarna i ditt f\u00f6rh\u00e5llande.\r\nPerfekt f\u00f6r \u00e5rsdagar, br\u00f6llop eller andra speciella tillf\u00e4llen, denna g\u00e5va visar din partner hur mycket dessa \u00f6gonblick betyder f\u00f6r dig.  <\/p>\r\n<p>Den personliga karakt\u00e4ren hos detta konstverk s\u00e4kerst\u00e4ller att varje bit \u00e4r unik.\r\nVarje g\u00e5ng du och din partner ser det kommer ni att bli p\u00e5minda om den k\u00e4rlek och samh\u00f6righet ni delar.\r\nDet \u00e4r en g\u00e5va som har en djup inneb\u00f6rd och som s\u00e4kert kommer att bli en uppskattad del av ditt hem.  <\/p>\r\n<h2>B\u00f6rja personifiera din g\u00e5va idag<\/h2>\r\n<p>\u00c4r du redo att skapa en minnesv\u00e4rd och innerlig g\u00e5va till din partner?\r\nB\u00f6rja personifiera ditt konstverk Met and Married Moon Phases idag. <\/p>\r\n<p>Missa inte &#8211; f\u00f6rvandla dessa speciella stunder till ett fantastiskt konstverk som du och din partner kommer att v\u00e5rda f\u00f6r alltid.\r\nBest\u00e4ll dina personliga Met and Married Moon Phases nu och ge en g\u00e5va som verkligen \u00e4r ute av denna v\u00e4rld. <\/p>","protected":false},"excerpt":{"rendered":"<ul class=\"check-list\">\n<li>F\u00e5nga tv\u00e5 speciella \u00f6gonblick och visa hur m\u00e5nen s\u00e5g ut under dessa dagar<\/li>\n<li>Anpassa i 3 enkla steg<\/li>\n<li>V\u00e4lj bland en rad olika fantastiska m\u00f6nster<\/li>\n<li>Inkludera en meningsfull personlig text<\/li>\n<li>Se resultatet direkt \u2013 den interaktiva f\u00f6rhandsvisningen l\u00e5ter dig finjustera varje detalj<\/li>\n<\/ul>\n","protected":false},"featured_media":1168915,"template":"","meta":[],"product_brand":[],"product_cat":[10948,8983,7459,8120,7934,7647,7758],"product_tag":[9801,10949,13764,13754,15071,8486],"class_list":{"0":"post-1169268","1":"product","2":"type-product","3":"status-publish","4":"has-post-thumbnail","6":"product_cat-dubbelmane","7":"product_cat-ny","8":"product_cat-alla-produkter","9":"product_cat-brollopspresenter-presenttillfallen","10":"product_cat-gavor-till-brollopsdusch","11":"product_cat-gavor-till-din-man","12":"product_cat-gavor-till-fru","13":"product_tag-mane","14":"product_tag-manfas","15":"product_tag-manfas-pa-brollopsdagen","16":"product_tag-manfas-pa-er-arsdag","17":"product_tag-wedding-pl-sv","18":"product_tag-wedding-sv","20":"first","21":"instock","22":"sale","23":"taxable","24":"shipping-taxable","25":"purchasable","26":"product-type-variable"},"yoast_head":"<!-- This site is optimized with the Yoast SEO Premium plugin v27.2 (Yoast SEO v27.2) - https:\/\/yoast.com\/product\/yoast-seo-premium-wordpress\/ -->\n<title>M\u00e5nfaserna f\u00f6r tr\u00e4ffade och gifta - Positiva avtryck<\/title>\n<meta name=\"description\" content=\"Met and Married Moon Phases \u00e4r ett personligt tryck som p\u00e5 ett vackert s\u00e4tt f\u00e5ngar de speciella \u00f6gonblicken n\u00e4r ni tr\u00e4ffades f\u00f6rsta g\u00e5ngen och n\u00e4r ni gifte er.\" \/>\n<meta name=\"robots\" content=\"index, follow, max-snippet:-1, max-image-preview:large, max-video-preview:-1\" \/>\n<link rel=\"canonical\" href=\"https:\/\/positiveprints.com\/sv\/produkt\/traffas-och-gifta-moon-fasen\/\" \/>\n<meta property=\"og:locale\" content=\"sv_SE\" \/>\n<meta property=\"og:type\" content=\"article\" \/>\n<meta property=\"og:title\" content=\"Tr\u00e4ffade och gifta m\u00e5nfaser\" \/>\n<meta property=\"og:description\" content=\"F\u00e5nga tv\u00e5 speciella \u00f6gonblick och visa hur m\u00e5nen s\u00e5g ut under dessa dagar Anpassa i 3 enkla steg V\u00e4lj bland en rad olika fantastiska m\u00f6nster Inkludera en meningsfull personlig text Se resultatet direkt \u2013 den interaktiva f\u00f6rhandsvisningen l\u00e5ter dig finjustera varje detalj\" \/>\n<meta property=\"og:url\" content=\"https:\/\/positiveprints.com\/sv\/produkt\/traffas-och-gifta-moon-fasen\/\" \/>\n<meta property=\"og:site_name\" content=\"Positive Prints\" \/>\n<meta property=\"article:publisher\" content=\"https:\/\/www.facebook.com\/positiveprintscom\" \/>\n<meta property=\"article:modified_time\" content=\"2026-04-28T12:37:18+00:00\" \/>\n<meta property=\"og:image\" content=\"https:\/\/positiveprints.com\/wp-content\/uploads\/2024\/08\/Met-Married-Moon-Phase-1_01.jpg\" \/>\n\t<meta property=\"og:image:width\" content=\"1080\" \/>\n\t<meta property=\"og:image:height\" content=\"1080\" \/>\n\t<meta property=\"og:image:type\" content=\"image\/jpeg\" \/>\n<meta name=\"twitter:card\" content=\"summary_large_image\" \/>\n<!-- \/ Yoast SEO Premium plugin. -->","yoast_head_json":{"title":"M\u00e5nfaserna f\u00f6r tr\u00e4ffade och gifta - Positiva avtryck","description":"Met and Married Moon Phases \u00e4r ett personligt tryck som p\u00e5 ett vackert s\u00e4tt f\u00e5ngar de speciella \u00f6gonblicken n\u00e4r ni tr\u00e4ffades f\u00f6rsta g\u00e5ngen och n\u00e4r ni gifte er.","robots":{"index":"index","follow":"follow","max-snippet":"max-snippet:-1","max-image-preview":"max-image-preview:large","max-video-preview":"max-video-preview:-1"},"canonical":"https:\/\/positiveprints.com\/sv\/produkt\/traffas-och-gifta-moon-fasen\/","og_locale":"sv_SE","og_type":"article","og_title":"Tr\u00e4ffade och gifta m\u00e5nfaser","og_description":"F\u00e5nga tv\u00e5 speciella \u00f6gonblick och visa hur m\u00e5nen s\u00e5g ut under dessa dagar Anpassa i 3 enkla steg V\u00e4lj bland en rad olika fantastiska m\u00f6nster Inkludera en meningsfull personlig text Se resultatet direkt \u2013 den interaktiva f\u00f6rhandsvisningen l\u00e5ter dig finjustera varje detalj","og_url":"https:\/\/positiveprints.com\/sv\/produkt\/traffas-och-gifta-moon-fasen\/","og_site_name":"Positive Prints","article_publisher":"https:\/\/www.facebook.com\/positiveprintscom","article_modified_time":"2026-04-28T12:37:18+00:00","og_image":[{"width":1080,"height":1080,"url":"https:\/\/positiveprints.com\/wp-content\/uploads\/2024\/08\/Met-Married-Moon-Phase-1_01.jpg","type":"image\/jpeg"}],"twitter_card":"summary_large_image","schema":{"@context":"https:\/\/schema.org","@graph":[{"@type":["WebPage","ItemPage"],"@id":"https:\/\/positiveprints.com\/sv\/produkt\/traffas-och-gifta-moon-fasen\/","url":"https:\/\/positiveprints.com\/sv\/produkt\/traffas-och-gifta-moon-fasen\/","name":"M\u00e5nfaserna f\u00f6r tr\u00e4ffade och gifta - Positiva avtryck","isPartOf":{"@id":"https:\/\/positiveprints.com\/sv\/#website"},"primaryImageOfPage":{"@id":"https:\/\/positiveprints.com\/sv\/produkt\/traffas-och-gifta-moon-fasen\/#primaryimage"},"image":{"@id":"https:\/\/positiveprints.com\/sv\/produkt\/traffas-och-gifta-moon-fasen\/#primaryimage"},"thumbnailUrl":"https:\/\/positiveprints.com\/wp-content\/uploads\/2024\/08\/Met-Married-Moon-Phase-1_01.jpg","datePublished":"2024-08-01T10:37:09+00:00","dateModified":"2026-04-28T12:37:18+00:00","description":"Met and Married Moon Phases \u00e4r ett personligt tryck som p\u00e5 ett vackert s\u00e4tt f\u00e5ngar de speciella \u00f6gonblicken n\u00e4r ni tr\u00e4ffades f\u00f6rsta g\u00e5ngen och n\u00e4r ni gifte er.","breadcrumb":{"@id":"https:\/\/positiveprints.com\/sv\/produkt\/traffas-och-gifta-moon-fasen\/#breadcrumb"},"inLanguage":"sv-SE","potentialAction":[{"@type":"ReadAction","target":["https:\/\/positiveprints.com\/sv\/produkt\/traffas-och-gifta-moon-fasen\/"]}]},{"@type":"ImageObject","inLanguage":"sv-SE","@id":"https:\/\/positiveprints.com\/sv\/produkt\/traffas-och-gifta-moon-fasen\/#primaryimage","url":"https:\/\/positiveprints.com\/wp-content\/uploads\/2024\/08\/Met-Married-Moon-Phase-1_01.jpg","contentUrl":"https:\/\/positiveprints.com\/wp-content\/uploads\/2024\/08\/Met-Married-Moon-Phase-1_01.jpg","width":1080,"height":1080,"caption":"Met and Married Moon Phases"},{"@type":"BreadcrumbList","@id":"https:\/\/positiveprints.com\/sv\/produkt\/traffas-och-gifta-moon-fasen\/#breadcrumb","itemListElement":[{"@type":"ListItem","position":1,"name":"Home","item":"https:\/\/positiveprints.com\/sv\/"},{"@type":"ListItem","position":2,"name":"Produkter","item":"https:\/\/positiveprints.com\/sv\/shop\/"},{"@type":"ListItem","position":3,"name":"Tr\u00e4ffade och gifta m\u00e5nfaser"}]},{"@type":"WebSite","@id":"https:\/\/positiveprints.com\/sv\/#website","url":"https:\/\/positiveprints.com\/sv\/","name":"Positive Prints","description":"Amazing Custom Personalized Gifts","publisher":{"@id":"https:\/\/positiveprints.com\/sv\/#organization"},"potentialAction":[{"@type":"SearchAction","target":{"@type":"EntryPoint","urlTemplate":"https:\/\/positiveprints.com\/sv\/?s={search_term_string}"},"query-input":{"@type":"PropertyValueSpecification","valueRequired":true,"valueName":"search_term_string"}}],"inLanguage":"sv-SE"},{"@type":"Organization","@id":"https:\/\/positiveprints.com\/sv\/#organization","name":"Positive Prints","alternateName":"Positive Prints","url":"https:\/\/positiveprints.com\/sv\/","logo":{"@type":"ImageObject","inLanguage":"sv-SE","@id":"https:\/\/positiveprints.com\/sv\/#\/schema\/logo\/image\/","url":"https:\/\/positiveprints.com\/wp-content\/uploads\/2026\/03\/245815646_1337939713319158_5671353136411139666_n.png","contentUrl":"https:\/\/positiveprints.com\/wp-content\/uploads\/2026\/03\/245815646_1337939713319158_5671353136411139666_n.png","width":800,"height":800,"caption":"Positive Prints"},"image":{"@id":"https:\/\/positiveprints.com\/sv\/#\/schema\/logo\/image\/"},"sameAs":["https:\/\/www.facebook.com\/positiveprintscom","https:\/\/www.instagram.com\/positiveprintscom\/","https:\/\/www.tiktok.com\/@positiveprintscom","https:\/\/www.pinterest.com\/positiveprintscom\/"]}]}},"jetpack_sharing_enabled":true,"_links":{"self":[{"href":"https:\/\/positiveprints.com\/sv\/wp-json\/wp\/v2\/product\/1169268","targetHints":{"allow":["GET"]}}],"collection":[{"href":"https:\/\/positiveprints.com\/sv\/wp-json\/wp\/v2\/product"}],"about":[{"href":"https:\/\/positiveprints.com\/sv\/wp-json\/wp\/v2\/types\/product"}],"wp:featuredmedia":[{"embeddable":true,"href":"https:\/\/positiveprints.com\/sv\/wp-json\/wp\/v2\/media\/1168915"}],"wp:attachment":[{"href":"https:\/\/positiveprints.com\/sv\/wp-json\/wp\/v2\/media?parent=1169268"}],"wp:term":[{"taxonomy":"product_brand","embeddable":true,"href":"https:\/\/positiveprints.com\/sv\/wp-json\/wp\/v2\/product_brand?post=1169268"},{"taxonomy":"product_cat","embeddable":true,"href":"https:\/\/positiveprints.com\/sv\/wp-json\/wp\/v2\/product_cat?post=1169268"},{"taxonomy":"product_tag","embeddable":true,"href":"https:\/\/positiveprints.com\/sv\/wp-json\/wp\/v2\/product_tag?post=1169268"}],"curies":[{"name":"wp","href":"https:\/\/api.w.org\/{rel}","templated":true}]}}