{"id":1169257,"date":"2024-08-01T10:14:47","date_gmt":"2024-08-01T09:14:47","guid":{"rendered":"https:\/\/positiveprints.com\/product\/sjalsfrander-i-manfas\/"},"modified":"2026-04-23T10:49:44","modified_gmt":"2026-04-23T09:49:44","slug":"manfas-soulmates","status":"publish","type":"product","link":"https:\/\/positiveprints.com\/sv\/produkt\/manfas-soulmates\/","title":{"rendered":"Sj\u00e4lsfr\u00e4nder i m\u00e5nfas"},"content":{"rendered":"<p>Letar du efter en unik och meningsfull g\u00e5va f\u00f6r att fira din k\u00e4rlek?\r\nMoon Phase Soulmates \u00e4r ett personligt tryck som p\u00e5 ett vackert s\u00e4tt f\u00e5ngar sambandet mellan dig och din sj\u00e4lsfr\u00e4nde.\r\nDetta uts\u00f6kta konstverk inneh\u00e5ller tv\u00e5 m\u00e5nfaser: en fr\u00e5n din f\u00f6delsedag och en fr\u00e5n din sj\u00e4lsfr\u00e4ndes f\u00f6delsedag.\r\nDet \u00e4r ett hj\u00e4rtligt s\u00e4tt att hedra det speciella band ni delar och fira de \u00f6gonblick som f\u00f6rde er samman.   <\/p>\r\n<h2>Sj\u00e4lsfr\u00e4nder i m\u00e5nfas<\/h2>\r\n<p>Moon Phase Soulmates \u00e4r ett fantastiskt stycke skr\u00e4ddarsytt konstverk som visar tv\u00e5 m\u00e5nfaser, som var och en representerar din och din sj\u00e4lsfr\u00e4nds f\u00f6delsedagar.\r\nF\u00f6r att skapa denna romantiska minnessak bes\u00f6ker du helt enkelt v\u00e5r online-editor.\r\nB\u00f6rja med att v\u00e4lja en bakgrund; v\u00e4lj bland f\u00f6rdefinierade alternativ eller designa ditt eget f\u00e4rgschema.\r\nL\u00e4gg sedan till en titel f\u00f6r ditt konstverk &#8211; ett speciellt meddelande eller en k\u00e4nsla som kommer att visas ovanf\u00f6r m\u00e5narna.   <\/p>\r\n<p>N\u00e4r du har st\u00e4llt in titeln anger du datum och plats f\u00f6r varje m\u00e5nfas.\r\nDetta kommer att avsl\u00f6ja hur m\u00e5nen s\u00e5g ut de dagar du och din sj\u00e4lsfr\u00e4nde f\u00f6ddes.\r\nUnder varje m\u00e5ne kan du l\u00e4gga till namn eller n\u00e5gon annan text som du f\u00f6redrar.\r\nSlutligen v\u00e4ljer du formatet p\u00e5 ditt konstverk.\r\nVi erbjuder olika storlekar och stilar, inklusive tryckta eller inramade affischtryck, dukar och omedelbara digitala nedladdningar.    <\/p>\r\n<h2>Varf\u00f6r Moon Phase Soulmates \u00e4r den perfekta presenten<\/h2>\r\n<p>Att hitta en meningsfull g\u00e5va som hyllar din k\u00e4rlek kan vara en utmaning, men Moon Phase Soulmates \u00e4r den perfekta l\u00f6sningen.\r\nDetta konstverk \u00e4r inte bara en visuell njutning.\r\nDet \u00e4r en sentimental p\u00e5minnelse om de speciella dagar som markerade er b\u00f6rjan.\r\nPerfekt f\u00f6r \u00e5rsdagar, alla hj\u00e4rtans dag eller andra romantiska tillf\u00e4llen, den h\u00e4r presenten visar din sj\u00e4lsfr\u00e4nde hur mycket han eller hon betyder f\u00f6r dig.   <\/p>\r\n<p>Den personliga aspekten av detta konstverk s\u00e4kerst\u00e4ller att varje bit \u00e4r unik.\r\nVarje g\u00e5ng du och din sj\u00e4lsfr\u00e4nde ser det kommer ni att bli p\u00e5minda om den k\u00e4rlek och samh\u00f6righet ni delar.\r\nDet \u00e4r en g\u00e5va som har en djup mening och kommer s\u00e4kert att bli en uppskattad del av ditt hem.  <\/p>\r\n<h2>B\u00f6rja personifiera din g\u00e5va idag<\/h2>\r\n<p>\u00c4r du redo att skapa en minnesv\u00e4rd och innerlig g\u00e5va till din sj\u00e4lsfr\u00e4nde?\r\nB\u00f6rja personifiera ditt Moon Phase Soulmates-konstverk idag. <\/p>\r\n<p>Missa inte &#8211; f\u00f6rvandla dessa speciella stunder till ett fantastiskt konstverk som du och din sj\u00e4lsfr\u00e4nde kommer att v\u00e5rda f\u00f6r alltid.\r\nBest\u00e4ll din personliga &#8220;Moon Phase Soulmates&#8221; nu och ge en g\u00e5va som verkligen inte \u00e4r av denna v\u00e4rld. <\/p>","protected":false},"excerpt":{"rendered":"<ul class=\"check-list\">\n<li>F\u00e5nga tv\u00e5 speciella \u00f6gonblick och visa hur m\u00e5nen s\u00e5g ut under dessa dagar<\/li>\n<li>Anpassa i 3 enkla steg<\/li>\n<li>V\u00e4lj bland en rad olika fantastiska m\u00f6nster<\/li>\n<li>Inkludera en meningsfull personlig text<\/li>\n<li>Se resultatet direkt \u2013 den interaktiva f\u00f6rhandsvisningen l\u00e5ter dig finjustera varje detalj<\/li>\n<\/ul>\n","protected":false},"featured_media":1169033,"template":"","meta":[],"product_brand":[],"product_cat":[10948,8188,8214,7459,8114,11192,11190,11191,8117,11221,11222,8118,8108,11476,11464,11473,8014,7679,7630,7662,7694,7774,7790,7743,7806,7854,8116,11251,11252],"product_tag":[15954,13430,13460,9801,11001,10949],"class_list":{"0":"post-1169257","1":"product","2":"type-product","3":"status-publish","4":"has-post-thumbnail","6":"product_cat-dubbelmane","7":"product_cat-till-henne","8":"product_cat-till-honom","9":"product_cat-alla-produkter","10":"product_cat-jubileumspresent-presenttillfallen","11":"product_cat-arsdagspresenter-till-par","12":"product_cat-arsdagspresenter-till-henne","13":"product_cat-arsdagspresenter-till-honom","14":"product_cat-fodelsedagspresenter-presenttillfallen","15":"product_cat-fodelsedagspresenter-till-henne","16":"product_cat-fodelsedagspresenter-till-honom","17":"product_cat-gavor-for-nyforlovade-par-presenttillfallen","18":"product_cat-julpresenter","19":"product_cat-julklappar-till-systern","20":"product_cat-julklappar-till-brodern","21":"product_cat-julklappar-till-barnen","22":"product_cat-gavor-for-man","23":"product_cat-gavor-till-pojkvannen","24":"product_cat-gavor-till-din-bror","25":"product_cat-gavor-till-sonen","26":"product_cat-gavor-for-kvinnor","27":"product_cat-gavor-till-dottern","28":"product_cat-gavor-till-flickvannen","29":"product_cat-gavor-till-en-syster","30":"product_cat-gavor-for-par","31":"product_cat-gavor-till-familjen","32":"product_cat-gava-pa-alla-hjartans-dag","33":"product_cat-alla-hjartans-dag-presenter-for-henne","34":"product_cat-alla-hjartans-dag-presenter-for-honom","35":"product_tag-julklapp-till-barn","36":"product_tag-julklapp-till-syster","37":"product_tag-julklappar-till-bror","38":"product_tag-mane","39":"product_tag-manens-sjalsfrander","40":"product_tag-manfas","42":"first","43":"instock","44":"sale","45":"taxable","46":"shipping-taxable","47":"purchasable","48":"product-type-variable"},"yoast_head":"<!-- This site is optimized with the Yoast SEO Premium plugin v27.2 (Yoast SEO v27.2) - https:\/\/yoast.com\/product\/yoast-seo-premium-wordpress\/ -->\n<title>Soulmates i m\u00e5nfas - Positiva avtryck<\/title>\n<meta name=\"description\" content=\"Letar du efter en unik och meningsfull g\u00e5va f\u00f6r att fira din k\u00e4rlek? Moon Phase Soulmates f\u00e5ngar sambandet mellan dig och din sj\u00e4lsfr\u00e4nde.\" \/>\n<meta name=\"robots\" content=\"index, follow, max-snippet:-1, max-image-preview:large, max-video-preview:-1\" \/>\n<link rel=\"canonical\" href=\"https:\/\/positiveprints.com\/sv\/produkt\/manfas-soulmates\/\" \/>\n<meta property=\"og:locale\" content=\"sv_SE\" \/>\n<meta property=\"og:type\" content=\"article\" \/>\n<meta property=\"og:title\" content=\"Sj\u00e4lsfr\u00e4nder i m\u00e5nfas\" \/>\n<meta property=\"og:description\" content=\"F\u00e5nga tv\u00e5 speciella \u00f6gonblick och visa hur m\u00e5nen s\u00e5g ut under dessa dagar Anpassa i 3 enkla steg V\u00e4lj bland en rad olika fantastiska m\u00f6nster Inkludera en meningsfull personlig text Se resultatet direkt \u2013 den interaktiva f\u00f6rhandsvisningen l\u00e5ter dig finjustera varje detalj\" \/>\n<meta property=\"og:url\" content=\"https:\/\/positiveprints.com\/sv\/produkt\/manfas-soulmates\/\" \/>\n<meta property=\"og:site_name\" content=\"Positive Prints\" \/>\n<meta property=\"article:publisher\" content=\"https:\/\/www.facebook.com\/positiveprintscom\" \/>\n<meta property=\"article:modified_time\" content=\"2026-04-23T09:49:44+00:00\" \/>\n<meta property=\"og:image\" content=\"https:\/\/positiveprints.com\/wp-content\/uploads\/2024\/08\/Moon-Phase-Soulmates-1_01.jpg\" \/>\n\t<meta property=\"og:image:width\" content=\"1080\" \/>\n\t<meta property=\"og:image:height\" content=\"1080\" \/>\n\t<meta property=\"og:image:type\" content=\"image\/jpeg\" \/>\n<meta name=\"twitter:card\" content=\"summary_large_image\" \/>\n<meta name=\"twitter:label1\" content=\"Ber\u00e4knad l\u00e4stid\" \/>\n\t<meta name=\"twitter:data1\" content=\"2 minut\" \/>\n<!-- \/ Yoast SEO Premium plugin. -->","yoast_head_json":{"title":"Soulmates i m\u00e5nfas - Positiva avtryck","description":"Letar du efter en unik och meningsfull g\u00e5va f\u00f6r att fira din k\u00e4rlek? Moon Phase Soulmates f\u00e5ngar sambandet mellan dig och din sj\u00e4lsfr\u00e4nde.","robots":{"index":"index","follow":"follow","max-snippet":"max-snippet:-1","max-image-preview":"max-image-preview:large","max-video-preview":"max-video-preview:-1"},"canonical":"https:\/\/positiveprints.com\/sv\/produkt\/manfas-soulmates\/","og_locale":"sv_SE","og_type":"article","og_title":"Sj\u00e4lsfr\u00e4nder i m\u00e5nfas","og_description":"F\u00e5nga tv\u00e5 speciella \u00f6gonblick och visa hur m\u00e5nen s\u00e5g ut under dessa dagar Anpassa i 3 enkla steg V\u00e4lj bland en rad olika fantastiska m\u00f6nster Inkludera en meningsfull personlig text Se resultatet direkt \u2013 den interaktiva f\u00f6rhandsvisningen l\u00e5ter dig finjustera varje detalj","og_url":"https:\/\/positiveprints.com\/sv\/produkt\/manfas-soulmates\/","og_site_name":"Positive Prints","article_publisher":"https:\/\/www.facebook.com\/positiveprintscom","article_modified_time":"2026-04-23T09:49:44+00:00","og_image":[{"width":1080,"height":1080,"url":"https:\/\/positiveprints.com\/wp-content\/uploads\/2024\/08\/Moon-Phase-Soulmates-1_01.jpg","type":"image\/jpeg"}],"twitter_card":"summary_large_image","twitter_misc":{"Ber\u00e4knad l\u00e4stid":"2 minut"},"schema":{"@context":"https:\/\/schema.org","@graph":[{"@type":["WebPage","ItemPage"],"@id":"https:\/\/positiveprints.com\/sv\/produkt\/manfas-soulmates\/","url":"https:\/\/positiveprints.com\/sv\/produkt\/manfas-soulmates\/","name":"Soulmates i m\u00e5nfas - Positiva avtryck","isPartOf":{"@id":"https:\/\/positiveprints.com\/sv\/#website"},"primaryImageOfPage":{"@id":"https:\/\/positiveprints.com\/sv\/produkt\/manfas-soulmates\/#primaryimage"},"image":{"@id":"https:\/\/positiveprints.com\/sv\/produkt\/manfas-soulmates\/#primaryimage"},"thumbnailUrl":"https:\/\/positiveprints.com\/wp-content\/uploads\/2024\/08\/Moon-Phase-Soulmates-1_01.jpg","datePublished":"2024-08-01T09:14:47+00:00","dateModified":"2026-04-23T09:49:44+00:00","description":"Letar du efter en unik och meningsfull g\u00e5va f\u00f6r att fira din k\u00e4rlek? Moon Phase Soulmates f\u00e5ngar sambandet mellan dig och din sj\u00e4lsfr\u00e4nde.","breadcrumb":{"@id":"https:\/\/positiveprints.com\/sv\/produkt\/manfas-soulmates\/#breadcrumb"},"inLanguage":"sv-SE","potentialAction":[{"@type":"ReadAction","target":["https:\/\/positiveprints.com\/sv\/produkt\/manfas-soulmates\/"]}]},{"@type":"ImageObject","inLanguage":"sv-SE","@id":"https:\/\/positiveprints.com\/sv\/produkt\/manfas-soulmates\/#primaryimage","url":"https:\/\/positiveprints.com\/wp-content\/uploads\/2024\/08\/Moon-Phase-Soulmates-1_01.jpg","contentUrl":"https:\/\/positiveprints.com\/wp-content\/uploads\/2024\/08\/Moon-Phase-Soulmates-1_01.jpg","width":1080,"height":1080,"caption":"Moon Phase Soulmates"},{"@type":"BreadcrumbList","@id":"https:\/\/positiveprints.com\/sv\/produkt\/manfas-soulmates\/#breadcrumb","itemListElement":[{"@type":"ListItem","position":1,"name":"Home","item":"https:\/\/positiveprints.com\/sv\/"},{"@type":"ListItem","position":2,"name":"Produkter","item":"https:\/\/positiveprints.com\/sv\/shop\/"},{"@type":"ListItem","position":3,"name":"Sj\u00e4lsfr\u00e4nder i m\u00e5nfas"}]},{"@type":"WebSite","@id":"https:\/\/positiveprints.com\/sv\/#website","url":"https:\/\/positiveprints.com\/sv\/","name":"Positive Prints","description":"Amazing Custom Personalized Gifts","publisher":{"@id":"https:\/\/positiveprints.com\/sv\/#organization"},"potentialAction":[{"@type":"SearchAction","target":{"@type":"EntryPoint","urlTemplate":"https:\/\/positiveprints.com\/sv\/?s={search_term_string}"},"query-input":{"@type":"PropertyValueSpecification","valueRequired":true,"valueName":"search_term_string"}}],"inLanguage":"sv-SE"},{"@type":"Organization","@id":"https:\/\/positiveprints.com\/sv\/#organization","name":"Positive Prints","alternateName":"Positive Prints","url":"https:\/\/positiveprints.com\/sv\/","logo":{"@type":"ImageObject","inLanguage":"sv-SE","@id":"https:\/\/positiveprints.com\/sv\/#\/schema\/logo\/image\/","url":"https:\/\/positiveprints.com\/wp-content\/uploads\/2026\/03\/245815646_1337939713319158_5671353136411139666_n.png","contentUrl":"https:\/\/positiveprints.com\/wp-content\/uploads\/2026\/03\/245815646_1337939713319158_5671353136411139666_n.png","width":800,"height":800,"caption":"Positive Prints"},"image":{"@id":"https:\/\/positiveprints.com\/sv\/#\/schema\/logo\/image\/"},"sameAs":["https:\/\/www.facebook.com\/positiveprintscom","https:\/\/www.instagram.com\/positiveprintscom\/","https:\/\/www.tiktok.com\/@positiveprintscom","https:\/\/www.pinterest.com\/positiveprintscom\/"]}]}},"jetpack_sharing_enabled":true,"_links":{"self":[{"href":"https:\/\/positiveprints.com\/sv\/wp-json\/wp\/v2\/product\/1169257","targetHints":{"allow":["GET"]}}],"collection":[{"href":"https:\/\/positiveprints.com\/sv\/wp-json\/wp\/v2\/product"}],"about":[{"href":"https:\/\/positiveprints.com\/sv\/wp-json\/wp\/v2\/types\/product"}],"wp:featuredmedia":[{"embeddable":true,"href":"https:\/\/positiveprints.com\/sv\/wp-json\/wp\/v2\/media\/1169033"}],"wp:attachment":[{"href":"https:\/\/positiveprints.com\/sv\/wp-json\/wp\/v2\/media?parent=1169257"}],"wp:term":[{"taxonomy":"product_brand","embeddable":true,"href":"https:\/\/positiveprints.com\/sv\/wp-json\/wp\/v2\/product_brand?post=1169257"},{"taxonomy":"product_cat","embeddable":true,"href":"https:\/\/positiveprints.com\/sv\/wp-json\/wp\/v2\/product_cat?post=1169257"},{"taxonomy":"product_tag","embeddable":true,"href":"https:\/\/positiveprints.com\/sv\/wp-json\/wp\/v2\/product_tag?post=1169257"}],"curies":[{"name":"wp","href":"https:\/\/api.w.org\/{rel}","templated":true}]}}