{"id":1168168,"date":"2024-07-29T10:45:33","date_gmt":"2024-07-29T09:45:33","guid":{"rendered":"https:\/\/positiveprints.com\/product\/tva-manar-for-mamma\/"},"modified":"2026-04-03T02:40:57","modified_gmt":"2026-04-03T01:40:57","slug":"tva-manar-for-mamma","status":"publish","type":"product","link":"https:\/\/positiveprints.com\/sv\/produkt\/tva-manar-for-mamma\/","title":{"rendered":"Tv\u00e5 m\u00e5nar f\u00f6r mamma"},"content":{"rendered":"<p>Letar du efter en speciell present till mamma?\r\nTwo Moons for Mom \u00e4r en hj\u00e4rtlig och unik g\u00e5va som kommer att f\u00e5 henne att le.\r\nDetta personliga tryck eller canvas visar m\u00e5nfaserna fr\u00e5n tv\u00e5 viktiga datum, till exempel f\u00f6delsedatum f\u00f6r hennes barn.\r\nDet \u00e4r ett vackert s\u00e4tt att f\u00e5nga dessa v\u00e4rdefulla \u00f6gonblick och p\u00e5minna henne om det speciella band hon delar med sina barn.   <\/p>\r\n<h2>Tv\u00e5 m\u00e5nar f\u00f6r mamma<\/h2>\r\n<p>Two Moons for Mom \u00e4r ett fantastiskt personligt konstverk med tv\u00e5 m\u00e5nfaser som var och en representerar ett viktigt datum.\r\nF\u00f6r att skapa detta m\u00e4sterverk beh\u00f6ver du bara bes\u00f6ka v\u00e5r online editor.\r\nB\u00f6rja med att v\u00e4lja en bakgrund.\r\nDu kan v\u00e4lja bland f\u00f6rdefinierade bakgrunder eller skapa ditt eget f\u00e4rgschema.\r\nL\u00e4gg sedan till en titel f\u00f6r ditt konstverk &#8211; ett personligt meddelande eller en k\u00e4nsla som kommer att visas ovanf\u00f6r m\u00e5narna.    <\/p>\r\n<p>N\u00e4r du har st\u00e4llt in titeln anger du tid och plats f\u00f6r varje m\u00e5nfas.\r\nD\u00e5 visas hur m\u00e5nen s\u00e5g ut p\u00e5 de speciella dagar som du har valt, t.ex. barnens f\u00f6delsedatum.\r\nUnder varje m\u00e5ne kan du l\u00e4gga till namn eller annan text som du vill.\r\nSlutligen v\u00e4ljer du formatet p\u00e5 ditt konstverk.\r\nVi erbjuder olika storlekar och stilar, inklusive tryckta eller inramade affischtryck, dukar och omedelbara digitala nedladdningar.    <\/p>\r\n<h2>Varf\u00f6r tv\u00e5 m\u00e5nar till mamma \u00e4r den perfekta presenten<\/h2>\r\n<p>N\u00e4r det g\u00e4ller presenter till mamma kan det vara en utmaning att hitta n\u00e5got som \u00e4r b\u00e5de meningsfullt och unikt.\r\nTwo Moons for Mom \u00e4r inte bara ett konstverk.\r\nDet \u00e4r en sentimental p\u00e5minnelse om tv\u00e5 av de lyckligaste dagarna i hennes liv.\r\nDen h\u00e4r presenten \u00e4r perfekt f\u00f6r f\u00f6delsedagar, mors dag eller andra speciella tillf\u00e4llen d\u00e5 du vill visa mamma hur mycket hon betyder f\u00f6r dig.   <\/p>\r\n<p>Den personliga karakt\u00e4ren hos detta konstverk s\u00e4kerst\u00e4ller att ingen bit \u00e4r den andra lik.\r\nVarje g\u00e5ng mamma tittar p\u00e5 det kommer hon att bli p\u00e5mind om den k\u00e4rlek och gl\u00e4dje som hennes barn ger henne i livet.\r\nDet \u00e4r en g\u00e5va som s\u00e4ger mycket och som garanterat kommer att bli ett k\u00e4rt minne i din familj.  <\/p>\r\n<h2>B\u00f6rja personifiera din g\u00e5va idag<\/h2>\r\n<p>\u00c4r du redo att skapa en minnesv\u00e4rd present till mamma?\r\nB\u00f6rja personifiera ditt konstverk Two Moons for Mom nu.   <\/p>\r\n<p>V\u00e4nta inte &#8211; f\u00f6rvandla dessa speciella stunder till ett vackert konstverk som mamma kommer att v\u00e4rna om f\u00f6r alltid.\r\nBest\u00e4ll din personliga Two Moons for Mom idag och ge en g\u00e5va som verkligen inte \u00e4r av denna v\u00e4rld. <\/p>","protected":false},"excerpt":{"rendered":"<ul class=\"check-list\">\n<li>F\u00e5nga tv\u00e5 speciella \u00f6gonblick och visa hur m\u00e5nen s\u00e5g ut under dessa dagar<\/li>\n<li>Anpassa i 3 enkla steg<\/li>\n<li>V\u00e4lj bland en rad olika fantastiska m\u00f6nster<\/li>\n<li>Inkludera en meningsfull personlig text<\/li>\n<li>Se resultatet direkt \u2013 den interaktiva f\u00f6rhandsvisningen l\u00e5ter dig finjustera varje detalj<\/li>\n<\/ul>\n","protected":false},"featured_media":1381312,"template":"","meta":[],"product_brand":[],"product_cat":[10948,9767,7459,8108,11474,7710],"product_tag":[11833,10961,9801,10949,10951,8409],"class_list":{"0":"post-1168168","1":"product","2":"type-product","3":"status-publish","4":"has-post-thumbnail","6":"product_cat-dubbelmane","7":"product_cat-trending-label-sv","8":"product_cat-alla-produkter","9":"product_cat-julpresenter","10":"product_cat-julklappar-till-mamma","11":"product_cat-gavor-till-mamma","12":"product_tag-julklappar-till-mamma","13":"product_tag-mamma","14":"product_tag-mane","15":"product_tag-manfas","16":"product_tag-mors-dag","17":"product_tag-mother-sv","19":"first","20":"instock","21":"sale","22":"taxable","23":"shipping-taxable","24":"purchasable","25":"product-type-variable"},"yoast_head":"<!-- This site is optimized with the Yoast SEO Premium plugin v27.2 (Yoast SEO v27.2) - https:\/\/yoast.com\/product\/yoast-seo-premium-wordpress\/ -->\n<title>Tv\u00e5 m\u00e5nar f\u00f6r mamma - Positive Prints<\/title>\n<meta name=\"description\" content=\"Letar du efter den perfekta presenten till mamma? Two Moons for Mom \u00e4r en unik och omt\u00e4nksam g\u00e5va som kommer att ber\u00f6ra hans hj\u00e4rta. Best\u00e4ll din nu.\" \/>\n<meta name=\"robots\" content=\"index, follow, max-snippet:-1, max-image-preview:large, max-video-preview:-1\" \/>\n<link rel=\"canonical\" href=\"https:\/\/positiveprints.com\/sv\/produkt\/tva-manar-for-mamma\/\" \/>\n<meta property=\"og:locale\" content=\"sv_SE\" \/>\n<meta property=\"og:type\" content=\"article\" \/>\n<meta property=\"og:title\" content=\"Tv\u00e5 m\u00e5nar f\u00f6r mamma\" \/>\n<meta property=\"og:description\" content=\"F\u00e5nga tv\u00e5 speciella \u00f6gonblick och visa hur m\u00e5nen s\u00e5g ut under dessa dagar Anpassa i 3 enkla steg V\u00e4lj bland en rad olika fantastiska m\u00f6nster Inkludera en meningsfull personlig text Se resultatet direkt \u2013 den interaktiva f\u00f6rhandsvisningen l\u00e5ter dig finjustera varje detalj\" \/>\n<meta property=\"og:url\" content=\"https:\/\/positiveprints.com\/sv\/produkt\/tva-manar-for-mamma\/\" \/>\n<meta property=\"og:site_name\" content=\"Positive Prints\" \/>\n<meta property=\"article:publisher\" content=\"https:\/\/www.facebook.com\/positiveprintscom\" \/>\n<meta property=\"article:modified_time\" content=\"2026-04-03T01:40:57+00:00\" \/>\n<meta property=\"og:image\" content=\"https:\/\/positiveprints.com\/wp-content\/uploads\/2024\/07\/Two-Moons-for-Mom-.jpg\" \/>\n\t<meta property=\"og:image:width\" content=\"1080\" \/>\n\t<meta property=\"og:image:height\" content=\"1080\" \/>\n\t<meta property=\"og:image:type\" content=\"image\/jpeg\" \/>\n<meta name=\"twitter:card\" content=\"summary_large_image\" \/>\n<meta name=\"twitter:label1\" content=\"Ber\u00e4knad l\u00e4stid\" \/>\n\t<meta name=\"twitter:data1\" content=\"2 minut\" \/>\n<!-- \/ Yoast SEO Premium plugin. -->","yoast_head_json":{"title":"Tv\u00e5 m\u00e5nar f\u00f6r mamma - Positive Prints","description":"Letar du efter den perfekta presenten till mamma? Two Moons for Mom \u00e4r en unik och omt\u00e4nksam g\u00e5va som kommer att ber\u00f6ra hans hj\u00e4rta. Best\u00e4ll din nu.","robots":{"index":"index","follow":"follow","max-snippet":"max-snippet:-1","max-image-preview":"max-image-preview:large","max-video-preview":"max-video-preview:-1"},"canonical":"https:\/\/positiveprints.com\/sv\/produkt\/tva-manar-for-mamma\/","og_locale":"sv_SE","og_type":"article","og_title":"Tv\u00e5 m\u00e5nar f\u00f6r mamma","og_description":"F\u00e5nga tv\u00e5 speciella \u00f6gonblick och visa hur m\u00e5nen s\u00e5g ut under dessa dagar Anpassa i 3 enkla steg V\u00e4lj bland en rad olika fantastiska m\u00f6nster Inkludera en meningsfull personlig text Se resultatet direkt \u2013 den interaktiva f\u00f6rhandsvisningen l\u00e5ter dig finjustera varje detalj","og_url":"https:\/\/positiveprints.com\/sv\/produkt\/tva-manar-for-mamma\/","og_site_name":"Positive Prints","article_publisher":"https:\/\/www.facebook.com\/positiveprintscom","article_modified_time":"2026-04-03T01:40:57+00:00","og_image":[{"width":1080,"height":1080,"url":"https:\/\/positiveprints.com\/wp-content\/uploads\/2024\/07\/Two-Moons-for-Mom-.jpg","type":"image\/jpeg"}],"twitter_card":"summary_large_image","twitter_misc":{"Ber\u00e4knad l\u00e4stid":"2 minut"},"schema":{"@context":"https:\/\/schema.org","@graph":[{"@type":["WebPage","ItemPage"],"@id":"https:\/\/positiveprints.com\/sv\/produkt\/tva-manar-for-mamma\/","url":"https:\/\/positiveprints.com\/sv\/produkt\/tva-manar-for-mamma\/","name":"Tv\u00e5 m\u00e5nar f\u00f6r mamma - Positive Prints","isPartOf":{"@id":"https:\/\/positiveprints.com\/sv\/#website"},"primaryImageOfPage":{"@id":"https:\/\/positiveprints.com\/sv\/produkt\/tva-manar-for-mamma\/#primaryimage"},"image":{"@id":"https:\/\/positiveprints.com\/sv\/produkt\/tva-manar-for-mamma\/#primaryimage"},"thumbnailUrl":"https:\/\/positiveprints.com\/wp-content\/uploads\/2025\/03\/Tva\u030a-ma\u030anar-fo\u0308r-mamma-1.webp","datePublished":"2024-07-29T09:45:33+00:00","dateModified":"2026-04-03T01:40:57+00:00","description":"Letar du efter den perfekta presenten till mamma? Two Moons for Mom \u00e4r en unik och omt\u00e4nksam g\u00e5va som kommer att ber\u00f6ra hans hj\u00e4rta. Best\u00e4ll din nu.","breadcrumb":{"@id":"https:\/\/positiveprints.com\/sv\/produkt\/tva-manar-for-mamma\/#breadcrumb"},"inLanguage":"sv-SE","potentialAction":[{"@type":"ReadAction","target":["https:\/\/positiveprints.com\/sv\/produkt\/tva-manar-for-mamma\/"]}]},{"@type":"ImageObject","inLanguage":"sv-SE","@id":"https:\/\/positiveprints.com\/sv\/produkt\/tva-manar-for-mamma\/#primaryimage","url":"https:\/\/positiveprints.com\/wp-content\/uploads\/2025\/03\/Tva\u030a-ma\u030anar-fo\u0308r-mamma-1.webp","contentUrl":"https:\/\/positiveprints.com\/wp-content\/uploads\/2025\/03\/Tva\u030a-ma\u030anar-fo\u0308r-mamma-1.webp","width":1450,"height":1450},{"@type":"BreadcrumbList","@id":"https:\/\/positiveprints.com\/sv\/produkt\/tva-manar-for-mamma\/#breadcrumb","itemListElement":[{"@type":"ListItem","position":1,"name":"Home","item":"https:\/\/positiveprints.com\/sv\/"},{"@type":"ListItem","position":2,"name":"Produkter","item":"https:\/\/positiveprints.com\/sv\/shop\/"},{"@type":"ListItem","position":3,"name":"Tv\u00e5 m\u00e5nar f\u00f6r mamma"}]},{"@type":"WebSite","@id":"https:\/\/positiveprints.com\/sv\/#website","url":"https:\/\/positiveprints.com\/sv\/","name":"Positive Prints","description":"Amazing Custom Personalized Gifts","publisher":{"@id":"https:\/\/positiveprints.com\/sv\/#organization"},"potentialAction":[{"@type":"SearchAction","target":{"@type":"EntryPoint","urlTemplate":"https:\/\/positiveprints.com\/sv\/?s={search_term_string}"},"query-input":{"@type":"PropertyValueSpecification","valueRequired":true,"valueName":"search_term_string"}}],"inLanguage":"sv-SE"},{"@type":"Organization","@id":"https:\/\/positiveprints.com\/sv\/#organization","name":"Positive Prints","alternateName":"Positive Prints","url":"https:\/\/positiveprints.com\/sv\/","logo":{"@type":"ImageObject","inLanguage":"sv-SE","@id":"https:\/\/positiveprints.com\/sv\/#\/schema\/logo\/image\/","url":"https:\/\/positiveprints.com\/wp-content\/uploads\/2026\/03\/245815646_1337939713319158_5671353136411139666_n.png","contentUrl":"https:\/\/positiveprints.com\/wp-content\/uploads\/2026\/03\/245815646_1337939713319158_5671353136411139666_n.png","width":800,"height":800,"caption":"Positive Prints"},"image":{"@id":"https:\/\/positiveprints.com\/sv\/#\/schema\/logo\/image\/"},"sameAs":["https:\/\/www.facebook.com\/positiveprintscom","https:\/\/www.instagram.com\/positiveprintscom\/","https:\/\/www.tiktok.com\/@positiveprintscom","https:\/\/www.pinterest.com\/positiveprintscom\/"]}]}},"jetpack_sharing_enabled":true,"_links":{"self":[{"href":"https:\/\/positiveprints.com\/sv\/wp-json\/wp\/v2\/product\/1168168","targetHints":{"allow":["GET"]}}],"collection":[{"href":"https:\/\/positiveprints.com\/sv\/wp-json\/wp\/v2\/product"}],"about":[{"href":"https:\/\/positiveprints.com\/sv\/wp-json\/wp\/v2\/types\/product"}],"wp:featuredmedia":[{"embeddable":true,"href":"https:\/\/positiveprints.com\/sv\/wp-json\/wp\/v2\/media\/1381312"}],"wp:attachment":[{"href":"https:\/\/positiveprints.com\/sv\/wp-json\/wp\/v2\/media?parent=1168168"}],"wp:term":[{"taxonomy":"product_brand","embeddable":true,"href":"https:\/\/positiveprints.com\/sv\/wp-json\/wp\/v2\/product_brand?post=1168168"},{"taxonomy":"product_cat","embeddable":true,"href":"https:\/\/positiveprints.com\/sv\/wp-json\/wp\/v2\/product_cat?post=1168168"},{"taxonomy":"product_tag","embeddable":true,"href":"https:\/\/positiveprints.com\/sv\/wp-json\/wp\/v2\/product_tag?post=1168168"}],"curies":[{"name":"wp","href":"https:\/\/api.w.org\/{rel}","templated":true}]}}