{"id":1168161,"date":"2024-07-29T11:43:07","date_gmt":"2024-07-29T10:43:07","guid":{"rendered":"https:\/\/positiveprints.com\/?post_type=product&#038;p=1168161"},"modified":"2026-04-18T03:30:43","modified_gmt":"2026-04-18T02:30:43","slug":"tva-manar-for-farfar","status":"publish","type":"product","link":"https:\/\/positiveprints.com\/sv\/produkt\/tva-manar-for-farfar\/","title":{"rendered":"Tv\u00e5 m\u00e5nar f\u00f6r farfar"},"content":{"rendered":"<p>Letar du efter en speciell present till morfar?\r\nTwo Moons for Grandpa \u00e4r en unik och innerlig present som kommer att ber\u00f6ra hans hj\u00e4rta.\r\nDetta personliga tryck eller canvas har m\u00e5nfaserna fr\u00e5n tv\u00e5 viktiga datum, till exempel f\u00f6delsedatum f\u00f6r hans barnbarn.\r\nDet \u00e4r ett vackert s\u00e4tt att fira och hedra de v\u00e4rdefulla stunder som han h\u00e5ller k\u00e4ra.   <\/p>\r\n<h2>Tv\u00e5 m\u00e5nar f\u00f6r farfar<\/h2>\r\n<p>&#8220;Two Moons for Grandpa&#8221; \u00e4r ett fantastiskt konstverk som visar tv\u00e5 m\u00e5nfaser som var och en representerar ett viktigt datum.\r\nF\u00f6r att skapa denna minnesv\u00e4rda g\u00e5va bes\u00f6ker du helt enkelt v\u00e5r online-editor.\r\nB\u00f6rja med att v\u00e4lja en bakgrund; v\u00e4lj bland f\u00f6rdefinierade alternativ eller designa ditt eget f\u00e4rgschema.\r\nL\u00e4gg sedan till en titel f\u00f6r ditt konstverk &#8211; ett speciellt meddelande eller en k\u00e4nsla som kommer att visas ovanf\u00f6r m\u00e5narna.   <\/p>\r\n<p>N\u00e4r du har st\u00e4llt in titeln anger du tid och plats f\u00f6r varje m\u00e5nfas.\r\nDetta kommer att visa hur m\u00e5nen s\u00e5g ut p\u00e5 dessa speciella dagar, till exempel barnbarnens f\u00f6delsedatum.\r\nUnder varje m\u00e5ne kan du l\u00e4gga till namn eller n\u00e5gon annan text som du f\u00f6redrar.\r\nSlutligen v\u00e4ljer du formatet p\u00e5 ditt konstverk.\r\nVi erbjuder olika storlekar och stilar, inklusive tryckta eller inramade affischtryck, dukar och omedelbara digitala nedladdningar.    <\/p>\r\n<h2>Varf\u00f6r tv\u00e5 m\u00e5nar till morfar \u00e4r den perfekta presenten<\/h2>\r\n<p>Det kan vara sv\u00e5rt att hitta en meningsfull present till morfar, men Two Moons for Grandpa \u00e4r den perfekta l\u00f6sningen.\r\nDetta konstverk \u00e4r inte bara en visuell njutning.\r\nDet \u00e4r en sentimental p\u00e5minnelse om tv\u00e5 av de lyckligaste dagarna i hans liv.\r\nPerfekt f\u00f6r f\u00f6delsedagar, morf\u00f6r\u00e4ldrarnas dag eller andra speciella tillf\u00e4llen, den h\u00e4r presenten visar morfar hur mycket han betyder f\u00f6r dig.   <\/p>\r\n<p>Den personliga aspekten av detta konstverk s\u00e4kerst\u00e4ller att varje bit \u00e4r unik.\r\nVarje g\u00e5ng morfar ser det kommer han att p\u00e5minnas om den gl\u00e4dje och k\u00e4rlek som hans barnbarn ger honom.\r\nDet \u00e4r en g\u00e5va som har en djup mening och som s\u00e4kert kommer att bli en uppskattad del av hans hem.  <\/p>\r\n<h2>B\u00f6rja personifiera din g\u00e5va idag<\/h2>\r\n<p>\u00c4r du redo att skapa en minnesv\u00e4rd och innerlig present till morfar?\r\nB\u00f6rja anpassa ditt konstverk Two Moons for Grandpa idag.\r\nBes\u00f6k v\u00e5r online-editor f\u00f6r att v\u00e4lja en bakgrund, l\u00e4gga till en speciell titel, ange datum och platser f\u00f6r m\u00e5nfaserna och anpassa texten under varje m\u00e5ne.\r\nV\u00e4lj det format som b\u00e4st passar farfars stil och du \u00e4r klar!   <\/p>\r\n<p>Missa inte att f\u00f6rvandla dessa speciella stunder till ett fantastiskt konstverk som farfar kommer att v\u00e4rna om f\u00f6r alltid.\r\nBest\u00e4ll din personliga Two Moons till morfar nu och ge honom en g\u00e5va som verkligen inte \u00e4r av denna v\u00e4rld. <\/p>","protected":false},"excerpt":{"rendered":"<ul class=\"check-list\">\n<li>F\u00e5nga tv\u00e5 speciella \u00f6gonblick och visa hur m\u00e5nen s\u00e5g ut under dessa dagar<\/li>\n<li>Anpassa i 3 enkla steg<\/li>\n<li>V\u00e4lj bland en rad olika fantastiska m\u00f6nster<\/li>\n<li>Inkludera en meningsfull personlig text<\/li>\n<li>Se resultatet direkt \u2013 den interaktiva f\u00f6rhandsvisningen l\u00e5ter dig finjustera varje detalj<\/li>\n<\/ul>\n","protected":false},"featured_media":1169101,"template":"","meta":[],"product_brand":[],"product_cat":[10948,7459,9000,8108,11467,7614],"product_tag":[10952,10955,8683,13381,9801,10949,10950],"class_list":{"0":"post-1168161","1":"product","2":"type-product","3":"status-publish","4":"has-post-thumbnail","6":"product_cat-dubbelmane","7":"product_cat-alla-produkter","8":"product_cat-aldreomsorgens-dag","9":"product_cat-julpresenter","10":"product_cat-julklappar-till-morfar","11":"product_cat-gavor-till-morfar","12":"product_tag-farfar","13":"product_tag-farfar-sv","14":"product_tag-grandparents-sv","15":"product_tag-julklapp-till-en-morfar","16":"product_tag-mane","17":"product_tag-manfas","18":"product_tag-morfar","20":"first","21":"instock","22":"sale","23":"taxable","24":"shipping-taxable","25":"purchasable","26":"product-type-variable"},"yoast_head":"<!-- This site is optimized with the Yoast SEO Premium plugin v27.2 (Yoast SEO v27.2) - https:\/\/yoast.com\/product\/yoast-seo-premium-wordpress\/ -->\n<title>Tv\u00e5 m\u00e5nar f\u00f6r morfar - Positiva avtryck<\/title>\n<meta name=\"description\" content=\"Letar du efter en unik och meningsfull g\u00e5va till morfar? Two Moons for Grandpa \u00e4r en omt\u00e4nksam och personlig g\u00e5va som kommer att f\u00e5 hennes hj\u00e4rta att sm\u00e4lta.\" \/>\n<meta name=\"robots\" content=\"index, follow, max-snippet:-1, max-image-preview:large, max-video-preview:-1\" \/>\n<link rel=\"canonical\" href=\"https:\/\/positiveprints.com\/sv\/produkt\/tva-manar-for-farfar\/\" \/>\n<meta property=\"og:locale\" content=\"sv_SE\" \/>\n<meta property=\"og:type\" content=\"article\" \/>\n<meta property=\"og:title\" content=\"Tv\u00e5 m\u00e5nar f\u00f6r farfar\" \/>\n<meta property=\"og:description\" content=\"F\u00e5nga tv\u00e5 speciella \u00f6gonblick och visa hur m\u00e5nen s\u00e5g ut under dessa dagar Anpassa i 3 enkla steg V\u00e4lj bland en rad olika fantastiska m\u00f6nster Inkludera en meningsfull personlig text Se resultatet direkt \u2013 den interaktiva f\u00f6rhandsvisningen l\u00e5ter dig finjustera varje detalj\" \/>\n<meta property=\"og:url\" content=\"https:\/\/positiveprints.com\/sv\/produkt\/tva-manar-for-farfar\/\" \/>\n<meta property=\"og:site_name\" content=\"Positive Prints\" \/>\n<meta property=\"article:publisher\" content=\"https:\/\/www.facebook.com\/positiveprintscom\" \/>\n<meta property=\"article:modified_time\" content=\"2026-04-18T02:30:43+00:00\" \/>\n<meta property=\"og:image\" content=\"https:\/\/positiveprints.com\/wp-content\/uploads\/2024\/07\/Double-Moon-Phase-for-Grandpa-1_01.jpg\" \/>\n\t<meta property=\"og:image:width\" content=\"1080\" \/>\n\t<meta property=\"og:image:height\" content=\"1080\" \/>\n\t<meta property=\"og:image:type\" content=\"image\/jpeg\" \/>\n<meta name=\"twitter:card\" content=\"summary_large_image\" \/>\n<meta name=\"twitter:label1\" content=\"Ber\u00e4knad l\u00e4stid\" \/>\n\t<meta name=\"twitter:data1\" content=\"3 minut\" \/>\n<!-- \/ Yoast SEO Premium plugin. -->","yoast_head_json":{"title":"Tv\u00e5 m\u00e5nar f\u00f6r morfar - Positiva avtryck","description":"Letar du efter en unik och meningsfull g\u00e5va till morfar? Two Moons for Grandpa \u00e4r en omt\u00e4nksam och personlig g\u00e5va som kommer att f\u00e5 hennes hj\u00e4rta att sm\u00e4lta.","robots":{"index":"index","follow":"follow","max-snippet":"max-snippet:-1","max-image-preview":"max-image-preview:large","max-video-preview":"max-video-preview:-1"},"canonical":"https:\/\/positiveprints.com\/sv\/produkt\/tva-manar-for-farfar\/","og_locale":"sv_SE","og_type":"article","og_title":"Tv\u00e5 m\u00e5nar f\u00f6r farfar","og_description":"F\u00e5nga tv\u00e5 speciella \u00f6gonblick och visa hur m\u00e5nen s\u00e5g ut under dessa dagar Anpassa i 3 enkla steg V\u00e4lj bland en rad olika fantastiska m\u00f6nster Inkludera en meningsfull personlig text Se resultatet direkt \u2013 den interaktiva f\u00f6rhandsvisningen l\u00e5ter dig finjustera varje detalj","og_url":"https:\/\/positiveprints.com\/sv\/produkt\/tva-manar-for-farfar\/","og_site_name":"Positive Prints","article_publisher":"https:\/\/www.facebook.com\/positiveprintscom","article_modified_time":"2026-04-18T02:30:43+00:00","og_image":[{"width":1080,"height":1080,"url":"https:\/\/positiveprints.com\/wp-content\/uploads\/2024\/07\/Double-Moon-Phase-for-Grandpa-1_01.jpg","type":"image\/jpeg"}],"twitter_card":"summary_large_image","twitter_misc":{"Ber\u00e4knad l\u00e4stid":"3 minut"},"schema":{"@context":"https:\/\/schema.org","@graph":[{"@type":["WebPage","ItemPage"],"@id":"https:\/\/positiveprints.com\/sv\/produkt\/tva-manar-for-farfar\/","url":"https:\/\/positiveprints.com\/sv\/produkt\/tva-manar-for-farfar\/","name":"Tv\u00e5 m\u00e5nar f\u00f6r morfar - Positiva avtryck","isPartOf":{"@id":"https:\/\/positiveprints.com\/sv\/#website"},"primaryImageOfPage":{"@id":"https:\/\/positiveprints.com\/sv\/produkt\/tva-manar-for-farfar\/#primaryimage"},"image":{"@id":"https:\/\/positiveprints.com\/sv\/produkt\/tva-manar-for-farfar\/#primaryimage"},"thumbnailUrl":"https:\/\/positiveprints.com\/wp-content\/uploads\/2024\/07\/Double-Moon-Phase-for-Grandpa-1_01.jpg","datePublished":"2024-07-29T10:43:07+00:00","dateModified":"2026-04-18T02:30:43+00:00","description":"Letar du efter en unik och meningsfull g\u00e5va till morfar? Two Moons for Grandpa \u00e4r en omt\u00e4nksam och personlig g\u00e5va som kommer att f\u00e5 hennes hj\u00e4rta att sm\u00e4lta.","breadcrumb":{"@id":"https:\/\/positiveprints.com\/sv\/produkt\/tva-manar-for-farfar\/#breadcrumb"},"inLanguage":"sv-SE","potentialAction":[{"@type":"ReadAction","target":["https:\/\/positiveprints.com\/sv\/produkt\/tva-manar-for-farfar\/"]}]},{"@type":"ImageObject","inLanguage":"sv-SE","@id":"https:\/\/positiveprints.com\/sv\/produkt\/tva-manar-for-farfar\/#primaryimage","url":"https:\/\/positiveprints.com\/wp-content\/uploads\/2024\/07\/Double-Moon-Phase-for-Grandpa-1_01.jpg","contentUrl":"https:\/\/positiveprints.com\/wp-content\/uploads\/2024\/07\/Double-Moon-Phase-for-Grandpa-1_01.jpg","width":1080,"height":1080,"caption":"Two Moons for Grandpa"},{"@type":"BreadcrumbList","@id":"https:\/\/positiveprints.com\/sv\/produkt\/tva-manar-for-farfar\/#breadcrumb","itemListElement":[{"@type":"ListItem","position":1,"name":"Home","item":"https:\/\/positiveprints.com\/sv\/"},{"@type":"ListItem","position":2,"name":"Produkter","item":"https:\/\/positiveprints.com\/sv\/shop\/"},{"@type":"ListItem","position":3,"name":"Tv\u00e5 m\u00e5nar f\u00f6r farfar"}]},{"@type":"WebSite","@id":"https:\/\/positiveprints.com\/sv\/#website","url":"https:\/\/positiveprints.com\/sv\/","name":"Positive Prints","description":"Amazing Custom Personalized Gifts","publisher":{"@id":"https:\/\/positiveprints.com\/sv\/#organization"},"potentialAction":[{"@type":"SearchAction","target":{"@type":"EntryPoint","urlTemplate":"https:\/\/positiveprints.com\/sv\/?s={search_term_string}"},"query-input":{"@type":"PropertyValueSpecification","valueRequired":true,"valueName":"search_term_string"}}],"inLanguage":"sv-SE"},{"@type":"Organization","@id":"https:\/\/positiveprints.com\/sv\/#organization","name":"Positive Prints","alternateName":"Positive Prints","url":"https:\/\/positiveprints.com\/sv\/","logo":{"@type":"ImageObject","inLanguage":"sv-SE","@id":"https:\/\/positiveprints.com\/sv\/#\/schema\/logo\/image\/","url":"https:\/\/positiveprints.com\/wp-content\/uploads\/2026\/03\/245815646_1337939713319158_5671353136411139666_n.png","contentUrl":"https:\/\/positiveprints.com\/wp-content\/uploads\/2026\/03\/245815646_1337939713319158_5671353136411139666_n.png","width":800,"height":800,"caption":"Positive Prints"},"image":{"@id":"https:\/\/positiveprints.com\/sv\/#\/schema\/logo\/image\/"},"sameAs":["https:\/\/www.facebook.com\/positiveprintscom","https:\/\/www.instagram.com\/positiveprintscom\/","https:\/\/www.tiktok.com\/@positiveprintscom","https:\/\/www.pinterest.com\/positiveprintscom\/"]}]}},"jetpack_sharing_enabled":true,"_links":{"self":[{"href":"https:\/\/positiveprints.com\/sv\/wp-json\/wp\/v2\/product\/1168161","targetHints":{"allow":["GET"]}}],"collection":[{"href":"https:\/\/positiveprints.com\/sv\/wp-json\/wp\/v2\/product"}],"about":[{"href":"https:\/\/positiveprints.com\/sv\/wp-json\/wp\/v2\/types\/product"}],"wp:featuredmedia":[{"embeddable":true,"href":"https:\/\/positiveprints.com\/sv\/wp-json\/wp\/v2\/media\/1169101"}],"wp:attachment":[{"href":"https:\/\/positiveprints.com\/sv\/wp-json\/wp\/v2\/media?parent=1168161"}],"wp:term":[{"taxonomy":"product_brand","embeddable":true,"href":"https:\/\/positiveprints.com\/sv\/wp-json\/wp\/v2\/product_brand?post=1168161"},{"taxonomy":"product_cat","embeddable":true,"href":"https:\/\/positiveprints.com\/sv\/wp-json\/wp\/v2\/product_cat?post=1168161"},{"taxonomy":"product_tag","embeddable":true,"href":"https:\/\/positiveprints.com\/sv\/wp-json\/wp\/v2\/product_tag?post=1168161"}],"curies":[{"name":"wp","href":"https:\/\/api.w.org\/{rel}","templated":true}]}}