{"id":1161382,"date":"2021-08-13T10:12:42","date_gmt":"2021-08-13T09:12:42","guid":{"rendered":"https:\/\/positiveprints.com\/product\/var-karta-over-forsta-dejten\/"},"modified":"2026-04-18T08:23:03","modified_gmt":"2026-04-18T07:23:03","slug":"var-forsta-datum-karta","status":"publish","type":"product","link":"https:\/\/positiveprints.com\/sv\/produkt\/var-forsta-datum-karta\/","title":{"rendered":"V\u00e5r karta \u00f6ver f\u00f6rsta dejten"},"content":{"rendered":"Varje k\u00e4rlekshistoria b\u00f6rjar med en f\u00f6rsta dejt. Det kan vara ett planerat m\u00f6te eller en inofficiell utflykt. Oavsett hur det gick till kan du med hj\u00e4lp av en Our First Date-karta se tillbaka p\u00e5 <a href=\"https:\/\/positiveprints.com\/sv\/produkt\/var-det-allt-borjade-karta\/\">var allt b\u00f6rjade<\/a>.\r\n<h2 class=\"grenB f24 cblue\" style=\"margin-top: 3rem;\">Vad \u00e4r en V\u00e5r f\u00f6rsta dejt-karta?<\/h2>\r\n<p style=\"margin-top: 1rem;\">Varje steg som du och din partner n\u00e5gonsin har tagit i livet ledde s\u00e5 sm\u00e5ningom till att ni fann varandra. En Our First Date-karta visar en \u00f6gonblicksbild av er resa och det \u00f6gonblick d\u00e5 ni b\u00f6rjade den resan tillsammans.<\/p>\r\n<p style=\"margin-top: 1rem;\">Kanske var det en v\u00e4n som presenterade er och ni planerade att tr\u00e4ffas f\u00f6r att dricka kaffe, \u00e4ta middag eller ta en promenad i parken. Eller s\u00e5 kanske \u00f6det tog saken i egna h\u00e4nder och placerade er tv\u00e5 p\u00e5 r\u00e4tt plats vid r\u00e4tt tidpunkt f\u00f6r ett slumpm\u00e4ssigt m\u00f6te. Hur du \u00e4n minns er f\u00f6rsta dejt tillsammans kan du f\u00e4sta det \u00f6gonblicket i dina minnen med ett vackert konstverk.<\/p>\r\n\r\n<h2 class=\"grenB f24 cblue\" style=\"margin-top: 3rem;\">Presentid\u00e9er f\u00f6r f\u00f6rlovningar och br\u00f6llop<\/h2>\r\n<p style=\"margin-top: 1rem;\">En Our First Date-karta \u00e4r en av v\u00e5ra mest popul\u00e4ra <a href=\"https:\/\/positiveprints.com\/sv\/jubileumspresent-presenttillfallen\/\">jubileumsg\u00e5vor<\/a>. Den visar en karta \u00f6ver den plats du v\u00e4ljer med en enkel hj\u00e4rtform \u00f6ver den exakta plats d\u00e4r du upplevde din f\u00f6rsta dejt. M\u00e5nga av v\u00e5ra kunder p\u00e5 Positive Prints v\u00e4ljer att ge bort en Our First Date-karta till sin make\/maka eller blivande make\/maka p\u00e5 br\u00f6llopsdagen, \u00e5rsdagen eller f\u00f6rlovningsfesten. Det \u00e4r ett s\u00e5 fint s\u00e4tt att se tillbaka p\u00e5 ett av de f\u00f6rsta minnena ni delade tillsammans.<\/p>\r\n<p style=\"margin-top: 1rem;\">Och \u00e4ven om g\u00e5van kanske \u00e4r till n\u00e5gon speciell i ditt liv, \u00e4r det en g\u00e5va som du ocks\u00e5 kan njuta av! H\u00e4ng upp din \u00e4lskade karta i ditt hem s\u00e5 att du alltid kan se tillbaka p\u00e5 den tid d\u00e5 din k\u00e4rlek bara b\u00f6rjade v\u00e4xa.<\/p>\r\n<p style=\"margin-top: 1rem;\">F\u00f6r att fullborda din kartdesign kan du l\u00e4gga till ett personligt meddelande som ger liv \u00e5t det \u00f6gonblicket.\r\nDet kan vara datum och tid f\u00f6r er f\u00f6rsta dejt, detaljer om er plats, filmen eller konserten ni s\u00e5g tillsammans, eller till och med ett citat eller en s\u00e5ngtext fr\u00e5n h\u00e4ndelsen.\r\nM\u00f6jligheterna \u00e4r o\u00e4ndliga!  <\/p>\r\n\r\n<h2 class=\"grenB f24 cblue\" style=\"margin-top: 3rem;\">Hur man skr\u00e4ddarsyr en V\u00e5r f\u00f6rsta dejt-karta<\/h2>\r\n<p style=\"margin-top: 1rem;\">N\u00e4r du \u00e4r redo att ge din n\u00e4ra och k\u00e4ra ett konstverk som de kommer att h\u00e5lla n\u00e4ra sitt hj\u00e4rta f\u00f6r alltid, \u00e4r Positive Prints h\u00e4r f\u00f6r att hj\u00e4lpa till. V\u00e5r kartskapare anv\u00e4nder den senaste GPS-tekniken f\u00f6r att skapa en mycket detaljerad och exakt karta \u00f6ver platsen <a href=\"https:\/\/positiveprints.com\/sv\/produkt\/vi-traffades-har-karta\/\">d\u00e4r ni tr\u00e4ffades f\u00f6rsta g\u00e5ngen<\/a>.<\/p>\r\n<p style=\"margin-top: 1rem;\">B\u00f6rja med att v\u00e4lja din design. V\u00e5ra <a href=\"https:\/\/positiveprints.com\/sv\/produkt\/anpassad-karta-tavla\/\">anpassade kartor<\/a> kan komma i runda, fyrkantiga eller hj\u00e4rtformade former f\u00f6r att skapa det utseende och den k\u00e4nsla du vill ha. V\u00e4lj bland v\u00e5ra f\u00f6rdefinierade f\u00e4rgscheman eller skapa ditt eget f\u00f6r att matcha din personliga stil.<\/p>\r\n<p style=\"margin-top: 1rem;\">Anpassa din karta ytterligare genom att v\u00e4lja platsen f\u00f6r din f\u00f6rsta dejt och sl\u00e4ppa en hj\u00e4rtformad n\u00e5l. Inkludera ett meddelande f\u00f6r att \u00f6ka betydelsen av din karta.<\/p>\r\n<p style=\"margin-top: 1rem;\">Sist men inte minst kan du v\u00e4lja mellan en m\u00e4ngd olika s\u00e4tt att f\u00e5 din f\u00f6rsta datumkarta i present: utskrift i pappersform, digital nedladdning, utskrift p\u00e5 duk eller en inramad affisch!<\/p>\r\n\r\n<h2 class=\"grenB f24 cblue\" style=\"margin-top: 3rem;\">Kom alltid ih\u00e5g platsen f\u00f6r din f\u00f6rsta dejt<\/h2>\r\n<p style=\"margin-top: 1rem;\">Se tillbaka p\u00e5 din f\u00f6rsta dejt med gl\u00e4dje. B\u00f6rja skapa din personliga Our First Date-kartpresent idag!<\/p>","protected":false},"excerpt":{"rendered":"\n<ul class=\"check-list\">\n<li>Markera en speciell plats med en utvald symbol<\/li>\n<li>Anpassa i 3 enkla steg<\/li>\n<li>Inkludera en meningsfull personlig text<\/li>\n<li>Se resultatet direkt \u2013 den interaktiva f\u00f6rhandsvisningen l\u00e5ter dig finjustera varje detalj<\/li>\n<\/ul>\n","protected":false},"featured_media":1213692,"template":"","meta":[],"product_brand":[],"product_cat":[9119],"product_tag":[14998],"class_list":{"0":"post-1161382","1":"product","2":"type-product","3":"status-publish","4":"has-post-thumbnail","6":"product_cat-map-sv","7":"product_tag-anniversary-sv","9":"first","10":"instock","11":"sale","12":"taxable","13":"shipping-taxable","14":"purchasable","15":"product-type-variable"},"yoast_head":"<!-- This site is optimized with the Yoast SEO Premium plugin v27.2 (Yoast SEO v27.2) - https:\/\/yoast.com\/product\/yoast-seo-premium-wordpress\/ -->\n<title>V\u00e5r karta \u00f6ver f\u00f6rsta dejten | Positiva avtryck<\/title>\n<meta name=\"description\" content=\"Minns du den f\u00f6rsta dejten? F\u00e5nga tiden och platsen d\u00e4r gnistorna b\u00f6rjade flyga med Our First Date Map - En fantastisk \u00e5rsdagspresent\" \/>\n<meta name=\"robots\" content=\"index, follow, max-snippet:-1, max-image-preview:large, max-video-preview:-1\" \/>\n<link rel=\"canonical\" href=\"https:\/\/positiveprints.com\/sv\/produkt\/var-forsta-datum-karta\/\" \/>\n<meta property=\"og:locale\" content=\"sv_SE\" \/>\n<meta property=\"og:type\" content=\"article\" \/>\n<meta property=\"og:title\" content=\"V\u00e5r karta \u00f6ver f\u00f6rsta dejten\" \/>\n<meta property=\"og:description\" content=\"Markera en speciell plats med en utvald symbol   Anpassa i 3 enkla steg   Inkludera en meningsfull personlig text   Se resultatet direkt \u2013 den interaktiva f\u00f6rhandsvisningen l\u00e5ter dig finjustera varje detalj\" \/>\n<meta property=\"og:url\" content=\"https:\/\/positiveprints.com\/sv\/produkt\/var-forsta-datum-karta\/\" \/>\n<meta property=\"og:site_name\" content=\"Positive Prints\" \/>\n<meta property=\"article:publisher\" content=\"https:\/\/www.facebook.com\/positiveprintscom\" \/>\n<meta property=\"article:modified_time\" content=\"2026-04-18T07:23:03+00:00\" \/>\n<meta property=\"og:image\" content=\"https:\/\/positiveprints.com\/wp-content\/uploads\/2024\/10\/Packshot_EN_our-first-date-map-product-image.webp\" \/>\n\t<meta property=\"og:image:width\" content=\"1450\" \/>\n\t<meta property=\"og:image:height\" content=\"1450\" \/>\n\t<meta property=\"og:image:type\" content=\"image\/webp\" \/>\n<meta name=\"twitter:card\" content=\"summary_large_image\" \/>\n<meta name=\"twitter:label1\" content=\"Ber\u00e4knad l\u00e4stid\" \/>\n\t<meta name=\"twitter:data1\" content=\"3 minut\" \/>\n<!-- \/ Yoast SEO Premium plugin. -->","yoast_head_json":{"title":"V\u00e5r karta \u00f6ver f\u00f6rsta dejten | Positiva avtryck","description":"Minns du den f\u00f6rsta dejten? F\u00e5nga tiden och platsen d\u00e4r gnistorna b\u00f6rjade flyga med Our First Date Map - En fantastisk \u00e5rsdagspresent","robots":{"index":"index","follow":"follow","max-snippet":"max-snippet:-1","max-image-preview":"max-image-preview:large","max-video-preview":"max-video-preview:-1"},"canonical":"https:\/\/positiveprints.com\/sv\/produkt\/var-forsta-datum-karta\/","og_locale":"sv_SE","og_type":"article","og_title":"V\u00e5r karta \u00f6ver f\u00f6rsta dejten","og_description":"Markera en speciell plats med en utvald symbol   Anpassa i 3 enkla steg   Inkludera en meningsfull personlig text   Se resultatet direkt \u2013 den interaktiva f\u00f6rhandsvisningen l\u00e5ter dig finjustera varje detalj","og_url":"https:\/\/positiveprints.com\/sv\/produkt\/var-forsta-datum-karta\/","og_site_name":"Positive Prints","article_publisher":"https:\/\/www.facebook.com\/positiveprintscom","article_modified_time":"2026-04-18T07:23:03+00:00","og_image":[{"width":1450,"height":1450,"url":"https:\/\/positiveprints.com\/wp-content\/uploads\/2024\/10\/Packshot_EN_our-first-date-map-product-image.webp","type":"image\/webp"}],"twitter_card":"summary_large_image","twitter_misc":{"Ber\u00e4knad l\u00e4stid":"3 minut"},"schema":{"@context":"https:\/\/schema.org","@graph":[{"@type":["WebPage","ItemPage"],"@id":"https:\/\/positiveprints.com\/sv\/produkt\/var-forsta-datum-karta\/","url":"https:\/\/positiveprints.com\/sv\/produkt\/var-forsta-datum-karta\/","name":"V\u00e5r karta \u00f6ver f\u00f6rsta dejten | Positiva avtryck","isPartOf":{"@id":"https:\/\/positiveprints.com\/sv\/#website"},"primaryImageOfPage":{"@id":"https:\/\/positiveprints.com\/sv\/produkt\/var-forsta-datum-karta\/#primaryimage"},"image":{"@id":"https:\/\/positiveprints.com\/sv\/produkt\/var-forsta-datum-karta\/#primaryimage"},"thumbnailUrl":"https:\/\/positiveprints.com\/wp-content\/uploads\/2024\/10\/Packshot_EN_our-first-date-map-product-image.webp","datePublished":"2021-08-13T09:12:42+00:00","dateModified":"2026-04-18T07:23:03+00:00","description":"Minns du den f\u00f6rsta dejten? F\u00e5nga tiden och platsen d\u00e4r gnistorna b\u00f6rjade flyga med Our First Date Map - En fantastisk \u00e5rsdagspresent","breadcrumb":{"@id":"https:\/\/positiveprints.com\/sv\/produkt\/var-forsta-datum-karta\/#breadcrumb"},"inLanguage":"sv-SE","potentialAction":[{"@type":"ReadAction","target":["https:\/\/positiveprints.com\/sv\/produkt\/var-forsta-datum-karta\/"]}]},{"@type":"ImageObject","inLanguage":"sv-SE","@id":"https:\/\/positiveprints.com\/sv\/produkt\/var-forsta-datum-karta\/#primaryimage","url":"https:\/\/positiveprints.com\/wp-content\/uploads\/2024\/10\/Packshot_EN_our-first-date-map-product-image.webp","contentUrl":"https:\/\/positiveprints.com\/wp-content\/uploads\/2024\/10\/Packshot_EN_our-first-date-map-product-image.webp","width":1450,"height":1450},{"@type":"BreadcrumbList","@id":"https:\/\/positiveprints.com\/sv\/produkt\/var-forsta-datum-karta\/#breadcrumb","itemListElement":[{"@type":"ListItem","position":1,"name":"Home","item":"https:\/\/positiveprints.com\/sv\/"},{"@type":"ListItem","position":2,"name":"Produkter","item":"https:\/\/positiveprints.com\/sv\/shop\/"},{"@type":"ListItem","position":3,"name":"V\u00e5r karta \u00f6ver f\u00f6rsta dejten"}]},{"@type":"WebSite","@id":"https:\/\/positiveprints.com\/sv\/#website","url":"https:\/\/positiveprints.com\/sv\/","name":"Positive Prints","description":"Amazing Custom Personalized Gifts","publisher":{"@id":"https:\/\/positiveprints.com\/sv\/#organization"},"potentialAction":[{"@type":"SearchAction","target":{"@type":"EntryPoint","urlTemplate":"https:\/\/positiveprints.com\/sv\/?s={search_term_string}"},"query-input":{"@type":"PropertyValueSpecification","valueRequired":true,"valueName":"search_term_string"}}],"inLanguage":"sv-SE"},{"@type":"Organization","@id":"https:\/\/positiveprints.com\/sv\/#organization","name":"Positive Prints","alternateName":"Positive Prints","url":"https:\/\/positiveprints.com\/sv\/","logo":{"@type":"ImageObject","inLanguage":"sv-SE","@id":"https:\/\/positiveprints.com\/sv\/#\/schema\/logo\/image\/","url":"https:\/\/positiveprints.com\/wp-content\/uploads\/2026\/03\/245815646_1337939713319158_5671353136411139666_n.png","contentUrl":"https:\/\/positiveprints.com\/wp-content\/uploads\/2026\/03\/245815646_1337939713319158_5671353136411139666_n.png","width":800,"height":800,"caption":"Positive Prints"},"image":{"@id":"https:\/\/positiveprints.com\/sv\/#\/schema\/logo\/image\/"},"sameAs":["https:\/\/www.facebook.com\/positiveprintscom","https:\/\/www.instagram.com\/positiveprintscom\/","https:\/\/www.tiktok.com\/@positiveprintscom","https:\/\/www.pinterest.com\/positiveprintscom\/"]}]}},"jetpack_sharing_enabled":true,"_links":{"self":[{"href":"https:\/\/positiveprints.com\/sv\/wp-json\/wp\/v2\/product\/1161382","targetHints":{"allow":["GET"]}}],"collection":[{"href":"https:\/\/positiveprints.com\/sv\/wp-json\/wp\/v2\/product"}],"about":[{"href":"https:\/\/positiveprints.com\/sv\/wp-json\/wp\/v2\/types\/product"}],"wp:featuredmedia":[{"embeddable":true,"href":"https:\/\/positiveprints.com\/sv\/wp-json\/wp\/v2\/media\/1213692"}],"wp:attachment":[{"href":"https:\/\/positiveprints.com\/sv\/wp-json\/wp\/v2\/media?parent=1161382"}],"wp:term":[{"taxonomy":"product_brand","embeddable":true,"href":"https:\/\/positiveprints.com\/sv\/wp-json\/wp\/v2\/product_brand?post=1161382"},{"taxonomy":"product_cat","embeddable":true,"href":"https:\/\/positiveprints.com\/sv\/wp-json\/wp\/v2\/product_cat?post=1161382"},{"taxonomy":"product_tag","embeddable":true,"href":"https:\/\/positiveprints.com\/sv\/wp-json\/wp\/v2\/product_tag?post=1161382"}],"curies":[{"name":"wp","href":"https:\/\/api.w.org\/{rel}","templated":true}]}}