{"id":1150572,"date":"2024-07-05T23:34:48","date_gmt":"2024-07-05T22:34:48","guid":{"rendered":"https:\/\/positiveprints.com\/product\/dubbel-manfas\/"},"modified":"2026-04-28T13:45:12","modified_gmt":"2026-04-28T12:45:12","slug":"dubbelmane-fas","status":"publish","type":"product","link":"https:\/\/positiveprints.com\/sv\/produkt\/dubbelmane-fas\/","title":{"rendered":"Dubbel m\u00e5nfas"},"content":{"rendered":"<p style=\"margin-top: 1rem\">Letar du efter en unik och meningsfull g\u00e5va till din \u00e4lskade? V\u00e5r Double Moon Poster \u00e4r det perfekta valet. Detta personliga tryck visar tv\u00e5 m\u00e5nfaser sida vid sida, vilket g\u00f6r det till en of\u00f6rgl\u00f6mlig g\u00e5va f\u00f6r alla speciella tillf\u00e4llen.<\/p>\r\n\r\n<h2 class=\"grenB f24 cblue\" style=\"margin-top: 3rem\">Skapa ditt tryck med dubbel m\u00e5nfas<\/h2>\r\n<p style=\"margin-top: 1rem\">F\u00f6r att b\u00f6rja anpassa och best\u00e4lla ditt tryck, g\u00e5 bara till v\u00e5r online editor. V\u00e4lj en bakgrundsf\u00e4rg fr\u00e5n v\u00e5ra f\u00f6rdefinierade alternativ eller lek med f\u00e4rgerna sj\u00e4lv f\u00f6r att hitta den perfekta matchningen. D\u00e4refter anger du plats och tid f\u00f6r att se hur m\u00e5narna s\u00e5g ut p\u00e5 de speciella dagarna. Du kan ocks\u00e5 l\u00e4gga till ett personligt meddelande ovanf\u00f6r och lite text under varje m\u00e5ne.<\/p>\r\n\r\n<h2 class=\"grenB f24 cblue\" style=\"margin-top: 3rem\">Perfekt present f\u00f6r speciella tillf\u00e4llen<\/h2>\r\n<p style=\"margin-top: 1rem\">Double Moon Poster \u00e4r en perfekt present f\u00f6r \u00e5rsdagar, romantiska tillf\u00e4llen eller som en omt\u00e4nksam present till f\u00f6r\u00e4ldrar. F\u00e5nga din f\u00f6delsedags m\u00e5nfas tillsammans med din \u00e4lskades, vilket symboliserar din &#8220;m\u00e5nsj\u00e4lsfr\u00e4nde&#8221;. Det \u00e4r ocks\u00e5 popul\u00e4rt bland f\u00f6r\u00e4ldrar att visa upp m\u00e5nfaserna fr\u00e5n de dagar d\u00e5 deras tv\u00e5 barn f\u00f6ddes. F\u00f6rest\u00e4ll dig deras f\u00f6rtjusning n\u00e4r de f\u00e5r ett personligt tryck som f\u00e5ngar sk\u00f6nheten och betydelsen av deras speciella datum.<\/p>\r\n\r\n<h2 class=\"grenB f24 cblue\" style=\"margin-top: 3rem\">V\u00e4lj hur du vill ta emot din Double Moon Poster<\/h2>\r\n<p style=\"margin-top: 1rem\">Best\u00e4ll din Double Moon Poster i olika format f\u00f6r att passa dina behov &#8211; v\u00e4lj mellan en inramad eller oramad tryckt poster, en h\u00f6gkvalitativ canvas eller en omedelbar digital nedladdningsfil. Denna flexibilitet g\u00f6r att du kan presentera din unika g\u00e5va p\u00e5 det s\u00e4tt som b\u00e4st passar din stil och tillf\u00e4llet.<\/p>\r\n<p style=\"margin-top: 1rem\">Ge en g\u00e5va som kommer att uppskattas f\u00f6r alltid. Double Moon Poster \u00e4r mer \u00e4n bara ett tryck. Det \u00e4r en best\u00e5ende hyllning till dina mest v\u00e4rdefulla \u00f6gonblick. Fira era speciella band och skapa en vacker p\u00e5minnelse om den k\u00e4rlek och de minnen ni delar med denna kreativa och meningsfulla minnessak.<\/p>","protected":false},"excerpt":{"rendered":"<ul class=\"check-list\">\n<li>F\u00e5nga tv\u00e5 speciella \u00f6gonblick och visa hur m\u00e5nen s\u00e5g ut under dessa dagar<\/li>\n<li>Anpassa i 3 enkla steg<\/li>\n<li>V\u00e4lj bland en rad olika fantastiska m\u00f6nster<\/li>\n<li>Inkludera en meningsfull personlig text<\/li>\n<li>Se resultatet direkt \u2013 den interaktiva f\u00f6rhandsvisningen l\u00e5ter dig finjustera varje detalj<\/li>\n<\/ul>\n","protected":false},"featured_media":1553512,"template":"","meta":[],"product_brand":[],"product_cat":[10325,7459,8147,8014,7694],"product_tag":[8397],"class_list":{"0":"post-1150572","1":"product","2":"type-product","3":"status-publish","4":"has-post-thumbnail","6":"product_cat-manens-faser","7":"product_cat-alla-produkter","8":"product_cat-creators-sv","9":"product_cat-gavor-for-man","10":"product_cat-gavor-for-kvinnor","11":"product_tag-creators-sv","13":"first","14":"instock","15":"sale","16":"taxable","17":"shipping-taxable","18":"purchasable","19":"product-type-variable"},"yoast_head":"<!-- This site is optimized with the Yoast SEO Premium plugin v27.2 (Yoast SEO v27.2) - https:\/\/yoast.com\/product\/yoast-seo-premium-wordpress\/ -->\n<title>Poster med dubbel m\u00e5nfas - Personlig present - Positive Prints<\/title>\n<meta name=\"description\" content=\"Letar du efter en unik och meningsfull g\u00e5va till din \u00e4lskade? V\u00e5r Double Moon Poster \u00e4r det perfekta valet.\" \/>\n<meta name=\"robots\" content=\"index, follow, max-snippet:-1, max-image-preview:large, max-video-preview:-1\" \/>\n<link rel=\"canonical\" href=\"https:\/\/positiveprints.com\/sv\/produkt\/dubbelmane-fas\/\" \/>\n<meta property=\"og:locale\" content=\"sv_SE\" \/>\n<meta property=\"og:type\" content=\"article\" \/>\n<meta property=\"og:title\" content=\"Dubbel m\u00e5nfas\" \/>\n<meta property=\"og:description\" content=\"F\u00e5nga tv\u00e5 speciella \u00f6gonblick och visa hur m\u00e5nen s\u00e5g ut under dessa dagar Anpassa i 3 enkla steg V\u00e4lj bland en rad olika fantastiska m\u00f6nster Inkludera en meningsfull personlig text Se resultatet direkt \u2013 den interaktiva f\u00f6rhandsvisningen l\u00e5ter dig finjustera varje detalj\" \/>\n<meta property=\"og:url\" content=\"https:\/\/positiveprints.com\/sv\/produkt\/dubbelmane-fas\/\" \/>\n<meta property=\"og:site_name\" content=\"Positive Prints\" \/>\n<meta property=\"article:publisher\" content=\"https:\/\/www.facebook.com\/positiveprintscom\" \/>\n<meta property=\"article:modified_time\" content=\"2026-04-28T12:45:12+00:00\" \/>\n<meta property=\"og:image\" content=\"https:\/\/positiveprints.com\/wp-content\/uploads\/2024\/07\/Double-Moon-Phase.jpg\" \/>\n\t<meta property=\"og:image:width\" content=\"1080\" \/>\n\t<meta property=\"og:image:height\" content=\"1080\" \/>\n\t<meta property=\"og:image:type\" content=\"image\/jpeg\" \/>\n<meta name=\"twitter:card\" content=\"summary_large_image\" \/>\n<!-- \/ Yoast SEO Premium plugin. -->","yoast_head_json":{"title":"Poster med dubbel m\u00e5nfas - Personlig present - Positive Prints","description":"Letar du efter en unik och meningsfull g\u00e5va till din \u00e4lskade? V\u00e5r Double Moon Poster \u00e4r det perfekta valet.","robots":{"index":"index","follow":"follow","max-snippet":"max-snippet:-1","max-image-preview":"max-image-preview:large","max-video-preview":"max-video-preview:-1"},"canonical":"https:\/\/positiveprints.com\/sv\/produkt\/dubbelmane-fas\/","og_locale":"sv_SE","og_type":"article","og_title":"Dubbel m\u00e5nfas","og_description":"F\u00e5nga tv\u00e5 speciella \u00f6gonblick och visa hur m\u00e5nen s\u00e5g ut under dessa dagar Anpassa i 3 enkla steg V\u00e4lj bland en rad olika fantastiska m\u00f6nster Inkludera en meningsfull personlig text Se resultatet direkt \u2013 den interaktiva f\u00f6rhandsvisningen l\u00e5ter dig finjustera varje detalj","og_url":"https:\/\/positiveprints.com\/sv\/produkt\/dubbelmane-fas\/","og_site_name":"Positive Prints","article_publisher":"https:\/\/www.facebook.com\/positiveprintscom","article_modified_time":"2026-04-28T12:45:12+00:00","og_image":[{"width":1080,"height":1080,"url":"https:\/\/positiveprints.com\/wp-content\/uploads\/2024\/07\/Double-Moon-Phase.jpg","type":"image\/jpeg"}],"twitter_card":"summary_large_image","schema":{"@context":"https:\/\/schema.org","@graph":[{"@type":["WebPage","ItemPage"],"@id":"https:\/\/positiveprints.com\/sv\/produkt\/dubbelmane-fas\/","url":"https:\/\/positiveprints.com\/sv\/produkt\/dubbelmane-fas\/","name":"Poster med dubbel m\u00e5nfas - Personlig present - Positive Prints","isPartOf":{"@id":"https:\/\/positiveprints.com\/sv\/#website"},"primaryImageOfPage":{"@id":"https:\/\/positiveprints.com\/sv\/produkt\/dubbelmane-fas\/#primaryimage"},"image":{"@id":"https:\/\/positiveprints.com\/sv\/produkt\/dubbelmane-fas\/#primaryimage"},"thumbnailUrl":"https:\/\/positiveprints.com\/wp-content\/uploads\/2025\/10\/Dubbel-manfas-1.webp","datePublished":"2024-07-05T22:34:48+00:00","dateModified":"2026-04-28T12:45:12+00:00","description":"Letar du efter en unik och meningsfull g\u00e5va till din \u00e4lskade? V\u00e5r Double Moon Poster \u00e4r det perfekta valet.","breadcrumb":{"@id":"https:\/\/positiveprints.com\/sv\/produkt\/dubbelmane-fas\/#breadcrumb"},"inLanguage":"sv-SE","potentialAction":[{"@type":"ReadAction","target":["https:\/\/positiveprints.com\/sv\/produkt\/dubbelmane-fas\/"]}]},{"@type":"ImageObject","inLanguage":"sv-SE","@id":"https:\/\/positiveprints.com\/sv\/produkt\/dubbelmane-fas\/#primaryimage","url":"https:\/\/positiveprints.com\/wp-content\/uploads\/2025\/10\/Dubbel-manfas-1.webp","contentUrl":"https:\/\/positiveprints.com\/wp-content\/uploads\/2025\/10\/Dubbel-manfas-1.webp","width":1450,"height":1450},{"@type":"BreadcrumbList","@id":"https:\/\/positiveprints.com\/sv\/produkt\/dubbelmane-fas\/#breadcrumb","itemListElement":[{"@type":"ListItem","position":1,"name":"Home","item":"https:\/\/positiveprints.com\/sv\/"},{"@type":"ListItem","position":2,"name":"Produkter","item":"https:\/\/positiveprints.com\/sv\/shop\/"},{"@type":"ListItem","position":3,"name":"Dubbel m\u00e5nfas"}]},{"@type":"WebSite","@id":"https:\/\/positiveprints.com\/sv\/#website","url":"https:\/\/positiveprints.com\/sv\/","name":"Positive Prints","description":"Amazing Custom Personalized Gifts","publisher":{"@id":"https:\/\/positiveprints.com\/sv\/#organization"},"potentialAction":[{"@type":"SearchAction","target":{"@type":"EntryPoint","urlTemplate":"https:\/\/positiveprints.com\/sv\/?s={search_term_string}"},"query-input":{"@type":"PropertyValueSpecification","valueRequired":true,"valueName":"search_term_string"}}],"inLanguage":"sv-SE"},{"@type":"Organization","@id":"https:\/\/positiveprints.com\/sv\/#organization","name":"Positive Prints","alternateName":"Positive Prints","url":"https:\/\/positiveprints.com\/sv\/","logo":{"@type":"ImageObject","inLanguage":"sv-SE","@id":"https:\/\/positiveprints.com\/sv\/#\/schema\/logo\/image\/","url":"https:\/\/positiveprints.com\/wp-content\/uploads\/2026\/03\/245815646_1337939713319158_5671353136411139666_n.png","contentUrl":"https:\/\/positiveprints.com\/wp-content\/uploads\/2026\/03\/245815646_1337939713319158_5671353136411139666_n.png","width":800,"height":800,"caption":"Positive Prints"},"image":{"@id":"https:\/\/positiveprints.com\/sv\/#\/schema\/logo\/image\/"},"sameAs":["https:\/\/www.facebook.com\/positiveprintscom","https:\/\/www.instagram.com\/positiveprintscom\/","https:\/\/www.tiktok.com\/@positiveprintscom","https:\/\/www.pinterest.com\/positiveprintscom\/"]}]}},"jetpack_sharing_enabled":true,"_links":{"self":[{"href":"https:\/\/positiveprints.com\/sv\/wp-json\/wp\/v2\/product\/1150572","targetHints":{"allow":["GET"]}}],"collection":[{"href":"https:\/\/positiveprints.com\/sv\/wp-json\/wp\/v2\/product"}],"about":[{"href":"https:\/\/positiveprints.com\/sv\/wp-json\/wp\/v2\/types\/product"}],"wp:featuredmedia":[{"embeddable":true,"href":"https:\/\/positiveprints.com\/sv\/wp-json\/wp\/v2\/media\/1553512"}],"wp:attachment":[{"href":"https:\/\/positiveprints.com\/sv\/wp-json\/wp\/v2\/media?parent=1150572"}],"wp:term":[{"taxonomy":"product_brand","embeddable":true,"href":"https:\/\/positiveprints.com\/sv\/wp-json\/wp\/v2\/product_brand?post=1150572"},{"taxonomy":"product_cat","embeddable":true,"href":"https:\/\/positiveprints.com\/sv\/wp-json\/wp\/v2\/product_cat?post=1150572"},{"taxonomy":"product_tag","embeddable":true,"href":"https:\/\/positiveprints.com\/sv\/wp-json\/wp\/v2\/product_tag?post=1150572"}],"curies":[{"name":"wp","href":"https:\/\/api.w.org\/{rel}","templated":true}]}}