{"id":1145257,"date":"2024-06-21T10:44:43","date_gmt":"2024-06-21T09:44:43","guid":{"rendered":"https:\/\/positiveprints.com\/?post_type=product&#038;p=1145257"},"modified":"2026-04-03T02:48:54","modified_gmt":"2026-04-03T01:48:54","slug":"farfar-definition-poster","status":"publish","type":"product","link":"https:\/\/positiveprints.com\/sv\/produkt\/farfar-definition-poster\/","title":{"rendered":"Farfar Definition Poster"},"content":{"rendered":"<p>Uppm\u00e4rksamma det speciella band du har med din morfar med v\u00e5r Farfar Definition Poster. Detta personliga tryck kombinerar ett k\u00e4rt foto med en ordboksliknande definition av &#8220;farfar&#8221; eller n\u00e5got annat ord som f\u00f6rkroppsligar hans v\u00e4sen. Oavsett om du v\u00e4ljer en definition som \u00e4r humoristisk eller djupt sentimental kommer denna g\u00e5va s\u00e4kert att v\u00e4rma hans hj\u00e4rta.<\/p>\r\n\r\n<h2>Skapa din Farfar Definition Poster<\/h2>\r\n\r\n<p>V\u00e5r intuitiva online-editor g\u00f6r det enkelt och roligt att skapa en unik affisch. V\u00e4lj \u00f6nskat f\u00e4rgschema eller anpassa bakgrunds- och teckensnittsf\u00e4rgerna s\u00e5 att de passar din stil. Ladda upp ditt favoritfoto av morfar och ange en titel och definition. Du kan anv\u00e4nda en av v\u00e5ra f\u00f6rdefinierade definitioner eller skapa din egen f\u00f6r att g\u00f6ra den riktigt speciell.<\/p>\r\n\r\n<p>Det g\u00e5r snabbt och enkelt att skapa en personlig affisch. Bes\u00f6k v\u00e5r webbplats, anv\u00e4nd online-editorn f\u00f6r att skr\u00e4ddarsy ditt tryck och l\u00e4gg din best\u00e4llning. Vi sk\u00f6ter resten och ser till att trycksaken utformas med omsorg och levereras snabbt.<\/p>\r\n\r\n<h2>Fira morfar med en unik g\u00e5va<\/h2>\r\n\r\n<p>Farfar Definition Poster&#8221; \u00e4r en perfekt present till f\u00f6delsedagar, jul eller andra tillf\u00e4llen d\u00e5 man vill hylla farfar p\u00e5 ett speciellt s\u00e4tt. F\u00f6rest\u00e4ll dig hans stolthet och gl\u00e4dje n\u00e4r han f\u00e5r detta vackert utformade tryck som hyllar hans unika roll i familjen.<\/p>\r\n\r\n<p>Visa din farfar hur mycket han betyder f\u00f6r dig med en Farfar Definition Poster. Det \u00e4r ett vackert och personligt s\u00e4tt att fira honom p\u00e5, som f\u00e5ngar hans v\u00e4sen p\u00e5 ett s\u00e4tt som ord inte kan uttrycka. Denna unika g\u00e5va kommer att bli ett uppskattat tillskott i hans hem och st\u00e4ndigt p\u00e5minna honom om det speciella band ni delar.<\/p>","protected":false},"excerpt":{"rendered":"<ul class=\"check-list\">\n<li>G\u00f6r din personliga definition<\/li>\n<li>L\u00e4gg till ditt eget foto<\/li>\n<li>Anpassa i 3 enkla steg<\/li>\n<li>V\u00e4lj en mall eller var kreativ<\/li>\n<li>Se resultatet direkt \u2013 den interaktiva f\u00f6rhandsvisningen l\u00e5ter dig finjustera varje detalj<\/li>\n<\/ul>\n","protected":false},"featured_media":1470972,"template":"","meta":[],"product_brand":[],"product_cat":[7459,9525,8108,11467,7614,9767],"product_tag":[8673,11828],"class_list":{"0":"post-1145257","1":"product","2":"type-product","3":"status-publish","4":"has-post-thumbnail","6":"product_cat-alla-produkter","7":"product_cat-definition-sv","8":"product_cat-julpresenter","9":"product_cat-julklappar-till-morfar","10":"product_cat-gavor-till-morfar","11":"product_cat-trending-label-sv","12":"product_tag-grandpa-sv","13":"product_tag-julklappar-till-morfar","15":"first","16":"instock","17":"sale","18":"taxable","19":"shipping-taxable","20":"purchasable","21":"product-type-variable"},"yoast_head":"<!-- This site is optimized with the Yoast SEO Premium plugin v27.2 (Yoast SEO v27.2) - https:\/\/yoast.com\/product\/yoast-seo-premium-wordpress\/ -->\n<title>Grandpa Definition Poster - Positive Prints<\/title>\n<meta name=\"description\" content=\"Visa din farfar hur mycket han betyder f\u00f6r dig med en Grandpa Definition Poster. Det \u00e4r ett vackert och personligt s\u00e4tt att hylla honom.\" \/>\n<meta name=\"robots\" content=\"index, follow, max-snippet:-1, max-image-preview:large, max-video-preview:-1\" \/>\n<link rel=\"canonical\" href=\"https:\/\/positiveprints.com\/sv\/produkt\/farfar-definition-poster\/\" \/>\n<meta property=\"og:locale\" content=\"sv_SE\" \/>\n<meta property=\"og:type\" content=\"article\" \/>\n<meta property=\"og:title\" content=\"Farfar Definition Poster\" \/>\n<meta property=\"og:description\" content=\"G\u00f6r din personliga definition L\u00e4gg till ditt eget foto Anpassa i 3 enkla steg V\u00e4lj en mall eller var kreativ Se resultatet direkt \u2013 den interaktiva f\u00f6rhandsvisningen l\u00e5ter dig finjustera varje detalj\" \/>\n<meta property=\"og:url\" content=\"https:\/\/positiveprints.com\/sv\/produkt\/farfar-definition-poster\/\" \/>\n<meta property=\"og:site_name\" content=\"Positive Prints\" \/>\n<meta property=\"article:publisher\" content=\"https:\/\/www.facebook.com\/positiveprintscom\" \/>\n<meta property=\"article:modified_time\" content=\"2026-04-03T01:48:54+00:00\" \/>\n<meta property=\"og:image\" content=\"https:\/\/positiveprints.com\/wp-content\/uploads\/2024\/07\/Grandpa-Definition-Poster.jpg\" \/>\n\t<meta property=\"og:image:width\" content=\"1080\" \/>\n\t<meta property=\"og:image:height\" content=\"1080\" \/>\n\t<meta property=\"og:image:type\" content=\"image\/jpeg\" \/>\n<meta name=\"twitter:card\" content=\"summary_large_image\" \/>\n<meta name=\"twitter:label1\" content=\"Ber\u00e4knad l\u00e4stid\" \/>\n\t<meta name=\"twitter:data1\" content=\"2 minut\" \/>\n<!-- \/ Yoast SEO Premium plugin. -->","yoast_head_json":{"title":"Grandpa Definition Poster - Positive Prints","description":"Visa din farfar hur mycket han betyder f\u00f6r dig med en Grandpa Definition Poster. Det \u00e4r ett vackert och personligt s\u00e4tt att hylla honom.","robots":{"index":"index","follow":"follow","max-snippet":"max-snippet:-1","max-image-preview":"max-image-preview:large","max-video-preview":"max-video-preview:-1"},"canonical":"https:\/\/positiveprints.com\/sv\/produkt\/farfar-definition-poster\/","og_locale":"sv_SE","og_type":"article","og_title":"Farfar Definition Poster","og_description":"G\u00f6r din personliga definition L\u00e4gg till ditt eget foto Anpassa i 3 enkla steg V\u00e4lj en mall eller var kreativ Se resultatet direkt \u2013 den interaktiva f\u00f6rhandsvisningen l\u00e5ter dig finjustera varje detalj","og_url":"https:\/\/positiveprints.com\/sv\/produkt\/farfar-definition-poster\/","og_site_name":"Positive Prints","article_publisher":"https:\/\/www.facebook.com\/positiveprintscom","article_modified_time":"2026-04-03T01:48:54+00:00","og_image":[{"width":1080,"height":1080,"url":"https:\/\/positiveprints.com\/wp-content\/uploads\/2024\/07\/Grandpa-Definition-Poster.jpg","type":"image\/jpeg"}],"twitter_card":"summary_large_image","twitter_misc":{"Ber\u00e4knad l\u00e4stid":"2 minut"},"schema":{"@context":"https:\/\/schema.org","@graph":[{"@type":["WebPage","ItemPage"],"@id":"https:\/\/positiveprints.com\/sv\/produkt\/farfar-definition-poster\/","url":"https:\/\/positiveprints.com\/sv\/produkt\/farfar-definition-poster\/","name":"Grandpa Definition Poster - Positive Prints","isPartOf":{"@id":"https:\/\/positiveprints.com\/sv\/#website"},"primaryImageOfPage":{"@id":"https:\/\/positiveprints.com\/sv\/produkt\/farfar-definition-poster\/#primaryimage"},"image":{"@id":"https:\/\/positiveprints.com\/sv\/produkt\/farfar-definition-poster\/#primaryimage"},"thumbnailUrl":"https:\/\/positiveprints.com\/wp-content\/uploads\/2025\/07\/Packshot_SE_Farfar-Definition-Poster.webp","datePublished":"2024-06-21T09:44:43+00:00","dateModified":"2026-04-03T01:48:54+00:00","description":"Visa din farfar hur mycket han betyder f\u00f6r dig med en Grandpa Definition Poster. Det \u00e4r ett vackert och personligt s\u00e4tt att hylla honom.","breadcrumb":{"@id":"https:\/\/positiveprints.com\/sv\/produkt\/farfar-definition-poster\/#breadcrumb"},"inLanguage":"sv-SE","potentialAction":[{"@type":"ReadAction","target":["https:\/\/positiveprints.com\/sv\/produkt\/farfar-definition-poster\/"]}]},{"@type":"ImageObject","inLanguage":"sv-SE","@id":"https:\/\/positiveprints.com\/sv\/produkt\/farfar-definition-poster\/#primaryimage","url":"https:\/\/positiveprints.com\/wp-content\/uploads\/2025\/07\/Packshot_SE_Farfar-Definition-Poster.webp","contentUrl":"https:\/\/positiveprints.com\/wp-content\/uploads\/2025\/07\/Packshot_SE_Farfar-Definition-Poster.webp","width":1450,"height":1450},{"@type":"BreadcrumbList","@id":"https:\/\/positiveprints.com\/sv\/produkt\/farfar-definition-poster\/#breadcrumb","itemListElement":[{"@type":"ListItem","position":1,"name":"Home","item":"https:\/\/positiveprints.com\/sv\/"},{"@type":"ListItem","position":2,"name":"Produkter","item":"https:\/\/positiveprints.com\/sv\/shop\/"},{"@type":"ListItem","position":3,"name":"Farfar Definition Poster"}]},{"@type":"WebSite","@id":"https:\/\/positiveprints.com\/sv\/#website","url":"https:\/\/positiveprints.com\/sv\/","name":"Positive Prints","description":"Amazing Custom Personalized Gifts","publisher":{"@id":"https:\/\/positiveprints.com\/sv\/#organization"},"potentialAction":[{"@type":"SearchAction","target":{"@type":"EntryPoint","urlTemplate":"https:\/\/positiveprints.com\/sv\/?s={search_term_string}"},"query-input":{"@type":"PropertyValueSpecification","valueRequired":true,"valueName":"search_term_string"}}],"inLanguage":"sv-SE"},{"@type":"Organization","@id":"https:\/\/positiveprints.com\/sv\/#organization","name":"Positive Prints","alternateName":"Positive Prints","url":"https:\/\/positiveprints.com\/sv\/","logo":{"@type":"ImageObject","inLanguage":"sv-SE","@id":"https:\/\/positiveprints.com\/sv\/#\/schema\/logo\/image\/","url":"https:\/\/positiveprints.com\/wp-content\/uploads\/2026\/03\/245815646_1337939713319158_5671353136411139666_n.png","contentUrl":"https:\/\/positiveprints.com\/wp-content\/uploads\/2026\/03\/245815646_1337939713319158_5671353136411139666_n.png","width":800,"height":800,"caption":"Positive Prints"},"image":{"@id":"https:\/\/positiveprints.com\/sv\/#\/schema\/logo\/image\/"},"sameAs":["https:\/\/www.facebook.com\/positiveprintscom","https:\/\/www.instagram.com\/positiveprintscom\/","https:\/\/www.tiktok.com\/@positiveprintscom","https:\/\/www.pinterest.com\/positiveprintscom\/"]}]}},"jetpack_sharing_enabled":true,"_links":{"self":[{"href":"https:\/\/positiveprints.com\/sv\/wp-json\/wp\/v2\/product\/1145257","targetHints":{"allow":["GET"]}}],"collection":[{"href":"https:\/\/positiveprints.com\/sv\/wp-json\/wp\/v2\/product"}],"about":[{"href":"https:\/\/positiveprints.com\/sv\/wp-json\/wp\/v2\/types\/product"}],"wp:featuredmedia":[{"embeddable":true,"href":"https:\/\/positiveprints.com\/sv\/wp-json\/wp\/v2\/media\/1470972"}],"wp:attachment":[{"href":"https:\/\/positiveprints.com\/sv\/wp-json\/wp\/v2\/media?parent=1145257"}],"wp:term":[{"taxonomy":"product_brand","embeddable":true,"href":"https:\/\/positiveprints.com\/sv\/wp-json\/wp\/v2\/product_brand?post=1145257"},{"taxonomy":"product_cat","embeddable":true,"href":"https:\/\/positiveprints.com\/sv\/wp-json\/wp\/v2\/product_cat?post=1145257"},{"taxonomy":"product_tag","embeddable":true,"href":"https:\/\/positiveprints.com\/sv\/wp-json\/wp\/v2\/product_tag?post=1145257"}],"curies":[{"name":"wp","href":"https:\/\/api.w.org\/{rel}","templated":true}]}}