{"id":1145244,"date":"2024-06-20T21:56:51","date_gmt":"2024-06-20T20:56:51","guid":{"rendered":"https:\/\/positiveprints.com\/?post_type=product&#038;p=1145244"},"modified":"2026-05-03T18:21:28","modified_gmt":"2026-05-03T17:21:28","slug":"mormor-definition-poster","status":"publish","type":"product","link":"https:\/\/positiveprints.com\/sv\/produkt\/mormor-definition-poster\/","title":{"rendered":"Mormor Definition Poster"},"content":{"rendered":"<p>F\u00e5nga essensen av din \u00e4lskade mormor med v\u00e5r Grandma Definition Poster. Detta personliga tryck kombinerar ett k\u00e4rt foto med en ordboksliknande definition av &#8220;mormor&#8221; eller n\u00e5got annat ord som representerar henne. Oavsett om du v\u00e4ljer en definition som \u00e4r rolig eller djupt k\u00e4nslom\u00e4ssig kommer denna g\u00e5va s\u00e4kert att ber\u00f6ra hennes hj\u00e4rta.<\/p>\r\n\r\n<h2>Skapa en affisch med din mormors definition<\/h2>\r\n\r\n<p>V\u00e5r anv\u00e4ndarv\u00e4nliga online-editor g\u00f6r det enkelt att skapa en unik affisch. V\u00e4lj \u00f6nskat f\u00e4rgschema eller anpassa bakgrunds- och teckensnittsf\u00e4rgerna s\u00e5 att de passar din stil. Ladda upp ditt favoritfoto av mormor och ange en titel och definition. Du kan anv\u00e4nda n\u00e5gon av v\u00e5ra f\u00f6rdefinierade definitioner eller skriva din egen f\u00f6r att g\u00f6ra den riktigt speciell.<\/p>\r\n\r\n<h2>Fira mormor med en unik g\u00e5va<\/h2>\r\n\r\n<p>Grandma Definition Poster \u00e4r en perfekt present till f\u00f6delsedagar, jul eller andra tillf\u00e4llen d\u00e5 du vill hylla din mormor p\u00e5 ett speciellt s\u00e4tt. F\u00f6rest\u00e4ll dig hennes gl\u00e4dje och stolthet n\u00e4r hon f\u00e5r detta vackert utformade tryck som hyllar hennes unika roll i familjen.<\/p>\r\n\r\n<h2>Varf\u00f6r v\u00e4lja v\u00e5r Grandma Definition Poster?<\/h2>\r\n\r\n<p>Det g\u00e5r snabbt och enkelt att skapa en personlig affisch. Bes\u00f6k v\u00e5r webbplats, anv\u00e4nd online-editorn f\u00f6r att skr\u00e4ddarsy ditt tryck och l\u00e4gg din best\u00e4llning. Vi sk\u00f6ter resten och ser till att trycksaken utformas med omsorg och levereras snabbt.<\/p>\r\n\r\n<p>Visa din mormor hur mycket hon betyder f\u00f6r dig med en Grandma Definition Poster. Det \u00e4r ett vackert och personligt s\u00e4tt att fira henne p\u00e5, som f\u00e5ngar hennes v\u00e4sen p\u00e5 ett s\u00e4tt som ord inte kan uttrycka. Denna unika g\u00e5va kommer att bli ett uppskattat tillskott i hennes hem och st\u00e4ndigt p\u00e5minna henne om det speciella band ni delar.<\/p>","protected":false},"excerpt":{"rendered":"<ul class=\"check-list\">\n<li>G\u00f6r din personliga definition<\/li>\n<li>L\u00e4gg till ditt eget foto<\/li>\n<li>Anpassa i 3 enkla steg<\/li>\n<li>V\u00e4lj en mall eller var kreativ<\/li>\n<li>Se resultatet direkt \u2013 den interaktiva f\u00f6rhandsvisningen l\u00e5ter dig finjustera varje detalj<\/li>\n<\/ul>\n","protected":false},"featured_media":1156275,"template":"","meta":[],"product_brand":[],"product_cat":[9000,7459,9525,8108,8983,11468,7727,9767],"product_tag":[8590,11778],"class_list":{"0":"post-1145244","1":"product","2":"type-product","3":"status-publish","4":"has-post-thumbnail","6":"product_cat-aldreomsorgens-dag","7":"product_cat-alla-produkter","8":"product_cat-definition-sv","9":"product_cat-julpresenter","10":"product_cat-ny","11":"product_cat-julklappar-till-mormor","12":"product_cat-gavor-till-mormor","13":"product_cat-trending-label-sv","14":"product_tag-farmor","15":"product_tag-julklappar-till-mormor","17":"first","18":"instock","19":"sale","20":"taxable","21":"shipping-taxable","22":"purchasable","23":"product-type-variable"},"yoast_head":"<!-- This site is optimized with the Yoast SEO Premium plugin v27.2 (Yoast SEO v27.2) - https:\/\/yoast.com\/product\/yoast-seo-premium-wordpress\/ -->\n<title>Poster med definition av mormor - Positive Prints<\/title>\n<meta name=\"description\" content=\"Grandma Definition Poster \u00e4r en perfekt present till f\u00f6delsedagar, jul eller andra tillf\u00e4llen d\u00e5 du vill hylla din mormor p\u00e5 ett speciellt s\u00e4tt.\" \/>\n<meta name=\"robots\" content=\"index, follow, max-snippet:-1, max-image-preview:large, max-video-preview:-1\" \/>\n<link rel=\"canonical\" href=\"https:\/\/positiveprints.com\/sv\/produkt\/mormor-definition-poster\/\" \/>\n<meta property=\"og:locale\" content=\"sv_SE\" \/>\n<meta property=\"og:type\" content=\"article\" \/>\n<meta property=\"og:title\" content=\"Mormor Definition Poster\" \/>\n<meta property=\"og:description\" content=\"G\u00f6r din personliga definition L\u00e4gg till ditt eget foto Anpassa i 3 enkla steg V\u00e4lj en mall eller var kreativ Se resultatet direkt \u2013 den interaktiva f\u00f6rhandsvisningen l\u00e5ter dig finjustera varje detalj\" \/>\n<meta property=\"og:url\" content=\"https:\/\/positiveprints.com\/sv\/produkt\/mormor-definition-poster\/\" \/>\n<meta property=\"og:site_name\" content=\"Positive Prints\" \/>\n<meta property=\"article:publisher\" content=\"https:\/\/www.facebook.com\/positiveprintscom\" \/>\n<meta property=\"article:modified_time\" content=\"2026-05-03T17:21:28+00:00\" \/>\n<meta property=\"og:image\" content=\"https:\/\/positiveprints.com\/wp-content\/uploads\/2024\/07\/Grandma-Definition-Poster.jpg\" \/>\n\t<meta property=\"og:image:width\" content=\"1080\" \/>\n\t<meta property=\"og:image:height\" content=\"1080\" \/>\n\t<meta property=\"og:image:type\" content=\"image\/jpeg\" \/>\n<meta name=\"twitter:card\" content=\"summary_large_image\" \/>\n<!-- \/ Yoast SEO Premium plugin. -->","yoast_head_json":{"title":"Poster med definition av mormor - Positive Prints","description":"Grandma Definition Poster \u00e4r en perfekt present till f\u00f6delsedagar, jul eller andra tillf\u00e4llen d\u00e5 du vill hylla din mormor p\u00e5 ett speciellt s\u00e4tt.","robots":{"index":"index","follow":"follow","max-snippet":"max-snippet:-1","max-image-preview":"max-image-preview:large","max-video-preview":"max-video-preview:-1"},"canonical":"https:\/\/positiveprints.com\/sv\/produkt\/mormor-definition-poster\/","og_locale":"sv_SE","og_type":"article","og_title":"Mormor Definition Poster","og_description":"G\u00f6r din personliga definition L\u00e4gg till ditt eget foto Anpassa i 3 enkla steg V\u00e4lj en mall eller var kreativ Se resultatet direkt \u2013 den interaktiva f\u00f6rhandsvisningen l\u00e5ter dig finjustera varje detalj","og_url":"https:\/\/positiveprints.com\/sv\/produkt\/mormor-definition-poster\/","og_site_name":"Positive Prints","article_publisher":"https:\/\/www.facebook.com\/positiveprintscom","article_modified_time":"2026-05-03T17:21:28+00:00","og_image":[{"width":1080,"height":1080,"url":"https:\/\/positiveprints.com\/wp-content\/uploads\/2024\/07\/Grandma-Definition-Poster.jpg","type":"image\/jpeg"}],"twitter_card":"summary_large_image","schema":{"@context":"https:\/\/schema.org","@graph":[{"@type":["WebPage","ItemPage"],"@id":"https:\/\/positiveprints.com\/sv\/produkt\/mormor-definition-poster\/","url":"https:\/\/positiveprints.com\/sv\/produkt\/mormor-definition-poster\/","name":"Poster med definition av mormor - Positive Prints","isPartOf":{"@id":"https:\/\/positiveprints.com\/sv\/#website"},"primaryImageOfPage":{"@id":"https:\/\/positiveprints.com\/sv\/produkt\/mormor-definition-poster\/#primaryimage"},"image":{"@id":"https:\/\/positiveprints.com\/sv\/produkt\/mormor-definition-poster\/#primaryimage"},"thumbnailUrl":"https:\/\/positiveprints.com\/wp-content\/uploads\/2024\/07\/Grandma-Definition-Poster.jpg","datePublished":"2024-06-20T20:56:51+00:00","dateModified":"2026-05-03T17:21:28+00:00","description":"Grandma Definition Poster \u00e4r en perfekt present till f\u00f6delsedagar, jul eller andra tillf\u00e4llen d\u00e5 du vill hylla din mormor p\u00e5 ett speciellt s\u00e4tt.","breadcrumb":{"@id":"https:\/\/positiveprints.com\/sv\/produkt\/mormor-definition-poster\/#breadcrumb"},"inLanguage":"sv-SE","potentialAction":[{"@type":"ReadAction","target":["https:\/\/positiveprints.com\/sv\/produkt\/mormor-definition-poster\/"]}]},{"@type":"ImageObject","inLanguage":"sv-SE","@id":"https:\/\/positiveprints.com\/sv\/produkt\/mormor-definition-poster\/#primaryimage","url":"https:\/\/positiveprints.com\/wp-content\/uploads\/2024\/07\/Grandma-Definition-Poster.jpg","contentUrl":"https:\/\/positiveprints.com\/wp-content\/uploads\/2024\/07\/Grandma-Definition-Poster.jpg","width":1080,"height":1080},{"@type":"BreadcrumbList","@id":"https:\/\/positiveprints.com\/sv\/produkt\/mormor-definition-poster\/#breadcrumb","itemListElement":[{"@type":"ListItem","position":1,"name":"Home","item":"https:\/\/positiveprints.com\/sv\/"},{"@type":"ListItem","position":2,"name":"Produkter","item":"https:\/\/positiveprints.com\/sv\/shop\/"},{"@type":"ListItem","position":3,"name":"Mormor Definition Poster"}]},{"@type":"WebSite","@id":"https:\/\/positiveprints.com\/sv\/#website","url":"https:\/\/positiveprints.com\/sv\/","name":"Positive Prints","description":"Amazing Custom Personalized Gifts","publisher":{"@id":"https:\/\/positiveprints.com\/sv\/#organization"},"potentialAction":[{"@type":"SearchAction","target":{"@type":"EntryPoint","urlTemplate":"https:\/\/positiveprints.com\/sv\/?s={search_term_string}"},"query-input":{"@type":"PropertyValueSpecification","valueRequired":true,"valueName":"search_term_string"}}],"inLanguage":"sv-SE"},{"@type":"Organization","@id":"https:\/\/positiveprints.com\/sv\/#organization","name":"Positive Prints","alternateName":"Positive Prints","url":"https:\/\/positiveprints.com\/sv\/","logo":{"@type":"ImageObject","inLanguage":"sv-SE","@id":"https:\/\/positiveprints.com\/sv\/#\/schema\/logo\/image\/","url":"https:\/\/positiveprints.com\/wp-content\/uploads\/2026\/03\/245815646_1337939713319158_5671353136411139666_n.png","contentUrl":"https:\/\/positiveprints.com\/wp-content\/uploads\/2026\/03\/245815646_1337939713319158_5671353136411139666_n.png","width":800,"height":800,"caption":"Positive Prints"},"image":{"@id":"https:\/\/positiveprints.com\/sv\/#\/schema\/logo\/image\/"},"sameAs":["https:\/\/www.facebook.com\/positiveprintscom","https:\/\/www.instagram.com\/positiveprintscom\/","https:\/\/www.tiktok.com\/@positiveprintscom","https:\/\/www.pinterest.com\/positiveprintscom\/"]}]}},"jetpack_sharing_enabled":true,"_links":{"self":[{"href":"https:\/\/positiveprints.com\/sv\/wp-json\/wp\/v2\/product\/1145244","targetHints":{"allow":["GET"]}}],"collection":[{"href":"https:\/\/positiveprints.com\/sv\/wp-json\/wp\/v2\/product"}],"about":[{"href":"https:\/\/positiveprints.com\/sv\/wp-json\/wp\/v2\/types\/product"}],"wp:featuredmedia":[{"embeddable":true,"href":"https:\/\/positiveprints.com\/sv\/wp-json\/wp\/v2\/media\/1156275"}],"wp:attachment":[{"href":"https:\/\/positiveprints.com\/sv\/wp-json\/wp\/v2\/media?parent=1145244"}],"wp:term":[{"taxonomy":"product_brand","embeddable":true,"href":"https:\/\/positiveprints.com\/sv\/wp-json\/wp\/v2\/product_brand?post=1145244"},{"taxonomy":"product_cat","embeddable":true,"href":"https:\/\/positiveprints.com\/sv\/wp-json\/wp\/v2\/product_cat?post=1145244"},{"taxonomy":"product_tag","embeddable":true,"href":"https:\/\/positiveprints.com\/sv\/wp-json\/wp\/v2\/product_tag?post=1145244"}],"curies":[{"name":"wp","href":"https:\/\/api.w.org\/{rel}","templated":true}]}}