{"id":1145225,"date":"2024-06-17T09:01:18","date_gmt":"2024-06-17T08:01:18","guid":{"rendered":"https:\/\/positiveprints.com\/?post_type=product&#038;p=1145225"},"modified":"2026-04-28T13:48:01","modified_gmt":"2026-04-28T12:48:01","slug":"herr-fru-4-fotokollage","status":"publish","type":"product","link":"https:\/\/positiveprints.com\/sv\/produkt\/herr-fru-4-fotokollage\/","title":{"rendered":"Herr &amp; Fru 4 Fotokollage"},"content":{"rendered":"<p>F\u00e5nga vackra minnen med v\u00e5rt Mr &amp; Mrs 4 fotocollage. Detta personliga tryck visar dina egna 4 foton arrangerade i ett snyggt collage med texten &#8220;Mr &amp; Mrs&#8221; skriven i ett vackert typsnitt. Du kan enkelt skapa den p\u00e5 b\u00e5de dator och mobil. G\u00e5 bara till v\u00e5r anv\u00e4ndarv\u00e4nliga online-editor, v\u00e4lj layouten med 4 rutor och v\u00e4lj temat med &#8220;Mr &amp; Mrs&#8221;-inskriptionen. Ladda sedan upp dina 4 favoritfoton f\u00f6r att slutf\u00f6ra ditt collage.<\/p>\r\n\r\n<h2>Skapa ditt Mr &amp; Mrs 4-fotocollage<\/h2>\r\n\r\n<p>Mr &amp; Mrs 4 Photo Collage \u00e4r en perfekt present till br\u00f6llop, m\u00f6hippor eller som en speciell present till brudparet. Fira deras k\u00e4rlek och speciella stunder med en unik och personlig g\u00e5va som de kommer att v\u00e4rdes\u00e4tta f\u00f6r alltid. Det h\u00e4r collaget \u00e4r inte bara en dekoration. Det \u00e4r en minnessak som kommer att p\u00e5minna dem om deras speciella dag och den vackra resa de har gjort tillsammans.<\/p>\r\n\r\n<p>F\u00f6rest\u00e4ll dig gl\u00e4djen och \u00f6verraskningen i de nygiftas ansikten n\u00e4r de packar upp en g\u00e5va som \u00e4r s\u00e5 personlig och meningsfull. Med Mr &amp; Mrs 4 Photo Collage kan du sammanst\u00e4lla deras lyckligaste \u00f6gonblick och f\u00e5nga k\u00e4rnan i deras relation. Det \u00e4r en g\u00e5va som s\u00e4ger en hel del om din omtanke och k\u00e4rlek till dem.<\/p>\r\n\r\n<h2>Varf\u00f6r v\u00e4lja v\u00e5rt Mr &amp; Mrs 4 fotocollage?<\/h2>\r\n\r\n<p>Det g\u00e5r snabbt och enkelt att skapa ett collage. Bes\u00f6k v\u00e5r webbplats, anv\u00e4nd online-editorn f\u00f6r att anpassa ditt collage och g\u00f6r din best\u00e4llning. Vi tar hand om resten och ser till att ditt tryck utformas med omsorg och levereras snabbt.<\/p>\r\n\r\n<p>Oavsett om det \u00e4r en m\u00f6hippa, br\u00f6llopsdag eller \u00e5rsdag blir det h\u00e4r collaget en of\u00f6rgl\u00f6mlig present. Det \u00e4r ocks\u00e5 ett perfekt s\u00e4tt f\u00f6r f\u00f6r\u00e4ldrar, v\u00e4nner eller syskon att visa sin k\u00e4rlek och sitt st\u00f6d f\u00f6r paret. K\u00e4nslorna som f\u00e5ngas i bilderna kommer att framkalla leenden, skratt och kanske till och med glada t\u00e5rar.<\/p>\r\n\r\n<p>Ge en g\u00e5va som p\u00e5 ett perfekt s\u00e4tt f\u00e5ngar deras k\u00e4rlekshistoria. Mr &amp; Mrs 4 Photo Collage \u00e4r ett vackert och omt\u00e4nksamt s\u00e4tt att fira det speciella paret i ditt liv.<\/p>","protected":false},"excerpt":{"rendered":"<ul class=\"check-list\">\n<li>\n<\/li>\n<li>L\u00e4gg till text\u00f6verl\u00e4gg f\u00f6r att g\u00f6ra varje g\u00e5va speciell och meningsfull<\/li>\n<li>Anpassa p\u00e5 bara 2 minuter<\/li>\n<li>V\u00e4lj en mall eller var kreativ<\/li>\n<li>Se resultatet direkt \u2013 den interaktiva f\u00f6rhandsvisningen l\u00e5ter dig finjustera varje detalj<\/li>\n<\/ul>\n","protected":false},"featured_media":1156177,"template":"","meta":[],"product_brand":[],"product_cat":[7459,7503,8114,11582,11602,11583,11579,11585,11580,11581,11192,11190,11191,8120,7934,7647,7758],"product_tag":[8713,15071,8486],"class_list":{"0":"post-1145225","1":"product","2":"type-product","3":"status-publish","4":"has-post-thumbnail","6":"product_cat-alla-produkter","7":"product_cat-foto-sv","8":"product_cat-jubileumspresent-presenttillfallen","9":"product_cat-10-arsjubileum","10":"product_cat-50-arsjubileum","11":"product_cat-15-arsjubileum","12":"product_cat-1-arsjubileum","13":"product_cat-20-arsjubileum","14":"product_cat-2-arsjubileum","15":"product_cat-5-arsjubileum","16":"product_cat-arsdagspresenter-till-par","17":"product_cat-arsdagspresenter-till-henne","18":"product_cat-arsdagspresenter-till-honom","19":"product_cat-brollopspresenter-presenttillfallen","20":"product_cat-gavor-till-brollopsdusch","21":"product_cat-gavor-till-din-man","22":"product_cat-gavor-till-fru","23":"product_tag-bridal-shower-sv","24":"product_tag-wedding-pl-sv","25":"product_tag-wedding-sv","27":"first","28":"instock","29":"sale","30":"taxable","31":"shipping-taxable","32":"purchasable","33":"product-type-variable"},"yoast_head":"<!-- This site is optimized with the Yoast SEO Premium plugin v27.2 (Yoast SEO v27.2) - https:\/\/yoast.com\/product\/yoast-seo-premium-wordpress\/ -->\n<title>Mr &amp; Mrs 4 fotocollage - Positiva tryck<\/title>\n<meta name=\"description\" content=\"Ge en g\u00e5va som p\u00e5 ett perfekt s\u00e4tt f\u00e5ngar deras k\u00e4rlekshistoria. Mr &amp; Mrs 4 Photo Collage \u00e4r ett vackert s\u00e4tt att fira det speciella paret i ditt liv.\" \/>\n<meta name=\"robots\" content=\"index, follow, max-snippet:-1, max-image-preview:large, max-video-preview:-1\" \/>\n<link rel=\"canonical\" href=\"https:\/\/positiveprints.com\/sv\/produkt\/herr-fru-4-fotokollage\/\" \/>\n<meta property=\"og:locale\" content=\"sv_SE\" \/>\n<meta property=\"og:type\" content=\"article\" \/>\n<meta property=\"og:title\" content=\"Herr &amp; Fru 4 Fotokollage\" \/>\n<meta property=\"og:description\" content=\"L\u00e4gg till text\u00f6verl\u00e4gg f\u00f6r att g\u00f6ra varje g\u00e5va speciell och meningsfull Anpassa p\u00e5 bara 2 minuter V\u00e4lj en mall eller var kreativ Se resultatet direkt \u2013 den interaktiva f\u00f6rhandsvisningen l\u00e5ter dig finjustera varje detalj\" \/>\n<meta property=\"og:url\" content=\"https:\/\/positiveprints.com\/sv\/produkt\/herr-fru-4-fotokollage\/\" \/>\n<meta property=\"og:site_name\" content=\"Positive Prints\" \/>\n<meta property=\"article:publisher\" content=\"https:\/\/www.facebook.com\/positiveprintscom\" \/>\n<meta property=\"article:modified_time\" content=\"2026-04-28T12:48:01+00:00\" \/>\n<meta property=\"og:image\" content=\"https:\/\/positiveprints.com\/wp-content\/uploads\/2024\/06\/Mr-Mrs-4-Photo-Collage.jpg\" \/>\n\t<meta property=\"og:image:width\" content=\"1080\" \/>\n\t<meta property=\"og:image:height\" content=\"1080\" \/>\n\t<meta property=\"og:image:type\" content=\"image\/jpeg\" \/>\n<meta name=\"twitter:card\" content=\"summary_large_image\" \/>\n<!-- \/ Yoast SEO Premium plugin. -->","yoast_head_json":{"title":"Mr & Mrs 4 fotocollage - Positiva tryck","description":"Ge en g\u00e5va som p\u00e5 ett perfekt s\u00e4tt f\u00e5ngar deras k\u00e4rlekshistoria. Mr & Mrs 4 Photo Collage \u00e4r ett vackert s\u00e4tt att fira det speciella paret i ditt liv.","robots":{"index":"index","follow":"follow","max-snippet":"max-snippet:-1","max-image-preview":"max-image-preview:large","max-video-preview":"max-video-preview:-1"},"canonical":"https:\/\/positiveprints.com\/sv\/produkt\/herr-fru-4-fotokollage\/","og_locale":"sv_SE","og_type":"article","og_title":"Herr &amp; Fru 4 Fotokollage","og_description":"L\u00e4gg till text\u00f6verl\u00e4gg f\u00f6r att g\u00f6ra varje g\u00e5va speciell och meningsfull Anpassa p\u00e5 bara 2 minuter V\u00e4lj en mall eller var kreativ Se resultatet direkt \u2013 den interaktiva f\u00f6rhandsvisningen l\u00e5ter dig finjustera varje detalj","og_url":"https:\/\/positiveprints.com\/sv\/produkt\/herr-fru-4-fotokollage\/","og_site_name":"Positive Prints","article_publisher":"https:\/\/www.facebook.com\/positiveprintscom","article_modified_time":"2026-04-28T12:48:01+00:00","og_image":[{"width":1080,"height":1080,"url":"https:\/\/positiveprints.com\/wp-content\/uploads\/2024\/06\/Mr-Mrs-4-Photo-Collage.jpg","type":"image\/jpeg"}],"twitter_card":"summary_large_image","schema":{"@context":"https:\/\/schema.org","@graph":[{"@type":["WebPage","ItemPage"],"@id":"https:\/\/positiveprints.com\/sv\/produkt\/herr-fru-4-fotokollage\/","url":"https:\/\/positiveprints.com\/sv\/produkt\/herr-fru-4-fotokollage\/","name":"Mr & Mrs 4 fotocollage - Positiva tryck","isPartOf":{"@id":"https:\/\/positiveprints.com\/sv\/#website"},"primaryImageOfPage":{"@id":"https:\/\/positiveprints.com\/sv\/produkt\/herr-fru-4-fotokollage\/#primaryimage"},"image":{"@id":"https:\/\/positiveprints.com\/sv\/produkt\/herr-fru-4-fotokollage\/#primaryimage"},"thumbnailUrl":"https:\/\/positiveprints.com\/wp-content\/uploads\/2024\/06\/Mr-Mrs-4-Photo-Collage.jpg","datePublished":"2024-06-17T08:01:18+00:00","dateModified":"2026-04-28T12:48:01+00:00","description":"Ge en g\u00e5va som p\u00e5 ett perfekt s\u00e4tt f\u00e5ngar deras k\u00e4rlekshistoria. Mr & Mrs 4 Photo Collage \u00e4r ett vackert s\u00e4tt att fira det speciella paret i ditt liv.","breadcrumb":{"@id":"https:\/\/positiveprints.com\/sv\/produkt\/herr-fru-4-fotokollage\/#breadcrumb"},"inLanguage":"sv-SE","potentialAction":[{"@type":"ReadAction","target":["https:\/\/positiveprints.com\/sv\/produkt\/herr-fru-4-fotokollage\/"]}]},{"@type":"ImageObject","inLanguage":"sv-SE","@id":"https:\/\/positiveprints.com\/sv\/produkt\/herr-fru-4-fotokollage\/#primaryimage","url":"https:\/\/positiveprints.com\/wp-content\/uploads\/2024\/06\/Mr-Mrs-4-Photo-Collage.jpg","contentUrl":"https:\/\/positiveprints.com\/wp-content\/uploads\/2024\/06\/Mr-Mrs-4-Photo-Collage.jpg","width":1080,"height":1080},{"@type":"BreadcrumbList","@id":"https:\/\/positiveprints.com\/sv\/produkt\/herr-fru-4-fotokollage\/#breadcrumb","itemListElement":[{"@type":"ListItem","position":1,"name":"Home","item":"https:\/\/positiveprints.com\/sv\/"},{"@type":"ListItem","position":2,"name":"Produkter","item":"https:\/\/positiveprints.com\/sv\/shop\/"},{"@type":"ListItem","position":3,"name":"Herr &amp; Fru 4 Fotokollage"}]},{"@type":"WebSite","@id":"https:\/\/positiveprints.com\/sv\/#website","url":"https:\/\/positiveprints.com\/sv\/","name":"Positive Prints","description":"Amazing Custom Personalized Gifts","publisher":{"@id":"https:\/\/positiveprints.com\/sv\/#organization"},"potentialAction":[{"@type":"SearchAction","target":{"@type":"EntryPoint","urlTemplate":"https:\/\/positiveprints.com\/sv\/?s={search_term_string}"},"query-input":{"@type":"PropertyValueSpecification","valueRequired":true,"valueName":"search_term_string"}}],"inLanguage":"sv-SE"},{"@type":"Organization","@id":"https:\/\/positiveprints.com\/sv\/#organization","name":"Positive Prints","alternateName":"Positive Prints","url":"https:\/\/positiveprints.com\/sv\/","logo":{"@type":"ImageObject","inLanguage":"sv-SE","@id":"https:\/\/positiveprints.com\/sv\/#\/schema\/logo\/image\/","url":"https:\/\/positiveprints.com\/wp-content\/uploads\/2026\/03\/245815646_1337939713319158_5671353136411139666_n.png","contentUrl":"https:\/\/positiveprints.com\/wp-content\/uploads\/2026\/03\/245815646_1337939713319158_5671353136411139666_n.png","width":800,"height":800,"caption":"Positive Prints"},"image":{"@id":"https:\/\/positiveprints.com\/sv\/#\/schema\/logo\/image\/"},"sameAs":["https:\/\/www.facebook.com\/positiveprintscom","https:\/\/www.instagram.com\/positiveprintscom\/","https:\/\/www.tiktok.com\/@positiveprintscom","https:\/\/www.pinterest.com\/positiveprintscom\/"]}]}},"jetpack_sharing_enabled":true,"_links":{"self":[{"href":"https:\/\/positiveprints.com\/sv\/wp-json\/wp\/v2\/product\/1145225","targetHints":{"allow":["GET"]}}],"collection":[{"href":"https:\/\/positiveprints.com\/sv\/wp-json\/wp\/v2\/product"}],"about":[{"href":"https:\/\/positiveprints.com\/sv\/wp-json\/wp\/v2\/types\/product"}],"wp:featuredmedia":[{"embeddable":true,"href":"https:\/\/positiveprints.com\/sv\/wp-json\/wp\/v2\/media\/1156177"}],"wp:attachment":[{"href":"https:\/\/positiveprints.com\/sv\/wp-json\/wp\/v2\/media?parent=1145225"}],"wp:term":[{"taxonomy":"product_brand","embeddable":true,"href":"https:\/\/positiveprints.com\/sv\/wp-json\/wp\/v2\/product_brand?post=1145225"},{"taxonomy":"product_cat","embeddable":true,"href":"https:\/\/positiveprints.com\/sv\/wp-json\/wp\/v2\/product_cat?post=1145225"},{"taxonomy":"product_tag","embeddable":true,"href":"https:\/\/positiveprints.com\/sv\/wp-json\/wp\/v2\/product_tag?post=1145225"}],"curies":[{"name":"wp","href":"https:\/\/api.w.org\/{rel}","templated":true}]}}