{"id":1145217,"date":"2024-06-17T07:52:31","date_gmt":"2024-06-17T06:52:31","guid":{"rendered":"https:\/\/positiveprints.com\/?post_type=product&#038;p=1145217"},"modified":"2026-04-28T13:48:21","modified_gmt":"2026-04-28T12:48:21","slug":"man-definition-poster","status":"publish","type":"product","link":"https:\/\/positiveprints.com\/sv\/produkt\/man-definition-poster\/","title":{"rendered":"Man Definition Poster"},"content":{"rendered":"<p>Hylla en speciell man med v\u00e5r Man Definition Poster. Detta personliga tryck inneh\u00e5ller ditt eget foto och en ordboksdefinition av &#8220;make&#8221; eller &#8220;brudgum&#8221;. Om du v\u00e4ljer en rolig eller k\u00e4nslosam definition \u00e4r helt upp till dig. G\u00e5 till v\u00e5r enkla online-editor f\u00f6r att b\u00f6rja skapa. V\u00e4lj ditt f\u00e4rgschema eller anpassa det genom att v\u00e4lja dina egna bakgrunds- och teckensnittsf\u00e4rger. Sedan laddar du upp ditt foto, anger titeln och l\u00e4gger till definitionen. Du kan anv\u00e4nda v\u00e5r f\u00f6rdefinierade definition eller skapa din egen unika definition.<\/p>\r\n\r\n<h2>Skapa en definition av din man Poster<\/h2>\r\n\r\n<p>Man Definition Poster \u00e4r en perfekt present till brudgummen, svensexan eller br\u00f6llopet. Det kan vara en r\u00f6rande hyllning eller en rolig minnessak, beroende p\u00e5 vilken definition du v\u00e4ljer. F\u00f6rest\u00e4ll dig gl\u00e4djen i hans ansikte n\u00e4r han ser ett personligt tryck som f\u00e5ngar hans personlighet och din k\u00e4rlek.<\/p>\r\n\r\n<h2>Varf\u00f6r v\u00e4lja v\u00e5r Man Definition Poster?<\/h2>\r\n\r\n<p>Best\u00e4llningen \u00e4r enkel. Bes\u00f6k bara v\u00e5r webbplats, anv\u00e4nd online-editorn f\u00f6r att anpassa din affisch och g\u00f6r din best\u00e4llning. Vi tar hand om resten och ser till att ditt tryck utformas med omsorg och levereras snabbt.<\/p>\r\n\r\n<p>Ge en g\u00e5va som kommer att uppskattas f\u00f6r alltid. Man Definition Poster \u00e4r ett unikt och innerligt s\u00e4tt att visa din uppskattning och k\u00e4rlek, vilket g\u00f6r den till en perfekt g\u00e5va f\u00f6r alla tillf\u00e4llen.<\/p>","protected":false},"excerpt":{"rendered":"<ul class=\"check-list\">\n<li>G\u00f6r din personliga definition<\/li>\n<li>L\u00e4gg till ditt eget foto<\/li>\n<li>Anpassa i 3 enkla steg<\/li>\n<li>V\u00e4lj en mall eller var kreativ<\/li>\n<li>Se resultatet direkt \u2013 den interaktiva f\u00f6rhandsvisningen l\u00e5ter dig finjustera varje detalj<\/li>\n<\/ul>\n","protected":false},"featured_media":1154637,"template":"","meta":[],"product_brand":[],"product_cat":[9525,9767,7459,8108,11472,7647],"product_tag":[9851,11832,9850],"class_list":{"0":"post-1145217","1":"product","2":"type-product","3":"status-publish","4":"has-post-thumbnail","6":"product_cat-definition-sv","7":"product_cat-trending-label-sv","8":"product_cat-alla-produkter","9":"product_cat-julpresenter","10":"product_cat-julklappar-till-maken","11":"product_cat-gavor-till-din-man","12":"product_tag-brudgum","13":"product_tag-julklappar-till-maken","14":"product_tag-make","16":"first","17":"instock","18":"sale","19":"taxable","20":"shipping-taxable","21":"purchasable","22":"product-type-variable"},"yoast_head":"<!-- This site is optimized with the Yoast SEO Premium plugin v27.2 (Yoast SEO v27.2) - https:\/\/yoast.com\/product\/yoast-seo-premium-wordpress\/ -->\n<title>Husband Definition Poster - Positive Prints<\/title>\n<meta name=\"description\" content=\"Hylla en speciell man med v\u00e5r Husband Definition Poster. Detta personliga tryck inneh\u00e5ller ditt eget foto och en ordboksdefinition av make eller brudgum.\" \/>\n<meta name=\"robots\" content=\"index, follow, max-snippet:-1, max-image-preview:large, max-video-preview:-1\" \/>\n<link rel=\"canonical\" href=\"https:\/\/positiveprints.com\/sv\/produkt\/man-definition-poster\/\" \/>\n<meta property=\"og:locale\" content=\"sv_SE\" \/>\n<meta property=\"og:type\" content=\"article\" \/>\n<meta property=\"og:title\" content=\"Man Definition Poster\" \/>\n<meta property=\"og:description\" content=\"G\u00f6r din personliga definition L\u00e4gg till ditt eget foto Anpassa i 3 enkla steg V\u00e4lj en mall eller var kreativ Se resultatet direkt \u2013 den interaktiva f\u00f6rhandsvisningen l\u00e5ter dig finjustera varje detalj\" \/>\n<meta property=\"og:url\" content=\"https:\/\/positiveprints.com\/sv\/produkt\/man-definition-poster\/\" \/>\n<meta property=\"og:site_name\" content=\"Positive Prints\" \/>\n<meta property=\"article:publisher\" content=\"https:\/\/www.facebook.com\/positiveprintscom\" \/>\n<meta property=\"article:modified_time\" content=\"2026-04-28T12:48:21+00:00\" \/>\n<meta property=\"og:image\" content=\"https:\/\/positiveprints.com\/wp-content\/uploads\/2024\/06\/Husband-Definition-Poster.jpg\" \/>\n\t<meta property=\"og:image:width\" content=\"1080\" \/>\n\t<meta property=\"og:image:height\" content=\"1080\" \/>\n\t<meta property=\"og:image:type\" content=\"image\/jpeg\" \/>\n<meta name=\"twitter:card\" content=\"summary_large_image\" \/>\n<!-- \/ Yoast SEO Premium plugin. -->","yoast_head_json":{"title":"Husband Definition Poster - Positive Prints","description":"Hylla en speciell man med v\u00e5r Husband Definition Poster. Detta personliga tryck inneh\u00e5ller ditt eget foto och en ordboksdefinition av make eller brudgum.","robots":{"index":"index","follow":"follow","max-snippet":"max-snippet:-1","max-image-preview":"max-image-preview:large","max-video-preview":"max-video-preview:-1"},"canonical":"https:\/\/positiveprints.com\/sv\/produkt\/man-definition-poster\/","og_locale":"sv_SE","og_type":"article","og_title":"Man Definition Poster","og_description":"G\u00f6r din personliga definition L\u00e4gg till ditt eget foto Anpassa i 3 enkla steg V\u00e4lj en mall eller var kreativ Se resultatet direkt \u2013 den interaktiva f\u00f6rhandsvisningen l\u00e5ter dig finjustera varje detalj","og_url":"https:\/\/positiveprints.com\/sv\/produkt\/man-definition-poster\/","og_site_name":"Positive Prints","article_publisher":"https:\/\/www.facebook.com\/positiveprintscom","article_modified_time":"2026-04-28T12:48:21+00:00","og_image":[{"width":1080,"height":1080,"url":"https:\/\/positiveprints.com\/wp-content\/uploads\/2024\/06\/Husband-Definition-Poster.jpg","type":"image\/jpeg"}],"twitter_card":"summary_large_image","schema":{"@context":"https:\/\/schema.org","@graph":[{"@type":["WebPage","ItemPage"],"@id":"https:\/\/positiveprints.com\/sv\/produkt\/man-definition-poster\/","url":"https:\/\/positiveprints.com\/sv\/produkt\/man-definition-poster\/","name":"Husband Definition Poster - Positive Prints","isPartOf":{"@id":"https:\/\/positiveprints.com\/sv\/#website"},"primaryImageOfPage":{"@id":"https:\/\/positiveprints.com\/sv\/produkt\/man-definition-poster\/#primaryimage"},"image":{"@id":"https:\/\/positiveprints.com\/sv\/produkt\/man-definition-poster\/#primaryimage"},"thumbnailUrl":"https:\/\/positiveprints.com\/wp-content\/uploads\/2024\/06\/Husband-Definition-Poster.jpg","datePublished":"2024-06-17T06:52:31+00:00","dateModified":"2026-04-28T12:48:21+00:00","description":"Hylla en speciell man med v\u00e5r Husband Definition Poster. Detta personliga tryck inneh\u00e5ller ditt eget foto och en ordboksdefinition av make eller brudgum.","breadcrumb":{"@id":"https:\/\/positiveprints.com\/sv\/produkt\/man-definition-poster\/#breadcrumb"},"inLanguage":"sv-SE","potentialAction":[{"@type":"ReadAction","target":["https:\/\/positiveprints.com\/sv\/produkt\/man-definition-poster\/"]}]},{"@type":"ImageObject","inLanguage":"sv-SE","@id":"https:\/\/positiveprints.com\/sv\/produkt\/man-definition-poster\/#primaryimage","url":"https:\/\/positiveprints.com\/wp-content\/uploads\/2024\/06\/Husband-Definition-Poster.jpg","contentUrl":"https:\/\/positiveprints.com\/wp-content\/uploads\/2024\/06\/Husband-Definition-Poster.jpg","width":1080,"height":1080},{"@type":"BreadcrumbList","@id":"https:\/\/positiveprints.com\/sv\/produkt\/man-definition-poster\/#breadcrumb","itemListElement":[{"@type":"ListItem","position":1,"name":"Home","item":"https:\/\/positiveprints.com\/sv\/"},{"@type":"ListItem","position":2,"name":"Produkter","item":"https:\/\/positiveprints.com\/sv\/shop\/"},{"@type":"ListItem","position":3,"name":"Man Definition Poster"}]},{"@type":"WebSite","@id":"https:\/\/positiveprints.com\/sv\/#website","url":"https:\/\/positiveprints.com\/sv\/","name":"Positive Prints","description":"Amazing Custom Personalized Gifts","publisher":{"@id":"https:\/\/positiveprints.com\/sv\/#organization"},"potentialAction":[{"@type":"SearchAction","target":{"@type":"EntryPoint","urlTemplate":"https:\/\/positiveprints.com\/sv\/?s={search_term_string}"},"query-input":{"@type":"PropertyValueSpecification","valueRequired":true,"valueName":"search_term_string"}}],"inLanguage":"sv-SE"},{"@type":"Organization","@id":"https:\/\/positiveprints.com\/sv\/#organization","name":"Positive Prints","alternateName":"Positive Prints","url":"https:\/\/positiveprints.com\/sv\/","logo":{"@type":"ImageObject","inLanguage":"sv-SE","@id":"https:\/\/positiveprints.com\/sv\/#\/schema\/logo\/image\/","url":"https:\/\/positiveprints.com\/wp-content\/uploads\/2026\/03\/245815646_1337939713319158_5671353136411139666_n.png","contentUrl":"https:\/\/positiveprints.com\/wp-content\/uploads\/2026\/03\/245815646_1337939713319158_5671353136411139666_n.png","width":800,"height":800,"caption":"Positive Prints"},"image":{"@id":"https:\/\/positiveprints.com\/sv\/#\/schema\/logo\/image\/"},"sameAs":["https:\/\/www.facebook.com\/positiveprintscom","https:\/\/www.instagram.com\/positiveprintscom\/","https:\/\/www.tiktok.com\/@positiveprintscom","https:\/\/www.pinterest.com\/positiveprintscom\/"]}]}},"jetpack_sharing_enabled":true,"_links":{"self":[{"href":"https:\/\/positiveprints.com\/sv\/wp-json\/wp\/v2\/product\/1145217","targetHints":{"allow":["GET"]}}],"collection":[{"href":"https:\/\/positiveprints.com\/sv\/wp-json\/wp\/v2\/product"}],"about":[{"href":"https:\/\/positiveprints.com\/sv\/wp-json\/wp\/v2\/types\/product"}],"wp:featuredmedia":[{"embeddable":true,"href":"https:\/\/positiveprints.com\/sv\/wp-json\/wp\/v2\/media\/1154637"}],"wp:attachment":[{"href":"https:\/\/positiveprints.com\/sv\/wp-json\/wp\/v2\/media?parent=1145217"}],"wp:term":[{"taxonomy":"product_brand","embeddable":true,"href":"https:\/\/positiveprints.com\/sv\/wp-json\/wp\/v2\/product_brand?post=1145217"},{"taxonomy":"product_cat","embeddable":true,"href":"https:\/\/positiveprints.com\/sv\/wp-json\/wp\/v2\/product_cat?post=1145217"},{"taxonomy":"product_tag","embeddable":true,"href":"https:\/\/positiveprints.com\/sv\/wp-json\/wp\/v2\/product_tag?post=1145217"}],"curies":[{"name":"wp","href":"https:\/\/api.w.org\/{rel}","templated":true}]}}