{"id":1137301,"date":"2024-06-18T10:49:11","date_gmt":"2024-06-18T09:49:11","guid":{"rendered":"https:\/\/positiveprints.com\/product\/engagemangskarta-med-foto\/"},"modified":"2026-04-12T20:49:57","modified_gmt":"2026-04-12T19:49:57","slug":"forlovningskarta-med-foto","status":"publish","type":"product","link":"https:\/\/positiveprints.com\/sv\/produkt\/forlovningskarta-med-foto\/","title":{"rendered":"Engagemangskarta med foto"},"content":{"rendered":"<p>Fira platsen d\u00e4r dina v\u00e4nner f\u00f6rlovade sig med v\u00e5r f\u00f6rlovningskarta med foto. Detta personliga tryck visar den exakta platsen f\u00f6r deras f\u00f6rlovning, med en detaljerad karta, en hj\u00e4rtformad mark\u00f6r f\u00f6r att lokalisera platsen, ett foto av det f\u00f6rlovade paret och ett personligt meddelande under kartan och fotot.<\/p>\r\n\r\n<h2>Skapa din engagemangskarta med foto<\/h2>\r\n\r\n<p>V\u00e5r online-skapare g\u00f6r det enkelt att personifiera. V\u00e4lj form och f\u00e4rg p\u00e5 kartan genom att v\u00e4lja bland f\u00f6rdefinierade f\u00e4rgscheman eller experimentera med egna val. Ange den speciella platsen, zooma in och ut f\u00f6r att f\u00e5 den perfekta vyn och l\u00e4gg till en hj\u00e4rtformad mark\u00f6r f\u00f6r att peka ut den exakta platsen. Ladda upp ett vackert foto av det f\u00f6rlovade paret och l\u00e4gg till ett meningsfullt meddelande som &#8220;F\u00f6rlovning&#8221;.<\/p>\r\n\r\n<p>V\u00e4lj bland en m\u00e4ngd olika format: tryckt eller inramad poster, duk eller digital fil. Oavsett format kommer din personliga karta att se fantastisk ut och fungera som en uppskattad p\u00e5minnelse om deras speciella \u00f6gonblick.<\/p>\r\n\r\n<h2>Perfekt present f\u00f6r speciella tillf\u00e4llen<\/h2>\r\n\r\n<p>F\u00f6rlovningskartan med foto \u00e4r en unik och omt\u00e4nksam f\u00f6rlovningsg\u00e5va, perfekt f\u00f6r att fira dina v\u00e4nners speciella milstolpe. Ge en g\u00e5va som f\u00e5ngar k\u00e4rnan i deras k\u00e4rlekshistoria och den plats d\u00e4r deras resa mot \u00e4ktenskapet b\u00f6rjade.<\/p>\r\n\r\n<p>F\u00f6rest\u00e4ll dig gl\u00e4djen i deras ansikten n\u00e4r de ser den h\u00e4r vackert utformade kartan, som markerar platsen d\u00e4r deras f\u00f6rlovning \u00e4gde rum. Det tillagda fotot och det personliga meddelandet g\u00f6r den h\u00e4r g\u00e5van unik och visar hur mycket du uppskattar deras speciella \u00f6gonblick. Oavsett om det \u00e4r till en f\u00f6rlovningsfest eller bara f\u00f6r att fira deras k\u00e4rlek kommer den h\u00e4r presenten att v\u00e4cka innerliga k\u00e4nslor och bli en v\u00e4rdefull minnessak.<\/p>\r\n\r\n<h2>Varf\u00f6r v\u00e4lja v\u00e5r engagemangskarta med foto?<\/h2>\r\n\r\n<p>Det g\u00e5r snabbt och enkelt att skapa sin egen karta. Bes\u00f6k v\u00e5r webbplats, anv\u00e4nd online-editorn f\u00f6r att anpassa trycket och g\u00f6r din best\u00e4llning. Vi sk\u00f6ter resten och ser till att trycksaken utformas med omsorg och levereras snabbt.<\/p>","protected":false},"excerpt":{"rendered":"<ul class=\"check-list\">\n<li>Markera en speciell plats med en utvald symbol<\/li>\n<li>Inkludera en meningsfull personlig text<\/li>\n<li>Anpassa i 3 enkla steg<\/li>\n<li>Se resultatet direkt \u2013 den interaktiva f\u00f6rhandsvisningen l\u00e5ter dig finjustera varje detalj<\/li>\n<\/ul>\n","protected":false},"featured_media":1213414,"template":"","meta":[],"product_brand":[],"product_cat":[7459,9119,8118],"product_tag":[8441],"class_list":{"0":"post-1137301","1":"product","2":"type-product","3":"status-publish","4":"has-post-thumbnail","6":"product_cat-alla-produkter","7":"product_cat-map-sv","8":"product_cat-gavor-for-nyforlovade-par-presenttillfallen","9":"product_tag-forlovning","11":"first","12":"instock","13":"sale","14":"taxable","15":"shipping-taxable","16":"purchasable","17":"product-type-variable"},"yoast_head":"<!-- This site is optimized with the Yoast SEO Premium plugin v27.2 (Yoast SEO v27.2) - https:\/\/yoast.com\/product\/yoast-seo-premium-wordpress\/ -->\n<title>F\u00f6rlovningskarta med foto - Positive Prints<\/title>\n<meta name=\"description\" content=\"F\u00f6rlovningskartan med foto \u00e4r en unik och omt\u00e4nksam f\u00f6rlovningsg\u00e5va, perfekt f\u00f6r att fira dina v\u00e4nners speciella milstolpe.\" \/>\n<meta name=\"robots\" content=\"index, follow, max-snippet:-1, max-image-preview:large, max-video-preview:-1\" \/>\n<link rel=\"canonical\" href=\"https:\/\/positiveprints.com\/sv\/produkt\/forlovningskarta-med-foto\/\" \/>\n<meta property=\"og:locale\" content=\"sv_SE\" \/>\n<meta property=\"og:type\" content=\"article\" \/>\n<meta property=\"og:title\" content=\"Engagemangskarta med foto\" \/>\n<meta property=\"og:description\" content=\"Markera en speciell plats med en utvald symbol  Inkludera en meningsfull personlig text  Anpassa i 3 enkla steg  Se resultatet direkt \u2013 den interaktiva f\u00f6rhandsvisningen l\u00e5ter dig finjustera varje detalj\" \/>\n<meta property=\"og:url\" content=\"https:\/\/positiveprints.com\/sv\/produkt\/forlovningskarta-med-foto\/\" \/>\n<meta property=\"og:site_name\" content=\"Positive Prints\" \/>\n<meta property=\"article:publisher\" content=\"https:\/\/www.facebook.com\/positiveprintscom\" \/>\n<meta property=\"article:modified_time\" content=\"2026-04-12T19:49:57+00:00\" \/>\n<meta property=\"og:image\" content=\"https:\/\/positiveprints.com\/wp-content\/uploads\/2024\/10\/Packshot_EN_engagement-map-with-photo-product-image.webp\" \/>\n\t<meta property=\"og:image:width\" content=\"1450\" \/>\n\t<meta property=\"og:image:height\" content=\"1450\" \/>\n\t<meta property=\"og:image:type\" content=\"image\/webp\" \/>\n<meta name=\"twitter:card\" content=\"summary_large_image\" \/>\n<meta name=\"twitter:label1\" content=\"Ber\u00e4knad l\u00e4stid\" \/>\n\t<meta name=\"twitter:data1\" content=\"2 minut\" \/>\n<!-- \/ Yoast SEO Premium plugin. -->","yoast_head_json":{"title":"F\u00f6rlovningskarta med foto - Positive Prints","description":"F\u00f6rlovningskartan med foto \u00e4r en unik och omt\u00e4nksam f\u00f6rlovningsg\u00e5va, perfekt f\u00f6r att fira dina v\u00e4nners speciella milstolpe.","robots":{"index":"index","follow":"follow","max-snippet":"max-snippet:-1","max-image-preview":"max-image-preview:large","max-video-preview":"max-video-preview:-1"},"canonical":"https:\/\/positiveprints.com\/sv\/produkt\/forlovningskarta-med-foto\/","og_locale":"sv_SE","og_type":"article","og_title":"Engagemangskarta med foto","og_description":"Markera en speciell plats med en utvald symbol  Inkludera en meningsfull personlig text  Anpassa i 3 enkla steg  Se resultatet direkt \u2013 den interaktiva f\u00f6rhandsvisningen l\u00e5ter dig finjustera varje detalj","og_url":"https:\/\/positiveprints.com\/sv\/produkt\/forlovningskarta-med-foto\/","og_site_name":"Positive Prints","article_publisher":"https:\/\/www.facebook.com\/positiveprintscom","article_modified_time":"2026-04-12T19:49:57+00:00","og_image":[{"width":1450,"height":1450,"url":"https:\/\/positiveprints.com\/wp-content\/uploads\/2024\/10\/Packshot_EN_engagement-map-with-photo-product-image.webp","type":"image\/webp"}],"twitter_card":"summary_large_image","twitter_misc":{"Ber\u00e4knad l\u00e4stid":"2 minut"},"schema":{"@context":"https:\/\/schema.org","@graph":[{"@type":["WebPage","ItemPage"],"@id":"https:\/\/positiveprints.com\/sv\/produkt\/forlovningskarta-med-foto\/","url":"https:\/\/positiveprints.com\/sv\/produkt\/forlovningskarta-med-foto\/","name":"F\u00f6rlovningskarta med foto - Positive Prints","isPartOf":{"@id":"https:\/\/positiveprints.com\/sv\/#website"},"primaryImageOfPage":{"@id":"https:\/\/positiveprints.com\/sv\/produkt\/forlovningskarta-med-foto\/#primaryimage"},"image":{"@id":"https:\/\/positiveprints.com\/sv\/produkt\/forlovningskarta-med-foto\/#primaryimage"},"thumbnailUrl":"https:\/\/positiveprints.com\/wp-content\/uploads\/2024\/10\/Packshot_EN_engagement-map-with-photo-product-image.webp","datePublished":"2024-06-18T09:49:11+00:00","dateModified":"2026-04-12T19:49:57+00:00","description":"F\u00f6rlovningskartan med foto \u00e4r en unik och omt\u00e4nksam f\u00f6rlovningsg\u00e5va, perfekt f\u00f6r att fira dina v\u00e4nners speciella milstolpe.","breadcrumb":{"@id":"https:\/\/positiveprints.com\/sv\/produkt\/forlovningskarta-med-foto\/#breadcrumb"},"inLanguage":"sv-SE","potentialAction":[{"@type":"ReadAction","target":["https:\/\/positiveprints.com\/sv\/produkt\/forlovningskarta-med-foto\/"]}]},{"@type":"ImageObject","inLanguage":"sv-SE","@id":"https:\/\/positiveprints.com\/sv\/produkt\/forlovningskarta-med-foto\/#primaryimage","url":"https:\/\/positiveprints.com\/wp-content\/uploads\/2024\/10\/Packshot_EN_engagement-map-with-photo-product-image.webp","contentUrl":"https:\/\/positiveprints.com\/wp-content\/uploads\/2024\/10\/Packshot_EN_engagement-map-with-photo-product-image.webp","width":1450,"height":1450},{"@type":"BreadcrumbList","@id":"https:\/\/positiveprints.com\/sv\/produkt\/forlovningskarta-med-foto\/#breadcrumb","itemListElement":[{"@type":"ListItem","position":1,"name":"Home","item":"https:\/\/positiveprints.com\/sv\/"},{"@type":"ListItem","position":2,"name":"Produkter","item":"https:\/\/positiveprints.com\/sv\/shop\/"},{"@type":"ListItem","position":3,"name":"Engagemangskarta med foto"}]},{"@type":"WebSite","@id":"https:\/\/positiveprints.com\/sv\/#website","url":"https:\/\/positiveprints.com\/sv\/","name":"Positive Prints","description":"Amazing Custom Personalized Gifts","publisher":{"@id":"https:\/\/positiveprints.com\/sv\/#organization"},"potentialAction":[{"@type":"SearchAction","target":{"@type":"EntryPoint","urlTemplate":"https:\/\/positiveprints.com\/sv\/?s={search_term_string}"},"query-input":{"@type":"PropertyValueSpecification","valueRequired":true,"valueName":"search_term_string"}}],"inLanguage":"sv-SE"},{"@type":"Organization","@id":"https:\/\/positiveprints.com\/sv\/#organization","name":"Positive Prints","alternateName":"Positive Prints","url":"https:\/\/positiveprints.com\/sv\/","logo":{"@type":"ImageObject","inLanguage":"sv-SE","@id":"https:\/\/positiveprints.com\/sv\/#\/schema\/logo\/image\/","url":"https:\/\/positiveprints.com\/wp-content\/uploads\/2026\/03\/245815646_1337939713319158_5671353136411139666_n.png","contentUrl":"https:\/\/positiveprints.com\/wp-content\/uploads\/2026\/03\/245815646_1337939713319158_5671353136411139666_n.png","width":800,"height":800,"caption":"Positive Prints"},"image":{"@id":"https:\/\/positiveprints.com\/sv\/#\/schema\/logo\/image\/"},"sameAs":["https:\/\/www.facebook.com\/positiveprintscom","https:\/\/www.instagram.com\/positiveprintscom\/","https:\/\/www.tiktok.com\/@positiveprintscom","https:\/\/www.pinterest.com\/positiveprintscom\/"]}]}},"jetpack_sharing_enabled":true,"_links":{"self":[{"href":"https:\/\/positiveprints.com\/sv\/wp-json\/wp\/v2\/product\/1137301","targetHints":{"allow":["GET"]}}],"collection":[{"href":"https:\/\/positiveprints.com\/sv\/wp-json\/wp\/v2\/product"}],"about":[{"href":"https:\/\/positiveprints.com\/sv\/wp-json\/wp\/v2\/types\/product"}],"wp:featuredmedia":[{"embeddable":true,"href":"https:\/\/positiveprints.com\/sv\/wp-json\/wp\/v2\/media\/1213414"}],"wp:attachment":[{"href":"https:\/\/positiveprints.com\/sv\/wp-json\/wp\/v2\/media?parent=1137301"}],"wp:term":[{"taxonomy":"product_brand","embeddable":true,"href":"https:\/\/positiveprints.com\/sv\/wp-json\/wp\/v2\/product_brand?post=1137301"},{"taxonomy":"product_cat","embeddable":true,"href":"https:\/\/positiveprints.com\/sv\/wp-json\/wp\/v2\/product_cat?post=1137301"},{"taxonomy":"product_tag","embeddable":true,"href":"https:\/\/positiveprints.com\/sv\/wp-json\/wp\/v2\/product_tag?post=1137301"}],"curies":[{"name":"wp","href":"https:\/\/api.w.org\/{rel}","templated":true}]}}