{"id":1137274,"date":"2024-06-18T10:10:04","date_gmt":"2024-06-18T09:10:04","guid":{"rendered":"https:\/\/positiveprints.com\/product\/where-we-met-karta-med-foto\/"},"modified":"2026-04-28T13:47:51","modified_gmt":"2026-04-28T12:47:51","slug":"var-vi-moter-karta-med-foto","status":"publish","type":"product","link":"https:\/\/positiveprints.com\/sv\/produkt\/var-vi-moter-karta-med-foto\/","title":{"rendered":"Var vi m\u00f6ttes Karta med foto"},"content":{"rendered":"<p>F\u00e5nga magin d\u00e4r er k\u00e4rlekshistoria b\u00f6rjade med v\u00e5r Where We Met Map with Photo. Detta personliga tryck visar den exakta platsen d\u00e4r du och din \u00e4lskade tr\u00e4ffades f\u00f6r f\u00f6rsta g\u00e5ngen, med en detaljerad karta, en hj\u00e4rtformad mark\u00f6r f\u00f6r att lokalisera platsen, ditt foto och ett personligt meddelande under kartan och fotot.<\/p>\r\n\r\n<h2>Skapa din Where We Met-karta med foto<\/h2>\r\n\r\n<p>V\u00e5r online-skapare g\u00f6r det enkelt att personifiera. V\u00e4lj form och f\u00e4rger p\u00e5 kartan, v\u00e4lj fr\u00e5n f\u00f6rdefinierade f\u00e4rgscheman eller lek med f\u00e4rgerna sj\u00e4lv. Ange platsen, zooma in och ut f\u00f6r att f\u00e5 en perfekt vy och l\u00e4gg till en hj\u00e4rtformad mark\u00f6r f\u00f6r att peka ut den exakta platsen. Ladda upp ditt favoritfoto och l\u00e4gg till ett meningsfullt meddelande som &#8220;D\u00e4r vi tr\u00e4ffades&#8221;.<\/p>\r\n\r\n<p>V\u00e4lj bland en m\u00e4ngd olika format: tryckt eller inramad poster, duk eller digital fil. Oavsett format kommer din personliga karta att se fantastisk ut och fungera som en uppskattad p\u00e5minnelse om din speciella plats.<\/p>\r\n\r\n<h2>Perfekt present f\u00f6r speciella tillf\u00e4llen<\/h2>\r\n\r\n<p>Kartan Where We Met med foto \u00e4r en unik och omt\u00e4nksam present till \u00e5rsdagar, f\u00f6delsedagar, alla hj\u00e4rtans dag, br\u00f6llop eller andra speciella tillf\u00e4llen. Fira er resa tillsammans genom att ge en g\u00e5va som f\u00e5ngar hj\u00e4rtat i er relation.<\/p>\r\n\r\n<p>F\u00f6rest\u00e4ll dig gl\u00e4djen i din partners ansikte n\u00e4r de ser den h\u00e4r vackra kartan, som markerar platsen d\u00e4r er historia b\u00f6rjade. Det tillagda fotot och det personliga meddelandet g\u00f6r den h\u00e4r g\u00e5van unik och visar hur mycket du v\u00e4rnar om era gemensamma minnen. Oavsett om det \u00e4r till din partner, f\u00f6r\u00e4ldrar, v\u00e4nner eller syskon kommer den h\u00e4r presenten att v\u00e4cka innerliga k\u00e4nslor och bli en v\u00e4rdefull minnessak.<\/p>\r\n\r\n<h2>Varf\u00f6r v\u00e4lja v\u00e5r Where We Met-karta med foto?<\/h2>\r\n\r\n<p>Det g\u00e5r snabbt och enkelt att skapa en karta. Bes\u00f6k v\u00e5r webbplats, anv\u00e4nd online-editorn f\u00f6r att skr\u00e4ddarsy ditt tryck och l\u00e4gg din best\u00e4llning. Vi sk\u00f6ter resten och ser till att ditt tryck utformas med omsorg och levereras i r\u00e4tt tid.<\/p>","protected":false},"excerpt":{"rendered":"<ul class=\"check-list\">\n<li>Markera en speciell plats med en utvald symbol<\/li>\n<li>Inkludera en meningsfull personlig text<\/li>\n<li>Anpassa i 3 enkla steg<\/li>\n<li>Se resultatet direkt \u2013 den interaktiva f\u00f6rhandsvisningen l\u00e5ter dig finjustera varje detalj<\/li>\n<\/ul>\n","protected":false},"featured_media":1214061,"template":"","meta":[],"product_brand":[],"product_cat":[8188,7459,9119,8114,11192,11190,11191,8117,11221,11222,8014,7679,7647,7694,7790,7758,7806],"product_tag":[14998],"class_list":{"0":"post-1137274","1":"product","2":"type-product","3":"status-publish","4":"has-post-thumbnail","6":"product_cat-till-henne","7":"product_cat-alla-produkter","8":"product_cat-map-sv","9":"product_cat-jubileumspresent-presenttillfallen","10":"product_cat-arsdagspresenter-till-par","11":"product_cat-arsdagspresenter-till-henne","12":"product_cat-arsdagspresenter-till-honom","13":"product_cat-fodelsedagspresenter-presenttillfallen","14":"product_cat-fodelsedagspresenter-till-henne","15":"product_cat-fodelsedagspresenter-till-honom","16":"product_cat-gavor-for-man","17":"product_cat-gavor-till-pojkvannen","18":"product_cat-gavor-till-din-man","19":"product_cat-gavor-for-kvinnor","20":"product_cat-gavor-till-flickvannen","21":"product_cat-gavor-till-fru","22":"product_cat-gavor-for-par","23":"product_tag-anniversary-sv","25":"first","26":"instock","27":"sale","28":"taxable","29":"shipping-taxable","30":"purchasable","31":"product-type-variable"},"yoast_head":"<!-- This site is optimized with the Yoast SEO Premium plugin v27.2 (Yoast SEO v27.2) - https:\/\/yoast.com\/product\/yoast-seo-premium-wordpress\/ -->\n<title>D\u00e4r vi m\u00f6ttes Karta med foto - Positive Prints<\/title>\n<meta name=\"description\" content=\"Where We Met Map with Photo \u00e4r en unik och omt\u00e4nksam g\u00e5va f\u00f6r \u00e5rsdagar, f\u00f6delsedagar, alla hj\u00e4rtans dag, br\u00f6llop eller andra speciella tillf\u00e4llen.\" \/>\n<meta name=\"robots\" content=\"index, follow, max-snippet:-1, max-image-preview:large, max-video-preview:-1\" \/>\n<link rel=\"canonical\" href=\"https:\/\/positiveprints.com\/sv\/produkt\/var-vi-moter-karta-med-foto\/\" \/>\n<meta property=\"og:locale\" content=\"sv_SE\" \/>\n<meta property=\"og:type\" content=\"article\" \/>\n<meta property=\"og:title\" content=\"Var vi m\u00f6ttes Karta med foto\" \/>\n<meta property=\"og:description\" content=\"Markera en speciell plats med en utvald symbol Inkludera en meningsfull personlig text Anpassa i 3 enkla steg Se resultatet direkt \u2013 den interaktiva f\u00f6rhandsvisningen l\u00e5ter dig finjustera varje detalj\" \/>\n<meta property=\"og:url\" content=\"https:\/\/positiveprints.com\/sv\/produkt\/var-vi-moter-karta-med-foto\/\" \/>\n<meta property=\"og:site_name\" content=\"Positive Prints\" \/>\n<meta property=\"article:publisher\" content=\"https:\/\/www.facebook.com\/positiveprintscom\" \/>\n<meta property=\"article:modified_time\" content=\"2026-04-28T12:47:51+00:00\" \/>\n<meta property=\"og:image\" content=\"https:\/\/positiveprints.com\/wp-content\/uploads\/2024\/10\/Packshot_EN_where-we-met-map-with-photo-product-image.webp\" \/>\n\t<meta property=\"og:image:width\" content=\"1450\" \/>\n\t<meta property=\"og:image:height\" content=\"1450\" \/>\n\t<meta property=\"og:image:type\" content=\"image\/webp\" \/>\n<meta name=\"twitter:card\" content=\"summary_large_image\" \/>\n<!-- \/ Yoast SEO Premium plugin. -->","yoast_head_json":{"title":"D\u00e4r vi m\u00f6ttes Karta med foto - Positive Prints","description":"Where We Met Map with Photo \u00e4r en unik och omt\u00e4nksam g\u00e5va f\u00f6r \u00e5rsdagar, f\u00f6delsedagar, alla hj\u00e4rtans dag, br\u00f6llop eller andra speciella tillf\u00e4llen.","robots":{"index":"index","follow":"follow","max-snippet":"max-snippet:-1","max-image-preview":"max-image-preview:large","max-video-preview":"max-video-preview:-1"},"canonical":"https:\/\/positiveprints.com\/sv\/produkt\/var-vi-moter-karta-med-foto\/","og_locale":"sv_SE","og_type":"article","og_title":"Var vi m\u00f6ttes Karta med foto","og_description":"Markera en speciell plats med en utvald symbol Inkludera en meningsfull personlig text Anpassa i 3 enkla steg Se resultatet direkt \u2013 den interaktiva f\u00f6rhandsvisningen l\u00e5ter dig finjustera varje detalj","og_url":"https:\/\/positiveprints.com\/sv\/produkt\/var-vi-moter-karta-med-foto\/","og_site_name":"Positive Prints","article_publisher":"https:\/\/www.facebook.com\/positiveprintscom","article_modified_time":"2026-04-28T12:47:51+00:00","og_image":[{"width":1450,"height":1450,"url":"https:\/\/positiveprints.com\/wp-content\/uploads\/2024\/10\/Packshot_EN_where-we-met-map-with-photo-product-image.webp","type":"image\/webp"}],"twitter_card":"summary_large_image","schema":{"@context":"https:\/\/schema.org","@graph":[{"@type":["WebPage","ItemPage"],"@id":"https:\/\/positiveprints.com\/sv\/produkt\/var-vi-moter-karta-med-foto\/","url":"https:\/\/positiveprints.com\/sv\/produkt\/var-vi-moter-karta-med-foto\/","name":"D\u00e4r vi m\u00f6ttes Karta med foto - Positive Prints","isPartOf":{"@id":"https:\/\/positiveprints.com\/sv\/#website"},"primaryImageOfPage":{"@id":"https:\/\/positiveprints.com\/sv\/produkt\/var-vi-moter-karta-med-foto\/#primaryimage"},"image":{"@id":"https:\/\/positiveprints.com\/sv\/produkt\/var-vi-moter-karta-med-foto\/#primaryimage"},"thumbnailUrl":"https:\/\/positiveprints.com\/wp-content\/uploads\/2024\/10\/Packshot_EN_where-we-met-map-with-photo-product-image.webp","datePublished":"2024-06-18T09:10:04+00:00","dateModified":"2026-04-28T12:47:51+00:00","description":"Where We Met Map with Photo \u00e4r en unik och omt\u00e4nksam g\u00e5va f\u00f6r \u00e5rsdagar, f\u00f6delsedagar, alla hj\u00e4rtans dag, br\u00f6llop eller andra speciella tillf\u00e4llen.","breadcrumb":{"@id":"https:\/\/positiveprints.com\/sv\/produkt\/var-vi-moter-karta-med-foto\/#breadcrumb"},"inLanguage":"sv-SE","potentialAction":[{"@type":"ReadAction","target":["https:\/\/positiveprints.com\/sv\/produkt\/var-vi-moter-karta-med-foto\/"]}]},{"@type":"ImageObject","inLanguage":"sv-SE","@id":"https:\/\/positiveprints.com\/sv\/produkt\/var-vi-moter-karta-med-foto\/#primaryimage","url":"https:\/\/positiveprints.com\/wp-content\/uploads\/2024\/10\/Packshot_EN_where-we-met-map-with-photo-product-image.webp","contentUrl":"https:\/\/positiveprints.com\/wp-content\/uploads\/2024\/10\/Packshot_EN_where-we-met-map-with-photo-product-image.webp","width":1450,"height":1450},{"@type":"BreadcrumbList","@id":"https:\/\/positiveprints.com\/sv\/produkt\/var-vi-moter-karta-med-foto\/#breadcrumb","itemListElement":[{"@type":"ListItem","position":1,"name":"Home","item":"https:\/\/positiveprints.com\/sv\/"},{"@type":"ListItem","position":2,"name":"Produkter","item":"https:\/\/positiveprints.com\/sv\/shop\/"},{"@type":"ListItem","position":3,"name":"Var vi m\u00f6ttes Karta med foto"}]},{"@type":"WebSite","@id":"https:\/\/positiveprints.com\/sv\/#website","url":"https:\/\/positiveprints.com\/sv\/","name":"Positive Prints","description":"Amazing Custom Personalized Gifts","publisher":{"@id":"https:\/\/positiveprints.com\/sv\/#organization"},"potentialAction":[{"@type":"SearchAction","target":{"@type":"EntryPoint","urlTemplate":"https:\/\/positiveprints.com\/sv\/?s={search_term_string}"},"query-input":{"@type":"PropertyValueSpecification","valueRequired":true,"valueName":"search_term_string"}}],"inLanguage":"sv-SE"},{"@type":"Organization","@id":"https:\/\/positiveprints.com\/sv\/#organization","name":"Positive Prints","alternateName":"Positive Prints","url":"https:\/\/positiveprints.com\/sv\/","logo":{"@type":"ImageObject","inLanguage":"sv-SE","@id":"https:\/\/positiveprints.com\/sv\/#\/schema\/logo\/image\/","url":"https:\/\/positiveprints.com\/wp-content\/uploads\/2026\/03\/245815646_1337939713319158_5671353136411139666_n.png","contentUrl":"https:\/\/positiveprints.com\/wp-content\/uploads\/2026\/03\/245815646_1337939713319158_5671353136411139666_n.png","width":800,"height":800,"caption":"Positive Prints"},"image":{"@id":"https:\/\/positiveprints.com\/sv\/#\/schema\/logo\/image\/"},"sameAs":["https:\/\/www.facebook.com\/positiveprintscom","https:\/\/www.instagram.com\/positiveprintscom\/","https:\/\/www.tiktok.com\/@positiveprintscom","https:\/\/www.pinterest.com\/positiveprintscom\/"]}]}},"jetpack_sharing_enabled":true,"_links":{"self":[{"href":"https:\/\/positiveprints.com\/sv\/wp-json\/wp\/v2\/product\/1137274","targetHints":{"allow":["GET"]}}],"collection":[{"href":"https:\/\/positiveprints.com\/sv\/wp-json\/wp\/v2\/product"}],"about":[{"href":"https:\/\/positiveprints.com\/sv\/wp-json\/wp\/v2\/types\/product"}],"wp:featuredmedia":[{"embeddable":true,"href":"https:\/\/positiveprints.com\/sv\/wp-json\/wp\/v2\/media\/1214061"}],"wp:attachment":[{"href":"https:\/\/positiveprints.com\/sv\/wp-json\/wp\/v2\/media?parent=1137274"}],"wp:term":[{"taxonomy":"product_brand","embeddable":true,"href":"https:\/\/positiveprints.com\/sv\/wp-json\/wp\/v2\/product_brand?post=1137274"},{"taxonomy":"product_cat","embeddable":true,"href":"https:\/\/positiveprints.com\/sv\/wp-json\/wp\/v2\/product_cat?post=1137274"},{"taxonomy":"product_tag","embeddable":true,"href":"https:\/\/positiveprints.com\/sv\/wp-json\/wp\/v2\/product_tag?post=1137274"}],"curies":[{"name":"wp","href":"https:\/\/api.w.org\/{rel}","templated":true}]}}