{"id":1137261,"date":"2024-06-18T11:07:19","date_gmt":"2024-06-18T10:07:19","guid":{"rendered":"https:\/\/positiveprints.com\/product\/ny-hemkarta-med-foto\/"},"modified":"2026-04-28T13:47:02","modified_gmt":"2026-04-28T12:47:02","slug":"ny-hemkarta-med-foto","status":"publish","type":"product","link":"https:\/\/positiveprints.com\/sv\/produkt\/ny-hemkarta-med-foto\/","title":{"rendered":"Ny hemkarta med foto"},"content":{"rendered":"<p>Fira gl\u00e4djen \u00f6ver att flytta in i ett nytt hem med v\u00e5r New Home Map with Photo. Detta personliga tryck har en detaljerad karta som markerar den exakta platsen f\u00f6r det nya hemmet och det omgivande grannskapet, en hj\u00e4rtformad mark\u00f6r f\u00f6r att lokalisera platsen, ett foto av de nya hus\u00e4garna och ett personligt meddelande under kartan och fotot.<\/p>\r\n\r\n<h2>Skapa din nya hemkarta med foto<\/h2>\r\n\r\n<p>V\u00e5r online-skapare g\u00f6r personalisering enkelt och roligt. V\u00e4lj form och f\u00e4rg p\u00e5 kartan genom att v\u00e4lja bland f\u00f6rdefinierade f\u00e4rgscheman eller experimentera med egna val. Ange den nya adressen, zooma in och ut f\u00f6r att f\u00e5 en perfekt vy och l\u00e4gg till en hj\u00e4rtformad mark\u00f6r f\u00f6r att peka ut den exakta platsen. Ladda upp ett vackert foto och l\u00e4gg till ett meningsfullt meddelande som &#8220;Nytt hem&#8221;.<\/p>\r\n\r\n<p>V\u00e4lj bland en m\u00e4ngd olika format: tryckt eller inramad poster, duk eller digital fil. Oavsett format kommer din personliga karta att se fantastisk ut och fungera som en uppskattad p\u00e5minnelse om deras nya b\u00f6rjan.<\/p>\r\n\r\n<h2>Perfekt present f\u00f6r speciella tillf\u00e4llen<\/h2>\r\n\r\n<p>New Home Map med foto \u00e4r en unik och omt\u00e4nksam inflyttningspresent. Fira deras nya resa och den plats de nu kallar sitt hem med en personlig karta som f\u00e5ngar k\u00e4rnan i deras nya grannskap.<\/p>\r\n\r\n<p>F\u00f6rest\u00e4ll dig gl\u00e4djen i deras ansikten n\u00e4r de ser den h\u00e4r vackert utformade kartan, som markerar platsen f\u00f6r deras nya hem. Det tillagda fotot och det personliga meddelandet g\u00f6r den h\u00e4r g\u00e5van unik och visar hur mycket du bryr dig om deras nya kapitel i livet. Oavsett om det \u00e4r till en inflyttningsfest eller bara f\u00f6r att fira flytten kommer den h\u00e4r presenten att v\u00e4cka innerliga k\u00e4nslor och bli en v\u00e4rdefull minnessak.<\/p>\r\n\r\n<h2>Varf\u00f6r v\u00e4lja v\u00e5r nya hemkarta med foto?<\/h2>\r\n\r\n<p>Det g\u00e5r snabbt och enkelt att skapa sin egen karta. Bes\u00f6k v\u00e5r webbplats, anv\u00e4nd online-editorn f\u00f6r att anpassa trycket och g\u00f6r din best\u00e4llning. Vi sk\u00f6ter resten och ser till att trycksaken utformas med omsorg och levereras snabbt.<\/p>","protected":false},"excerpt":{"rendered":"<ul class=\"check-list\">\n<li>F\u00e5nga det speciella \u00f6gonblicket med en personlig karta och ett foto som visar den exakta platsen f\u00f6r de b\u00e4sta minnena<\/li>\n<li>Markera en speciell plats med en utvald symbol<\/li>\n<li>Inkludera en meningsfull personlig text<\/li>\n<li>Anpassa i 3 enkla steg<\/li>\n<li>Se resultatet direkt \u2013 den interaktiva f\u00f6rhandsvisningen l\u00e5ter dig finjustera varje detalj<\/li>\n<\/ul>\n","protected":false},"featured_media":1465845,"template":"","meta":[],"product_brand":[],"product_cat":[8983,7459,9119,8119,8014,7694],"product_tag":[15013],"class_list":{"0":"post-1137261","1":"product","2":"type-product","3":"status-publish","4":"has-post-thumbnail","6":"product_cat-ny","7":"product_cat-alla-produkter","8":"product_cat-map-sv","9":"product_cat-inflyttningspresenter-presenttillfallen","10":"product_cat-gavor-for-man","11":"product_cat-gavor-for-kvinnor","12":"product_tag-housewarming-sv-2","14":"first","15":"instock","16":"sale","17":"taxable","18":"shipping-taxable","19":"purchasable","20":"product-type-variable"},"yoast_head":"<!-- This site is optimized with the Yoast SEO Premium plugin v27.2 (Yoast SEO v27.2) - https:\/\/yoast.com\/product\/yoast-seo-premium-wordpress\/ -->\n<title>Karta \u00f6ver nya hem med foto - Positive Prints<\/title>\n<meta name=\"description\" content=\"New Home Map med foto \u00e4r en unik och omt\u00e4nksam inflyttningspresent. Fira deras nya resa och den plats som de nu kallar sitt hem.\" \/>\n<meta name=\"robots\" content=\"index, follow, max-snippet:-1, max-image-preview:large, max-video-preview:-1\" \/>\n<link rel=\"canonical\" href=\"https:\/\/positiveprints.com\/sv\/produkt\/ny-hemkarta-med-foto\/\" \/>\n<meta property=\"og:locale\" content=\"sv_SE\" \/>\n<meta property=\"og:type\" content=\"article\" \/>\n<meta property=\"og:title\" content=\"Ny hemkarta med foto\" \/>\n<meta property=\"og:description\" content=\"F\u00e5nga det speciella \u00f6gonblicket med en personlig karta och ett foto som visar den exakta platsen f\u00f6r de b\u00e4sta minnena Markera en speciell plats med en utvald symbol Inkludera en meningsfull personlig text Anpassa i 3 enkla steg Se resultatet direkt \u2013 den interaktiva f\u00f6rhandsvisningen l\u00e5ter dig finjustera varje detalj\" \/>\n<meta property=\"og:url\" content=\"https:\/\/positiveprints.com\/sv\/produkt\/ny-hemkarta-med-foto\/\" \/>\n<meta property=\"og:site_name\" content=\"Positive Prints\" \/>\n<meta property=\"article:publisher\" content=\"https:\/\/www.facebook.com\/positiveprintscom\" \/>\n<meta property=\"article:modified_time\" content=\"2026-04-28T12:47:02+00:00\" \/>\n<meta property=\"og:image\" content=\"https:\/\/positiveprints.com\/wp-content\/uploads\/2024\/06\/New-Home-Map-with-Photo.jpg\" \/>\n\t<meta property=\"og:image:width\" content=\"1080\" \/>\n\t<meta property=\"og:image:height\" content=\"1080\" \/>\n\t<meta property=\"og:image:type\" content=\"image\/jpeg\" \/>\n<meta name=\"twitter:card\" content=\"summary_large_image\" \/>\n<!-- \/ Yoast SEO Premium plugin. -->","yoast_head_json":{"title":"Karta \u00f6ver nya hem med foto - Positive Prints","description":"New Home Map med foto \u00e4r en unik och omt\u00e4nksam inflyttningspresent. Fira deras nya resa och den plats som de nu kallar sitt hem.","robots":{"index":"index","follow":"follow","max-snippet":"max-snippet:-1","max-image-preview":"max-image-preview:large","max-video-preview":"max-video-preview:-1"},"canonical":"https:\/\/positiveprints.com\/sv\/produkt\/ny-hemkarta-med-foto\/","og_locale":"sv_SE","og_type":"article","og_title":"Ny hemkarta med foto","og_description":"F\u00e5nga det speciella \u00f6gonblicket med en personlig karta och ett foto som visar den exakta platsen f\u00f6r de b\u00e4sta minnena Markera en speciell plats med en utvald symbol Inkludera en meningsfull personlig text Anpassa i 3 enkla steg Se resultatet direkt \u2013 den interaktiva f\u00f6rhandsvisningen l\u00e5ter dig finjustera varje detalj","og_url":"https:\/\/positiveprints.com\/sv\/produkt\/ny-hemkarta-med-foto\/","og_site_name":"Positive Prints","article_publisher":"https:\/\/www.facebook.com\/positiveprintscom","article_modified_time":"2026-04-28T12:47:02+00:00","og_image":[{"width":1080,"height":1080,"url":"https:\/\/positiveprints.com\/wp-content\/uploads\/2024\/06\/New-Home-Map-with-Photo.jpg","type":"image\/jpeg"}],"twitter_card":"summary_large_image","schema":{"@context":"https:\/\/schema.org","@graph":[{"@type":["WebPage","ItemPage"],"@id":"https:\/\/positiveprints.com\/sv\/produkt\/ny-hemkarta-med-foto\/","url":"https:\/\/positiveprints.com\/sv\/produkt\/ny-hemkarta-med-foto\/","name":"Karta \u00f6ver nya hem med foto - Positive Prints","isPartOf":{"@id":"https:\/\/positiveprints.com\/sv\/#website"},"primaryImageOfPage":{"@id":"https:\/\/positiveprints.com\/sv\/produkt\/ny-hemkarta-med-foto\/#primaryimage"},"image":{"@id":"https:\/\/positiveprints.com\/sv\/produkt\/ny-hemkarta-med-foto\/#primaryimage"},"thumbnailUrl":"https:\/\/positiveprints.com\/wp-content\/uploads\/2025\/06\/Packshot_SE_Ny-hemkarta-med-foto.webp","datePublished":"2024-06-18T10:07:19+00:00","dateModified":"2026-04-28T12:47:02+00:00","description":"New Home Map med foto \u00e4r en unik och omt\u00e4nksam inflyttningspresent. Fira deras nya resa och den plats som de nu kallar sitt hem.","breadcrumb":{"@id":"https:\/\/positiveprints.com\/sv\/produkt\/ny-hemkarta-med-foto\/#breadcrumb"},"inLanguage":"sv-SE","potentialAction":[{"@type":"ReadAction","target":["https:\/\/positiveprints.com\/sv\/produkt\/ny-hemkarta-med-foto\/"]}]},{"@type":"ImageObject","inLanguage":"sv-SE","@id":"https:\/\/positiveprints.com\/sv\/produkt\/ny-hemkarta-med-foto\/#primaryimage","url":"https:\/\/positiveprints.com\/wp-content\/uploads\/2025\/06\/Packshot_SE_Ny-hemkarta-med-foto.webp","contentUrl":"https:\/\/positiveprints.com\/wp-content\/uploads\/2025\/06\/Packshot_SE_Ny-hemkarta-med-foto.webp","width":1450,"height":1450},{"@type":"BreadcrumbList","@id":"https:\/\/positiveprints.com\/sv\/produkt\/ny-hemkarta-med-foto\/#breadcrumb","itemListElement":[{"@type":"ListItem","position":1,"name":"Home","item":"https:\/\/positiveprints.com\/sv\/"},{"@type":"ListItem","position":2,"name":"Produkter","item":"https:\/\/positiveprints.com\/sv\/shop\/"},{"@type":"ListItem","position":3,"name":"Ny hemkarta med foto"}]},{"@type":"WebSite","@id":"https:\/\/positiveprints.com\/sv\/#website","url":"https:\/\/positiveprints.com\/sv\/","name":"Positive Prints","description":"Amazing Custom Personalized Gifts","publisher":{"@id":"https:\/\/positiveprints.com\/sv\/#organization"},"potentialAction":[{"@type":"SearchAction","target":{"@type":"EntryPoint","urlTemplate":"https:\/\/positiveprints.com\/sv\/?s={search_term_string}"},"query-input":{"@type":"PropertyValueSpecification","valueRequired":true,"valueName":"search_term_string"}}],"inLanguage":"sv-SE"},{"@type":"Organization","@id":"https:\/\/positiveprints.com\/sv\/#organization","name":"Positive Prints","alternateName":"Positive Prints","url":"https:\/\/positiveprints.com\/sv\/","logo":{"@type":"ImageObject","inLanguage":"sv-SE","@id":"https:\/\/positiveprints.com\/sv\/#\/schema\/logo\/image\/","url":"https:\/\/positiveprints.com\/wp-content\/uploads\/2026\/03\/245815646_1337939713319158_5671353136411139666_n.png","contentUrl":"https:\/\/positiveprints.com\/wp-content\/uploads\/2026\/03\/245815646_1337939713319158_5671353136411139666_n.png","width":800,"height":800,"caption":"Positive Prints"},"image":{"@id":"https:\/\/positiveprints.com\/sv\/#\/schema\/logo\/image\/"},"sameAs":["https:\/\/www.facebook.com\/positiveprintscom","https:\/\/www.instagram.com\/positiveprintscom\/","https:\/\/www.tiktok.com\/@positiveprintscom","https:\/\/www.pinterest.com\/positiveprintscom\/"]}]}},"jetpack_sharing_enabled":true,"_links":{"self":[{"href":"https:\/\/positiveprints.com\/sv\/wp-json\/wp\/v2\/product\/1137261","targetHints":{"allow":["GET"]}}],"collection":[{"href":"https:\/\/positiveprints.com\/sv\/wp-json\/wp\/v2\/product"}],"about":[{"href":"https:\/\/positiveprints.com\/sv\/wp-json\/wp\/v2\/types\/product"}],"wp:featuredmedia":[{"embeddable":true,"href":"https:\/\/positiveprints.com\/sv\/wp-json\/wp\/v2\/media\/1465845"}],"wp:attachment":[{"href":"https:\/\/positiveprints.com\/sv\/wp-json\/wp\/v2\/media?parent=1137261"}],"wp:term":[{"taxonomy":"product_brand","embeddable":true,"href":"https:\/\/positiveprints.com\/sv\/wp-json\/wp\/v2\/product_brand?post=1137261"},{"taxonomy":"product_cat","embeddable":true,"href":"https:\/\/positiveprints.com\/sv\/wp-json\/wp\/v2\/product_cat?post=1137261"},{"taxonomy":"product_tag","embeddable":true,"href":"https:\/\/positiveprints.com\/sv\/wp-json\/wp\/v2\/product_tag?post=1137261"}],"curies":[{"name":"wp","href":"https:\/\/api.w.org\/{rel}","templated":true}]}}