{"id":1132895,"date":"2024-06-11T19:07:02","date_gmt":"2024-06-11T18:07:02","guid":{"rendered":"https:\/\/positiveprints.com\/?post_type=product&#038;p=1132895"},"modified":"2026-04-28T13:48:31","modified_gmt":"2026-04-28T12:48:31","slug":"traffades-forlovade-gifte-kartduk","status":"publish","type":"product","link":"https:\/\/positiveprints.com\/sv\/produkt\/traffades-forlovade-gifte-kartduk\/","title":{"rendered":"Tr\u00e4ffades F\u00f6rlovade Gifte Kartduk"},"content":{"rendered":"<p>Letar du efter en unik och meningsfull br\u00f6llopsg\u00e5va? V\u00e5r Tr\u00e4ffades F\u00f6rlovade Gifte Kartduk \u00e4r det perfekta valet. Den h\u00e4r personliga duken har tre kartor som var och en belyser en viktig milstolpe i parets relation: var de tr\u00e4ffades, f\u00f6rlovade sig och gifte sig.<\/p>\r\n\r\n<h2>Skapa din Tr\u00e4ffades F\u00f6rlovade Gifte Kartduk<\/h2>\r\n\r\n<p>Med v\u00e5r Tr\u00e4ffades F\u00f6rlovade Gifte Kartduk kan du skapa ett verkligt unikt f\u00f6rem\u00e5l. Ange v\u00e5r enkla online-skapare f\u00f6r att komma ig\u00e5ng. V\u00e4lj form och f\u00e4rger p\u00e5 kartan &#8211; anv\u00e4nd v\u00e5ra f\u00f6rdefinierade f\u00e4rgscheman eller anpassa f\u00e4rgerna sj\u00e4lv. D\u00e4refter anger du de tre speciella platserna: d\u00e4r paret tr\u00e4ffades, d\u00e4r de f\u00f6rlovade sig och d\u00e4r de gifte sig. Du kan zooma in och ut f\u00f6r att g\u00f6ra varje karta exakt som du vill. L\u00e4gg till hj\u00e4rtformade mark\u00f6rer f\u00f6r att peka ut de exakta platserna och inkludera titlar och tre anpassade texter under var och en av kartorna, till exempel &#8220;D\u00e4r vi tr\u00e4ffades&#8221;, &#8220;D\u00e4r vi f\u00f6rlovade oss&#8221; och &#8220;D\u00e4r vi sa ja&#8221;.<\/p>\r\n\r\n<h2>Perfekt present f\u00f6r speciella tillf\u00e4llen<\/h2>\r\n\r\n<p>V\u00e5r Tr\u00e4ffades F\u00f6rlovade Gifte Kartduk \u00e4r en perfekt present till v\u00e4nner som har gift sig. F\u00f6rest\u00e4ll dig gl\u00e4djen n\u00e4r det lyckliga paret f\u00e5r en personlig duk som f\u00e5ngar de tre viktigaste milstolparna i deras f\u00f6rh\u00e5llande.<\/p>\r\n\r\n<h2>Varf\u00f6r v\u00e4lja v\u00e5r Tr\u00e4ffades F\u00f6rlovade Gifte Kartduk?<\/h2>\r\n\r\n<p>Det \u00e4r enkelt att v\u00e4lja r\u00e4tt format med v\u00e5ra olika canvasalternativ, s\u00e5 att din karta ser fantastisk ut p\u00e5 vilken v\u00e4gg som helst. Det \u00e4r enkelt att best\u00e4lla &#8211; bes\u00f6k bara v\u00e5r webbplats, ange de tre platserna, anpassa dina kartor, l\u00e4gg till dina titlar och anpassade texter, v\u00e4lj ditt canvasformat och g\u00f6r din best\u00e4llning. Vi tar hand om resten och ser till att din duk tillverkas och levereras med omsorg.<\/p>\r\n\r\n<p>Ge en g\u00e5va som kommer att uppskattas f\u00f6r alltid. Tr\u00e4ffades F\u00f6rlovade Gifte Kartduk \u00e4r en best\u00e5ende hyllning till de speciella platser d\u00e4r parets k\u00e4rlekshistoria utspelade sig, vilket g\u00f6r den till en kreativ och meningsfull g\u00e5va till alla nygifta par.<\/p>","protected":false},"excerpt":{"rendered":"<ul class=\"check-list\">\n<li>Fira tre milstolpar i f\u00f6rh\u00e5llandet med en personlig karta, en unik och sentimental minnessak att v\u00e5rda<\/li>\n<li>Markera de exakta adresserna med en vald symbol<\/li>\n<li>Anpassa i 3 enkla steg<\/li>\n<li>Inkludera en meningsfull personlig text<\/li>\n<li>Se resultatet direkt \u2013 den interaktiva f\u00f6rhandsvisningen l\u00e5ter dig finjustera varje detalj<\/li>\n<\/ul>\n","protected":false},"featured_media":1161331,"template":"","meta":[],"product_brand":[],"product_cat":[9785,8188,8214,7459,11192,11190,11191,7934,7647,7758,7806],"product_tag":[16247,15071],"class_list":{"0":"post-1132895","1":"product","2":"type-product","3":"status-publish","4":"has-post-thumbnail","6":"product_cat-canvas-sv","7":"product_cat-till-henne","8":"product_cat-till-honom","9":"product_cat-alla-produkter","10":"product_cat-arsdagspresenter-till-par","11":"product_cat-arsdagspresenter-till-henne","12":"product_cat-arsdagspresenter-till-honom","13":"product_cat-gavor-till-brollopsdusch","14":"product_cat-gavor-till-din-man","15":"product_cat-gavor-till-fru","16":"product_cat-gavor-for-par","17":"product_tag-personliga-dukar","18":"product_tag-wedding-pl-sv","20":"first","21":"instock","22":"sale","23":"taxable","24":"shipping-taxable","25":"purchasable","26":"product-type-variable"},"yoast_head":"<!-- This site is optimized with the Yoast SEO Premium plugin v27.2 (Yoast SEO v27.2) - https:\/\/yoast.com\/product\/yoast-seo-premium-wordpress\/ -->\n<title>Tr\u00e4ffades F\u00f6rlovade Gifte Kartduk - Positive Prints<\/title>\n<meta name=\"description\" content=\"Tr\u00e4ffades F\u00f6rlovade Gifte Kartduk inneh\u00e5ller tre kartor som var och en belyser en milstolpe i parets relation: var de tr\u00e4ffades, f\u00f6rlovade sig och gifte sig.\" \/>\n<meta name=\"robots\" content=\"index, follow, max-snippet:-1, max-image-preview:large, max-video-preview:-1\" \/>\n<link rel=\"canonical\" href=\"https:\/\/positiveprints.com\/sv\/produkt\/traffades-forlovade-gifte-kartduk\/\" \/>\n<meta property=\"og:locale\" content=\"sv_SE\" \/>\n<meta property=\"og:type\" content=\"article\" \/>\n<meta property=\"og:title\" content=\"Tr\u00e4ffades F\u00f6rlovade Gifte Kartduk\" \/>\n<meta property=\"og:description\" content=\"Fira tre milstolpar i f\u00f6rh\u00e5llandet med en personlig karta, en unik och sentimental minnessak att v\u00e5rda Markera de exakta adresserna med en vald symbol Anpassa i 3 enkla steg Inkludera en meningsfull personlig text Se resultatet direkt \u2013 den interaktiva f\u00f6rhandsvisningen l\u00e5ter dig finjustera varje detalj\" \/>\n<meta property=\"og:url\" content=\"https:\/\/positiveprints.com\/sv\/produkt\/traffades-forlovade-gifte-kartduk\/\" \/>\n<meta property=\"og:site_name\" content=\"Positive Prints\" \/>\n<meta property=\"article:publisher\" content=\"https:\/\/www.facebook.com\/positiveprintscom\" \/>\n<meta property=\"article:modified_time\" content=\"2026-04-28T12:48:31+00:00\" \/>\n<meta property=\"og:image\" content=\"https:\/\/positiveprints.com\/wp-content\/uploads\/2024\/07\/Met-Engaged-Married-Map-Canvas.jpg\" \/>\n\t<meta property=\"og:image:width\" content=\"1080\" \/>\n\t<meta property=\"og:image:height\" content=\"1080\" \/>\n\t<meta property=\"og:image:type\" content=\"image\/jpeg\" \/>\n<meta name=\"twitter:card\" content=\"summary_large_image\" \/>\n<!-- \/ Yoast SEO Premium plugin. -->","yoast_head_json":{"title":"Tr\u00e4ffades F\u00f6rlovade Gifte Kartduk - Positive Prints","description":"Tr\u00e4ffades F\u00f6rlovade Gifte Kartduk inneh\u00e5ller tre kartor som var och en belyser en milstolpe i parets relation: var de tr\u00e4ffades, f\u00f6rlovade sig och gifte sig.","robots":{"index":"index","follow":"follow","max-snippet":"max-snippet:-1","max-image-preview":"max-image-preview:large","max-video-preview":"max-video-preview:-1"},"canonical":"https:\/\/positiveprints.com\/sv\/produkt\/traffades-forlovade-gifte-kartduk\/","og_locale":"sv_SE","og_type":"article","og_title":"Tr\u00e4ffades F\u00f6rlovade Gifte Kartduk","og_description":"Fira tre milstolpar i f\u00f6rh\u00e5llandet med en personlig karta, en unik och sentimental minnessak att v\u00e5rda Markera de exakta adresserna med en vald symbol Anpassa i 3 enkla steg Inkludera en meningsfull personlig text Se resultatet direkt \u2013 den interaktiva f\u00f6rhandsvisningen l\u00e5ter dig finjustera varje detalj","og_url":"https:\/\/positiveprints.com\/sv\/produkt\/traffades-forlovade-gifte-kartduk\/","og_site_name":"Positive Prints","article_publisher":"https:\/\/www.facebook.com\/positiveprintscom","article_modified_time":"2026-04-28T12:48:31+00:00","og_image":[{"width":1080,"height":1080,"url":"https:\/\/positiveprints.com\/wp-content\/uploads\/2024\/07\/Met-Engaged-Married-Map-Canvas.jpg","type":"image\/jpeg"}],"twitter_card":"summary_large_image","schema":{"@context":"https:\/\/schema.org","@graph":[{"@type":["WebPage","ItemPage"],"@id":"https:\/\/positiveprints.com\/sv\/produkt\/traffades-forlovade-gifte-kartduk\/","url":"https:\/\/positiveprints.com\/sv\/produkt\/traffades-forlovade-gifte-kartduk\/","name":"Tr\u00e4ffades F\u00f6rlovade Gifte Kartduk - Positive Prints","isPartOf":{"@id":"https:\/\/positiveprints.com\/sv\/#website"},"primaryImageOfPage":{"@id":"https:\/\/positiveprints.com\/sv\/produkt\/traffades-forlovade-gifte-kartduk\/#primaryimage"},"image":{"@id":"https:\/\/positiveprints.com\/sv\/produkt\/traffades-forlovade-gifte-kartduk\/#primaryimage"},"thumbnailUrl":"https:\/\/positiveprints.com\/wp-content\/uploads\/2024\/07\/Met-Engaged-Married-Map-Canvas.jpg","datePublished":"2024-06-11T18:07:02+00:00","dateModified":"2026-04-28T12:48:31+00:00","description":"Tr\u00e4ffades F\u00f6rlovade Gifte Kartduk inneh\u00e5ller tre kartor som var och en belyser en milstolpe i parets relation: var de tr\u00e4ffades, f\u00f6rlovade sig och gifte sig.","breadcrumb":{"@id":"https:\/\/positiveprints.com\/sv\/produkt\/traffades-forlovade-gifte-kartduk\/#breadcrumb"},"inLanguage":"sv-SE","potentialAction":[{"@type":"ReadAction","target":["https:\/\/positiveprints.com\/sv\/produkt\/traffades-forlovade-gifte-kartduk\/"]}]},{"@type":"ImageObject","inLanguage":"sv-SE","@id":"https:\/\/positiveprints.com\/sv\/produkt\/traffades-forlovade-gifte-kartduk\/#primaryimage","url":"https:\/\/positiveprints.com\/wp-content\/uploads\/2024\/07\/Met-Engaged-Married-Map-Canvas.jpg","contentUrl":"https:\/\/positiveprints.com\/wp-content\/uploads\/2024\/07\/Met-Engaged-Married-Map-Canvas.jpg","width":1080,"height":1080},{"@type":"BreadcrumbList","@id":"https:\/\/positiveprints.com\/sv\/produkt\/traffades-forlovade-gifte-kartduk\/#breadcrumb","itemListElement":[{"@type":"ListItem","position":1,"name":"Home","item":"https:\/\/positiveprints.com\/sv\/"},{"@type":"ListItem","position":2,"name":"Produkter","item":"https:\/\/positiveprints.com\/sv\/shop\/"},{"@type":"ListItem","position":3,"name":"Tr\u00e4ffades F\u00f6rlovade Gifte Kartduk"}]},{"@type":"WebSite","@id":"https:\/\/positiveprints.com\/sv\/#website","url":"https:\/\/positiveprints.com\/sv\/","name":"Positive Prints","description":"Amazing Custom Personalized Gifts","publisher":{"@id":"https:\/\/positiveprints.com\/sv\/#organization"},"potentialAction":[{"@type":"SearchAction","target":{"@type":"EntryPoint","urlTemplate":"https:\/\/positiveprints.com\/sv\/?s={search_term_string}"},"query-input":{"@type":"PropertyValueSpecification","valueRequired":true,"valueName":"search_term_string"}}],"inLanguage":"sv-SE"},{"@type":"Organization","@id":"https:\/\/positiveprints.com\/sv\/#organization","name":"Positive Prints","alternateName":"Positive Prints","url":"https:\/\/positiveprints.com\/sv\/","logo":{"@type":"ImageObject","inLanguage":"sv-SE","@id":"https:\/\/positiveprints.com\/sv\/#\/schema\/logo\/image\/","url":"https:\/\/positiveprints.com\/wp-content\/uploads\/2026\/03\/245815646_1337939713319158_5671353136411139666_n.png","contentUrl":"https:\/\/positiveprints.com\/wp-content\/uploads\/2026\/03\/245815646_1337939713319158_5671353136411139666_n.png","width":800,"height":800,"caption":"Positive Prints"},"image":{"@id":"https:\/\/positiveprints.com\/sv\/#\/schema\/logo\/image\/"},"sameAs":["https:\/\/www.facebook.com\/positiveprintscom","https:\/\/www.instagram.com\/positiveprintscom\/","https:\/\/www.tiktok.com\/@positiveprintscom","https:\/\/www.pinterest.com\/positiveprintscom\/"]}]}},"jetpack_sharing_enabled":true,"_links":{"self":[{"href":"https:\/\/positiveprints.com\/sv\/wp-json\/wp\/v2\/product\/1132895","targetHints":{"allow":["GET"]}}],"collection":[{"href":"https:\/\/positiveprints.com\/sv\/wp-json\/wp\/v2\/product"}],"about":[{"href":"https:\/\/positiveprints.com\/sv\/wp-json\/wp\/v2\/types\/product"}],"wp:featuredmedia":[{"embeddable":true,"href":"https:\/\/positiveprints.com\/sv\/wp-json\/wp\/v2\/media\/1161331"}],"wp:attachment":[{"href":"https:\/\/positiveprints.com\/sv\/wp-json\/wp\/v2\/media?parent=1132895"}],"wp:term":[{"taxonomy":"product_brand","embeddable":true,"href":"https:\/\/positiveprints.com\/sv\/wp-json\/wp\/v2\/product_brand?post=1132895"},{"taxonomy":"product_cat","embeddable":true,"href":"https:\/\/positiveprints.com\/sv\/wp-json\/wp\/v2\/product_cat?post=1132895"},{"taxonomy":"product_tag","embeddable":true,"href":"https:\/\/positiveprints.com\/sv\/wp-json\/wp\/v2\/product_tag?post=1132895"}],"curies":[{"name":"wp","href":"https:\/\/api.w.org\/{rel}","templated":true}]}}