{"id":1132875,"date":"2024-06-10T12:19:35","date_gmt":"2024-06-10T11:19:35","guid":{"rendered":"https:\/\/positiveprints.com\/?post_type=product&#038;p=1132875"},"modified":"2026-04-18T04:14:47","modified_gmt":"2026-04-18T03:14:47","slug":"smycken-med-anpassad-handstil","status":"publish","type":"product","link":"https:\/\/positiveprints.com\/sv\/produkt\/smycken-med-anpassad-handstil\/","title":{"rendered":"Smycken med anpassad handstil"},"content":{"rendered":"<p>Letar du efter en unik och meningsfull g\u00e5va? V\u00e5ra smycken med anpassad handstil \u00e4r det perfekta valet. F\u00f6rvandla ditt faktiska handskrivna meddelande till ett fantastiskt h\u00e4nge med personlig gravyr.<\/p>\n\n\n\n<h2>Skapa dina egna handstilssmycken<\/h2>\n\n\n\n<p>Med v\u00e5ra handskrivna smycken \u00e4r varje h\u00e4nge verkligen unikt. Vi tar ditt handskrivna meddelande, som &#8220;Jag \u00e4lskar dig&#8221; eller n\u00e5gon annan speciell anteckning, och graverar det p\u00e5 ett vackert silver. P\u00e5 baksidan kan du l\u00e4gga till ytterligare text, t.ex. datum f\u00f6r en \u00e5rsdag eller f\u00f6delsedag.<\/p>\n\n\n\n<p>Med hj\u00e4lp av v\u00e5r anv\u00e4ndarv\u00e4nliga online-editor kan du enkelt ladda upp ett foto av din handskrivna text och l\u00e4gga till ett eget meddelande p\u00e5 baksidan av h\u00e4nget. Varje h\u00e4nge, oavsett om det \u00e4r en elegant cirkel eller en 45 cm l\u00e5ng kedja, genomg\u00e5r en noggrann lasergravering f\u00f6r att s\u00e4kerst\u00e4lla perfekt detaljrikedom och h\u00e5llbarhet.<\/p>\n\n\n\n<h2>Perfekt present f\u00f6r speciella tillf\u00e4llen<\/h2>\n\n\n\n<p>V\u00e5ra handstilssmycken med tryck \u00e4r en perfekt present till \u00e5rsdagar, f\u00f6delsedagar eller mors dag. F\u00f6rest\u00e4ll dig deras gl\u00e4dje n\u00e4r de f\u00e5r ett personligt h\u00e4nge som f\u00e5ngar ditt hj\u00e4rtliga budskap p\u00e5 ett vackert och konstn\u00e4rligt s\u00e4tt.<\/p>\n\n\n\n<h2>Varf\u00f6r v\u00e4lja v\u00e5ra smycken med anpassad handskrift?<\/h2>\n\n\n\n<p>Best\u00e4llningen \u00e4r enkel. Bes\u00f6k bara v\u00e5r webbplats, ladda upp ditt foto av den handskrivna texten, l\u00e4gg till ditt anpassade meddelande, v\u00e4lj ditt material och g\u00f6r din best\u00e4llning. Vi tar hand om resten och ser till att ditt h\u00e4nge graveras och f\u00f6rpackas med st\u00f6rsta omsorg.<\/p>\n\n\n\n<p>Ge en g\u00e5va som kommer att uppskattas f\u00f6r alltid. L\u00e5t Custom Handwriting Jewelry fungera som en best\u00e5ende hyllning till dina mest v\u00e4rdefulla stunder och fira din k\u00e4rlek p\u00e5 ett kreativt och meningsfullt s\u00e4tt.<\/p>","protected":false},"excerpt":{"rendered":"<ul class=\"check-list\">\n<li>F\u00f6rvandla ditt faktiska handskrivna meddelande till ett fantastiskt halsband<\/li>\n<li>Varje h\u00e4ngsmycke \u00e4r tillverkat av sterlingsilver, lasergraverat och handbearbetat<\/li>\n<li>Skriv en hj\u00e4rtlig text som passar f\u00f6r tillf\u00e4llet<\/li>\n<li>Anpassa p\u00e5 bara 2 minuter<\/li>\n<li>Se resultatet direkt \u2013 den interaktiva f\u00f6rhandsvisningen l\u00e5ter dig finjustera varje detalj<\/li>\n<\/ul>\n","protected":false},"featured_media":1532616,"template":"","meta":[],"product_brand":[],"product_cat":[8188,9266,12258,9698,7459,8114,11190,8118,8108,11470,11469,11477,7694,7774,7790,7743,7758,7838,8116,11251],"product_tag":[14998,11772,11835],"class_list":{"0":"post-1132875","1":"product","2":"type-product","3":"status-publish","4":"has-post-thumbnail","6":"product_cat-till-henne","7":"product_cat-jewelry-sv","8":"product_cat-jewelry-basic-sv","9":"product_cat-line-art-smycken","10":"product_cat-alla-produkter","11":"product_cat-jubileumspresent-presenttillfallen","12":"product_cat-arsdagspresenter-till-henne","13":"product_cat-gavor-for-nyforlovade-par-presenttillfallen","14":"product_cat-julpresenter","15":"product_cat-julklappar-till-henne","16":"product_cat-julklappar-till-flickvannen","17":"product_cat-julklappar-till-frun","18":"product_cat-gavor-for-kvinnor","19":"product_cat-gavor-till-dottern","20":"product_cat-gavor-till-flickvannen","21":"product_cat-gavor-till-en-syster","22":"product_cat-gavor-till-fru","23":"product_cat-gavor-till-vanner","24":"product_cat-gava-pa-alla-hjartans-dag","25":"product_cat-alla-hjartans-dag-presenter-for-henne","26":"product_tag-anniversary-sv","27":"product_tag-julklappar-till-flickvannen","28":"product_tag-julklappar-till-frun","30":"first","31":"instock","32":"sale","33":"taxable","34":"shipping-taxable","35":"purchasable","36":"product-type-variable"},"yoast_head":"<!-- This site is optimized with the Yoast SEO Premium plugin v27.2 (Yoast SEO v27.2) - https:\/\/yoast.com\/product\/yoast-seo-premium-wordpress\/ -->\n<title>Handstilssmycken med tryck - Positive Prints<\/title>\n<meta name=\"description\" content=\"Letar du efter en meningsfull g\u00e5va? Anpassade handskriftssmycken \u00e4r det perfekta valet. F\u00f6rvandla ditt faktiska handskrivna meddelande till ett smycke.\" \/>\n<meta name=\"robots\" content=\"index, follow, max-snippet:-1, max-image-preview:large, max-video-preview:-1\" \/>\n<link rel=\"canonical\" href=\"https:\/\/positiveprints.com\/sv\/produkt\/smycken-med-anpassad-handstil\/\" \/>\n<meta property=\"og:locale\" content=\"sv_SE\" \/>\n<meta property=\"og:type\" content=\"article\" \/>\n<meta property=\"og:title\" content=\"Smycken med anpassad handstil\" \/>\n<meta property=\"og:description\" content=\"F\u00f6rvandla ditt faktiska handskrivna meddelande till ett fantastiskt halsband  Varje h\u00e4ngsmycke \u00e4r tillverkat av sterlingsilver, lasergraverat och handbearbetat  Skriv en hj\u00e4rtlig text som passar f\u00f6r tillf\u00e4llet  Anpassa p\u00e5 bara 2 minuter  Se resultatet direkt \u2013 den interaktiva f\u00f6rhandsvisningen l\u00e5ter dig finjustera varje detalj\" \/>\n<meta property=\"og:url\" content=\"https:\/\/positiveprints.com\/sv\/produkt\/smycken-med-anpassad-handstil\/\" \/>\n<meta property=\"og:site_name\" content=\"Positive Prints\" \/>\n<meta property=\"article:publisher\" content=\"https:\/\/www.facebook.com\/positiveprintscom\" \/>\n<meta property=\"article:modified_time\" content=\"2026-04-18T03:14:47+00:00\" \/>\n<meta property=\"og:image\" content=\"https:\/\/positiveprints.com\/wp-content\/uploads\/2025\/10\/MAIN_SE_Smycken-med-anpassad-handstil.webp\" \/>\n\t<meta property=\"og:image:width\" content=\"2500\" \/>\n\t<meta property=\"og:image:height\" content=\"2500\" \/>\n\t<meta property=\"og:image:type\" content=\"image\/webp\" \/>\n<meta name=\"twitter:card\" content=\"summary_large_image\" \/>\n<meta name=\"twitter:label1\" content=\"Ber\u00e4knad l\u00e4stid\" \/>\n\t<meta name=\"twitter:data1\" content=\"2 minut\" \/>\n<!-- \/ Yoast SEO Premium plugin. -->","yoast_head_json":{"title":"Handstilssmycken med tryck - Positive Prints","description":"Letar du efter en meningsfull g\u00e5va? Anpassade handskriftssmycken \u00e4r det perfekta valet. F\u00f6rvandla ditt faktiska handskrivna meddelande till ett smycke.","robots":{"index":"index","follow":"follow","max-snippet":"max-snippet:-1","max-image-preview":"max-image-preview:large","max-video-preview":"max-video-preview:-1"},"canonical":"https:\/\/positiveprints.com\/sv\/produkt\/smycken-med-anpassad-handstil\/","og_locale":"sv_SE","og_type":"article","og_title":"Smycken med anpassad handstil","og_description":"F\u00f6rvandla ditt faktiska handskrivna meddelande till ett fantastiskt halsband  Varje h\u00e4ngsmycke \u00e4r tillverkat av sterlingsilver, lasergraverat och handbearbetat  Skriv en hj\u00e4rtlig text som passar f\u00f6r tillf\u00e4llet  Anpassa p\u00e5 bara 2 minuter  Se resultatet direkt \u2013 den interaktiva f\u00f6rhandsvisningen l\u00e5ter dig finjustera varje detalj","og_url":"https:\/\/positiveprints.com\/sv\/produkt\/smycken-med-anpassad-handstil\/","og_site_name":"Positive Prints","article_publisher":"https:\/\/www.facebook.com\/positiveprintscom","article_modified_time":"2026-04-18T03:14:47+00:00","og_image":[{"width":2500,"height":2500,"url":"https:\/\/positiveprints.com\/wp-content\/uploads\/2025\/10\/MAIN_SE_Smycken-med-anpassad-handstil.webp","type":"image\/webp"}],"twitter_card":"summary_large_image","twitter_misc":{"Ber\u00e4knad l\u00e4stid":"2 minut"},"schema":{"@context":"https:\/\/schema.org","@graph":[{"@type":["WebPage","ItemPage"],"@id":"https:\/\/positiveprints.com\/sv\/produkt\/smycken-med-anpassad-handstil\/","url":"https:\/\/positiveprints.com\/sv\/produkt\/smycken-med-anpassad-handstil\/","name":"Handstilssmycken med tryck - Positive Prints","isPartOf":{"@id":"https:\/\/positiveprints.com\/sv\/#website"},"primaryImageOfPage":{"@id":"https:\/\/positiveprints.com\/sv\/produkt\/smycken-med-anpassad-handstil\/#primaryimage"},"image":{"@id":"https:\/\/positiveprints.com\/sv\/produkt\/smycken-med-anpassad-handstil\/#primaryimage"},"thumbnailUrl":"https:\/\/positiveprints.com\/wp-content\/uploads\/2025\/10\/MAIN_SE_Smycken-med-anpassad-handstil.webp","datePublished":"2024-06-10T11:19:35+00:00","dateModified":"2026-04-18T03:14:47+00:00","description":"Letar du efter en meningsfull g\u00e5va? Anpassade handskriftssmycken \u00e4r det perfekta valet. F\u00f6rvandla ditt faktiska handskrivna meddelande till ett smycke.","breadcrumb":{"@id":"https:\/\/positiveprints.com\/sv\/produkt\/smycken-med-anpassad-handstil\/#breadcrumb"},"inLanguage":"sv-SE","potentialAction":[{"@type":"ReadAction","target":["https:\/\/positiveprints.com\/sv\/produkt\/smycken-med-anpassad-handstil\/"]}]},{"@type":"ImageObject","inLanguage":"sv-SE","@id":"https:\/\/positiveprints.com\/sv\/produkt\/smycken-med-anpassad-handstil\/#primaryimage","url":"https:\/\/positiveprints.com\/wp-content\/uploads\/2025\/10\/MAIN_SE_Smycken-med-anpassad-handstil.webp","contentUrl":"https:\/\/positiveprints.com\/wp-content\/uploads\/2025\/10\/MAIN_SE_Smycken-med-anpassad-handstil.webp","width":2500,"height":2500},{"@type":"BreadcrumbList","@id":"https:\/\/positiveprints.com\/sv\/produkt\/smycken-med-anpassad-handstil\/#breadcrumb","itemListElement":[{"@type":"ListItem","position":1,"name":"Home","item":"https:\/\/positiveprints.com\/sv\/"},{"@type":"ListItem","position":2,"name":"Produkter","item":"https:\/\/positiveprints.com\/sv\/shop\/"},{"@type":"ListItem","position":3,"name":"Smycken med anpassad handstil"}]},{"@type":"WebSite","@id":"https:\/\/positiveprints.com\/sv\/#website","url":"https:\/\/positiveprints.com\/sv\/","name":"Positive Prints","description":"Amazing Custom Personalized Gifts","publisher":{"@id":"https:\/\/positiveprints.com\/sv\/#organization"},"potentialAction":[{"@type":"SearchAction","target":{"@type":"EntryPoint","urlTemplate":"https:\/\/positiveprints.com\/sv\/?s={search_term_string}"},"query-input":{"@type":"PropertyValueSpecification","valueRequired":true,"valueName":"search_term_string"}}],"inLanguage":"sv-SE"},{"@type":"Organization","@id":"https:\/\/positiveprints.com\/sv\/#organization","name":"Positive Prints","alternateName":"Positive Prints","url":"https:\/\/positiveprints.com\/sv\/","logo":{"@type":"ImageObject","inLanguage":"sv-SE","@id":"https:\/\/positiveprints.com\/sv\/#\/schema\/logo\/image\/","url":"https:\/\/positiveprints.com\/wp-content\/uploads\/2026\/03\/245815646_1337939713319158_5671353136411139666_n.png","contentUrl":"https:\/\/positiveprints.com\/wp-content\/uploads\/2026\/03\/245815646_1337939713319158_5671353136411139666_n.png","width":800,"height":800,"caption":"Positive Prints"},"image":{"@id":"https:\/\/positiveprints.com\/sv\/#\/schema\/logo\/image\/"},"sameAs":["https:\/\/www.facebook.com\/positiveprintscom","https:\/\/www.instagram.com\/positiveprintscom\/","https:\/\/www.tiktok.com\/@positiveprintscom","https:\/\/www.pinterest.com\/positiveprintscom\/"]}]}},"jetpack_sharing_enabled":true,"_links":{"self":[{"href":"https:\/\/positiveprints.com\/sv\/wp-json\/wp\/v2\/product\/1132875","targetHints":{"allow":["GET"]}}],"collection":[{"href":"https:\/\/positiveprints.com\/sv\/wp-json\/wp\/v2\/product"}],"about":[{"href":"https:\/\/positiveprints.com\/sv\/wp-json\/wp\/v2\/types\/product"}],"wp:featuredmedia":[{"embeddable":true,"href":"https:\/\/positiveprints.com\/sv\/wp-json\/wp\/v2\/media\/1532616"}],"wp:attachment":[{"href":"https:\/\/positiveprints.com\/sv\/wp-json\/wp\/v2\/media?parent=1132875"}],"wp:term":[{"taxonomy":"product_brand","embeddable":true,"href":"https:\/\/positiveprints.com\/sv\/wp-json\/wp\/v2\/product_brand?post=1132875"},{"taxonomy":"product_cat","embeddable":true,"href":"https:\/\/positiveprints.com\/sv\/wp-json\/wp\/v2\/product_cat?post=1132875"},{"taxonomy":"product_tag","embeddable":true,"href":"https:\/\/positiveprints.com\/sv\/wp-json\/wp\/v2\/product_tag?post=1132875"}],"curies":[{"name":"wp","href":"https:\/\/api.w.org\/{rel}","templated":true}]}}