{"id":1132871,"date":"2024-06-11T18:01:06","date_gmt":"2024-06-11T17:01:06","guid":{"rendered":"https:\/\/positiveprints.com\/?post_type=product&#038;p=1132871"},"modified":"2026-04-18T04:13:10","modified_gmt":"2026-04-18T03:13:10","slug":"engagemangskarta-canvas","status":"publish","type":"product","link":"https:\/\/positiveprints.com\/sv\/produkt\/engagemangskarta-canvas\/","title":{"rendered":"Engagemangskarta Canvas"},"content":{"rendered":"<p>Letar du efter en unik och innerlig present till ett f\u00f6rlovat par? V\u00e5r Engagement Map Canvas \u00e4r det perfekta valet. Markera den speciella platsen d\u00e4r frieriet \u00e4gde rum med en vacker, personlig karta.<\/p>\r\n\r\n<h2>Skapa din engagemangskarta<\/h2>\r\n\r\n<p>Med v\u00e5r Engagement Map Canvas kan du skapa en unik tavla som \u00e4r helt unik i sitt slag. Ange v\u00e5r enkla online-skapare f\u00f6r att komma ig\u00e5ng. V\u00e4lj form och f\u00e4rger p\u00e5 kartan &#8211; anv\u00e4nd v\u00e5ra f\u00f6rdefinierade f\u00e4rgscheman eller anpassa f\u00e4rgerna sj\u00e4lv. D\u00e4refter anger du den plats d\u00e4r f\u00f6rlovningen \u00e4gde rum. Du kan zooma in och ut f\u00f6r att f\u00e5 kartan precis som du vill ha den. L\u00e4gg till en hj\u00e4rtformad mark\u00f6r f\u00f6r att peka ut den exakta platsen och skriv ett personligt meddelande under, till exempel &#8220;Hon sa ja&#8221; eller &#8220;D\u00e4r allt b\u00f6rjade&#8221;.<\/p>\r\n\r\n<h2>Perfekt present f\u00f6r speciella tillf\u00e4llen<\/h2>\r\n\r\n<p>V\u00e5r Engagement Map Canvas \u00e4r en perfekt present till v\u00e4nner som har f\u00f6rlovat sig. F\u00f6rest\u00e4ll dig gl\u00e4djen n\u00e4r det lyckliga paret f\u00e5r en personlig duk som f\u00e5ngar den speciella plats d\u00e4r de tog n\u00e4sta steg i sin resa tillsammans.<\/p>\r\n\r\n<h2>Varf\u00f6r v\u00e4lja v\u00e5r Engagement Map Canvas?<\/h2>\r\n\r\n<p>Det \u00e4r enkelt att v\u00e4lja r\u00e4tt format med v\u00e5ra olika canvasalternativ, s\u00e5 att din karta ser fantastisk ut p\u00e5 vilken v\u00e4gg som helst. Det \u00e4r enkelt att best\u00e4lla &#8211; bes\u00f6k bara v\u00e5r webbplats, ange platsen, anpassa kartan, l\u00e4gg till ett personligt meddelande, v\u00e4lj canvasformat och g\u00f6r din best\u00e4llning. Vi tar hand om resten och ser till att din duk tillverkas och levereras med omsorg.<\/p>\r\n\r\n<p>Ge en g\u00e5va som kommer att uppskattas f\u00f6r alltid. Engagement Map Canvas fungerar som en best\u00e5ende hyllning till den speciella plats d\u00e4r frieriet \u00e4gde rum, vilket g\u00f6r den till en kreativ och meningsfull g\u00e5va till alla f\u00f6rlovade par.<\/p>","protected":false},"excerpt":{"rendered":"<ul class=\"check-list\">\n<li>Lyft fram den speciella plats d\u00e4r frieriet \u00e4gde rum<\/li>\n<li>Markera en speciell plats med en utvald symbol<\/li>\n<li>Anpassa i 3 enkla steg<\/li>\n<li>Inkludera en meningsfull personlig text<\/li>\n<li>Se resultatet direkt \u2013 den interaktiva f\u00f6rhandsvisningen l\u00e5ter dig finjustera varje detalj<\/li>\n<\/ul>\n","protected":false},"featured_media":1159956,"template":"","meta":[],"product_brand":[],"product_cat":[7459,9785],"product_tag":[8441,16247],"class_list":{"0":"post-1132871","1":"product","2":"type-product","3":"status-publish","4":"has-post-thumbnail","6":"product_cat-alla-produkter","7":"product_cat-canvas-sv","8":"product_tag-forlovning","9":"product_tag-personliga-dukar","11":"first","12":"instock","13":"sale","14":"taxable","15":"shipping-taxable","16":"purchasable","17":"product-type-variable"},"yoast_head":"<!-- This site is optimized with the Yoast SEO Premium plugin v27.2 (Yoast SEO v27.2) - https:\/\/yoast.com\/product\/yoast-seo-premium-wordpress\/ -->\n<title>Canvas med f\u00f6rlovningskarta - Positive Prints<\/title>\n<meta name=\"description\" content=\"Letar du efter en unik present till ett f\u00f6rlovat par? Markera den speciella plats d\u00e4r frieriet \u00e4gde rum med en vacker, Engagement Map Canvas.\" \/>\n<meta name=\"robots\" content=\"index, follow, max-snippet:-1, max-image-preview:large, max-video-preview:-1\" \/>\n<link rel=\"canonical\" href=\"https:\/\/positiveprints.com\/sv\/produkt\/engagemangskarta-canvas\/\" \/>\n<meta property=\"og:locale\" content=\"sv_SE\" \/>\n<meta property=\"og:type\" content=\"article\" \/>\n<meta property=\"og:title\" content=\"Engagemangskarta Canvas\" \/>\n<meta property=\"og:description\" content=\"Lyft fram den speciella plats d\u00e4r frieriet \u00e4gde rum Markera en speciell plats med en utvald symbol Anpassa i 3 enkla steg Inkludera en meningsfull personlig text Se resultatet direkt \u2013 den interaktiva f\u00f6rhandsvisningen l\u00e5ter dig finjustera varje detalj\" \/>\n<meta property=\"og:url\" content=\"https:\/\/positiveprints.com\/sv\/produkt\/engagemangskarta-canvas\/\" \/>\n<meta property=\"og:site_name\" content=\"Positive Prints\" \/>\n<meta property=\"article:publisher\" content=\"https:\/\/www.facebook.com\/positiveprintscom\" \/>\n<meta property=\"article:modified_time\" content=\"2026-04-18T03:13:10+00:00\" \/>\n<meta property=\"og:image\" content=\"https:\/\/positiveprints.com\/wp-content\/uploads\/2024\/07\/Engagement-Map-Canvas.jpg\" \/>\n\t<meta property=\"og:image:width\" content=\"1080\" \/>\n\t<meta property=\"og:image:height\" content=\"1080\" \/>\n\t<meta property=\"og:image:type\" content=\"image\/jpeg\" \/>\n<meta name=\"twitter:card\" content=\"summary_large_image\" \/>\n<meta name=\"twitter:label1\" content=\"Ber\u00e4knad l\u00e4stid\" \/>\n\t<meta name=\"twitter:data1\" content=\"2 minut\" \/>\n<!-- \/ Yoast SEO Premium plugin. -->","yoast_head_json":{"title":"Canvas med f\u00f6rlovningskarta - Positive Prints","description":"Letar du efter en unik present till ett f\u00f6rlovat par? Markera den speciella plats d\u00e4r frieriet \u00e4gde rum med en vacker, Engagement Map Canvas.","robots":{"index":"index","follow":"follow","max-snippet":"max-snippet:-1","max-image-preview":"max-image-preview:large","max-video-preview":"max-video-preview:-1"},"canonical":"https:\/\/positiveprints.com\/sv\/produkt\/engagemangskarta-canvas\/","og_locale":"sv_SE","og_type":"article","og_title":"Engagemangskarta Canvas","og_description":"Lyft fram den speciella plats d\u00e4r frieriet \u00e4gde rum Markera en speciell plats med en utvald symbol Anpassa i 3 enkla steg Inkludera en meningsfull personlig text Se resultatet direkt \u2013 den interaktiva f\u00f6rhandsvisningen l\u00e5ter dig finjustera varje detalj","og_url":"https:\/\/positiveprints.com\/sv\/produkt\/engagemangskarta-canvas\/","og_site_name":"Positive Prints","article_publisher":"https:\/\/www.facebook.com\/positiveprintscom","article_modified_time":"2026-04-18T03:13:10+00:00","og_image":[{"width":1080,"height":1080,"url":"https:\/\/positiveprints.com\/wp-content\/uploads\/2024\/07\/Engagement-Map-Canvas.jpg","type":"image\/jpeg"}],"twitter_card":"summary_large_image","twitter_misc":{"Ber\u00e4knad l\u00e4stid":"2 minut"},"schema":{"@context":"https:\/\/schema.org","@graph":[{"@type":["WebPage","ItemPage"],"@id":"https:\/\/positiveprints.com\/sv\/produkt\/engagemangskarta-canvas\/","url":"https:\/\/positiveprints.com\/sv\/produkt\/engagemangskarta-canvas\/","name":"Canvas med f\u00f6rlovningskarta - Positive Prints","isPartOf":{"@id":"https:\/\/positiveprints.com\/sv\/#website"},"primaryImageOfPage":{"@id":"https:\/\/positiveprints.com\/sv\/produkt\/engagemangskarta-canvas\/#primaryimage"},"image":{"@id":"https:\/\/positiveprints.com\/sv\/produkt\/engagemangskarta-canvas\/#primaryimage"},"thumbnailUrl":"https:\/\/positiveprints.com\/wp-content\/uploads\/2024\/07\/Engagement-Map-Canvas.jpg","datePublished":"2024-06-11T17:01:06+00:00","dateModified":"2026-04-18T03:13:10+00:00","description":"Letar du efter en unik present till ett f\u00f6rlovat par? Markera den speciella plats d\u00e4r frieriet \u00e4gde rum med en vacker, Engagement Map Canvas.","breadcrumb":{"@id":"https:\/\/positiveprints.com\/sv\/produkt\/engagemangskarta-canvas\/#breadcrumb"},"inLanguage":"sv-SE","potentialAction":[{"@type":"ReadAction","target":["https:\/\/positiveprints.com\/sv\/produkt\/engagemangskarta-canvas\/"]}]},{"@type":"ImageObject","inLanguage":"sv-SE","@id":"https:\/\/positiveprints.com\/sv\/produkt\/engagemangskarta-canvas\/#primaryimage","url":"https:\/\/positiveprints.com\/wp-content\/uploads\/2024\/07\/Engagement-Map-Canvas.jpg","contentUrl":"https:\/\/positiveprints.com\/wp-content\/uploads\/2024\/07\/Engagement-Map-Canvas.jpg","width":1080,"height":1080},{"@type":"BreadcrumbList","@id":"https:\/\/positiveprints.com\/sv\/produkt\/engagemangskarta-canvas\/#breadcrumb","itemListElement":[{"@type":"ListItem","position":1,"name":"Home","item":"https:\/\/positiveprints.com\/sv\/"},{"@type":"ListItem","position":2,"name":"Produkter","item":"https:\/\/positiveprints.com\/sv\/shop\/"},{"@type":"ListItem","position":3,"name":"Engagemangskarta Canvas"}]},{"@type":"WebSite","@id":"https:\/\/positiveprints.com\/sv\/#website","url":"https:\/\/positiveprints.com\/sv\/","name":"Positive Prints","description":"Amazing Custom Personalized Gifts","publisher":{"@id":"https:\/\/positiveprints.com\/sv\/#organization"},"potentialAction":[{"@type":"SearchAction","target":{"@type":"EntryPoint","urlTemplate":"https:\/\/positiveprints.com\/sv\/?s={search_term_string}"},"query-input":{"@type":"PropertyValueSpecification","valueRequired":true,"valueName":"search_term_string"}}],"inLanguage":"sv-SE"},{"@type":"Organization","@id":"https:\/\/positiveprints.com\/sv\/#organization","name":"Positive Prints","alternateName":"Positive Prints","url":"https:\/\/positiveprints.com\/sv\/","logo":{"@type":"ImageObject","inLanguage":"sv-SE","@id":"https:\/\/positiveprints.com\/sv\/#\/schema\/logo\/image\/","url":"https:\/\/positiveprints.com\/wp-content\/uploads\/2026\/03\/245815646_1337939713319158_5671353136411139666_n.png","contentUrl":"https:\/\/positiveprints.com\/wp-content\/uploads\/2026\/03\/245815646_1337939713319158_5671353136411139666_n.png","width":800,"height":800,"caption":"Positive Prints"},"image":{"@id":"https:\/\/positiveprints.com\/sv\/#\/schema\/logo\/image\/"},"sameAs":["https:\/\/www.facebook.com\/positiveprintscom","https:\/\/www.instagram.com\/positiveprintscom\/","https:\/\/www.tiktok.com\/@positiveprintscom","https:\/\/www.pinterest.com\/positiveprintscom\/"]}]}},"jetpack_sharing_enabled":true,"_links":{"self":[{"href":"https:\/\/positiveprints.com\/sv\/wp-json\/wp\/v2\/product\/1132871","targetHints":{"allow":["GET"]}}],"collection":[{"href":"https:\/\/positiveprints.com\/sv\/wp-json\/wp\/v2\/product"}],"about":[{"href":"https:\/\/positiveprints.com\/sv\/wp-json\/wp\/v2\/types\/product"}],"wp:featuredmedia":[{"embeddable":true,"href":"https:\/\/positiveprints.com\/sv\/wp-json\/wp\/v2\/media\/1159956"}],"wp:attachment":[{"href":"https:\/\/positiveprints.com\/sv\/wp-json\/wp\/v2\/media?parent=1132871"}],"wp:term":[{"taxonomy":"product_brand","embeddable":true,"href":"https:\/\/positiveprints.com\/sv\/wp-json\/wp\/v2\/product_brand?post=1132871"},{"taxonomy":"product_cat","embeddable":true,"href":"https:\/\/positiveprints.com\/sv\/wp-json\/wp\/v2\/product_cat?post=1132871"},{"taxonomy":"product_tag","embeddable":true,"href":"https:\/\/positiveprints.com\/sv\/wp-json\/wp\/v2\/product_tag?post=1132871"}],"curies":[{"name":"wp","href":"https:\/\/api.w.org\/{rel}","templated":true}]}}