{"id":1132855,"date":"2024-06-10T12:37:39","date_gmt":"2024-06-10T11:37:39","guid":{"rendered":"https:\/\/positiveprints.com\/?post_type=product&#038;p=1132855"},"modified":"2026-04-23T11:01:58","modified_gmt":"2026-04-23T10:01:58","slug":"specialtillverkade-smycken-med-barnteckningar","status":"publish","type":"product","link":"https:\/\/positiveprints.com\/sv\/produkt\/specialtillverkade-smycken-med-barnteckningar\/","title":{"rendered":"Specialtillverkade smycken med barnteckningar"},"content":{"rendered":"<p>Letar du efter en unik och hj\u00e4rtlig g\u00e5va? V\u00e5ra skr\u00e4ddarsydda smycken med barnteckningar \u00e4r det perfekta valet. F\u00f6rvandla ditt barns \u00e4lskade konstverk till ett fantastiskt h\u00e4nge med personlig gravyr.<\/p>\n\n\n\n<h2>Skapa dina egna smycken med barnteckningar<\/h2>\n\n\n\n<p>Med v\u00e5ra tecknade smycken f\u00f6r barn \u00e4r varje h\u00e4nge verkligen unikt. Vi omvandlar ett minne fr\u00e5n ditt barns tidiga liv till vackra minimalistiska line art-illustrationer. V\u00e5ra beg\u00e5vade konstn\u00e4rer handritar varje design fr\u00e5n ditt foto av deras teckning, vilket s\u00e4kerst\u00e4ller att varje h\u00e4nge \u00e4r speciellt.<\/p>\n\n\n\n<p>Med hj\u00e4lp av v\u00e5r anv\u00e4ndarv\u00e4nliga online-editor kan du enkelt ladda upp ett foto av ditt barns teckning och l\u00e4gga till ett eget meddelande p\u00e5 baksidan av h\u00e4nget. Varje h\u00e4nge, oavsett om det \u00e4r en elegant cirkel eller en 45 cm l\u00e5ng kedja, genomg\u00e5r en noggrann lasergravering f\u00f6r att s\u00e4kerst\u00e4lla perfekt detaljrikedom och h\u00e5llbarhet.<\/p>\n\n\n\n<h2>Perfekt present till mammor<\/h2>\n\n\n\n<p>V\u00e5ra tecknade smycken med tryck f\u00f6r barn \u00e4r en perfekt present till f\u00f6delsedagar eller mors dag. F\u00f6rest\u00e4ll dig gl\u00e4djen n\u00e4r en mamma f\u00e5r ett personligt h\u00e4nge som f\u00e5ngar hennes barns konstverk p\u00e5 ett vackert, konstn\u00e4rligt s\u00e4tt.<\/p>\n\n\n\n<h2>Varf\u00f6r v\u00e4lja v\u00e5ra skr\u00e4ddarsydda smycken med barnteckningar?<\/h2>\n\n\n\n<p>Best\u00e4llningen \u00e4r enkel. Bes\u00f6k bara v\u00e5r webbplats, ladda upp ditt foto av ritningen, l\u00e4gg till ditt anpassade meddelande, v\u00e4lj ditt material och l\u00e4gg din best\u00e4llning. Vi tar hand om resten och ser till att ditt h\u00e4nge graveras och f\u00f6rpackas med st\u00f6rsta omsorg.<\/p>\n\n\n\n<p>Ge en g\u00e5va som kommer att uppskattas f\u00f6r alltid. L\u00e5t smycket med den anpassade barnteckningen fungera som en best\u00e5ende hyllning till dina mest v\u00e4rdefulla stunder och fira det speciella bandet mellan mor och barn p\u00e5 ett kreativt och meningsfullt s\u00e4tt.<\/p>","protected":false},"excerpt":{"rendered":"<ul class=\"check-list\">\n<li>F\u00f6rvandla ditt barns \u00e4lskade konstverk till ett fantastiskt smycke<\/li>\n<li>Varje h\u00e4ngsmycke \u00e4r tillverkat av sterlingsilver, lasergraverat och handbearbetat<\/li>\n<li>V\u00e4lj en hj\u00e4rtlig text som passar tillf\u00e4llet<\/li>\n<li>Anpassa p\u00e5 bara 2 minuter<\/li>\n<li>Se resultatet direkt \u2013 den interaktiva f\u00f6rhandsvisningen l\u00e5ter dig finjustera varje detalj<\/li>\n<\/ul>\n","protected":false},"featured_media":1532183,"template":"","meta":[],"product_brand":[],"product_cat":[7459,7694,9266,12258,8108,9698,8113,7710,11474,11468,7727],"product_tag":[13380,11833,11030,10961,11031,11032,8409,11033,11029],"class_list":{"0":"post-1132855","1":"product","2":"type-product","3":"status-publish","4":"has-post-thumbnail","6":"product_cat-alla-produkter","7":"product_cat-gavor-for-kvinnor","8":"product_cat-jewelry-sv","9":"product_cat-jewelry-basic-sv","10":"product_cat-julpresenter","11":"product_cat-line-art-smycken","12":"product_cat-mors-dag-presenter","13":"product_cat-gavor-till-mamma","14":"product_cat-julklappar-till-mamma","15":"product_cat-julklappar-till-mormor","16":"product_cat-gavor-till-mormor","17":"product_tag-julklapp-till-en-mormor","18":"product_tag-julklappar-till-mamma","19":"product_tag-mam-sv","20":"product_tag-mamma","21":"product_tag-mamma-sv","22":"product_tag-mammor","23":"product_tag-mother-sv","24":"product_tag-mumie-sv","25":"product_tag-mumie","27":"first","28":"instock","29":"sale","30":"taxable","31":"shipping-taxable","32":"purchasable","33":"product-type-variable"},"yoast_head":"<!-- This site is optimized with the Yoast SEO Premium plugin v27.2 (Yoast SEO v27.2) - https:\/\/yoast.com\/product\/yoast-seo-premium-wordpress\/ -->\n<title>Smycken med egna teckningar f\u00f6r barn - Positive Prints<\/title>\n<meta name=\"description\" content=\"Letar du efter en unik och hj\u00e4rtlig g\u00e5va? F\u00f6rvandla ditt barns \u00e4lskade konstverk till ett fantastiskt smycke. Skapa dina egna smycken med barnteckningar.\" \/>\n<meta name=\"robots\" content=\"index, follow, max-snippet:-1, max-image-preview:large, max-video-preview:-1\" \/>\n<link rel=\"canonical\" href=\"https:\/\/positiveprints.com\/sv\/produkt\/specialtillverkade-smycken-med-barnteckningar\/\" \/>\n<meta property=\"og:locale\" content=\"sv_SE\" \/>\n<meta property=\"og:type\" content=\"article\" \/>\n<meta property=\"og:title\" content=\"Specialtillverkade smycken med barnteckningar\" \/>\n<meta property=\"og:description\" content=\"F\u00f6rvandla ditt barns \u00e4lskade konstverk till ett fantastiskt smycke  Varje h\u00e4ngsmycke \u00e4r tillverkat av sterlingsilver, lasergraverat och handbearbetat  V\u00e4lj en hj\u00e4rtlig text som passar tillf\u00e4llet  Anpassa p\u00e5 bara 2 minuter  Se resultatet direkt \u2013 den interaktiva f\u00f6rhandsvisningen l\u00e5ter dig finjustera varje detalj\" \/>\n<meta property=\"og:url\" content=\"https:\/\/positiveprints.com\/sv\/produkt\/specialtillverkade-smycken-med-barnteckningar\/\" \/>\n<meta property=\"og:site_name\" content=\"Positive Prints\" \/>\n<meta property=\"article:publisher\" content=\"https:\/\/www.facebook.com\/positiveprintscom\" \/>\n<meta property=\"article:modified_time\" content=\"2026-04-23T10:01:58+00:00\" \/>\n<meta property=\"og:image\" content=\"https:\/\/positiveprints.com\/wp-content\/uploads\/2025\/10\/MAIN_SE_Specialtillverkade-smycken-med-barnteckningar.webp\" \/>\n\t<meta property=\"og:image:width\" content=\"2500\" \/>\n\t<meta property=\"og:image:height\" content=\"2500\" \/>\n\t<meta property=\"og:image:type\" content=\"image\/webp\" \/>\n<meta name=\"twitter:card\" content=\"summary_large_image\" \/>\n<!-- \/ Yoast SEO Premium plugin. -->","yoast_head_json":{"title":"Smycken med egna teckningar f\u00f6r barn - Positive Prints","description":"Letar du efter en unik och hj\u00e4rtlig g\u00e5va? F\u00f6rvandla ditt barns \u00e4lskade konstverk till ett fantastiskt smycke. Skapa dina egna smycken med barnteckningar.","robots":{"index":"index","follow":"follow","max-snippet":"max-snippet:-1","max-image-preview":"max-image-preview:large","max-video-preview":"max-video-preview:-1"},"canonical":"https:\/\/positiveprints.com\/sv\/produkt\/specialtillverkade-smycken-med-barnteckningar\/","og_locale":"sv_SE","og_type":"article","og_title":"Specialtillverkade smycken med barnteckningar","og_description":"F\u00f6rvandla ditt barns \u00e4lskade konstverk till ett fantastiskt smycke  Varje h\u00e4ngsmycke \u00e4r tillverkat av sterlingsilver, lasergraverat och handbearbetat  V\u00e4lj en hj\u00e4rtlig text som passar tillf\u00e4llet  Anpassa p\u00e5 bara 2 minuter  Se resultatet direkt \u2013 den interaktiva f\u00f6rhandsvisningen l\u00e5ter dig finjustera varje detalj","og_url":"https:\/\/positiveprints.com\/sv\/produkt\/specialtillverkade-smycken-med-barnteckningar\/","og_site_name":"Positive Prints","article_publisher":"https:\/\/www.facebook.com\/positiveprintscom","article_modified_time":"2026-04-23T10:01:58+00:00","og_image":[{"width":2500,"height":2500,"url":"https:\/\/positiveprints.com\/wp-content\/uploads\/2025\/10\/MAIN_SE_Specialtillverkade-smycken-med-barnteckningar.webp","type":"image\/webp"}],"twitter_card":"summary_large_image","schema":{"@context":"https:\/\/schema.org","@graph":[{"@type":["WebPage","ItemPage"],"@id":"https:\/\/positiveprints.com\/sv\/produkt\/specialtillverkade-smycken-med-barnteckningar\/","url":"https:\/\/positiveprints.com\/sv\/produkt\/specialtillverkade-smycken-med-barnteckningar\/","name":"Smycken med egna teckningar f\u00f6r barn - Positive Prints","isPartOf":{"@id":"https:\/\/positiveprints.com\/sv\/#website"},"primaryImageOfPage":{"@id":"https:\/\/positiveprints.com\/sv\/produkt\/specialtillverkade-smycken-med-barnteckningar\/#primaryimage"},"image":{"@id":"https:\/\/positiveprints.com\/sv\/produkt\/specialtillverkade-smycken-med-barnteckningar\/#primaryimage"},"thumbnailUrl":"https:\/\/positiveprints.com\/wp-content\/uploads\/2025\/10\/MAIN_SE_Specialtillverkade-smycken-med-barnteckningar.webp","datePublished":"2024-06-10T11:37:39+00:00","dateModified":"2026-04-23T10:01:58+00:00","description":"Letar du efter en unik och hj\u00e4rtlig g\u00e5va? F\u00f6rvandla ditt barns \u00e4lskade konstverk till ett fantastiskt smycke. Skapa dina egna smycken med barnteckningar.","breadcrumb":{"@id":"https:\/\/positiveprints.com\/sv\/produkt\/specialtillverkade-smycken-med-barnteckningar\/#breadcrumb"},"inLanguage":"sv-SE","potentialAction":[{"@type":"ReadAction","target":["https:\/\/positiveprints.com\/sv\/produkt\/specialtillverkade-smycken-med-barnteckningar\/"]}]},{"@type":"ImageObject","inLanguage":"sv-SE","@id":"https:\/\/positiveprints.com\/sv\/produkt\/specialtillverkade-smycken-med-barnteckningar\/#primaryimage","url":"https:\/\/positiveprints.com\/wp-content\/uploads\/2025\/10\/MAIN_SE_Specialtillverkade-smycken-med-barnteckningar.webp","contentUrl":"https:\/\/positiveprints.com\/wp-content\/uploads\/2025\/10\/MAIN_SE_Specialtillverkade-smycken-med-barnteckningar.webp","width":2500,"height":2500},{"@type":"BreadcrumbList","@id":"https:\/\/positiveprints.com\/sv\/produkt\/specialtillverkade-smycken-med-barnteckningar\/#breadcrumb","itemListElement":[{"@type":"ListItem","position":1,"name":"Home","item":"https:\/\/positiveprints.com\/sv\/"},{"@type":"ListItem","position":2,"name":"Produkter","item":"https:\/\/positiveprints.com\/sv\/shop\/"},{"@type":"ListItem","position":3,"name":"Specialtillverkade smycken med barnteckningar"}]},{"@type":"WebSite","@id":"https:\/\/positiveprints.com\/sv\/#website","url":"https:\/\/positiveprints.com\/sv\/","name":"Positive Prints","description":"Amazing Custom Personalized Gifts","publisher":{"@id":"https:\/\/positiveprints.com\/sv\/#organization"},"potentialAction":[{"@type":"SearchAction","target":{"@type":"EntryPoint","urlTemplate":"https:\/\/positiveprints.com\/sv\/?s={search_term_string}"},"query-input":{"@type":"PropertyValueSpecification","valueRequired":true,"valueName":"search_term_string"}}],"inLanguage":"sv-SE"},{"@type":"Organization","@id":"https:\/\/positiveprints.com\/sv\/#organization","name":"Positive Prints","alternateName":"Positive Prints","url":"https:\/\/positiveprints.com\/sv\/","logo":{"@type":"ImageObject","inLanguage":"sv-SE","@id":"https:\/\/positiveprints.com\/sv\/#\/schema\/logo\/image\/","url":"https:\/\/positiveprints.com\/wp-content\/uploads\/2026\/03\/245815646_1337939713319158_5671353136411139666_n.png","contentUrl":"https:\/\/positiveprints.com\/wp-content\/uploads\/2026\/03\/245815646_1337939713319158_5671353136411139666_n.png","width":800,"height":800,"caption":"Positive Prints"},"image":{"@id":"https:\/\/positiveprints.com\/sv\/#\/schema\/logo\/image\/"},"sameAs":["https:\/\/www.facebook.com\/positiveprintscom","https:\/\/www.instagram.com\/positiveprintscom\/","https:\/\/www.tiktok.com\/@positiveprintscom","https:\/\/www.pinterest.com\/positiveprintscom\/"]}]}},"jetpack_sharing_enabled":true,"_links":{"self":[{"href":"https:\/\/positiveprints.com\/sv\/wp-json\/wp\/v2\/product\/1132855","targetHints":{"allow":["GET"]}}],"collection":[{"href":"https:\/\/positiveprints.com\/sv\/wp-json\/wp\/v2\/product"}],"about":[{"href":"https:\/\/positiveprints.com\/sv\/wp-json\/wp\/v2\/types\/product"}],"wp:featuredmedia":[{"embeddable":true,"href":"https:\/\/positiveprints.com\/sv\/wp-json\/wp\/v2\/media\/1532183"}],"wp:attachment":[{"href":"https:\/\/positiveprints.com\/sv\/wp-json\/wp\/v2\/media?parent=1132855"}],"wp:term":[{"taxonomy":"product_brand","embeddable":true,"href":"https:\/\/positiveprints.com\/sv\/wp-json\/wp\/v2\/product_brand?post=1132855"},{"taxonomy":"product_cat","embeddable":true,"href":"https:\/\/positiveprints.com\/sv\/wp-json\/wp\/v2\/product_cat?post=1132855"},{"taxonomy":"product_tag","embeddable":true,"href":"https:\/\/positiveprints.com\/sv\/wp-json\/wp\/v2\/product_tag?post=1132855"}],"curies":[{"name":"wp","href":"https:\/\/api.w.org\/{rel}","templated":true}]}}