{"id":1123812,"date":"2024-05-27T08:34:35","date_gmt":"2024-05-27T07:34:35","guid":{"rendered":"https:\/\/positiveprints.com\/product\/forlovningslinje-konstsmycken\/"},"modified":"2026-04-03T02:52:04","modified_gmt":"2026-04-03T01:52:04","slug":"engagemang-linje-art-smycken","status":"publish","type":"product","link":"https:\/\/positiveprints.com\/sv\/produkt\/engagemang-linje-art-smycken\/","title":{"rendered":"F\u00f6rlovningslinje Konstsmycken"},"content":{"rendered":"<p>Letar du efter en unik och meningsfull f\u00f6rlovningsg\u00e5va? V\u00e5r Engagement Line Art Jewelry \u00e4r det perfekta valet. F\u00f6rvandla dina k\u00e4ra minnen till ett fantastiskt h\u00e4nge med en handritad linjekonstillustration baserad p\u00e5 ditt eget foto.<\/p>\n\n\n\n<h2>Skapa din f\u00f6rlovningslinje Konstsmycken<\/h2>\n\n\n\n<p>Med v\u00e5ra Engagement Line Art Jewelry \u00e4r varje h\u00e4nge unikt. V\u00e5ra beg\u00e5vade konstn\u00e4rer handritar varje design fr\u00e5n ditt foto och skapar vacker minimalistisk linjekonst. P\u00e5 baksidan kan du l\u00e4gga till ett personligt meddelande, t.ex. ert f\u00f6rlovningsdatum eller en personlig anteckning som &#8220;Forever Yours&#8221;.<\/p>\n\n\n\n<p>Med hj\u00e4lp av v\u00e5r anv\u00e4ndarv\u00e4nliga online-editor kan du enkelt ladda upp ditt foto och l\u00e4gga till ditt personliga meddelande. Varje h\u00e4nge, oavsett om det \u00e4r en elegant cirkel eller en 45 cm l\u00e5ng kedja, genomg\u00e5r en noggrann lasergravering f\u00f6r att s\u00e4kerst\u00e4lla perfekt detaljrikedom och h\u00e5llbarhet.<\/p>\n\n\n\n<h2>Perfekt present f\u00f6r f\u00f6rlovningar<\/h2>\n\n\n\n<p>V\u00e5ra Engagement Line Art Jewelry \u00e4r en perfekt present f\u00f6r att fira din f\u00f6rlovning. F\u00f6rest\u00e4ll dig gl\u00e4djen n\u00e4r de ser ett personligt h\u00e4nge som f\u00e5ngar ett speciellt \u00f6gonblick p\u00e5 ett vackert, konstn\u00e4rligt s\u00e4tt.<\/p>\n\n\n\n<h2>Varf\u00f6r v\u00e4lja v\u00e5ra konstsmycken f\u00f6r f\u00f6rlovningslinjer?<\/h2>\n\n\n\n<p>Best\u00e4llningen \u00e4r enkel. Bes\u00f6k bara v\u00e5r webbplats, ladda upp ditt foto, l\u00e4gg till ditt personliga meddelande, v\u00e4lj material och g\u00f6r din best\u00e4llning. Vi tar hand om resten och ser till att ditt h\u00e4nge graveras och f\u00f6rpackas med st\u00f6rsta omsorg.<\/p>\n\n\n\n<p>Ge en g\u00e5va som kommer att uppskattas f\u00f6r alltid. L\u00e5t Engagement Line Art Jewelry fungera som en best\u00e5ende hyllning till dina mest v\u00e4rdefulla \u00f6gonblick och fira din k\u00e4rlek p\u00e5 ett kreativt och meningsfullt s\u00e4tt.<\/p>","protected":false},"excerpt":{"rendered":"<ul class=\"check-list\">\n<li>L\u00e5t v\u00e5ra konstn\u00e4rer rita unika linjer fr\u00e5n ditt foto<\/li>\n<li>Varje h\u00e4ngsmycke \u00e4r tillverkat av sterlingsilver, lasergraverat och handbearbetat<\/li>\n<li>V\u00e4lj en hj\u00e4rtlig text som passar tillf\u00e4llet<\/li>\n<li>Anpassa p\u00e5 bara 2 minuter<\/li>\n<li>Se resultatet direkt \u2013 den interaktiva f\u00f6rhandsvisningen l\u00e5ter dig finjustera varje detalj<\/li>\n<\/ul>\n","protected":false},"featured_media":1529301,"template":"","meta":[],"product_brand":[],"product_cat":[9266,9698,7459,8118],"product_tag":[8441],"class_list":{"0":"post-1123812","1":"product","2":"type-product","3":"status-publish","4":"has-post-thumbnail","6":"product_cat-jewelry-sv","7":"product_cat-line-art-smycken","8":"product_cat-alla-produkter","9":"product_cat-gavor-for-nyforlovade-par-presenttillfallen","10":"product_tag-forlovning","12":"first","13":"instock","14":"sale","15":"taxable","16":"shipping-taxable","17":"purchasable","18":"product-type-variable"},"yoast_head":"<!-- This site is optimized with the Yoast SEO Premium plugin v27.2 (Yoast SEO v27.2) - https:\/\/yoast.com\/product\/yoast-seo-premium-wordpress\/ -->\n<title>Engagement Line Konstsmycken - Positiva avtryck<\/title>\n<meta name=\"description\" content=\"Letar du efter en unik och meningsfull f\u00f6rlovningsg\u00e5va? V\u00e5r Engagement Line Art Jewelry \u00e4r det perfekta valet. K\u00f6p din nu.\" \/>\n<meta name=\"robots\" content=\"index, follow, max-snippet:-1, max-image-preview:large, max-video-preview:-1\" \/>\n<link rel=\"canonical\" href=\"https:\/\/positiveprints.com\/sv\/produkt\/engagemang-linje-art-smycken\/\" \/>\n<meta property=\"og:locale\" content=\"sv_SE\" \/>\n<meta property=\"og:type\" content=\"article\" \/>\n<meta property=\"og:title\" content=\"F\u00f6rlovningslinje Konstsmycken\" \/>\n<meta property=\"og:description\" content=\"L\u00e5t v\u00e5ra konstn\u00e4rer rita unika linjer fr\u00e5n ditt foto  Varje h\u00e4ngsmycke \u00e4r tillverkat av sterlingsilver, lasergraverat och handbearbetat  V\u00e4lj en hj\u00e4rtlig text som passar tillf\u00e4llet  Anpassa p\u00e5 bara 2 minuter  Se resultatet direkt \u2013 den interaktiva f\u00f6rhandsvisningen l\u00e5ter dig finjustera varje detalj\" \/>\n<meta property=\"og:url\" content=\"https:\/\/positiveprints.com\/sv\/produkt\/engagemang-linje-art-smycken\/\" \/>\n<meta property=\"og:site_name\" content=\"Positive Prints\" \/>\n<meta property=\"article:publisher\" content=\"https:\/\/www.facebook.com\/positiveprintscom\" \/>\n<meta property=\"article:modified_time\" content=\"2026-04-03T01:52:04+00:00\" \/>\n<meta property=\"og:image\" content=\"https:\/\/positiveprints.com\/wp-content\/uploads\/2025\/09\/MAIN_SE_Fo\u0308rlovningslinje-Konstsmycken.webp\" \/>\n\t<meta property=\"og:image:width\" content=\"2500\" \/>\n\t<meta property=\"og:image:height\" content=\"2500\" \/>\n\t<meta property=\"og:image:type\" content=\"image\/webp\" \/>\n<meta name=\"twitter:card\" content=\"summary_large_image\" \/>\n<meta name=\"twitter:label1\" content=\"Ber\u00e4knad l\u00e4stid\" \/>\n\t<meta name=\"twitter:data1\" content=\"2 minut\" \/>\n<!-- \/ Yoast SEO Premium plugin. -->","yoast_head_json":{"title":"Engagement Line Konstsmycken - Positiva avtryck","description":"Letar du efter en unik och meningsfull f\u00f6rlovningsg\u00e5va? V\u00e5r Engagement Line Art Jewelry \u00e4r det perfekta valet. K\u00f6p din nu.","robots":{"index":"index","follow":"follow","max-snippet":"max-snippet:-1","max-image-preview":"max-image-preview:large","max-video-preview":"max-video-preview:-1"},"canonical":"https:\/\/positiveprints.com\/sv\/produkt\/engagemang-linje-art-smycken\/","og_locale":"sv_SE","og_type":"article","og_title":"F\u00f6rlovningslinje Konstsmycken","og_description":"L\u00e5t v\u00e5ra konstn\u00e4rer rita unika linjer fr\u00e5n ditt foto  Varje h\u00e4ngsmycke \u00e4r tillverkat av sterlingsilver, lasergraverat och handbearbetat  V\u00e4lj en hj\u00e4rtlig text som passar tillf\u00e4llet  Anpassa p\u00e5 bara 2 minuter  Se resultatet direkt \u2013 den interaktiva f\u00f6rhandsvisningen l\u00e5ter dig finjustera varje detalj","og_url":"https:\/\/positiveprints.com\/sv\/produkt\/engagemang-linje-art-smycken\/","og_site_name":"Positive Prints","article_publisher":"https:\/\/www.facebook.com\/positiveprintscom","article_modified_time":"2026-04-03T01:52:04+00:00","og_image":[{"width":2500,"height":2500,"url":"https:\/\/positiveprints.com\/wp-content\/uploads\/2025\/09\/MAIN_SE_Fo\u0308rlovningslinje-Konstsmycken.webp","type":"image\/webp"}],"twitter_card":"summary_large_image","twitter_misc":{"Ber\u00e4knad l\u00e4stid":"2 minut"},"schema":{"@context":"https:\/\/schema.org","@graph":[{"@type":["WebPage","ItemPage"],"@id":"https:\/\/positiveprints.com\/sv\/produkt\/engagemang-linje-art-smycken\/","url":"https:\/\/positiveprints.com\/sv\/produkt\/engagemang-linje-art-smycken\/","name":"Engagement Line Konstsmycken - Positiva avtryck","isPartOf":{"@id":"https:\/\/positiveprints.com\/sv\/#website"},"primaryImageOfPage":{"@id":"https:\/\/positiveprints.com\/sv\/produkt\/engagemang-linje-art-smycken\/#primaryimage"},"image":{"@id":"https:\/\/positiveprints.com\/sv\/produkt\/engagemang-linje-art-smycken\/#primaryimage"},"thumbnailUrl":"https:\/\/positiveprints.com\/wp-content\/uploads\/2025\/09\/MAIN_SE_Fo\u0308rlovningslinje-Konstsmycken.webp","datePublished":"2024-05-27T07:34:35+00:00","dateModified":"2026-04-03T01:52:04+00:00","description":"Letar du efter en unik och meningsfull f\u00f6rlovningsg\u00e5va? V\u00e5r Engagement Line Art Jewelry \u00e4r det perfekta valet. K\u00f6p din nu.","breadcrumb":{"@id":"https:\/\/positiveprints.com\/sv\/produkt\/engagemang-linje-art-smycken\/#breadcrumb"},"inLanguage":"sv-SE","potentialAction":[{"@type":"ReadAction","target":["https:\/\/positiveprints.com\/sv\/produkt\/engagemang-linje-art-smycken\/"]}]},{"@type":"ImageObject","inLanguage":"sv-SE","@id":"https:\/\/positiveprints.com\/sv\/produkt\/engagemang-linje-art-smycken\/#primaryimage","url":"https:\/\/positiveprints.com\/wp-content\/uploads\/2025\/09\/MAIN_SE_Fo\u0308rlovningslinje-Konstsmycken.webp","contentUrl":"https:\/\/positiveprints.com\/wp-content\/uploads\/2025\/09\/MAIN_SE_Fo\u0308rlovningslinje-Konstsmycken.webp","width":2500,"height":2500},{"@type":"BreadcrumbList","@id":"https:\/\/positiveprints.com\/sv\/produkt\/engagemang-linje-art-smycken\/#breadcrumb","itemListElement":[{"@type":"ListItem","position":1,"name":"Home","item":"https:\/\/positiveprints.com\/sv\/"},{"@type":"ListItem","position":2,"name":"Produkter","item":"https:\/\/positiveprints.com\/sv\/shop\/"},{"@type":"ListItem","position":3,"name":"F\u00f6rlovningslinje Konstsmycken"}]},{"@type":"WebSite","@id":"https:\/\/positiveprints.com\/sv\/#website","url":"https:\/\/positiveprints.com\/sv\/","name":"Positive Prints","description":"Amazing Custom Personalized Gifts","publisher":{"@id":"https:\/\/positiveprints.com\/sv\/#organization"},"potentialAction":[{"@type":"SearchAction","target":{"@type":"EntryPoint","urlTemplate":"https:\/\/positiveprints.com\/sv\/?s={search_term_string}"},"query-input":{"@type":"PropertyValueSpecification","valueRequired":true,"valueName":"search_term_string"}}],"inLanguage":"sv-SE"},{"@type":"Organization","@id":"https:\/\/positiveprints.com\/sv\/#organization","name":"Positive Prints","alternateName":"Positive Prints","url":"https:\/\/positiveprints.com\/sv\/","logo":{"@type":"ImageObject","inLanguage":"sv-SE","@id":"https:\/\/positiveprints.com\/sv\/#\/schema\/logo\/image\/","url":"https:\/\/positiveprints.com\/wp-content\/uploads\/2026\/03\/245815646_1337939713319158_5671353136411139666_n.png","contentUrl":"https:\/\/positiveprints.com\/wp-content\/uploads\/2026\/03\/245815646_1337939713319158_5671353136411139666_n.png","width":800,"height":800,"caption":"Positive Prints"},"image":{"@id":"https:\/\/positiveprints.com\/sv\/#\/schema\/logo\/image\/"},"sameAs":["https:\/\/www.facebook.com\/positiveprintscom","https:\/\/www.instagram.com\/positiveprintscom\/","https:\/\/www.tiktok.com\/@positiveprintscom","https:\/\/www.pinterest.com\/positiveprintscom\/"]}]}},"jetpack_sharing_enabled":true,"_links":{"self":[{"href":"https:\/\/positiveprints.com\/sv\/wp-json\/wp\/v2\/product\/1123812","targetHints":{"allow":["GET"]}}],"collection":[{"href":"https:\/\/positiveprints.com\/sv\/wp-json\/wp\/v2\/product"}],"about":[{"href":"https:\/\/positiveprints.com\/sv\/wp-json\/wp\/v2\/types\/product"}],"wp:featuredmedia":[{"embeddable":true,"href":"https:\/\/positiveprints.com\/sv\/wp-json\/wp\/v2\/media\/1529301"}],"wp:attachment":[{"href":"https:\/\/positiveprints.com\/sv\/wp-json\/wp\/v2\/media?parent=1123812"}],"wp:term":[{"taxonomy":"product_brand","embeddable":true,"href":"https:\/\/positiveprints.com\/sv\/wp-json\/wp\/v2\/product_brand?post=1123812"},{"taxonomy":"product_cat","embeddable":true,"href":"https:\/\/positiveprints.com\/sv\/wp-json\/wp\/v2\/product_cat?post=1123812"},{"taxonomy":"product_tag","embeddable":true,"href":"https:\/\/positiveprints.com\/sv\/wp-json\/wp\/v2\/product_tag?post=1123812"}],"curies":[{"name":"wp","href":"https:\/\/api.w.org\/{rel}","templated":true}]}}