{"id":1120568,"date":"2024-05-14T09:16:38","date_gmt":"2024-05-14T08:16:38","guid":{"rendered":"https:\/\/positiveprints.com\/?post_type=product&#038;p=1120568"},"modified":"2026-04-07T13:39:27","modified_gmt":"2026-04-07T12:39:27","slug":"poster-med-definition-av-engagemang","status":"publish","type":"product","link":"https:\/\/positiveprints.com\/sv\/produkt\/poster-med-definition-av-engagemang\/","title":{"rendered":"Poster med definition av engagemang"},"content":{"rendered":"<p>Letar du efter ett unikt och hj\u00e4rtligt s\u00e4tt att fira en f\u00f6rlovning? V\u00e5r Engagement Definition Poster \u00e4r den perfekta personliga presenten. F\u00e5nga gl\u00e4djen i detta speciella \u00f6gonblick med en anpassad definition och ett foto som verkligen talar till hj\u00e4rtat.<\/p>\r\n\r\n<h2>Personliga anpassningsm\u00f6jligheter och kreativ frihet<\/h2>\r\n\r\n<p>Med v\u00e5r Engagement Definition Poster kan du definiera &#8220;f\u00f6rlovning&#8221; eller n\u00e5got annat romantiskt ord som f\u00e5ngar essensen av denna vackra h\u00e4ndelse. Oavsett om det \u00e4r &#8220;engagemang&#8221; eller &#8220;k\u00e4rlek&#8221; \u00e4r valet ditt.<\/p>\r\n\r\n<p>Skapa en unik utskrift genom att ladda upp ditt eget foto f\u00f6r att f\u00f6lja definitionen. V\u00e4lj bland v\u00e5ra f\u00f6rdefinierade definitioner eller skapa din egen &#8211; oavsett om du vill att den ska vara rolig, k\u00e4nslosam eller djupt meningsfull. Anpassa din affisch ytterligare genom att v\u00e4lja det perfekta f\u00e4rgschemat eller leka med f\u00e4rgerna sj\u00e4lv f\u00f6r att anpassa bakgrunden och teckensnittet till din stil och ditt hum\u00f6r.<\/p>\r\n\r\n<h2>Perfekt present f\u00f6r f\u00f6rlovningsfesten<\/h2>\r\n\r\n<p>Oavsett om det \u00e4r till v\u00e4nner som nyligen har f\u00f6rlovat sig eller till en f\u00f6rlovningsfest \u00e4r v\u00e5r Engagement Definition Poster en of\u00f6rgl\u00f6mlig present. F\u00f6rest\u00e4ll dig lyckan i deras ansikten n\u00e4r de f\u00e5r ett tryck som p\u00e5 ett vackert s\u00e4tt f\u00e5ngar k\u00e4rnan i deras k\u00e4rlek och engagemang.<\/p>\r\n\r\n<h2>Varf\u00f6r v\u00e4lja v\u00e5r Engagement Definition Poster?<\/h2>\r\n\r\n<p>Best\u00e4llningen \u00e4r enkel &#8211; bes\u00f6k bara v\u00e5r webbplats, anpassa din affisch med ditt valda ord och definition, ladda upp ditt foto, v\u00e4lj ditt f\u00e4rgschema och g\u00f6r din best\u00e4llning. Vi tar hand om resten och ser till att din affisch trycks och f\u00f6rpackas med st\u00f6rsta omsorg.<\/p>\r\n\r\n<p>Visa upp den p\u00e5 en f\u00f6rlovningsfest eller ge den som en uppskattad present, och l\u00e5t Engagement Definition Poster fungera som en best\u00e5ende hyllning till denna underbara milstolpe. Fira det unika band som f\u00f6rlovningen utg\u00f6r p\u00e5 ett kreativt och meningsfullt s\u00e4tt.<\/p>","protected":false},"excerpt":{"rendered":"<ul class=\"check-list\">\n<li>G\u00f6r din personliga definition<\/li>\n<li>L\u00e4gg till ditt eget foto<\/li>\n<li>Anpassa i 3 enkla steg<\/li>\n<li>V\u00e4lj en mall eller var kreativ<\/li>\n<li>Se resultatet direkt \u2013 den interaktiva f\u00f6rhandsvisningen l\u00e5ter dig finjustera varje detalj<\/li>\n<\/ul>\n","protected":false},"featured_media":1120933,"template":"","meta":[],"product_brand":[],"product_cat":[9525,9767,7459,8118],"product_tag":[8441],"class_list":{"0":"post-1120568","1":"product","2":"type-product","3":"status-publish","4":"has-post-thumbnail","6":"product_cat-definition-sv","7":"product_cat-trending-label-sv","8":"product_cat-alla-produkter","9":"product_cat-gavor-for-nyforlovade-par-presenttillfallen","10":"product_tag-forlovning","12":"first","13":"instock","14":"sale","15":"taxable","16":"shipping-taxable","17":"purchasable","18":"product-type-variable"},"yoast_head":"<!-- This site is optimized with the Yoast SEO Premium plugin v27.2 (Yoast SEO v27.2) - https:\/\/yoast.com\/product\/yoast-seo-premium-wordpress\/ -->\n<title>Poster med definition av engagemang - Positive Prints<\/title>\n<meta name=\"description\" content=\"V\u00e5r Engagement Definition Poster \u00e4r den perfekta personliga presenten. F\u00e5nga gl\u00e4djen i detta speciella \u00f6gonblick med en anpassad definition och ett foto.\" \/>\n<meta name=\"robots\" content=\"index, follow, max-snippet:-1, max-image-preview:large, max-video-preview:-1\" \/>\n<link rel=\"canonical\" href=\"https:\/\/positiveprints.com\/sv\/produkt\/poster-med-definition-av-engagemang\/\" \/>\n<meta property=\"og:locale\" content=\"sv_SE\" \/>\n<meta property=\"og:type\" content=\"article\" \/>\n<meta property=\"og:title\" content=\"Poster med definition av engagemang\" \/>\n<meta property=\"og:description\" content=\"G\u00f6r din personliga definition L\u00e4gg till ditt eget foto Anpassa i 3 enkla steg V\u00e4lj en mall eller var kreativ Se resultatet direkt \u2013 den interaktiva f\u00f6rhandsvisningen l\u00e5ter dig finjustera varje detalj\" \/>\n<meta property=\"og:url\" content=\"https:\/\/positiveprints.com\/sv\/produkt\/poster-med-definition-av-engagemang\/\" \/>\n<meta property=\"og:site_name\" content=\"Positive Prints\" \/>\n<meta property=\"article:publisher\" content=\"https:\/\/www.facebook.com\/positiveprintscom\" \/>\n<meta property=\"article:modified_time\" content=\"2026-04-07T12:39:27+00:00\" \/>\n<meta property=\"og:image\" content=\"https:\/\/positiveprints.com\/wp-content\/uploads\/2024\/05\/Engagement-Definition-Poster.jpg\" \/>\n\t<meta property=\"og:image:width\" content=\"1080\" \/>\n\t<meta property=\"og:image:height\" content=\"1080\" \/>\n\t<meta property=\"og:image:type\" content=\"image\/jpeg\" \/>\n<meta name=\"twitter:card\" content=\"summary_large_image\" \/>\n<meta name=\"twitter:label1\" content=\"Ber\u00e4knad l\u00e4stid\" \/>\n\t<meta name=\"twitter:data1\" content=\"2 minut\" \/>\n<!-- \/ Yoast SEO Premium plugin. -->","yoast_head_json":{"title":"Poster med definition av engagemang - Positive Prints","description":"V\u00e5r Engagement Definition Poster \u00e4r den perfekta personliga presenten. F\u00e5nga gl\u00e4djen i detta speciella \u00f6gonblick med en anpassad definition och ett foto.","robots":{"index":"index","follow":"follow","max-snippet":"max-snippet:-1","max-image-preview":"max-image-preview:large","max-video-preview":"max-video-preview:-1"},"canonical":"https:\/\/positiveprints.com\/sv\/produkt\/poster-med-definition-av-engagemang\/","og_locale":"sv_SE","og_type":"article","og_title":"Poster med definition av engagemang","og_description":"G\u00f6r din personliga definition L\u00e4gg till ditt eget foto Anpassa i 3 enkla steg V\u00e4lj en mall eller var kreativ Se resultatet direkt \u2013 den interaktiva f\u00f6rhandsvisningen l\u00e5ter dig finjustera varje detalj","og_url":"https:\/\/positiveprints.com\/sv\/produkt\/poster-med-definition-av-engagemang\/","og_site_name":"Positive Prints","article_publisher":"https:\/\/www.facebook.com\/positiveprintscom","article_modified_time":"2026-04-07T12:39:27+00:00","og_image":[{"width":1080,"height":1080,"url":"https:\/\/positiveprints.com\/wp-content\/uploads\/2024\/05\/Engagement-Definition-Poster.jpg","type":"image\/jpeg"}],"twitter_card":"summary_large_image","twitter_misc":{"Ber\u00e4knad l\u00e4stid":"2 minut"},"schema":{"@context":"https:\/\/schema.org","@graph":[{"@type":["WebPage","ItemPage"],"@id":"https:\/\/positiveprints.com\/sv\/produkt\/poster-med-definition-av-engagemang\/","url":"https:\/\/positiveprints.com\/sv\/produkt\/poster-med-definition-av-engagemang\/","name":"Poster med definition av engagemang - Positive Prints","isPartOf":{"@id":"https:\/\/positiveprints.com\/sv\/#website"},"primaryImageOfPage":{"@id":"https:\/\/positiveprints.com\/sv\/produkt\/poster-med-definition-av-engagemang\/#primaryimage"},"image":{"@id":"https:\/\/positiveprints.com\/sv\/produkt\/poster-med-definition-av-engagemang\/#primaryimage"},"thumbnailUrl":"https:\/\/positiveprints.com\/wp-content\/uploads\/2024\/05\/Engagement-Definition-Poster.jpg","datePublished":"2024-05-14T08:16:38+00:00","dateModified":"2026-04-07T12:39:27+00:00","description":"V\u00e5r Engagement Definition Poster \u00e4r den perfekta personliga presenten. F\u00e5nga gl\u00e4djen i detta speciella \u00f6gonblick med en anpassad definition och ett foto.","breadcrumb":{"@id":"https:\/\/positiveprints.com\/sv\/produkt\/poster-med-definition-av-engagemang\/#breadcrumb"},"inLanguage":"sv-SE","potentialAction":[{"@type":"ReadAction","target":["https:\/\/positiveprints.com\/sv\/produkt\/poster-med-definition-av-engagemang\/"]}]},{"@type":"ImageObject","inLanguage":"sv-SE","@id":"https:\/\/positiveprints.com\/sv\/produkt\/poster-med-definition-av-engagemang\/#primaryimage","url":"https:\/\/positiveprints.com\/wp-content\/uploads\/2024\/05\/Engagement-Definition-Poster.jpg","contentUrl":"https:\/\/positiveprints.com\/wp-content\/uploads\/2024\/05\/Engagement-Definition-Poster.jpg","width":1080,"height":1080,"caption":"Engagement Definition Poster"},{"@type":"BreadcrumbList","@id":"https:\/\/positiveprints.com\/sv\/produkt\/poster-med-definition-av-engagemang\/#breadcrumb","itemListElement":[{"@type":"ListItem","position":1,"name":"Home","item":"https:\/\/positiveprints.com\/sv\/"},{"@type":"ListItem","position":2,"name":"Produkter","item":"https:\/\/positiveprints.com\/sv\/shop\/"},{"@type":"ListItem","position":3,"name":"Poster med definition av engagemang"}]},{"@type":"WebSite","@id":"https:\/\/positiveprints.com\/sv\/#website","url":"https:\/\/positiveprints.com\/sv\/","name":"Positive Prints","description":"Amazing Custom Personalized Gifts","publisher":{"@id":"https:\/\/positiveprints.com\/sv\/#organization"},"potentialAction":[{"@type":"SearchAction","target":{"@type":"EntryPoint","urlTemplate":"https:\/\/positiveprints.com\/sv\/?s={search_term_string}"},"query-input":{"@type":"PropertyValueSpecification","valueRequired":true,"valueName":"search_term_string"}}],"inLanguage":"sv-SE"},{"@type":"Organization","@id":"https:\/\/positiveprints.com\/sv\/#organization","name":"Positive Prints","alternateName":"Positive Prints","url":"https:\/\/positiveprints.com\/sv\/","logo":{"@type":"ImageObject","inLanguage":"sv-SE","@id":"https:\/\/positiveprints.com\/sv\/#\/schema\/logo\/image\/","url":"https:\/\/positiveprints.com\/wp-content\/uploads\/2026\/03\/245815646_1337939713319158_5671353136411139666_n.png","contentUrl":"https:\/\/positiveprints.com\/wp-content\/uploads\/2026\/03\/245815646_1337939713319158_5671353136411139666_n.png","width":800,"height":800,"caption":"Positive Prints"},"image":{"@id":"https:\/\/positiveprints.com\/sv\/#\/schema\/logo\/image\/"},"sameAs":["https:\/\/www.facebook.com\/positiveprintscom","https:\/\/www.instagram.com\/positiveprintscom\/","https:\/\/www.tiktok.com\/@positiveprintscom","https:\/\/www.pinterest.com\/positiveprintscom\/"]}]}},"jetpack_sharing_enabled":true,"_links":{"self":[{"href":"https:\/\/positiveprints.com\/sv\/wp-json\/wp\/v2\/product\/1120568","targetHints":{"allow":["GET"]}}],"collection":[{"href":"https:\/\/positiveprints.com\/sv\/wp-json\/wp\/v2\/product"}],"about":[{"href":"https:\/\/positiveprints.com\/sv\/wp-json\/wp\/v2\/types\/product"}],"wp:featuredmedia":[{"embeddable":true,"href":"https:\/\/positiveprints.com\/sv\/wp-json\/wp\/v2\/media\/1120933"}],"wp:attachment":[{"href":"https:\/\/positiveprints.com\/sv\/wp-json\/wp\/v2\/media?parent=1120568"}],"wp:term":[{"taxonomy":"product_brand","embeddable":true,"href":"https:\/\/positiveprints.com\/sv\/wp-json\/wp\/v2\/product_brand?post=1120568"},{"taxonomy":"product_cat","embeddable":true,"href":"https:\/\/positiveprints.com\/sv\/wp-json\/wp\/v2\/product_cat?post=1120568"},{"taxonomy":"product_tag","embeddable":true,"href":"https:\/\/positiveprints.com\/sv\/wp-json\/wp\/v2\/product_tag?post=1120568"}],"curies":[{"name":"wp","href":"https:\/\/api.w.org\/{rel}","templated":true}]}}