{"id":1120561,"date":"2024-05-14T09:45:50","date_gmt":"2024-05-14T08:45:50","guid":{"rendered":"https:\/\/positiveprints.com\/?post_type=product&#038;p=1120561"},"modified":"2026-04-03T02:52:33","modified_gmt":"2026-04-03T01:52:33","slug":"poster-med-definition-av-aktenskap","status":"publish","type":"product","link":"https:\/\/positiveprints.com\/sv\/produkt\/poster-med-definition-av-aktenskap\/","title":{"rendered":"Poster med definition av \u00e4ktenskap"},"content":{"rendered":"<p>Letar du efter ett unikt och meningsfullt s\u00e4tt att fira ett \u00e4ktenskap? V\u00e5r Marriage Definition Poster \u00e4r den perfekta personliga presenten. F\u00e5nga k\u00e4rnan i detta vackra \u00e5tagande med en anpassad definition och ett foto som talar till hj\u00e4rtat.<\/p>\r\n\r\n<h2>Personliga anpassningsm\u00f6jligheter och kreativ frihet<\/h2>\r\n\r\n\r\n<p>Med v\u00e5r Marriage Definition Poster kan du definiera &#8220;\u00e4ktenskap&#8221; eller n\u00e5got annat romantiskt ord som du tycker om. Oavsett om det \u00e4r &#8220;k\u00e4rlek&#8221;, &#8220;enighet&#8221; eller ett speciellt smeknamn \u00e4r valet ditt.<\/p>\r\n\r\n<p>Skapa en unik utskrift genom att ladda upp ditt eget foto f\u00f6r att f\u00f6lja definitionen. V\u00e4lj bland v\u00e5ra f\u00f6rdefinierade definitioner eller skapa din egen &#8211; oavsett om du vill att den ska vara rolig, k\u00e4nslosam eller djupt meningsfull. Anpassa din affisch ytterligare genom att v\u00e4lja det perfekta f\u00e4rgschemat eller leka med f\u00e4rgerna sj\u00e4lv f\u00f6r att anpassa bakgrunden och teckensnittet till din stil och ditt hum\u00f6r.<\/p>\r\n\r\n<h2>Perfekt present f\u00f6r br\u00f6llop<\/h2>\r\n\r\n\r\n<p>Oavsett om det \u00e4r till v\u00e4nner som ska gifta sig eller som en br\u00f6llopspresent \u00e4r v\u00e5r Marriage Definition Poster en of\u00f6rgl\u00f6mlig present. F\u00f6rest\u00e4ll dig gl\u00e4djen i deras ansikten n\u00e4r de f\u00e5r ett tryck som p\u00e5 ett vackert s\u00e4tt f\u00e5ngar k\u00e4rnan i deras k\u00e4rlek och engagemang.<\/p>\r\n\r\n<h2>Varf\u00f6r v\u00e4lja v\u00e5r affisch f\u00f6r definition av \u00e4ktenskap?<\/h2>\r\n\r\n<p>Det \u00e4r enkelt att best\u00e4lla &#8211; bes\u00f6k bara v\u00e5r webbplats, anpassa din affisch med ditt valda ord och definition, ladda upp ditt foto, v\u00e4lj ditt f\u00e4rgschema och g\u00f6r din best\u00e4llning. Vi tar hand om resten och ser till att din affisch trycks och f\u00f6rpackas med st\u00f6rsta omsorg.<\/p>\r\n\r\n<p>Visa upp den p\u00e5 br\u00f6llopet eller ge bort den som en uppskattad present, och l\u00e5t Marriage Definition Poster fungera som en best\u00e5ende hyllning till denna underbara milstolpe. Fira \u00e4ktenskapets unika band p\u00e5 ett kreativt och meningsfullt s\u00e4tt.<\/p>","protected":false},"excerpt":{"rendered":"<ul class=\"check-list\">\n<li>G\u00f6r din personliga definition<\/li>\n<li>L\u00e4gg till ditt eget foto<\/li>\n<li>Anpassa i 3 enkla steg<\/li>\n<li>V\u00e4lj en mall eller var kreativ<\/li>\n<li>Se resultatet direkt \u2013 den interaktiva f\u00f6rhandsvisningen l\u00e5ter dig finjustera varje detalj<\/li>\n<\/ul>\n","protected":false},"featured_media":1120849,"template":"","meta":[],"product_brand":[],"product_cat":[7459,7934,8120,9525],"product_tag":[15071,8486],"class_list":{"0":"post-1120561","1":"product","2":"type-product","3":"status-publish","4":"has-post-thumbnail","6":"product_cat-alla-produkter","7":"product_cat-gavor-till-brollopsdusch","8":"product_cat-brollopspresenter-presenttillfallen","9":"product_cat-definition-sv","10":"product_tag-wedding-pl-sv","11":"product_tag-wedding-sv","13":"first","14":"instock","15":"sale","16":"taxable","17":"shipping-taxable","18":"purchasable","19":"product-type-variable"},"yoast_head":"<!-- This site is optimized with the Yoast SEO Premium plugin v27.2 (Yoast SEO v27.2) - https:\/\/yoast.com\/product\/yoast-seo-premium-wordpress\/ -->\n<title>Poster med definition av \u00e4ktenskap - Positive Prints<\/title>\n<meta name=\"description\" content=\"Letar du efter ett unikt och meningsfullt s\u00e4tt att fira ett \u00e4ktenskap? V\u00e5r Marriage Definition Poster \u00e4r den perfekta personliga presenten.\" \/>\n<meta name=\"robots\" content=\"index, follow, max-snippet:-1, max-image-preview:large, max-video-preview:-1\" \/>\n<link rel=\"canonical\" href=\"https:\/\/positiveprints.com\/sv\/produkt\/poster-med-definition-av-aktenskap\/\" \/>\n<meta property=\"og:locale\" content=\"sv_SE\" \/>\n<meta property=\"og:type\" content=\"article\" \/>\n<meta property=\"og:title\" content=\"Poster med definition av \u00e4ktenskap\" \/>\n<meta property=\"og:description\" content=\"G\u00f6r din personliga definition L\u00e4gg till ditt eget foto Anpassa i 3 enkla steg V\u00e4lj en mall eller var kreativ Se resultatet direkt \u2013 den interaktiva f\u00f6rhandsvisningen l\u00e5ter dig finjustera varje detalj\" \/>\n<meta property=\"og:url\" content=\"https:\/\/positiveprints.com\/sv\/produkt\/poster-med-definition-av-aktenskap\/\" \/>\n<meta property=\"og:site_name\" content=\"Positive Prints\" \/>\n<meta property=\"article:publisher\" content=\"https:\/\/www.facebook.com\/positiveprintscom\" \/>\n<meta property=\"article:modified_time\" content=\"2026-04-03T01:52:33+00:00\" \/>\n<meta property=\"og:image\" content=\"https:\/\/positiveprints.com\/wp-content\/uploads\/2024\/05\/Marriage-Definition-Poster.jpg\" \/>\n\t<meta property=\"og:image:width\" content=\"1080\" \/>\n\t<meta property=\"og:image:height\" content=\"1080\" \/>\n\t<meta property=\"og:image:type\" content=\"image\/jpeg\" \/>\n<meta name=\"twitter:card\" content=\"summary_large_image\" \/>\n<meta name=\"twitter:label1\" content=\"Ber\u00e4knad l\u00e4stid\" \/>\n\t<meta name=\"twitter:data1\" content=\"2 minut\" \/>\n<!-- \/ Yoast SEO Premium plugin. -->","yoast_head_json":{"title":"Poster med definition av \u00e4ktenskap - Positive Prints","description":"Letar du efter ett unikt och meningsfullt s\u00e4tt att fira ett \u00e4ktenskap? V\u00e5r Marriage Definition Poster \u00e4r den perfekta personliga presenten.","robots":{"index":"index","follow":"follow","max-snippet":"max-snippet:-1","max-image-preview":"max-image-preview:large","max-video-preview":"max-video-preview:-1"},"canonical":"https:\/\/positiveprints.com\/sv\/produkt\/poster-med-definition-av-aktenskap\/","og_locale":"sv_SE","og_type":"article","og_title":"Poster med definition av \u00e4ktenskap","og_description":"G\u00f6r din personliga definition L\u00e4gg till ditt eget foto Anpassa i 3 enkla steg V\u00e4lj en mall eller var kreativ Se resultatet direkt \u2013 den interaktiva f\u00f6rhandsvisningen l\u00e5ter dig finjustera varje detalj","og_url":"https:\/\/positiveprints.com\/sv\/produkt\/poster-med-definition-av-aktenskap\/","og_site_name":"Positive Prints","article_publisher":"https:\/\/www.facebook.com\/positiveprintscom","article_modified_time":"2026-04-03T01:52:33+00:00","og_image":[{"width":1080,"height":1080,"url":"https:\/\/positiveprints.com\/wp-content\/uploads\/2024\/05\/Marriage-Definition-Poster.jpg","type":"image\/jpeg"}],"twitter_card":"summary_large_image","twitter_misc":{"Ber\u00e4knad l\u00e4stid":"2 minut"},"schema":{"@context":"https:\/\/schema.org","@graph":[{"@type":["WebPage","ItemPage"],"@id":"https:\/\/positiveprints.com\/sv\/produkt\/poster-med-definition-av-aktenskap\/","url":"https:\/\/positiveprints.com\/sv\/produkt\/poster-med-definition-av-aktenskap\/","name":"Poster med definition av \u00e4ktenskap - Positive Prints","isPartOf":{"@id":"https:\/\/positiveprints.com\/sv\/#website"},"primaryImageOfPage":{"@id":"https:\/\/positiveprints.com\/sv\/produkt\/poster-med-definition-av-aktenskap\/#primaryimage"},"image":{"@id":"https:\/\/positiveprints.com\/sv\/produkt\/poster-med-definition-av-aktenskap\/#primaryimage"},"thumbnailUrl":"https:\/\/positiveprints.com\/wp-content\/uploads\/2024\/05\/Marriage-Definition-Poster.jpg","datePublished":"2024-05-14T08:45:50+00:00","dateModified":"2026-04-03T01:52:33+00:00","description":"Letar du efter ett unikt och meningsfullt s\u00e4tt att fira ett \u00e4ktenskap? V\u00e5r Marriage Definition Poster \u00e4r den perfekta personliga presenten.","breadcrumb":{"@id":"https:\/\/positiveprints.com\/sv\/produkt\/poster-med-definition-av-aktenskap\/#breadcrumb"},"inLanguage":"sv-SE","potentialAction":[{"@type":"ReadAction","target":["https:\/\/positiveprints.com\/sv\/produkt\/poster-med-definition-av-aktenskap\/"]}]},{"@type":"ImageObject","inLanguage":"sv-SE","@id":"https:\/\/positiveprints.com\/sv\/produkt\/poster-med-definition-av-aktenskap\/#primaryimage","url":"https:\/\/positiveprints.com\/wp-content\/uploads\/2024\/05\/Marriage-Definition-Poster.jpg","contentUrl":"https:\/\/positiveprints.com\/wp-content\/uploads\/2024\/05\/Marriage-Definition-Poster.jpg","width":1080,"height":1080,"caption":"Marriage Definition Poster"},{"@type":"BreadcrumbList","@id":"https:\/\/positiveprints.com\/sv\/produkt\/poster-med-definition-av-aktenskap\/#breadcrumb","itemListElement":[{"@type":"ListItem","position":1,"name":"Home","item":"https:\/\/positiveprints.com\/sv\/"},{"@type":"ListItem","position":2,"name":"Produkter","item":"https:\/\/positiveprints.com\/sv\/shop\/"},{"@type":"ListItem","position":3,"name":"Poster med definition av \u00e4ktenskap"}]},{"@type":"WebSite","@id":"https:\/\/positiveprints.com\/sv\/#website","url":"https:\/\/positiveprints.com\/sv\/","name":"Positive Prints","description":"Amazing Custom Personalized Gifts","publisher":{"@id":"https:\/\/positiveprints.com\/sv\/#organization"},"potentialAction":[{"@type":"SearchAction","target":{"@type":"EntryPoint","urlTemplate":"https:\/\/positiveprints.com\/sv\/?s={search_term_string}"},"query-input":{"@type":"PropertyValueSpecification","valueRequired":true,"valueName":"search_term_string"}}],"inLanguage":"sv-SE"},{"@type":"Organization","@id":"https:\/\/positiveprints.com\/sv\/#organization","name":"Positive Prints","alternateName":"Positive Prints","url":"https:\/\/positiveprints.com\/sv\/","logo":{"@type":"ImageObject","inLanguage":"sv-SE","@id":"https:\/\/positiveprints.com\/sv\/#\/schema\/logo\/image\/","url":"https:\/\/positiveprints.com\/wp-content\/uploads\/2026\/03\/245815646_1337939713319158_5671353136411139666_n.png","contentUrl":"https:\/\/positiveprints.com\/wp-content\/uploads\/2026\/03\/245815646_1337939713319158_5671353136411139666_n.png","width":800,"height":800,"caption":"Positive Prints"},"image":{"@id":"https:\/\/positiveprints.com\/sv\/#\/schema\/logo\/image\/"},"sameAs":["https:\/\/www.facebook.com\/positiveprintscom","https:\/\/www.instagram.com\/positiveprintscom\/","https:\/\/www.tiktok.com\/@positiveprintscom","https:\/\/www.pinterest.com\/positiveprintscom\/"]}]}},"jetpack_sharing_enabled":true,"_links":{"self":[{"href":"https:\/\/positiveprints.com\/sv\/wp-json\/wp\/v2\/product\/1120561","targetHints":{"allow":["GET"]}}],"collection":[{"href":"https:\/\/positiveprints.com\/sv\/wp-json\/wp\/v2\/product"}],"about":[{"href":"https:\/\/positiveprints.com\/sv\/wp-json\/wp\/v2\/types\/product"}],"wp:featuredmedia":[{"embeddable":true,"href":"https:\/\/positiveprints.com\/sv\/wp-json\/wp\/v2\/media\/1120849"}],"wp:attachment":[{"href":"https:\/\/positiveprints.com\/sv\/wp-json\/wp\/v2\/media?parent=1120561"}],"wp:term":[{"taxonomy":"product_brand","embeddable":true,"href":"https:\/\/positiveprints.com\/sv\/wp-json\/wp\/v2\/product_brand?post=1120561"},{"taxonomy":"product_cat","embeddable":true,"href":"https:\/\/positiveprints.com\/sv\/wp-json\/wp\/v2\/product_cat?post=1120561"},{"taxonomy":"product_tag","embeddable":true,"href":"https:\/\/positiveprints.com\/sv\/wp-json\/wp\/v2\/product_tag?post=1120561"}],"curies":[{"name":"wp","href":"https:\/\/api.w.org\/{rel}","templated":true}]}}