{"id":1120540,"date":"2024-05-14T10:11:39","date_gmt":"2024-05-14T09:11:39","guid":{"rendered":"https:\/\/positiveprints.com\/?post_type=product&#038;p=1120540"},"modified":"2026-04-28T13:50:10","modified_gmt":"2026-04-28T12:50:10","slug":"hund-definition-poster","status":"publish","type":"product","link":"https:\/\/positiveprints.com\/sv\/produkt\/hund-definition-poster\/","title":{"rendered":"Hund Definition Poster"},"content":{"rendered":"<p>Letar du efter ett speciellt s\u00e4tt att fira din h\u00e5riga v\u00e4n? V\u00e5r Dog Definition Poster \u00e4r det perfekta personliga trycket. F\u00e5nga vad din hund betyder f\u00f6r dig med en anpassad definition och ett foto som ger en personlig touch.<\/p>\r\n\r\n<h2>Personliga anpassningsm\u00f6jligheter och kreativ frihet<\/h2>\r\n\r\n<p>Med v\u00e5r Dog Definition Poster kan du definiera &#8220;hund&#8221;, ditt husdjurs namn eller &#8220;b\u00e4sta v\u00e4n&#8221; p\u00e5 ditt eget s\u00e4tt. Oavsett om det \u00e4r roligt, k\u00e4nslosamt eller n\u00e5got speciellt, \u00e4r valet ditt.<\/p>\r\n\r\n<p>Skapa ett unikt tryck genom att ladda upp ditt eget foto som passar till definitionen. V\u00e4lj bland v\u00e5ra f\u00e4rdiga definitioner eller skriv din egen f\u00f6r att matcha dina k\u00e4nslor. Anpassa din affisch \u00e4nnu mer genom att v\u00e4lja de perfekta f\u00e4rgerna eller leka med f\u00e4rgerna sj\u00e4lv f\u00f6r att matcha bakgrunden och teckensnittet till din stil och ditt hum\u00f6r.<\/p>\r\n\r\n<h2>Perfekt present f\u00f6r hund\u00e4gare och heminredning<\/h2>\r\n\r\n<p>Oavsett om det \u00e4r en present till en hund\u00e4gare eller ett speciellt konstverk till ditt eget hem \u00e4r v\u00e5r Dog Definition Poster ett bra val. F\u00f6rest\u00e4ll dig deras leenden n\u00e4r de ser ett tryck som p\u00e5 ett vackert s\u00e4tt visar vad deras hund betyder f\u00f6r dem.<\/p>\r\n\r\n<h2>Varf\u00f6r v\u00e4lja v\u00e5r hunddefinitionsposter?<\/h2>\r\n\r\n<p>Det \u00e4r enkelt att best\u00e4lla &#8211; bes\u00f6k bara v\u00e5r webbplats, anpassa din affisch med din valda definition, ladda upp ditt foto, v\u00e4lj ditt f\u00e4rgschema och g\u00f6r din best\u00e4llning. Vi tar hand om resten och ser till att din affisch trycks och f\u00f6rpackas med omsorg.<\/p>\r\n\r\n<p>Visa upp den stolt i ditt hem eller ge bort den som en omt\u00e4nksam present, och l\u00e5t Dog Definition Poster vara en best\u00e5ende p\u00e5minnelse om den gl\u00e4dje och k\u00e4rlek som din hund ger. Fira ert speciella band p\u00e5 ett kreativt och meningsfullt s\u00e4tt.<\/p>","protected":false},"excerpt":{"rendered":"<ul class=\"check-list\">\n<li>G\u00f6r din personliga definition<\/li>\n<li>L\u00e4gg till ditt eget foto<\/li>\n<li>Anpassa i 3 enkla steg<\/li>\n<li>V\u00e4lj en mall eller var kreativ<\/li>\n<li>Se resultatet direkt \u2013 den interaktiva f\u00f6rhandsvisningen l\u00e5ter dig finjustera varje detalj<\/li>\n<\/ul>\n","protected":false},"featured_media":1125531,"template":"","meta":[],"product_brand":[],"product_cat":[9525,9767,7459,7902],"product_tag":[16087,16096,16098,16093,8698,16097,13931,13926,13932,13929,13930,13927],"class_list":{"0":"post-1120540","1":"product","2":"type-product","3":"status-publish","4":"has-post-thumbnail","6":"product_cat-definition-sv","7":"product_cat-trending-label-sv","8":"product_cat-alla-produkter","9":"product_cat-gavor-for-hundalskare","10":"product_tag-animals-sv","11":"product_tag-custom-dog-gifts-sv","12":"product_tag-dog-mom-gifts-sv","13":"product_tag-dog-owner-sv","14":"product_tag-dog-lovers-sv","15":"product_tag-gifts-for-dog-owners-sv","16":"product_tag-hundagare","17":"product_tag-personliga-hundpresenter","18":"product_tag-presenter-till-hundagare","19":"product_tag-presenter-till-hundalskare","20":"product_tag-presenter-till-hundmamma","21":"product_tag-presenter-till-hundpappa","23":"first","24":"instock","25":"sale","26":"taxable","27":"shipping-taxable","28":"purchasable","29":"product-type-variable"},"yoast_head":"<!-- This site is optimized with the Yoast SEO Premium plugin v27.2 (Yoast SEO v27.2) - https:\/\/yoast.com\/product\/yoast-seo-premium-wordpress\/ -->\n<title>Poster med definitioner av hundar - Positive Prints<\/title>\n<meta name=\"description\" content=\"Letar du efter ett speciellt s\u00e4tt att fira din h\u00e5riga v\u00e4n? V\u00e5r Dog Definition Poster \u00e4r det perfekta personliga trycket. Skapa din egen nu.\" \/>\n<meta name=\"robots\" content=\"index, follow, max-snippet:-1, max-image-preview:large, max-video-preview:-1\" \/>\n<link rel=\"canonical\" href=\"https:\/\/positiveprints.com\/sv\/produkt\/hund-definition-poster\/\" \/>\n<meta property=\"og:locale\" content=\"sv_SE\" \/>\n<meta property=\"og:type\" content=\"article\" \/>\n<meta property=\"og:title\" content=\"Hund Definition Poster\" \/>\n<meta property=\"og:description\" content=\"G\u00f6r din personliga definition L\u00e4gg till ditt eget foto Anpassa i 3 enkla steg V\u00e4lj en mall eller var kreativ Se resultatet direkt \u2013 den interaktiva f\u00f6rhandsvisningen l\u00e5ter dig finjustera varje detalj\" \/>\n<meta property=\"og:url\" content=\"https:\/\/positiveprints.com\/sv\/produkt\/hund-definition-poster\/\" \/>\n<meta property=\"og:site_name\" content=\"Positive Prints\" \/>\n<meta property=\"article:publisher\" content=\"https:\/\/www.facebook.com\/positiveprintscom\" \/>\n<meta property=\"article:modified_time\" content=\"2026-04-28T12:50:10+00:00\" \/>\n<meta property=\"og:image\" content=\"https:\/\/positiveprints.com\/wp-content\/uploads\/2024\/06\/Dog-Definition-Poster.jpg\" \/>\n\t<meta property=\"og:image:width\" content=\"1080\" \/>\n\t<meta property=\"og:image:height\" content=\"1080\" \/>\n\t<meta property=\"og:image:type\" content=\"image\/jpeg\" \/>\n<meta name=\"twitter:card\" content=\"summary_large_image\" \/>\n<!-- \/ Yoast SEO Premium plugin. -->","yoast_head_json":{"title":"Poster med definitioner av hundar - Positive Prints","description":"Letar du efter ett speciellt s\u00e4tt att fira din h\u00e5riga v\u00e4n? V\u00e5r Dog Definition Poster \u00e4r det perfekta personliga trycket. Skapa din egen nu.","robots":{"index":"index","follow":"follow","max-snippet":"max-snippet:-1","max-image-preview":"max-image-preview:large","max-video-preview":"max-video-preview:-1"},"canonical":"https:\/\/positiveprints.com\/sv\/produkt\/hund-definition-poster\/","og_locale":"sv_SE","og_type":"article","og_title":"Hund Definition Poster","og_description":"G\u00f6r din personliga definition L\u00e4gg till ditt eget foto Anpassa i 3 enkla steg V\u00e4lj en mall eller var kreativ Se resultatet direkt \u2013 den interaktiva f\u00f6rhandsvisningen l\u00e5ter dig finjustera varje detalj","og_url":"https:\/\/positiveprints.com\/sv\/produkt\/hund-definition-poster\/","og_site_name":"Positive Prints","article_publisher":"https:\/\/www.facebook.com\/positiveprintscom","article_modified_time":"2026-04-28T12:50:10+00:00","og_image":[{"width":1080,"height":1080,"url":"https:\/\/positiveprints.com\/wp-content\/uploads\/2024\/06\/Dog-Definition-Poster.jpg","type":"image\/jpeg"}],"twitter_card":"summary_large_image","schema":{"@context":"https:\/\/schema.org","@graph":[{"@type":["WebPage","ItemPage"],"@id":"https:\/\/positiveprints.com\/sv\/produkt\/hund-definition-poster\/","url":"https:\/\/positiveprints.com\/sv\/produkt\/hund-definition-poster\/","name":"Poster med definitioner av hundar - Positive Prints","isPartOf":{"@id":"https:\/\/positiveprints.com\/sv\/#website"},"primaryImageOfPage":{"@id":"https:\/\/positiveprints.com\/sv\/produkt\/hund-definition-poster\/#primaryimage"},"image":{"@id":"https:\/\/positiveprints.com\/sv\/produkt\/hund-definition-poster\/#primaryimage"},"thumbnailUrl":"https:\/\/positiveprints.com\/wp-content\/uploads\/2024\/06\/Dog-Definition-Poster.jpg","datePublished":"2024-05-14T09:11:39+00:00","dateModified":"2026-04-28T12:50:10+00:00","description":"Letar du efter ett speciellt s\u00e4tt att fira din h\u00e5riga v\u00e4n? V\u00e5r Dog Definition Poster \u00e4r det perfekta personliga trycket. Skapa din egen nu.","breadcrumb":{"@id":"https:\/\/positiveprints.com\/sv\/produkt\/hund-definition-poster\/#breadcrumb"},"inLanguage":"sv-SE","potentialAction":[{"@type":"ReadAction","target":["https:\/\/positiveprints.com\/sv\/produkt\/hund-definition-poster\/"]}]},{"@type":"ImageObject","inLanguage":"sv-SE","@id":"https:\/\/positiveprints.com\/sv\/produkt\/hund-definition-poster\/#primaryimage","url":"https:\/\/positiveprints.com\/wp-content\/uploads\/2024\/06\/Dog-Definition-Poster.jpg","contentUrl":"https:\/\/positiveprints.com\/wp-content\/uploads\/2024\/06\/Dog-Definition-Poster.jpg","width":1080,"height":1080},{"@type":"BreadcrumbList","@id":"https:\/\/positiveprints.com\/sv\/produkt\/hund-definition-poster\/#breadcrumb","itemListElement":[{"@type":"ListItem","position":1,"name":"Home","item":"https:\/\/positiveprints.com\/sv\/"},{"@type":"ListItem","position":2,"name":"Produkter","item":"https:\/\/positiveprints.com\/sv\/shop\/"},{"@type":"ListItem","position":3,"name":"Hund Definition Poster"}]},{"@type":"WebSite","@id":"https:\/\/positiveprints.com\/sv\/#website","url":"https:\/\/positiveprints.com\/sv\/","name":"Positive Prints","description":"Amazing Custom Personalized Gifts","publisher":{"@id":"https:\/\/positiveprints.com\/sv\/#organization"},"potentialAction":[{"@type":"SearchAction","target":{"@type":"EntryPoint","urlTemplate":"https:\/\/positiveprints.com\/sv\/?s={search_term_string}"},"query-input":{"@type":"PropertyValueSpecification","valueRequired":true,"valueName":"search_term_string"}}],"inLanguage":"sv-SE"},{"@type":"Organization","@id":"https:\/\/positiveprints.com\/sv\/#organization","name":"Positive Prints","alternateName":"Positive Prints","url":"https:\/\/positiveprints.com\/sv\/","logo":{"@type":"ImageObject","inLanguage":"sv-SE","@id":"https:\/\/positiveprints.com\/sv\/#\/schema\/logo\/image\/","url":"https:\/\/positiveprints.com\/wp-content\/uploads\/2026\/03\/245815646_1337939713319158_5671353136411139666_n.png","contentUrl":"https:\/\/positiveprints.com\/wp-content\/uploads\/2026\/03\/245815646_1337939713319158_5671353136411139666_n.png","width":800,"height":800,"caption":"Positive Prints"},"image":{"@id":"https:\/\/positiveprints.com\/sv\/#\/schema\/logo\/image\/"},"sameAs":["https:\/\/www.facebook.com\/positiveprintscom","https:\/\/www.instagram.com\/positiveprintscom\/","https:\/\/www.tiktok.com\/@positiveprintscom","https:\/\/www.pinterest.com\/positiveprintscom\/"]}]}},"jetpack_sharing_enabled":true,"_links":{"self":[{"href":"https:\/\/positiveprints.com\/sv\/wp-json\/wp\/v2\/product\/1120540","targetHints":{"allow":["GET"]}}],"collection":[{"href":"https:\/\/positiveprints.com\/sv\/wp-json\/wp\/v2\/product"}],"about":[{"href":"https:\/\/positiveprints.com\/sv\/wp-json\/wp\/v2\/types\/product"}],"wp:featuredmedia":[{"embeddable":true,"href":"https:\/\/positiveprints.com\/sv\/wp-json\/wp\/v2\/media\/1125531"}],"wp:attachment":[{"href":"https:\/\/positiveprints.com\/sv\/wp-json\/wp\/v2\/media?parent=1120540"}],"wp:term":[{"taxonomy":"product_brand","embeddable":true,"href":"https:\/\/positiveprints.com\/sv\/wp-json\/wp\/v2\/product_brand?post=1120540"},{"taxonomy":"product_cat","embeddable":true,"href":"https:\/\/positiveprints.com\/sv\/wp-json\/wp\/v2\/product_cat?post=1120540"},{"taxonomy":"product_tag","embeddable":true,"href":"https:\/\/positiveprints.com\/sv\/wp-json\/wp\/v2\/product_tag?post=1120540"}],"curies":[{"name":"wp","href":"https:\/\/api.w.org\/{rel}","templated":true}]}}