{"id":1120520,"date":"2024-05-09T19:50:35","date_gmt":"2024-05-09T18:50:35","guid":{"rendered":"https:\/\/positiveprints.com\/product\/soulmate-definition-poster\/"},"modified":"2026-04-07T13:40:50","modified_gmt":"2026-04-07T12:40:50","slug":"sjalsfrande-definition-affisch","status":"publish","type":"product","link":"https:\/\/positiveprints.com\/sv\/produkt\/sjalsfrande-definition-affisch\/","title":{"rendered":"Soulmate Definition Poster"},"content":{"rendered":"<p>Letar du efter ett unikt s\u00e4tt att definiera din sj\u00e4lsfr\u00e4nde? Uppt\u00e4ck v\u00e5r Soulmate Definition Poster, ett personligt tryck som f\u00e5ngar k\u00e4rnan i ert band p\u00e5 ett kreativt och innerligt s\u00e4tt.<\/p>\r\n\r\n<h2>Personalize Your Soulmate Definition Poster<\/h2>\r\n\r\n<p>Med v\u00e5r Soulmate Definition Poster kan du definiera din relation p\u00e5 ett s\u00e4tt som \u00e4r djupt meningsfullt f\u00f6r dig. Anpassa din affisch genom att v\u00e4lja bland v\u00e5ra f\u00f6rdefinierade definitioner eller skapa din egen, oavsett om den \u00e4r rolig, k\u00e4nslom\u00e4ssig eller djupt personlig.<\/p>\r\n\r\n<p>F\u00f6rh\u00f6j din affisch med ett foto som speglar er relation och l\u00e4gg till ett extra lager av sentimentalitet. Experimentera med f\u00e4rger genom att v\u00e4lja bakgrunds- och teckensnittsf\u00e4rger som passar din stil och ditt hum\u00f6r.<\/p>\r\n\r\n<h2>Definition Poster &#8211; Perfekt present f\u00f6r alla tillf\u00e4llen<\/h2>\r\n\r\n<p>Oavsett om det \u00e4r f\u00f6delsedag, jubileum, br\u00f6llop eller n\u00e5got annat speciellt tillf\u00e4lle \u00e4r v\u00e5r Soulmate Definition Poster en omt\u00e4nksam g\u00e5va f\u00f6r att fira ert unika band. F\u00f6rest\u00e4ll dig gl\u00e4djen i din sj\u00e4lsfr\u00e4ndes ansikte n\u00e4r de f\u00e5r ett personligt tryck som f\u00e5ngar k\u00e4rnan i er f\u00f6rbindelse.<\/p>\r\n\r\n<p>Det \u00e4r enkelt att best\u00e4lla &#8211; bes\u00f6k v\u00e5r webbplats, anpassa din affisch, ladda upp ditt foto, v\u00e4lj f\u00e4rgschema och g\u00f6r din best\u00e4llning. Vi tar hand om resten och ser till att din affisch trycks och f\u00f6rpackas med omsorg.<\/p>\r\n\r\n<p>Visa upp den stolt i ditt hem eller ge bort den till din sj\u00e4lsfr\u00e4nde som ett tecken p\u00e5 din k\u00e4rlek. Skapa en best\u00e5ende hyllning till ert band och fira den k\u00e4rlek som f\u00f6renar er.<\/p>","protected":false},"excerpt":{"rendered":"<ul class=\"check-list\">\n<li>G\u00f6r din personliga definition<\/li>\n<li>L\u00e4gg till ditt eget foto<\/li>\n<li>Anpassa i 3 enkla steg<\/li>\n<li>V\u00e4lj en mall eller var kreativ<\/li>\n<li>Se resultatet direkt \u2013 den interaktiva f\u00f6rhandsvisningen l\u00e5ter dig finjustera varje detalj<\/li>\n<\/ul>\n","protected":false},"featured_media":1477410,"template":"","meta":[],"product_brand":[],"product_cat":[9525,7459,8108,11470,11471,8014,7694],"product_tag":[8527,11829,11830,9020],"class_list":{"0":"post-1120520","1":"product","2":"type-product","3":"status-publish","4":"has-post-thumbnail","6":"product_cat-definition-sv","7":"product_cat-alla-produkter","8":"product_cat-julpresenter","9":"product_cat-julklappar-till-henne","10":"product_cat-julklappar-till-honom","11":"product_cat-gavor-for-man","12":"product_cat-gavor-for-kvinnor","13":"product_tag-couples-sv","14":"product_tag-julklappar-till-henne","15":"product_tag-kerstcadeaus-for-honom","16":"product_tag-par","18":"first","19":"instock","20":"sale","21":"taxable","22":"shipping-taxable","23":"purchasable","24":"product-type-variable"},"yoast_head":"<!-- This site is optimized with the Yoast SEO Premium plugin v27.2 (Yoast SEO v27.2) - https:\/\/yoast.com\/product\/yoast-seo-premium-wordpress\/ -->\n<title>Soulmate Definition Poster - Positive Prints<\/title>\n<meta name=\"description\" content=\"Uppt\u00e4ck v\u00e5r Soulmate Definition Poster, ett personligt tryck som f\u00e5ngar k\u00e4rnan i ert band p\u00e5 ett kreativt och innerligt s\u00e4tt.\" \/>\n<meta name=\"robots\" content=\"index, follow, max-snippet:-1, max-image-preview:large, max-video-preview:-1\" \/>\n<link rel=\"canonical\" href=\"https:\/\/positiveprints.com\/sv\/produkt\/sjalsfrande-definition-affisch\/\" \/>\n<meta property=\"og:locale\" content=\"sv_SE\" \/>\n<meta property=\"og:type\" content=\"article\" \/>\n<meta property=\"og:title\" content=\"Soulmate Definition Poster\" \/>\n<meta property=\"og:description\" content=\"G\u00f6r din personliga definition L\u00e4gg till ditt eget foto Anpassa i 3 enkla steg V\u00e4lj en mall eller var kreativ Se resultatet direkt \u2013 den interaktiva f\u00f6rhandsvisningen l\u00e5ter dig finjustera varje detalj\" \/>\n<meta property=\"og:url\" content=\"https:\/\/positiveprints.com\/sv\/produkt\/sjalsfrande-definition-affisch\/\" \/>\n<meta property=\"og:site_name\" content=\"Positive Prints\" \/>\n<meta property=\"article:publisher\" content=\"https:\/\/www.facebook.com\/positiveprintscom\" \/>\n<meta property=\"article:modified_time\" content=\"2026-04-07T12:40:50+00:00\" \/>\n<meta property=\"og:image\" content=\"https:\/\/positiveprints.com\/wp-content\/uploads\/2025\/07\/Packshot_SE_Soulmate-Definition-Poster.webp\" \/>\n\t<meta property=\"og:image:width\" content=\"1450\" \/>\n\t<meta property=\"og:image:height\" content=\"1450\" \/>\n\t<meta property=\"og:image:type\" content=\"image\/webp\" \/>\n<meta name=\"twitter:card\" content=\"summary_large_image\" \/>\n<meta name=\"twitter:label1\" content=\"Ber\u00e4knad l\u00e4stid\" \/>\n\t<meta name=\"twitter:data1\" content=\"2 minut\" \/>\n<!-- \/ Yoast SEO Premium plugin. -->","yoast_head_json":{"title":"Soulmate Definition Poster - Positive Prints","description":"Uppt\u00e4ck v\u00e5r Soulmate Definition Poster, ett personligt tryck som f\u00e5ngar k\u00e4rnan i ert band p\u00e5 ett kreativt och innerligt s\u00e4tt.","robots":{"index":"index","follow":"follow","max-snippet":"max-snippet:-1","max-image-preview":"max-image-preview:large","max-video-preview":"max-video-preview:-1"},"canonical":"https:\/\/positiveprints.com\/sv\/produkt\/sjalsfrande-definition-affisch\/","og_locale":"sv_SE","og_type":"article","og_title":"Soulmate Definition Poster","og_description":"G\u00f6r din personliga definition L\u00e4gg till ditt eget foto Anpassa i 3 enkla steg V\u00e4lj en mall eller var kreativ Se resultatet direkt \u2013 den interaktiva f\u00f6rhandsvisningen l\u00e5ter dig finjustera varje detalj","og_url":"https:\/\/positiveprints.com\/sv\/produkt\/sjalsfrande-definition-affisch\/","og_site_name":"Positive Prints","article_publisher":"https:\/\/www.facebook.com\/positiveprintscom","article_modified_time":"2026-04-07T12:40:50+00:00","og_image":[{"width":1450,"height":1450,"url":"https:\/\/positiveprints.com\/wp-content\/uploads\/2025\/07\/Packshot_SE_Soulmate-Definition-Poster.webp","type":"image\/webp"}],"twitter_card":"summary_large_image","twitter_misc":{"Ber\u00e4knad l\u00e4stid":"2 minut"},"schema":{"@context":"https:\/\/schema.org","@graph":[{"@type":["WebPage","ItemPage"],"@id":"https:\/\/positiveprints.com\/sv\/produkt\/sjalsfrande-definition-affisch\/","url":"https:\/\/positiveprints.com\/sv\/produkt\/sjalsfrande-definition-affisch\/","name":"Soulmate Definition Poster - Positive Prints","isPartOf":{"@id":"https:\/\/positiveprints.com\/sv\/#website"},"primaryImageOfPage":{"@id":"https:\/\/positiveprints.com\/sv\/produkt\/sjalsfrande-definition-affisch\/#primaryimage"},"image":{"@id":"https:\/\/positiveprints.com\/sv\/produkt\/sjalsfrande-definition-affisch\/#primaryimage"},"thumbnailUrl":"https:\/\/positiveprints.com\/wp-content\/uploads\/2025\/07\/Packshot_SE_Soulmate-Definition-Poster.webp","datePublished":"2024-05-09T18:50:35+00:00","dateModified":"2026-04-07T12:40:50+00:00","description":"Uppt\u00e4ck v\u00e5r Soulmate Definition Poster, ett personligt tryck som f\u00e5ngar k\u00e4rnan i ert band p\u00e5 ett kreativt och innerligt s\u00e4tt.","breadcrumb":{"@id":"https:\/\/positiveprints.com\/sv\/produkt\/sjalsfrande-definition-affisch\/#breadcrumb"},"inLanguage":"sv-SE","potentialAction":[{"@type":"ReadAction","target":["https:\/\/positiveprints.com\/sv\/produkt\/sjalsfrande-definition-affisch\/"]}]},{"@type":"ImageObject","inLanguage":"sv-SE","@id":"https:\/\/positiveprints.com\/sv\/produkt\/sjalsfrande-definition-affisch\/#primaryimage","url":"https:\/\/positiveprints.com\/wp-content\/uploads\/2025\/07\/Packshot_SE_Soulmate-Definition-Poster.webp","contentUrl":"https:\/\/positiveprints.com\/wp-content\/uploads\/2025\/07\/Packshot_SE_Soulmate-Definition-Poster.webp","width":1450,"height":1450},{"@type":"BreadcrumbList","@id":"https:\/\/positiveprints.com\/sv\/produkt\/sjalsfrande-definition-affisch\/#breadcrumb","itemListElement":[{"@type":"ListItem","position":1,"name":"Home","item":"https:\/\/positiveprints.com\/sv\/"},{"@type":"ListItem","position":2,"name":"Produkter","item":"https:\/\/positiveprints.com\/sv\/shop\/"},{"@type":"ListItem","position":3,"name":"Soulmate Definition Poster"}]},{"@type":"WebSite","@id":"https:\/\/positiveprints.com\/sv\/#website","url":"https:\/\/positiveprints.com\/sv\/","name":"Positive Prints","description":"Amazing Custom Personalized Gifts","publisher":{"@id":"https:\/\/positiveprints.com\/sv\/#organization"},"potentialAction":[{"@type":"SearchAction","target":{"@type":"EntryPoint","urlTemplate":"https:\/\/positiveprints.com\/sv\/?s={search_term_string}"},"query-input":{"@type":"PropertyValueSpecification","valueRequired":true,"valueName":"search_term_string"}}],"inLanguage":"sv-SE"},{"@type":"Organization","@id":"https:\/\/positiveprints.com\/sv\/#organization","name":"Positive Prints","alternateName":"Positive Prints","url":"https:\/\/positiveprints.com\/sv\/","logo":{"@type":"ImageObject","inLanguage":"sv-SE","@id":"https:\/\/positiveprints.com\/sv\/#\/schema\/logo\/image\/","url":"https:\/\/positiveprints.com\/wp-content\/uploads\/2026\/03\/245815646_1337939713319158_5671353136411139666_n.png","contentUrl":"https:\/\/positiveprints.com\/wp-content\/uploads\/2026\/03\/245815646_1337939713319158_5671353136411139666_n.png","width":800,"height":800,"caption":"Positive Prints"},"image":{"@id":"https:\/\/positiveprints.com\/sv\/#\/schema\/logo\/image\/"},"sameAs":["https:\/\/www.facebook.com\/positiveprintscom","https:\/\/www.instagram.com\/positiveprintscom\/","https:\/\/www.tiktok.com\/@positiveprintscom","https:\/\/www.pinterest.com\/positiveprintscom\/"]}]}},"jetpack_sharing_enabled":true,"_links":{"self":[{"href":"https:\/\/positiveprints.com\/sv\/wp-json\/wp\/v2\/product\/1120520","targetHints":{"allow":["GET"]}}],"collection":[{"href":"https:\/\/positiveprints.com\/sv\/wp-json\/wp\/v2\/product"}],"about":[{"href":"https:\/\/positiveprints.com\/sv\/wp-json\/wp\/v2\/types\/product"}],"wp:featuredmedia":[{"embeddable":true,"href":"https:\/\/positiveprints.com\/sv\/wp-json\/wp\/v2\/media\/1477410"}],"wp:attachment":[{"href":"https:\/\/positiveprints.com\/sv\/wp-json\/wp\/v2\/media?parent=1120520"}],"wp:term":[{"taxonomy":"product_brand","embeddable":true,"href":"https:\/\/positiveprints.com\/sv\/wp-json\/wp\/v2\/product_brand?post=1120520"},{"taxonomy":"product_cat","embeddable":true,"href":"https:\/\/positiveprints.com\/sv\/wp-json\/wp\/v2\/product_cat?post=1120520"},{"taxonomy":"product_tag","embeddable":true,"href":"https:\/\/positiveprints.com\/sv\/wp-json\/wp\/v2\/product_tag?post=1120520"}],"curies":[{"name":"wp","href":"https:\/\/api.w.org\/{rel}","templated":true}]}}