{"id":1120519,"date":"2024-05-13T09:22:06","date_gmt":"2024-05-13T08:22:06","guid":{"rendered":"https:\/\/positiveprints.com\/product\/affisch-med-anpassad-definition\/"},"modified":"2026-04-12T21:01:10","modified_gmt":"2026-04-12T20:01:10","slug":"affisch-med-anpassad-definition","status":"publish","type":"product","link":"https:\/\/positiveprints.com\/sv\/produkt\/affisch-med-anpassad-definition\/","title":{"rendered":"Affisch med anpassad definition"},"content":{"rendered":"<p>Letar du efter en helt unik och personlig g\u00e5va f\u00f6r att fira ett speciellt tillf\u00e4lle? Utforska v\u00e5r Custom Definition Poster, d\u00e4r du kan definiera valfritt ord eller begrepp med en touch av kreativitet och sentimentalitet.<\/p>\r\n\r\n<h2>Anpassa din egen definitionsposter<\/h2>\r\n\r\n<p>Med v\u00e5r Custom Definition Poster \u00e4r m\u00f6jligheterna o\u00e4ndliga. Definiera ett ord eller begrepp som har betydelse f\u00f6r dig eller mottagaren, oavsett om det \u00e4r ett smeknamn, ett husdjursnamn eller ett meningsfullt ord som &#8220;k\u00e4rlek&#8221; eller &#8220;lycka&#8221;.<\/p>\r\n\r\n<p>Anpassa din affisch genom att l\u00e4gga till ett eget foto till definitionen, vilket skapar en verkligt personlig och innerlig g\u00e5va. V\u00e4lj bland v\u00e5ra f\u00f6rdefinierade definitioner eller skapa din egen, oavsett om du vill att den ska vara rolig, k\u00e4nslosam eller djupt personlig.<\/p>\r\n\r\n<p>Experimentera med f\u00e4rger genom att v\u00e4lja bakgrunds- och teckensnittsf\u00e4rger som passar din stil och ditt hum\u00f6r, s\u00e5 att varje affisch blir lika unik som det ord den definierar.<\/p>\r\n\r\n<h2>Perfekt present f\u00f6r alla tillf\u00e4llen<\/h2>\r\n\r\n<p>Oavsett om det \u00e4r en f\u00f6delsedag, ett jubileum, ett br\u00f6llop eller n\u00e5got annat speciellt tillf\u00e4lle \u00e4r v\u00e5r Custom Definition Poster den perfekta presenten f\u00f6r att fira det unika bandet mellan dig och mottagaren. F\u00f6rest\u00e4ll dig gl\u00e4djen i deras ansikte n\u00e4r de f\u00e5r ett personligt tryck som f\u00e5ngar k\u00e4rnan i deras identitet eller er relation p\u00e5 ett kreativt och meningsfullt s\u00e4tt.<\/p>\r\n\r\n<p>Best\u00e4llningen \u00e4r enkel &#8211; bes\u00f6k v\u00e5r webbplats, anpassa din affisch med ditt valda ord och definition, ladda upp ditt foto, v\u00e4lj ditt f\u00e4rgschema och g\u00f6r din best\u00e4llning. Vi tar hand om resten och ser till att din affisch trycks och f\u00f6rpackas med omsorg.<\/p>\r\n\r\n<p>Oavsett om den visas i ditt hem eller ges som en g\u00e5va kommer v\u00e5r Custom Definition Poster s\u00e4kert att framkalla leenden, skratt och gl\u00e4djet\u00e5rar. Skapa en varaktig hyllning till ett speciellt ord eller begrepp och fira den k\u00e4rlek och samh\u00f6righet som det representerar.<\/p>","protected":false},"excerpt":{"rendered":"<ul class=\"check-list\">\n<li>G\u00f6r din personliga definition<\/li>\n<li>L\u00e4gg till ditt eget foto<\/li>\n<li>Anpassa i 3 enkla steg<\/li>\n<li>V\u00e4lj en mall eller var kreativ<\/li>\n<li>Se resultatet direkt \u2013 den interaktiva f\u00f6rhandsvisningen l\u00e5ter dig finjustera varje detalj<\/li>\n<\/ul>\n","protected":false},"featured_media":1113268,"template":"","meta":[],"product_brand":[],"product_cat":[7459,9525],"product_tag":[8397],"class_list":{"0":"post-1120519","1":"product","2":"type-product","3":"status-publish","4":"has-post-thumbnail","6":"product_cat-alla-produkter","7":"product_cat-definition-sv","8":"product_tag-creators-sv","10":"first","11":"instock","12":"sale","13":"taxable","14":"shipping-taxable","15":"purchasable","16":"product-type-variable"},"yoast_head":"<!-- This site is optimized with the Yoast SEO Premium plugin v27.2 (Yoast SEO v27.2) - https:\/\/yoast.com\/product\/yoast-seo-premium-wordpress\/ -->\n<title>Poster med anpassad definition - Positive Prints<\/title>\n<meta name=\"description\" content=\"Oavsett om den visas i ditt hem eller ges som en g\u00e5va kommer v\u00e5r Custom Definition Poster s\u00e4kert att framkalla leenden, skratt och gl\u00e4djet\u00e5rar.\" \/>\n<meta name=\"robots\" content=\"index, follow, max-snippet:-1, max-image-preview:large, max-video-preview:-1\" \/>\n<link rel=\"canonical\" href=\"https:\/\/positiveprints.com\/sv\/produkt\/affisch-med-anpassad-definition\/\" \/>\n<meta property=\"og:locale\" content=\"sv_SE\" \/>\n<meta property=\"og:type\" content=\"article\" \/>\n<meta property=\"og:title\" content=\"Affisch med anpassad definition\" \/>\n<meta property=\"og:description\" content=\"G\u00f6r din personliga definition L\u00e4gg till ditt eget foto Anpassa i 3 enkla steg V\u00e4lj en mall eller var kreativ Se resultatet direkt \u2013 den interaktiva f\u00f6rhandsvisningen l\u00e5ter dig finjustera varje detalj\" \/>\n<meta property=\"og:url\" content=\"https:\/\/positiveprints.com\/sv\/produkt\/affisch-med-anpassad-definition\/\" \/>\n<meta property=\"og:site_name\" content=\"Positive Prints\" \/>\n<meta property=\"article:publisher\" content=\"https:\/\/www.facebook.com\/positiveprintscom\" \/>\n<meta property=\"article:modified_time\" content=\"2026-04-12T20:01:10+00:00\" \/>\n<meta property=\"og:image\" content=\"https:\/\/positiveprints.com\/wp-content\/uploads\/2024\/05\/Soulmate-definition-poster-print.jpg\" \/>\n\t<meta property=\"og:image:width\" content=\"1080\" \/>\n\t<meta property=\"og:image:height\" content=\"1080\" \/>\n\t<meta property=\"og:image:type\" content=\"image\/jpeg\" \/>\n<meta name=\"twitter:card\" content=\"summary_large_image\" \/>\n<meta name=\"twitter:label1\" content=\"Ber\u00e4knad l\u00e4stid\" \/>\n\t<meta name=\"twitter:data1\" content=\"2 minut\" \/>\n<!-- \/ Yoast SEO Premium plugin. -->","yoast_head_json":{"title":"Poster med anpassad definition - Positive Prints","description":"Oavsett om den visas i ditt hem eller ges som en g\u00e5va kommer v\u00e5r Custom Definition Poster s\u00e4kert att framkalla leenden, skratt och gl\u00e4djet\u00e5rar.","robots":{"index":"index","follow":"follow","max-snippet":"max-snippet:-1","max-image-preview":"max-image-preview:large","max-video-preview":"max-video-preview:-1"},"canonical":"https:\/\/positiveprints.com\/sv\/produkt\/affisch-med-anpassad-definition\/","og_locale":"sv_SE","og_type":"article","og_title":"Affisch med anpassad definition","og_description":"G\u00f6r din personliga definition L\u00e4gg till ditt eget foto Anpassa i 3 enkla steg V\u00e4lj en mall eller var kreativ Se resultatet direkt \u2013 den interaktiva f\u00f6rhandsvisningen l\u00e5ter dig finjustera varje detalj","og_url":"https:\/\/positiveprints.com\/sv\/produkt\/affisch-med-anpassad-definition\/","og_site_name":"Positive Prints","article_publisher":"https:\/\/www.facebook.com\/positiveprintscom","article_modified_time":"2026-04-12T20:01:10+00:00","og_image":[{"width":1080,"height":1080,"url":"https:\/\/positiveprints.com\/wp-content\/uploads\/2024\/05\/Soulmate-definition-poster-print.jpg","type":"image\/jpeg"}],"twitter_card":"summary_large_image","twitter_misc":{"Ber\u00e4knad l\u00e4stid":"2 minut"},"schema":{"@context":"https:\/\/schema.org","@graph":[{"@type":["WebPage","ItemPage"],"@id":"https:\/\/positiveprints.com\/sv\/produkt\/affisch-med-anpassad-definition\/","url":"https:\/\/positiveprints.com\/sv\/produkt\/affisch-med-anpassad-definition\/","name":"Poster med anpassad definition - Positive Prints","isPartOf":{"@id":"https:\/\/positiveprints.com\/sv\/#website"},"primaryImageOfPage":{"@id":"https:\/\/positiveprints.com\/sv\/produkt\/affisch-med-anpassad-definition\/#primaryimage"},"image":{"@id":"https:\/\/positiveprints.com\/sv\/produkt\/affisch-med-anpassad-definition\/#primaryimage"},"thumbnailUrl":"https:\/\/positiveprints.com\/wp-content\/uploads\/2024\/05\/Soulmate-definition-poster-print.jpg","datePublished":"2024-05-13T08:22:06+00:00","dateModified":"2026-04-12T20:01:10+00:00","description":"Oavsett om den visas i ditt hem eller ges som en g\u00e5va kommer v\u00e5r Custom Definition Poster s\u00e4kert att framkalla leenden, skratt och gl\u00e4djet\u00e5rar.","breadcrumb":{"@id":"https:\/\/positiveprints.com\/sv\/produkt\/affisch-med-anpassad-definition\/#breadcrumb"},"inLanguage":"sv-SE","potentialAction":[{"@type":"ReadAction","target":["https:\/\/positiveprints.com\/sv\/produkt\/affisch-med-anpassad-definition\/"]}]},{"@type":"ImageObject","inLanguage":"sv-SE","@id":"https:\/\/positiveprints.com\/sv\/produkt\/affisch-med-anpassad-definition\/#primaryimage","url":"https:\/\/positiveprints.com\/wp-content\/uploads\/2024\/05\/Soulmate-definition-poster-print.jpg","contentUrl":"https:\/\/positiveprints.com\/wp-content\/uploads\/2024\/05\/Soulmate-definition-poster-print.jpg","width":1080,"height":1080,"caption":"Soulmate definition poster tryck"},{"@type":"BreadcrumbList","@id":"https:\/\/positiveprints.com\/sv\/produkt\/affisch-med-anpassad-definition\/#breadcrumb","itemListElement":[{"@type":"ListItem","position":1,"name":"Home","item":"https:\/\/positiveprints.com\/sv\/"},{"@type":"ListItem","position":2,"name":"Produkter","item":"https:\/\/positiveprints.com\/sv\/shop\/"},{"@type":"ListItem","position":3,"name":"Affisch med anpassad definition"}]},{"@type":"WebSite","@id":"https:\/\/positiveprints.com\/sv\/#website","url":"https:\/\/positiveprints.com\/sv\/","name":"Positive Prints","description":"Amazing Custom Personalized Gifts","publisher":{"@id":"https:\/\/positiveprints.com\/sv\/#organization"},"potentialAction":[{"@type":"SearchAction","target":{"@type":"EntryPoint","urlTemplate":"https:\/\/positiveprints.com\/sv\/?s={search_term_string}"},"query-input":{"@type":"PropertyValueSpecification","valueRequired":true,"valueName":"search_term_string"}}],"inLanguage":"sv-SE"},{"@type":"Organization","@id":"https:\/\/positiveprints.com\/sv\/#organization","name":"Positive Prints","alternateName":"Positive Prints","url":"https:\/\/positiveprints.com\/sv\/","logo":{"@type":"ImageObject","inLanguage":"sv-SE","@id":"https:\/\/positiveprints.com\/sv\/#\/schema\/logo\/image\/","url":"https:\/\/positiveprints.com\/wp-content\/uploads\/2026\/03\/245815646_1337939713319158_5671353136411139666_n.png","contentUrl":"https:\/\/positiveprints.com\/wp-content\/uploads\/2026\/03\/245815646_1337939713319158_5671353136411139666_n.png","width":800,"height":800,"caption":"Positive Prints"},"image":{"@id":"https:\/\/positiveprints.com\/sv\/#\/schema\/logo\/image\/"},"sameAs":["https:\/\/www.facebook.com\/positiveprintscom","https:\/\/www.instagram.com\/positiveprintscom\/","https:\/\/www.tiktok.com\/@positiveprintscom","https:\/\/www.pinterest.com\/positiveprintscom\/"]}]}},"jetpack_sharing_enabled":true,"_links":{"self":[{"href":"https:\/\/positiveprints.com\/sv\/wp-json\/wp\/v2\/product\/1120519","targetHints":{"allow":["GET"]}}],"collection":[{"href":"https:\/\/positiveprints.com\/sv\/wp-json\/wp\/v2\/product"}],"about":[{"href":"https:\/\/positiveprints.com\/sv\/wp-json\/wp\/v2\/types\/product"}],"wp:featuredmedia":[{"embeddable":true,"href":"https:\/\/positiveprints.com\/sv\/wp-json\/wp\/v2\/media\/1113268"}],"wp:attachment":[{"href":"https:\/\/positiveprints.com\/sv\/wp-json\/wp\/v2\/media?parent=1120519"}],"wp:term":[{"taxonomy":"product_brand","embeddable":true,"href":"https:\/\/positiveprints.com\/sv\/wp-json\/wp\/v2\/product_brand?post=1120519"},{"taxonomy":"product_cat","embeddable":true,"href":"https:\/\/positiveprints.com\/sv\/wp-json\/wp\/v2\/product_cat?post=1120519"},{"taxonomy":"product_tag","embeddable":true,"href":"https:\/\/positiveprints.com\/sv\/wp-json\/wp\/v2\/product_tag?post=1120519"}],"curies":[{"name":"wp","href":"https:\/\/api.w.org\/{rel}","templated":true}]}}