{"id":1106490,"date":"2024-04-26T10:19:49","date_gmt":"2024-04-26T09:19:49","guid":{"rendered":"https:\/\/positiveprints.com\/product\/italien-karta-konst\/"},"modified":"2026-04-23T11:03:58","modified_gmt":"2026-04-23T10:03:58","slug":"italien-karta-konst","status":"publish","type":"product","link":"https:\/\/positiveprints.com\/sv\/produkt\/italien-karta-konst\/","title":{"rendered":"Italien karta konst"},"content":{"rendered":"<p>F\u00f6rvandla dina minnen av Italien till ett fantastiskt konstverk med v\u00e5r Italy Map Art. Men vad \u00e4r det som g\u00f6r detta personliga tryck s\u00e5 anm\u00e4rkningsv\u00e4rt?<\/p>\r\n\r\n<h2>Skapa din egen Italien-karta konst<\/h2>\r\n\r\n<p>Med v\u00e5r Italien-kartkonst kan du anpassa konturen av Italien med ditt val av f\u00e4rger och skapa ett unikt och visuellt f\u00e4ngslande verk. V\u00e4lj bland en m\u00e4ngd olika stilar och f\u00e4rger f\u00f6r att matcha din inredning och personliga smak.<\/p>\r\n\r\n<p>V\u00e4lj Italien fr\u00e5n v\u00e5r landlista och g\u00f6r ditt tryck \u00e4nnu mer personligt genom att l\u00e4gga till en hj\u00e4rtmark\u00f6r f\u00f6r att markera den exakta platsen d\u00e4r n\u00e5got speciellt h\u00e4nde. Oavsett om det \u00e4r platsen f\u00f6r en minnesv\u00e4rd semester, en romantisk tillflyktsort eller ett k\u00e4rt \u00f6gonblick, ger hj\u00e4rtmark\u00f6ren ett extra lager av betydelse till ditt tryck.<\/p>\r\n\r\n<p>L\u00e4gg till ett personligt meddelande eller en titel f\u00f6r att g\u00f6ra din Italien kartkonst \u00e4nnu mer personlig och meningsfull. Oavsett om det \u00e4r en titel som minns ett speciellt tillf\u00e4lle eller ett hj\u00e4rtligt meddelande som uttrycker din k\u00e4rlek till Italien, \u00e4r anpassningsalternativen o\u00e4ndliga.<\/p>\r\n\r\n<h2>Italien karta Konst som g\u00e5va<\/h2>\r\n\r\n<p>Letar du efter den perfekta presenten till n\u00e5gon som \u00e4lskar Italien? V\u00e5r Italien-kartkonst \u00e4r ett omt\u00e4nksamt och unikt s\u00e4tt att fira deras koppling till detta vackra land. F\u00f6rest\u00e4ll dig gl\u00e4djen i deras ansikte n\u00e4r de f\u00e5r ett personligt tryck som f\u00e5ngar deras favoritplats i Italien, fylld med f\u00e4rger som v\u00e4cker minnen och k\u00e4nslor.<\/p>\r\n\r\n<p>Oavsett om den visas i hemmet, p\u00e5 kontoret eller som en g\u00e5va kommer v\u00e5r Italien-kartkonst s\u00e4kert att v\u00e4cka goda minnen och skapa en k\u00e4nsla av anknytning till denna \u00e4lskade destination. S\u00e5 varf\u00f6r v\u00e4nta? Skapa din personliga bit av Italien idag och l\u00e5t dina minnen komma till liv i livlig f\u00e4rg!<\/p>","protected":false},"excerpt":{"rendered":"<ul class=\"check-list\">\n<li>Dekorera ditt hem med en vacker karta \u00f6ver ditt favoritland<\/li>\n<li>Markera en speciell plats med en utvald symbol<\/li>\n<li>Anpassa i 3 enkla steg<\/li>\n<li>V\u00e4lj en mall eller var kreativ<\/li>\n<li>Se resultatet direkt \u2013 den interaktiva f\u00f6rhandsvisningen l\u00e5ter dig finjustera varje detalj<\/li>\n<\/ul>\n","protected":false},"featured_media":1104921,"template":"","meta":[],"product_brand":[],"product_cat":[7459,9169,10597],"product_tag":[9711],"class_list":{"0":"post-1106490","1":"product","2":"type-product","3":"status-publish","4":"has-post-thumbnail","6":"product_cat-alla-produkter","7":"product_cat-kontur","8":"product_cat-platser","9":"product_tag-italien-sv","11":"first","12":"instock","13":"sale","14":"taxable","15":"shipping-taxable","16":"purchasable","17":"product-type-variable"},"yoast_head":"<!-- This site is optimized with the Yoast SEO Premium plugin v27.2 (Yoast SEO v27.2) - https:\/\/yoast.com\/product\/yoast-seo-premium-wordpress\/ -->\n<title>Italien karta Konst - Positiva tryck<\/title>\n<meta name=\"description\" content=\"Letar du efter den perfekta presenten till n\u00e5gon som \u00e4lskar Italien? V\u00e5r Italien-kartkonst \u00e4r ett tankev\u00e4ckande och unikt s\u00e4tt att fira deras koppling till detta land.\" \/>\n<meta name=\"robots\" content=\"index, follow, max-snippet:-1, max-image-preview:large, max-video-preview:-1\" \/>\n<link rel=\"canonical\" href=\"https:\/\/positiveprints.com\/sv\/produkt\/italien-karta-konst\/\" \/>\n<meta property=\"og:locale\" content=\"sv_SE\" \/>\n<meta property=\"og:type\" content=\"article\" \/>\n<meta property=\"og:title\" content=\"Italien karta konst\" \/>\n<meta property=\"og:description\" content=\"Dekorera ditt hem med en vacker karta \u00f6ver ditt favoritland Markera en speciell plats med en utvald symbol Anpassa i 3 enkla steg V\u00e4lj en mall eller var kreativ Se resultatet direkt \u2013 den interaktiva f\u00f6rhandsvisningen l\u00e5ter dig finjustera varje detalj\" \/>\n<meta property=\"og:url\" content=\"https:\/\/positiveprints.com\/sv\/produkt\/italien-karta-konst\/\" \/>\n<meta property=\"og:site_name\" content=\"Positive Prints\" \/>\n<meta property=\"article:publisher\" content=\"https:\/\/www.facebook.com\/positiveprintscom\" \/>\n<meta property=\"article:modified_time\" content=\"2026-04-23T10:03:58+00:00\" \/>\n<meta property=\"og:image\" content=\"https:\/\/positiveprints.com\/wp-content\/uploads\/2024\/04\/italy-map-print.jpg\" \/>\n\t<meta property=\"og:image:width\" content=\"1080\" \/>\n\t<meta property=\"og:image:height\" content=\"1080\" \/>\n\t<meta property=\"og:image:type\" content=\"image\/jpeg\" \/>\n<meta name=\"twitter:card\" content=\"summary_large_image\" \/>\n<!-- \/ Yoast SEO Premium plugin. -->","yoast_head_json":{"title":"Italien karta Konst - Positiva tryck","description":"Letar du efter den perfekta presenten till n\u00e5gon som \u00e4lskar Italien? V\u00e5r Italien-kartkonst \u00e4r ett tankev\u00e4ckande och unikt s\u00e4tt att fira deras koppling till detta land.","robots":{"index":"index","follow":"follow","max-snippet":"max-snippet:-1","max-image-preview":"max-image-preview:large","max-video-preview":"max-video-preview:-1"},"canonical":"https:\/\/positiveprints.com\/sv\/produkt\/italien-karta-konst\/","og_locale":"sv_SE","og_type":"article","og_title":"Italien karta konst","og_description":"Dekorera ditt hem med en vacker karta \u00f6ver ditt favoritland Markera en speciell plats med en utvald symbol Anpassa i 3 enkla steg V\u00e4lj en mall eller var kreativ Se resultatet direkt \u2013 den interaktiva f\u00f6rhandsvisningen l\u00e5ter dig finjustera varje detalj","og_url":"https:\/\/positiveprints.com\/sv\/produkt\/italien-karta-konst\/","og_site_name":"Positive Prints","article_publisher":"https:\/\/www.facebook.com\/positiveprintscom","article_modified_time":"2026-04-23T10:03:58+00:00","og_image":[{"width":1080,"height":1080,"url":"https:\/\/positiveprints.com\/wp-content\/uploads\/2024\/04\/italy-map-print.jpg","type":"image\/jpeg"}],"twitter_card":"summary_large_image","schema":{"@context":"https:\/\/schema.org","@graph":[{"@type":["WebPage","ItemPage"],"@id":"https:\/\/positiveprints.com\/sv\/produkt\/italien-karta-konst\/","url":"https:\/\/positiveprints.com\/sv\/produkt\/italien-karta-konst\/","name":"Italien karta Konst - Positiva tryck","isPartOf":{"@id":"https:\/\/positiveprints.com\/sv\/#website"},"primaryImageOfPage":{"@id":"https:\/\/positiveprints.com\/sv\/produkt\/italien-karta-konst\/#primaryimage"},"image":{"@id":"https:\/\/positiveprints.com\/sv\/produkt\/italien-karta-konst\/#primaryimage"},"thumbnailUrl":"https:\/\/positiveprints.com\/wp-content\/uploads\/2024\/04\/italy-map-print.jpg","datePublished":"2024-04-26T09:19:49+00:00","dateModified":"2026-04-23T10:03:58+00:00","description":"Letar du efter den perfekta presenten till n\u00e5gon som \u00e4lskar Italien? V\u00e5r Italien-kartkonst \u00e4r ett tankev\u00e4ckande och unikt s\u00e4tt att fira deras koppling till detta land.","breadcrumb":{"@id":"https:\/\/positiveprints.com\/sv\/produkt\/italien-karta-konst\/#breadcrumb"},"inLanguage":"sv-SE","potentialAction":[{"@type":"ReadAction","target":["https:\/\/positiveprints.com\/sv\/produkt\/italien-karta-konst\/"]}]},{"@type":"ImageObject","inLanguage":"sv-SE","@id":"https:\/\/positiveprints.com\/sv\/produkt\/italien-karta-konst\/#primaryimage","url":"https:\/\/positiveprints.com\/wp-content\/uploads\/2024\/04\/italy-map-print.jpg","contentUrl":"https:\/\/positiveprints.com\/wp-content\/uploads\/2024\/04\/italy-map-print.jpg","width":1080,"height":1080,"caption":"Italien karta tryck"},{"@type":"BreadcrumbList","@id":"https:\/\/positiveprints.com\/sv\/produkt\/italien-karta-konst\/#breadcrumb","itemListElement":[{"@type":"ListItem","position":1,"name":"Home","item":"https:\/\/positiveprints.com\/sv\/"},{"@type":"ListItem","position":2,"name":"Produkter","item":"https:\/\/positiveprints.com\/sv\/shop\/"},{"@type":"ListItem","position":3,"name":"Italien karta konst"}]},{"@type":"WebSite","@id":"https:\/\/positiveprints.com\/sv\/#website","url":"https:\/\/positiveprints.com\/sv\/","name":"Positive Prints","description":"Amazing Custom Personalized Gifts","publisher":{"@id":"https:\/\/positiveprints.com\/sv\/#organization"},"potentialAction":[{"@type":"SearchAction","target":{"@type":"EntryPoint","urlTemplate":"https:\/\/positiveprints.com\/sv\/?s={search_term_string}"},"query-input":{"@type":"PropertyValueSpecification","valueRequired":true,"valueName":"search_term_string"}}],"inLanguage":"sv-SE"},{"@type":"Organization","@id":"https:\/\/positiveprints.com\/sv\/#organization","name":"Positive Prints","alternateName":"Positive Prints","url":"https:\/\/positiveprints.com\/sv\/","logo":{"@type":"ImageObject","inLanguage":"sv-SE","@id":"https:\/\/positiveprints.com\/sv\/#\/schema\/logo\/image\/","url":"https:\/\/positiveprints.com\/wp-content\/uploads\/2026\/03\/245815646_1337939713319158_5671353136411139666_n.png","contentUrl":"https:\/\/positiveprints.com\/wp-content\/uploads\/2026\/03\/245815646_1337939713319158_5671353136411139666_n.png","width":800,"height":800,"caption":"Positive Prints"},"image":{"@id":"https:\/\/positiveprints.com\/sv\/#\/schema\/logo\/image\/"},"sameAs":["https:\/\/www.facebook.com\/positiveprintscom","https:\/\/www.instagram.com\/positiveprintscom\/","https:\/\/www.tiktok.com\/@positiveprintscom","https:\/\/www.pinterest.com\/positiveprintscom\/"]}]}},"jetpack_sharing_enabled":true,"_links":{"self":[{"href":"https:\/\/positiveprints.com\/sv\/wp-json\/wp\/v2\/product\/1106490","targetHints":{"allow":["GET"]}}],"collection":[{"href":"https:\/\/positiveprints.com\/sv\/wp-json\/wp\/v2\/product"}],"about":[{"href":"https:\/\/positiveprints.com\/sv\/wp-json\/wp\/v2\/types\/product"}],"wp:featuredmedia":[{"embeddable":true,"href":"https:\/\/positiveprints.com\/sv\/wp-json\/wp\/v2\/media\/1104921"}],"wp:attachment":[{"href":"https:\/\/positiveprints.com\/sv\/wp-json\/wp\/v2\/media?parent=1106490"}],"wp:term":[{"taxonomy":"product_brand","embeddable":true,"href":"https:\/\/positiveprints.com\/sv\/wp-json\/wp\/v2\/product_brand?post=1106490"},{"taxonomy":"product_cat","embeddable":true,"href":"https:\/\/positiveprints.com\/sv\/wp-json\/wp\/v2\/product_cat?post=1106490"},{"taxonomy":"product_tag","embeddable":true,"href":"https:\/\/positiveprints.com\/sv\/wp-json\/wp\/v2\/product_tag?post=1106490"}],"curies":[{"name":"wp","href":"https:\/\/api.w.org\/{rel}","templated":true}]}}