{"id":1105137,"date":"2024-04-22T19:11:14","date_gmt":"2024-04-22T18:11:14","guid":{"rendered":"https:\/\/positiveprints.com\/?post_type=product&#038;p=1105137"},"modified":"2026-04-03T02:54:20","modified_gmt":"2026-04-03T01:54:20","slug":"anpassade-smycken-med-manfas","status":"publish","type":"product","link":"https:\/\/positiveprints.com\/sv\/produkt\/anpassade-smycken-med-manfas\/","title":{"rendered":"Anpassade smycken med m\u00e5nfas"},"content":{"rendered":"<p>Har du n\u00e5gonsin undrat hur du kan f\u00e5nga ett \u00f6gonblick i tiden och b\u00e4ra det n\u00e4ra ditt hj\u00e4rta? Med v\u00e5ra anpassade m\u00e5nfassmycken kan du g\u00f6ra just det. Men vad \u00e4r det som g\u00f6r dessa smycken s\u00e5 speciella?<\/p>\n\n\n\n<h2>Skapa ditt unika smycke<\/h2>\n\n\n\n<p>Med v\u00e5ra Custom Moon Phase Jewelry kan du skapa ett unikt h\u00e4nge som ber\u00e4ttar din unika historia. Med hj\u00e4lp av v\u00e5r online-editor anger du bara exakt tid och datum f\u00f6r ditt speciella \u00f6gonblick. Oavsett om det \u00e4r dagen d\u00e5 du tr\u00e4ffade din sj\u00e4lsfr\u00e4nde, datumet f\u00f6r ditt br\u00f6llop eller n\u00e5got annat minnesv\u00e4rt tillf\u00e4lle, s\u00e5 f\u00e5ngar vi m\u00e5nfasen fr\u00e5n just det \u00f6gonblicket.<\/p>\n\n\n\n<p>Men det \u00e4r inte allt &#8211; du kan ocks\u00e5 l\u00e4gga till ett eget meddelande p\u00e5 baksidan av h\u00e4nget, vilket g\u00f6r det \u00e4nnu mer personligt. <\/p>\n\n\n\n<p>Varje h\u00e4nge, oavsett om det \u00e4r en elegant cirkel eller levereras med en 45 cm l\u00e5ng kedja, genomg\u00e5r en noggrann lasergravyr f\u00f6r att s\u00e4kerst\u00e4lla precision och h\u00e5llbarhet. Det inneb\u00e4r att ditt unika smycke kommer att st\u00e5 emot tidens tand, precis som dina k\u00e4ra minnen.<\/p>\n\n\n\n<h2>Anpassade m\u00e5nfas smycken: G\u00e5va med mening<\/h2>\n\n\n\n<p>Letar du efter den perfekta presenten till n\u00e5gon du tycker om? V\u00e5ra skr\u00e4ddarsydda m\u00e5nfassmycken \u00e4r svaret. F\u00f6rest\u00e4ll dig deras ansiktsuttryck n\u00e4r de f\u00e5r ett h\u00e4nge med m\u00e5nfasen fr\u00e5n den dag ni tr\u00e4ffades f\u00f6rsta g\u00e5ngen eller den dag de f\u00f6ddes. Det \u00e4r en omt\u00e4nksam gest som garanterat kommer att ber\u00f6ra deras hj\u00e4rta.<\/p>\n\n\n\n<p>Det \u00e4r enkelt att best\u00e4lla &#8211; bes\u00f6k bara v\u00e5r webbplats, ange relevanta uppgifter, anpassa ditt meddelande, v\u00e4lj \u00f6nskat material och kedjealternativ och g\u00f6r din best\u00e4llning. Vi tar hand om resten och ser till att ditt h\u00e4nge \u00e4r vackert f\u00f6rpackat i ett smyckeskrin, komplett med en sk\u00f6tselguide och en speciell trasa f\u00f6r reng\u00f6ring.<\/p>\n\n\n\n<p>Oavsett om du firar en milstolpe, minns ett speciellt \u00f6gonblick eller helt enkelt visar n\u00e5gon att du bryr dig, \u00e4r v\u00e5ra anpassade m\u00e5nfassmycken det perfekta s\u00e4ttet att uttrycka din k\u00e4rlek och skapa best\u00e5ende minnen. S\u00e5 varf\u00f6r v\u00e4nta? B\u00f6rja designa din unika produkt redan idag!<\/p>","protected":false},"excerpt":{"rendered":"<ul class=\"check-list\">\n<li>20 mm h\u00e4ngsmycke tillverkat av h\u00f6gkvalitativt sterling silver, lasergraverat och handbearbetat<\/li>\n<li>V\u00e4lj en hj\u00e4rtlig text som passar tillf\u00e4llet<\/li>\n<li>Anpassa p\u00e5 bara 2 minuter<\/li>\n<li>Se resultatet direkt \u2013 den interaktiva f\u00f6rhandsvisningen l\u00e5ter dig finjustera varje detalj<\/li>\n<\/ul>\n","protected":false},"featured_media":1537852,"template":"","meta":[],"product_brand":[],"product_cat":[8116,11251,7459,11190,7966,7934,7598,8117,11221,7694,15046,9266,12258,8114,8108,12227,8115,8118,11473,7774,7743,11469,7790,7758,11477,11470,8188,7710,11474,7727,11468,11476,7838,9767],"product_tag":[14998,11905,11906,8397,13380,13430,11772,11835,11829,11833,13480,15067,9801,15068,15069,15070],"class_list":{"0":"post-1105137","1":"product","2":"type-product","3":"status-publish","4":"has-post-thumbnail","6":"product_cat-gava-pa-alla-hjartans-dag","7":"product_cat-alla-hjartans-dag-presenter-for-henne","8":"product_cat-alla-produkter","9":"product_cat-arsdagspresenter-till-henne","10":"product_cat-gavor-till-baby-shower","11":"product_cat-gavor-till-brollopsdusch","12":"product_cat-gavor-till-dopet","13":"product_cat-fodelsedagspresenter-presenttillfallen","14":"product_cat-fodelsedagspresenter-till-henne","15":"product_cat-gavor-for-kvinnor","16":"product_cat-julklappar-for-vanner","17":"product_cat-jewelry-sv","18":"product_cat-jewelry-basic-sv","19":"product_cat-jubileumspresent-presenttillfallen","20":"product_cat-julpresenter","21":"product_cat-moon-jewelry-sv","22":"product_cat-gavor-till-nyfodda-barn-presenttillfallen","23":"product_cat-gavor-for-nyforlovade-par-presenttillfallen","24":"product_cat-julklappar-till-barnen","25":"product_cat-gavor-till-dottern","26":"product_cat-gavor-till-en-syster","27":"product_cat-julklappar-till-flickvannen","28":"product_cat-gavor-till-flickvannen","29":"product_cat-gavor-till-fru","30":"product_cat-julklappar-till-frun","31":"product_cat-julklappar-till-henne","32":"product_cat-till-henne","33":"product_cat-gavor-till-mamma","34":"product_cat-julklappar-till-mamma","35":"product_cat-gavor-till-mormor","36":"product_cat-julklappar-till-mormor","37":"product_cat-julklappar-till-systern","38":"product_cat-gavor-till-vanner","39":"product_cat-trending-label-sv","40":"product_tag-anniversary-sv","41":"product_tag-berlock","42":"product_tag-berlocker","43":"product_tag-creators-sv","44":"product_tag-julklapp-till-en-mormor","45":"product_tag-julklapp-till-syster","46":"product_tag-julklappar-till-flickvannen","47":"product_tag-julklappar-till-frun","48":"product_tag-julklappar-till-henne","49":"product_tag-julklappar-till-mamma","50":"product_tag-julklappar-till-vanner","51":"product_tag-lancuszek-sv","52":"product_tag-mane","53":"product_tag-medalion-sv","54":"product_tag-naszyjnik-sv","55":"product_tag-wisiorek-sv","57":"first","58":"instock","59":"sale","60":"taxable","61":"shipping-taxable","62":"purchasable","63":"product-type-variable"},"yoast_head":"<!-- This site is optimized with the Yoast SEO Premium plugin v27.2 (Yoast SEO v27.2) - https:\/\/yoast.com\/product\/yoast-seo-premium-wordpress\/ -->\n<title>Specialtillverkade smycken med m\u00e5nfas - Positive Prints<\/title>\n<meta name=\"description\" content=\"Med v\u00e5ra anpassade m\u00e5nfassmycken kan du skapa ett unikt h\u00e4ngsmycke som ber\u00e4ttar din unika historia. Skapa ditt eget nu!\" \/>\n<meta name=\"robots\" content=\"index, follow, max-snippet:-1, max-image-preview:large, max-video-preview:-1\" \/>\n<link rel=\"canonical\" href=\"https:\/\/positiveprints.com\/sv\/produkt\/anpassade-smycken-med-manfas\/\" \/>\n<meta property=\"og:locale\" content=\"sv_SE\" \/>\n<meta property=\"og:type\" content=\"article\" \/>\n<meta property=\"og:title\" content=\"Anpassade smycken med m\u00e5nfas\" \/>\n<meta property=\"og:description\" content=\"20 mm h\u00e4ngsmycke tillverkat av h\u00f6gkvalitativt sterling silver, lasergraverat och handbearbetat V\u00e4lj en hj\u00e4rtlig text som passar tillf\u00e4llet Anpassa p\u00e5 bara 2 minuter Se resultatet direkt \u2013 den interaktiva f\u00f6rhandsvisningen l\u00e5ter dig finjustera varje detalj\" \/>\n<meta property=\"og:url\" content=\"https:\/\/positiveprints.com\/sv\/produkt\/anpassade-smycken-med-manfas\/\" \/>\n<meta property=\"og:site_name\" content=\"Positive Prints\" \/>\n<meta property=\"article:publisher\" content=\"https:\/\/www.facebook.com\/positiveprintscom\" \/>\n<meta property=\"article:modified_time\" content=\"2026-04-03T01:54:20+00:00\" \/>\n<meta property=\"og:image\" content=\"https:\/\/positiveprints.com\/wp-content\/uploads\/2025\/10\/PACKSHOT_SV_Anpassade-smycken-med-ma\u030anfas.webp\" \/>\n\t<meta property=\"og:image:width\" content=\"1450\" \/>\n\t<meta property=\"og:image:height\" content=\"1450\" \/>\n\t<meta property=\"og:image:type\" content=\"image\/webp\" \/>\n<meta name=\"twitter:card\" content=\"summary_large_image\" \/>\n<meta name=\"twitter:label1\" content=\"Ber\u00e4knad l\u00e4stid\" \/>\n\t<meta name=\"twitter:data1\" content=\"2 minut\" \/>\n<!-- \/ Yoast SEO Premium plugin. -->","yoast_head_json":{"title":"Specialtillverkade smycken med m\u00e5nfas - Positive Prints","description":"Med v\u00e5ra anpassade m\u00e5nfassmycken kan du skapa ett unikt h\u00e4ngsmycke som ber\u00e4ttar din unika historia. Skapa ditt eget nu!","robots":{"index":"index","follow":"follow","max-snippet":"max-snippet:-1","max-image-preview":"max-image-preview:large","max-video-preview":"max-video-preview:-1"},"canonical":"https:\/\/positiveprints.com\/sv\/produkt\/anpassade-smycken-med-manfas\/","og_locale":"sv_SE","og_type":"article","og_title":"Anpassade smycken med m\u00e5nfas","og_description":"20 mm h\u00e4ngsmycke tillverkat av h\u00f6gkvalitativt sterling silver, lasergraverat och handbearbetat V\u00e4lj en hj\u00e4rtlig text som passar tillf\u00e4llet Anpassa p\u00e5 bara 2 minuter Se resultatet direkt \u2013 den interaktiva f\u00f6rhandsvisningen l\u00e5ter dig finjustera varje detalj","og_url":"https:\/\/positiveprints.com\/sv\/produkt\/anpassade-smycken-med-manfas\/","og_site_name":"Positive Prints","article_publisher":"https:\/\/www.facebook.com\/positiveprintscom","article_modified_time":"2026-04-03T01:54:20+00:00","og_image":[{"width":1450,"height":1450,"url":"https:\/\/positiveprints.com\/wp-content\/uploads\/2025\/10\/PACKSHOT_SV_Anpassade-smycken-med-ma\u030anfas.webp","type":"image\/webp"}],"twitter_card":"summary_large_image","twitter_misc":{"Ber\u00e4knad l\u00e4stid":"2 minut"},"schema":{"@context":"https:\/\/schema.org","@graph":[{"@type":["WebPage","ItemPage"],"@id":"https:\/\/positiveprints.com\/sv\/produkt\/anpassade-smycken-med-manfas\/","url":"https:\/\/positiveprints.com\/sv\/produkt\/anpassade-smycken-med-manfas\/","name":"Specialtillverkade smycken med m\u00e5nfas - Positive Prints","isPartOf":{"@id":"https:\/\/positiveprints.com\/sv\/#website"},"primaryImageOfPage":{"@id":"https:\/\/positiveprints.com\/sv\/produkt\/anpassade-smycken-med-manfas\/#primaryimage"},"image":{"@id":"https:\/\/positiveprints.com\/sv\/produkt\/anpassade-smycken-med-manfas\/#primaryimage"},"thumbnailUrl":"https:\/\/positiveprints.com\/wp-content\/uploads\/2025\/10\/PACKSHOT_SV_Anpassade-smycken-med-ma\u030anfas.webp","datePublished":"2024-04-22T18:11:14+00:00","dateModified":"2026-04-03T01:54:20+00:00","description":"Med v\u00e5ra anpassade m\u00e5nfassmycken kan du skapa ett unikt h\u00e4ngsmycke som ber\u00e4ttar din unika historia. Skapa ditt eget nu!","breadcrumb":{"@id":"https:\/\/positiveprints.com\/sv\/produkt\/anpassade-smycken-med-manfas\/#breadcrumb"},"inLanguage":"sv-SE","potentialAction":[{"@type":"ReadAction","target":["https:\/\/positiveprints.com\/sv\/produkt\/anpassade-smycken-med-manfas\/"]}]},{"@type":"ImageObject","inLanguage":"sv-SE","@id":"https:\/\/positiveprints.com\/sv\/produkt\/anpassade-smycken-med-manfas\/#primaryimage","url":"https:\/\/positiveprints.com\/wp-content\/uploads\/2025\/10\/PACKSHOT_SV_Anpassade-smycken-med-ma\u030anfas.webp","contentUrl":"https:\/\/positiveprints.com\/wp-content\/uploads\/2025\/10\/PACKSHOT_SV_Anpassade-smycken-med-ma\u030anfas.webp","width":1450,"height":1450},{"@type":"BreadcrumbList","@id":"https:\/\/positiveprints.com\/sv\/produkt\/anpassade-smycken-med-manfas\/#breadcrumb","itemListElement":[{"@type":"ListItem","position":1,"name":"Home","item":"https:\/\/positiveprints.com\/sv\/"},{"@type":"ListItem","position":2,"name":"Produkter","item":"https:\/\/positiveprints.com\/sv\/shop\/"},{"@type":"ListItem","position":3,"name":"Anpassade smycken med m\u00e5nfas"}]},{"@type":"WebSite","@id":"https:\/\/positiveprints.com\/sv\/#website","url":"https:\/\/positiveprints.com\/sv\/","name":"Positive Prints","description":"Amazing Custom Personalized Gifts","publisher":{"@id":"https:\/\/positiveprints.com\/sv\/#organization"},"potentialAction":[{"@type":"SearchAction","target":{"@type":"EntryPoint","urlTemplate":"https:\/\/positiveprints.com\/sv\/?s={search_term_string}"},"query-input":{"@type":"PropertyValueSpecification","valueRequired":true,"valueName":"search_term_string"}}],"inLanguage":"sv-SE"},{"@type":"Organization","@id":"https:\/\/positiveprints.com\/sv\/#organization","name":"Positive Prints","alternateName":"Positive Prints","url":"https:\/\/positiveprints.com\/sv\/","logo":{"@type":"ImageObject","inLanguage":"sv-SE","@id":"https:\/\/positiveprints.com\/sv\/#\/schema\/logo\/image\/","url":"https:\/\/positiveprints.com\/wp-content\/uploads\/2026\/03\/245815646_1337939713319158_5671353136411139666_n.png","contentUrl":"https:\/\/positiveprints.com\/wp-content\/uploads\/2026\/03\/245815646_1337939713319158_5671353136411139666_n.png","width":800,"height":800,"caption":"Positive Prints"},"image":{"@id":"https:\/\/positiveprints.com\/sv\/#\/schema\/logo\/image\/"},"sameAs":["https:\/\/www.facebook.com\/positiveprintscom","https:\/\/www.instagram.com\/positiveprintscom\/","https:\/\/www.tiktok.com\/@positiveprintscom","https:\/\/www.pinterest.com\/positiveprintscom\/"]}]}},"jetpack_sharing_enabled":true,"_links":{"self":[{"href":"https:\/\/positiveprints.com\/sv\/wp-json\/wp\/v2\/product\/1105137","targetHints":{"allow":["GET"]}}],"collection":[{"href":"https:\/\/positiveprints.com\/sv\/wp-json\/wp\/v2\/product"}],"about":[{"href":"https:\/\/positiveprints.com\/sv\/wp-json\/wp\/v2\/types\/product"}],"wp:featuredmedia":[{"embeddable":true,"href":"https:\/\/positiveprints.com\/sv\/wp-json\/wp\/v2\/media\/1537852"}],"wp:attachment":[{"href":"https:\/\/positiveprints.com\/sv\/wp-json\/wp\/v2\/media?parent=1105137"}],"wp:term":[{"taxonomy":"product_brand","embeddable":true,"href":"https:\/\/positiveprints.com\/sv\/wp-json\/wp\/v2\/product_brand?post=1105137"},{"taxonomy":"product_cat","embeddable":true,"href":"https:\/\/positiveprints.com\/sv\/wp-json\/wp\/v2\/product_cat?post=1105137"},{"taxonomy":"product_tag","embeddable":true,"href":"https:\/\/positiveprints.com\/sv\/wp-json\/wp\/v2\/product_tag?post=1105137"}],"curies":[{"name":"wp","href":"https:\/\/api.w.org\/{rel}","templated":true}]}}