{"id":1105136,"date":"2024-04-22T08:31:06","date_gmt":"2024-04-22T07:31:06","guid":{"rendered":"https:\/\/positiveprints.com\/product\/anpassade-smycken-i-linjekonst\/"},"modified":"2026-04-28T13:52:43","modified_gmt":"2026-04-28T12:52:43","slug":"konstsmycken-med-egen-linje","status":"publish","type":"product","link":"https:\/\/positiveprints.com\/sv\/produkt\/konstsmycken-med-egen-linje\/","title":{"rendered":"Anpassade smycken med linjekonst"},"content":{"rendered":"<p>Har du n\u00e5gonsin dr\u00f6mt om att f\u00f6rvandla ditt favoritfoto till ett b\u00e4rbart konstverk? Vi presenterar v\u00e5ra <strong>anpassade smycken med linjekonst<\/strong>. Men vad \u00e4r det som g\u00f6r dessa smycken s\u00e5 unika?<\/p>\n\n\n\n<h2>Skapa dina egna smycken med linjekonst<\/h2>\n\n\n\n<p>Med v\u00e5ra <strong>anpassade smycken med linjekonst<\/strong> f\u00f6rvandlar vi dina \u00e4lskade minnen till fantastiska minimalistiska linjekonstillustrationer. V\u00e5ra beg\u00e5vade konstn\u00e4rer handritar varje design fr\u00e5n ditt foto, vilket s\u00e4kerst\u00e4ller att varje h\u00e4nge verkligen \u00e4r unikt.<\/p>\n\n\n\n<p>Med hj\u00e4lp av v\u00e5r anv\u00e4ndarv\u00e4nliga online-editor laddar du bara upp ditt foto och l\u00e4gger till ett personligt meddelande p\u00e5 baksidan av h\u00e4nget. <\/p>\n\n\n\n<p>Varje h\u00e4nge, oavsett om det \u00e4r en elegant cirkel eller levereras med en 45 cm l\u00e5ng kedja, genomg\u00e5r en noggrann lasergravyr f\u00f6r att s\u00e4kerst\u00e4lla oklanderliga detaljer och h\u00e5llbarhet. Det inneb\u00e4r att ditt personliga smycke kommer att vara en best\u00e5ende hyllning till dina mest v\u00e4rdefulla \u00f6gonblick.<\/p>\n\n\n\n<h2>Best\u00e4llning av smycken med linjekonst som g\u00e5va<\/h2>\n\n\n\n<p>Letar du efter den perfekta f\u00f6delsedagspresenten till n\u00e5gon du tycker om? V\u00e5ra <strong>anpassade smycken med linjekonst<\/strong> kommer att g\u00f6ra deras dag extra speciell. F\u00f6rest\u00e4ll dig gl\u00e4djen i deras ansikte n\u00e4r de f\u00e5r ett h\u00e4nge med en unik illustration baserad p\u00e5 era gemensamma minnen, tillsammans med ett hj\u00e4rtligt personligt meddelande. Det \u00e4r en omt\u00e4nksam gest som hyllar ert band och de stunder ni har delat tillsammans.<\/p>\n\n\n\n<p>Det \u00e4r enkelt att best\u00e4lla \u2013 bes\u00f6k bara v\u00e5r webbplats, ladda upp ditt foto, g\u00f6r ditt h\u00e4nge personligt med ett eget meddelande, v\u00e4lj \u00f6nskat material och kedjealternativ och l\u00e4gg din best\u00e4llning. Vi tar hand om resten och ser till att ditt h\u00e4nge \u00e4r vackert f\u00f6rpackat i ett smyckeskrin, komplett med en sk\u00f6tselguide och en speciell trasa f\u00f6r reng\u00f6ring.<\/p>\n\n\n\n<p>Oavsett om du firar en f\u00f6delsedag, ett jubileum eller bara vill visa n\u00e5gon att du bryr dig, \u00e4r v\u00e5ra <strong>anpassade smycken med linjekonst<\/strong> det perfekta s\u00e4ttet att f\u00e5nga essensen av dina mest omhuldade minnen. S\u00e5 varf\u00f6r v\u00e4nta? Skapa ditt personliga f\u00f6rem\u00e5l idag och l\u00e5t dina minnen komma till liv i fantastisk detalj!<\/p>","protected":false},"excerpt":{"rendered":"<ul class=\"check-list\">\n<li>L\u00e5t v\u00e5ra konstn\u00e4rer rita unika linjer fr\u00e5n ditt foto<\/li>\n<li>20 mm h\u00e4ngsmycke tillverkat av h\u00f6gkvalitativt sterling silver, lasergraverat och handbearbetat<\/li>\n<li>V\u00e4lj en hj\u00e4rtlig text som passar tillf\u00e4llet<\/li>\n<li>Anpassa p\u00e5 bara 2 minuter<\/li>\n<li>Se resultatet direkt \u2013 den interaktiva f\u00f6rhandsvisningen l\u00e5ter dig finjustera varje detalj<\/li>\n<\/ul>\n","protected":false},"featured_media":1531751,"template":"","meta":[],"product_brand":[],"product_cat":[9266,12258,9698,9767,7459,8108,11470,11469,11477,7694],"product_tag":[11905,11906,8397,11772,11835,11829,15067,15068,15069,15070],"class_list":{"0":"post-1105136","1":"product","2":"type-product","3":"status-publish","4":"has-post-thumbnail","6":"product_cat-jewelry-sv","7":"product_cat-jewelry-basic-sv","8":"product_cat-line-art-smycken","9":"product_cat-trending-label-sv","10":"product_cat-alla-produkter","11":"product_cat-julpresenter","12":"product_cat-julklappar-till-henne","13":"product_cat-julklappar-till-flickvannen","14":"product_cat-julklappar-till-frun","15":"product_cat-gavor-for-kvinnor","16":"product_tag-berlock","17":"product_tag-berlocker","18":"product_tag-creators-sv","19":"product_tag-julklappar-till-flickvannen","20":"product_tag-julklappar-till-frun","21":"product_tag-julklappar-till-henne","22":"product_tag-lancuszek-sv","23":"product_tag-medalion-sv","24":"product_tag-naszyjnik-sv","25":"product_tag-wisiorek-sv","27":"first","28":"instock","29":"sale","30":"taxable","31":"shipping-taxable","32":"purchasable","33":"product-type-variable"},"yoast_head":"<!-- This site is optimized with the Yoast SEO Premium plugin v27.2 (Yoast SEO v27.2) - https:\/\/yoast.com\/product\/yoast-seo-premium-wordpress\/ -->\n<title>Anpassade smycken med linjekonst - Positive Prints<\/title>\n<meta name=\"description\" content=\"Med v\u00e5ra Custom Line Art Jewelry f\u00f6rvandlar vi dina \u00e4lskade minnen till fantastiska minimalistiska linjekonstillustrationer. Skapa din egen nu!\" \/>\n<meta name=\"robots\" content=\"index, follow, max-snippet:-1, max-image-preview:large, max-video-preview:-1\" \/>\n<link rel=\"canonical\" href=\"https:\/\/positiveprints.com\/sv\/produkt\/konstsmycken-med-egen-linje\/\" \/>\n<meta property=\"og:locale\" content=\"sv_SE\" \/>\n<meta property=\"og:type\" content=\"article\" \/>\n<meta property=\"og:title\" content=\"Anpassade smycken med linjekonst\" \/>\n<meta property=\"og:description\" content=\"L\u00e5t v\u00e5ra konstn\u00e4rer rita unika linjer fr\u00e5n ditt foto 20 mm h\u00e4ngsmycke tillverkat av h\u00f6gkvalitativt sterling silver, lasergraverat och handbearbetat V\u00e4lj en hj\u00e4rtlig text som passar tillf\u00e4llet Anpassa p\u00e5 bara 2 minuter Se resultatet direkt \u2013 den interaktiva f\u00f6rhandsvisningen l\u00e5ter dig finjustera varje detalj\" \/>\n<meta property=\"og:url\" content=\"https:\/\/positiveprints.com\/sv\/produkt\/konstsmycken-med-egen-linje\/\" \/>\n<meta property=\"og:site_name\" content=\"Positive Prints\" \/>\n<meta property=\"article:publisher\" content=\"https:\/\/www.facebook.com\/positiveprintscom\" \/>\n<meta property=\"article:modified_time\" content=\"2026-04-28T12:52:43+00:00\" \/>\n<meta property=\"og:image\" content=\"https:\/\/positiveprints.com\/wp-content\/uploads\/2025\/10\/MAIN_SE_Anpassade-smycken-med-linjekonst.webp\" \/>\n\t<meta property=\"og:image:width\" content=\"2500\" \/>\n\t<meta property=\"og:image:height\" content=\"2500\" \/>\n\t<meta property=\"og:image:type\" content=\"image\/webp\" \/>\n<meta name=\"twitter:card\" content=\"summary_large_image\" \/>\n<!-- \/ Yoast SEO Premium plugin. -->","yoast_head_json":{"title":"Anpassade smycken med linjekonst - Positive Prints","description":"Med v\u00e5ra Custom Line Art Jewelry f\u00f6rvandlar vi dina \u00e4lskade minnen till fantastiska minimalistiska linjekonstillustrationer. Skapa din egen nu!","robots":{"index":"index","follow":"follow","max-snippet":"max-snippet:-1","max-image-preview":"max-image-preview:large","max-video-preview":"max-video-preview:-1"},"canonical":"https:\/\/positiveprints.com\/sv\/produkt\/konstsmycken-med-egen-linje\/","og_locale":"sv_SE","og_type":"article","og_title":"Anpassade smycken med linjekonst","og_description":"L\u00e5t v\u00e5ra konstn\u00e4rer rita unika linjer fr\u00e5n ditt foto 20 mm h\u00e4ngsmycke tillverkat av h\u00f6gkvalitativt sterling silver, lasergraverat och handbearbetat V\u00e4lj en hj\u00e4rtlig text som passar tillf\u00e4llet Anpassa p\u00e5 bara 2 minuter Se resultatet direkt \u2013 den interaktiva f\u00f6rhandsvisningen l\u00e5ter dig finjustera varje detalj","og_url":"https:\/\/positiveprints.com\/sv\/produkt\/konstsmycken-med-egen-linje\/","og_site_name":"Positive Prints","article_publisher":"https:\/\/www.facebook.com\/positiveprintscom","article_modified_time":"2026-04-28T12:52:43+00:00","og_image":[{"width":2500,"height":2500,"url":"https:\/\/positiveprints.com\/wp-content\/uploads\/2025\/10\/MAIN_SE_Anpassade-smycken-med-linjekonst.webp","type":"image\/webp"}],"twitter_card":"summary_large_image","schema":{"@context":"https:\/\/schema.org","@graph":[{"@type":["WebPage","ItemPage"],"@id":"https:\/\/positiveprints.com\/sv\/produkt\/konstsmycken-med-egen-linje\/","url":"https:\/\/positiveprints.com\/sv\/produkt\/konstsmycken-med-egen-linje\/","name":"Anpassade smycken med linjekonst - Positive Prints","isPartOf":{"@id":"https:\/\/positiveprints.com\/sv\/#website"},"primaryImageOfPage":{"@id":"https:\/\/positiveprints.com\/sv\/produkt\/konstsmycken-med-egen-linje\/#primaryimage"},"image":{"@id":"https:\/\/positiveprints.com\/sv\/produkt\/konstsmycken-med-egen-linje\/#primaryimage"},"thumbnailUrl":"https:\/\/positiveprints.com\/wp-content\/uploads\/2025\/10\/MAIN_SE_Anpassade-smycken-med-linjekonst.webp","datePublished":"2024-04-22T07:31:06+00:00","dateModified":"2026-04-28T12:52:43+00:00","description":"Med v\u00e5ra Custom Line Art Jewelry f\u00f6rvandlar vi dina \u00e4lskade minnen till fantastiska minimalistiska linjekonstillustrationer. Skapa din egen nu!","breadcrumb":{"@id":"https:\/\/positiveprints.com\/sv\/produkt\/konstsmycken-med-egen-linje\/#breadcrumb"},"inLanguage":"sv-SE","potentialAction":[{"@type":"ReadAction","target":["https:\/\/positiveprints.com\/sv\/produkt\/konstsmycken-med-egen-linje\/"]}]},{"@type":"ImageObject","inLanguage":"sv-SE","@id":"https:\/\/positiveprints.com\/sv\/produkt\/konstsmycken-med-egen-linje\/#primaryimage","url":"https:\/\/positiveprints.com\/wp-content\/uploads\/2025\/10\/MAIN_SE_Anpassade-smycken-med-linjekonst.webp","contentUrl":"https:\/\/positiveprints.com\/wp-content\/uploads\/2025\/10\/MAIN_SE_Anpassade-smycken-med-linjekonst.webp","width":2500,"height":2500},{"@type":"BreadcrumbList","@id":"https:\/\/positiveprints.com\/sv\/produkt\/konstsmycken-med-egen-linje\/#breadcrumb","itemListElement":[{"@type":"ListItem","position":1,"name":"Home","item":"https:\/\/positiveprints.com\/sv\/"},{"@type":"ListItem","position":2,"name":"Produkter","item":"https:\/\/positiveprints.com\/sv\/shop\/"},{"@type":"ListItem","position":3,"name":"Anpassade smycken med linjekonst"}]},{"@type":"WebSite","@id":"https:\/\/positiveprints.com\/sv\/#website","url":"https:\/\/positiveprints.com\/sv\/","name":"Positive Prints","description":"Amazing Custom Personalized Gifts","publisher":{"@id":"https:\/\/positiveprints.com\/sv\/#organization"},"potentialAction":[{"@type":"SearchAction","target":{"@type":"EntryPoint","urlTemplate":"https:\/\/positiveprints.com\/sv\/?s={search_term_string}"},"query-input":{"@type":"PropertyValueSpecification","valueRequired":true,"valueName":"search_term_string"}}],"inLanguage":"sv-SE"},{"@type":"Organization","@id":"https:\/\/positiveprints.com\/sv\/#organization","name":"Positive Prints","alternateName":"Positive Prints","url":"https:\/\/positiveprints.com\/sv\/","logo":{"@type":"ImageObject","inLanguage":"sv-SE","@id":"https:\/\/positiveprints.com\/sv\/#\/schema\/logo\/image\/","url":"https:\/\/positiveprints.com\/wp-content\/uploads\/2026\/03\/245815646_1337939713319158_5671353136411139666_n.png","contentUrl":"https:\/\/positiveprints.com\/wp-content\/uploads\/2026\/03\/245815646_1337939713319158_5671353136411139666_n.png","width":800,"height":800,"caption":"Positive Prints"},"image":{"@id":"https:\/\/positiveprints.com\/sv\/#\/schema\/logo\/image\/"},"sameAs":["https:\/\/www.facebook.com\/positiveprintscom","https:\/\/www.instagram.com\/positiveprintscom\/","https:\/\/www.tiktok.com\/@positiveprintscom","https:\/\/www.pinterest.com\/positiveprintscom\/"]}]}},"jetpack_sharing_enabled":true,"_links":{"self":[{"href":"https:\/\/positiveprints.com\/sv\/wp-json\/wp\/v2\/product\/1105136","targetHints":{"allow":["GET"]}}],"collection":[{"href":"https:\/\/positiveprints.com\/sv\/wp-json\/wp\/v2\/product"}],"about":[{"href":"https:\/\/positiveprints.com\/sv\/wp-json\/wp\/v2\/types\/product"}],"wp:featuredmedia":[{"embeddable":true,"href":"https:\/\/positiveprints.com\/sv\/wp-json\/wp\/v2\/media\/1531751"}],"wp:attachment":[{"href":"https:\/\/positiveprints.com\/sv\/wp-json\/wp\/v2\/media?parent=1105136"}],"wp:term":[{"taxonomy":"product_brand","embeddable":true,"href":"https:\/\/positiveprints.com\/sv\/wp-json\/wp\/v2\/product_brand?post=1105136"},{"taxonomy":"product_cat","embeddable":true,"href":"https:\/\/positiveprints.com\/sv\/wp-json\/wp\/v2\/product_cat?post=1105136"},{"taxonomy":"product_tag","embeddable":true,"href":"https:\/\/positiveprints.com\/sv\/wp-json\/wp\/v2\/product_tag?post=1105136"}],"curies":[{"name":"wp","href":"https:\/\/api.w.org\/{rel}","templated":true}]}}