{"id":1105127,"date":"2024-04-22T19:25:54","date_gmt":"2024-04-22T18:25:54","guid":{"rendered":"https:\/\/positiveprints.com\/?post_type=product&#038;p=1105127"},"modified":"2026-04-07T13:45:16","modified_gmt":"2026-04-07T12:45:16","slug":"anpassade-moderna-zodiac-smycken","status":"publish","type":"product","link":"https:\/\/positiveprints.com\/sv\/produkt\/anpassade-moderna-zodiac-smycken\/","title":{"rendered":"Anpassade moderna Zodiac-smycken"},"content":{"rendered":"<p>Letar du efter ett unikt s\u00e4tt att fira ditt stj\u00e4rntecken och samtidigt l\u00e4gga till en touch av modern elegans i din stil? Uppt\u00e4ck v\u00e5ra anpassade moderna Zodiac-smycken. Men vad \u00e4r det som skiljer dessa smycken fr\u00e5n andra?<\/p>\n\n\n\n<h2>Skapa dina egna moderna Zodiac-smycken<\/h2>\n\n<p>V\u00e5ra Custom Modern Zodiac Jewelry erbjuder en modern tolkning av traditionella zodiaksymboler. Med v\u00e5r anv\u00e4ndarv\u00e4nliga online-editor kan du v\u00e4lja ditt stj\u00e4rntecken eller s\u00f6ka efter datum f\u00f6r att hitta den moderna zodiakillustration som talar till dig.<\/p>\n\n\n\n<p>N\u00e4r du har valt din design kan du g\u00f6ra h\u00e4nget personligt med ett eget meddelande p\u00e5 baksidan, s\u00e5 att det verkligen blir unikt. <\/p>\n\n\n\n<p>Varje h\u00e4nge, oavsett om det \u00e4r en elegant cirkel eller levereras med en 45 cm l\u00e5ng kedja, genomg\u00e5r en exakt lasergravyr f\u00f6r att s\u00e4kerst\u00e4lla oklanderliga detaljer. Detta garanterar att ditt personliga smycke kommer att vara ett tidl\u00f6st uttryck f\u00f6r din individualitet.<\/p>\n\n\n\n<h2>Best\u00e4llning av Zodiac-smycken som g\u00e5va<\/h2>\n\n<p>Letar du efter den perfekta f\u00f6delsedagspresenten till n\u00e5gon du tycker om? V\u00e5ra moderna Zodiac-smycken med tryck \u00e4r det perfekta valet. F\u00f6rest\u00e4ll dig gl\u00e4djen i deras ansikte n\u00e4r de f\u00e5r ett h\u00e4nge med sitt stj\u00e4rntecken, prytt med ett hj\u00e4rtligt personligt meddelande fr\u00e5n dig. Det \u00e4r en tankev\u00e4ckande gest som hyllar deras unika identitet och personliga resa.<\/p>\n\n\n\n<p>Det \u00e4r enkelt att best\u00e4lla &#8211; bes\u00f6k bara v\u00e5r webbplats, anv\u00e4nd v\u00e5r intuitiva online-editor f\u00f6r att skapa ditt h\u00e4nge, v\u00e4lj \u00f6nskat material och kedjealternativ och l\u00e4gg din best\u00e4llning. Vi tar hand om resten och ser till att ditt h\u00e4nge \u00e4r elegant f\u00f6rpackat i ett smyckeskrin, komplett med en sk\u00f6tselguide och en speciell trasa f\u00f6r reng\u00f6ring.<\/p>\n\n\n\n<p>Oavsett om du vill fira en f\u00f6delsedag, hedra ett speciellt tillf\u00e4lle eller helt enkelt uttrycka din k\u00e4rlek \u00e4r v\u00e5ra moderna Zodiac-smycken med tryck det perfekta s\u00e4ttet att skapa en meningsfull kontakt. S\u00e5 varf\u00f6r v\u00e4nta? Designa ditt personliga smycke idag och omfamna ditt stj\u00e4rntecken med modern k\u00e4nsla!<\/p>","protected":false},"excerpt":{"rendered":"<ul class=\"check-list\">\n<li>Omfamna ditt eller din n\u00e4rst\u00e5endes stj\u00e4rntecken med unika smycken<\/li>\n<li>20 mm h\u00e4nge tillverkat av h\u00f6gkvalitativt sterlingsilver , lasergraverat och handbearbetat<\/li>\n<li>V\u00e4lj en hj\u00e4rtlig text som passar tillf\u00e4llet<\/li>\n<li>Anpassa p\u00e5 bara 2 minuter<\/li>\n<li>Se resultatet direkt \u2013 den interaktiva f\u00f6rhandsvisningen l\u00e5ter dig finjustera varje detalj<\/li>\n<\/ul>\n","protected":false},"featured_media":1551420,"template":"","meta":[],"product_brand":[],"product_cat":[7459,7966,7598,8117,11221,7694,9266,8115,7743,7822,7838,9692],"product_tag":[13626],"class_list":{"0":"post-1105127","1":"product","2":"type-product","3":"status-publish","4":"has-post-thumbnail","6":"product_cat-alla-produkter","7":"product_cat-gavor-till-baby-shower","8":"product_cat-gavor-till-dopet","9":"product_cat-fodelsedagspresenter-presenttillfallen","10":"product_cat-fodelsedagspresenter-till-henne","11":"product_cat-gavor-for-kvinnor","12":"product_cat-jewelry-sv","13":"product_cat-gavor-till-nyfodda-barn-presenttillfallen","14":"product_cat-gavor-till-en-syster","15":"product_cat-gavor-till-nya-foraldrar","16":"product_cat-gavor-till-vanner","17":"product_cat-zodiac-smycken","18":"product_tag-zodiakhalsband","20":"first","21":"instock","22":"sale","23":"taxable","24":"shipping-taxable","25":"purchasable","26":"product-type-variable"},"yoast_head":"<!-- This site is optimized with the Yoast SEO Premium plugin v27.2 (Yoast SEO v27.2) - https:\/\/yoast.com\/product\/yoast-seo-premium-wordpress\/ -->\n<title>Moderna Zodiac-smycken med tryck - Positive Prints<\/title>\n<meta name=\"description\" content=\"V\u00e5ra moderna Zodiac-smycken med tryck \u00e4r det perfekta s\u00e4ttet att skapa en meningsfull kontakt. Designa ditt personliga smycke idag och omfamna ditt stj\u00e4rntecken!\" \/>\n<meta name=\"robots\" content=\"index, follow, max-snippet:-1, max-image-preview:large, max-video-preview:-1\" \/>\n<link rel=\"canonical\" href=\"https:\/\/positiveprints.com\/sv\/produkt\/anpassade-moderna-zodiac-smycken\/\" \/>\n<meta property=\"og:locale\" content=\"sv_SE\" \/>\n<meta property=\"og:type\" content=\"article\" \/>\n<meta property=\"og:title\" content=\"Anpassade moderna Zodiac-smycken\" \/>\n<meta property=\"og:description\" content=\"Omfamna ditt eller din n\u00e4rst\u00e5endes stj\u00e4rntecken med unika smycken 20 mm h\u00e4nge tillverkat av h\u00f6gkvalitativt sterlingsilver , lasergraverat och handbearbetat V\u00e4lj en hj\u00e4rtlig text som passar tillf\u00e4llet Anpassa p\u00e5 bara 2 minuter Se resultatet direkt \u2013 den interaktiva f\u00f6rhandsvisningen l\u00e5ter dig finjustera varje detalj\" \/>\n<meta property=\"og:url\" content=\"https:\/\/positiveprints.com\/sv\/produkt\/anpassade-moderna-zodiac-smycken\/\" \/>\n<meta property=\"og:site_name\" content=\"Positive Prints\" \/>\n<meta property=\"article:publisher\" content=\"https:\/\/www.facebook.com\/positiveprintscom\" \/>\n<meta property=\"article:modified_time\" content=\"2026-04-07T12:45:16+00:00\" \/>\n<meta property=\"og:image\" content=\"https:\/\/positiveprints.com\/wp-content\/uploads\/2025\/10\/PACKSHOT_ALL-Custom-Modern-Zodiac-Jewelry.webp\" \/>\n\t<meta property=\"og:image:width\" content=\"1450\" \/>\n\t<meta property=\"og:image:height\" content=\"1450\" \/>\n\t<meta property=\"og:image:type\" content=\"image\/webp\" \/>\n<meta name=\"twitter:card\" content=\"summary_large_image\" \/>\n<meta name=\"twitter:label1\" content=\"Ber\u00e4knad l\u00e4stid\" \/>\n\t<meta name=\"twitter:data1\" content=\"2 minut\" \/>\n<!-- \/ Yoast SEO Premium plugin. -->","yoast_head_json":{"title":"Moderna Zodiac-smycken med tryck - Positive Prints","description":"V\u00e5ra moderna Zodiac-smycken med tryck \u00e4r det perfekta s\u00e4ttet att skapa en meningsfull kontakt. Designa ditt personliga smycke idag och omfamna ditt stj\u00e4rntecken!","robots":{"index":"index","follow":"follow","max-snippet":"max-snippet:-1","max-image-preview":"max-image-preview:large","max-video-preview":"max-video-preview:-1"},"canonical":"https:\/\/positiveprints.com\/sv\/produkt\/anpassade-moderna-zodiac-smycken\/","og_locale":"sv_SE","og_type":"article","og_title":"Anpassade moderna Zodiac-smycken","og_description":"Omfamna ditt eller din n\u00e4rst\u00e5endes stj\u00e4rntecken med unika smycken 20 mm h\u00e4nge tillverkat av h\u00f6gkvalitativt sterlingsilver , lasergraverat och handbearbetat V\u00e4lj en hj\u00e4rtlig text som passar tillf\u00e4llet Anpassa p\u00e5 bara 2 minuter Se resultatet direkt \u2013 den interaktiva f\u00f6rhandsvisningen l\u00e5ter dig finjustera varje detalj","og_url":"https:\/\/positiveprints.com\/sv\/produkt\/anpassade-moderna-zodiac-smycken\/","og_site_name":"Positive Prints","article_publisher":"https:\/\/www.facebook.com\/positiveprintscom","article_modified_time":"2026-04-07T12:45:16+00:00","og_image":[{"width":1450,"height":1450,"url":"https:\/\/positiveprints.com\/wp-content\/uploads\/2025\/10\/PACKSHOT_ALL-Custom-Modern-Zodiac-Jewelry.webp","type":"image\/webp"}],"twitter_card":"summary_large_image","twitter_misc":{"Ber\u00e4knad l\u00e4stid":"2 minut"},"schema":{"@context":"https:\/\/schema.org","@graph":[{"@type":["WebPage","ItemPage"],"@id":"https:\/\/positiveprints.com\/sv\/produkt\/anpassade-moderna-zodiac-smycken\/","url":"https:\/\/positiveprints.com\/sv\/produkt\/anpassade-moderna-zodiac-smycken\/","name":"Moderna Zodiac-smycken med tryck - Positive Prints","isPartOf":{"@id":"https:\/\/positiveprints.com\/sv\/#website"},"primaryImageOfPage":{"@id":"https:\/\/positiveprints.com\/sv\/produkt\/anpassade-moderna-zodiac-smycken\/#primaryimage"},"image":{"@id":"https:\/\/positiveprints.com\/sv\/produkt\/anpassade-moderna-zodiac-smycken\/#primaryimage"},"thumbnailUrl":"https:\/\/positiveprints.com\/wp-content\/uploads\/2025\/10\/PACKSHOT_ALL-Custom-Modern-Zodiac-Jewelry.webp","datePublished":"2024-04-22T18:25:54+00:00","dateModified":"2026-04-07T12:45:16+00:00","description":"V\u00e5ra moderna Zodiac-smycken med tryck \u00e4r det perfekta s\u00e4ttet att skapa en meningsfull kontakt. Designa ditt personliga smycke idag och omfamna ditt stj\u00e4rntecken!","breadcrumb":{"@id":"https:\/\/positiveprints.com\/sv\/produkt\/anpassade-moderna-zodiac-smycken\/#breadcrumb"},"inLanguage":"sv-SE","potentialAction":[{"@type":"ReadAction","target":["https:\/\/positiveprints.com\/sv\/produkt\/anpassade-moderna-zodiac-smycken\/"]}]},{"@type":"ImageObject","inLanguage":"sv-SE","@id":"https:\/\/positiveprints.com\/sv\/produkt\/anpassade-moderna-zodiac-smycken\/#primaryimage","url":"https:\/\/positiveprints.com\/wp-content\/uploads\/2025\/10\/PACKSHOT_ALL-Custom-Modern-Zodiac-Jewelry.webp","contentUrl":"https:\/\/positiveprints.com\/wp-content\/uploads\/2025\/10\/PACKSHOT_ALL-Custom-Modern-Zodiac-Jewelry.webp","width":1450,"height":1450},{"@type":"BreadcrumbList","@id":"https:\/\/positiveprints.com\/sv\/produkt\/anpassade-moderna-zodiac-smycken\/#breadcrumb","itemListElement":[{"@type":"ListItem","position":1,"name":"Home","item":"https:\/\/positiveprints.com\/sv\/"},{"@type":"ListItem","position":2,"name":"Produkter","item":"https:\/\/positiveprints.com\/sv\/shop\/"},{"@type":"ListItem","position":3,"name":"Anpassade moderna Zodiac-smycken"}]},{"@type":"WebSite","@id":"https:\/\/positiveprints.com\/sv\/#website","url":"https:\/\/positiveprints.com\/sv\/","name":"Positive Prints","description":"Amazing Custom Personalized Gifts","publisher":{"@id":"https:\/\/positiveprints.com\/sv\/#organization"},"potentialAction":[{"@type":"SearchAction","target":{"@type":"EntryPoint","urlTemplate":"https:\/\/positiveprints.com\/sv\/?s={search_term_string}"},"query-input":{"@type":"PropertyValueSpecification","valueRequired":true,"valueName":"search_term_string"}}],"inLanguage":"sv-SE"},{"@type":"Organization","@id":"https:\/\/positiveprints.com\/sv\/#organization","name":"Positive Prints","alternateName":"Positive Prints","url":"https:\/\/positiveprints.com\/sv\/","logo":{"@type":"ImageObject","inLanguage":"sv-SE","@id":"https:\/\/positiveprints.com\/sv\/#\/schema\/logo\/image\/","url":"https:\/\/positiveprints.com\/wp-content\/uploads\/2026\/03\/245815646_1337939713319158_5671353136411139666_n.png","contentUrl":"https:\/\/positiveprints.com\/wp-content\/uploads\/2026\/03\/245815646_1337939713319158_5671353136411139666_n.png","width":800,"height":800,"caption":"Positive Prints"},"image":{"@id":"https:\/\/positiveprints.com\/sv\/#\/schema\/logo\/image\/"},"sameAs":["https:\/\/www.facebook.com\/positiveprintscom","https:\/\/www.instagram.com\/positiveprintscom\/","https:\/\/www.tiktok.com\/@positiveprintscom","https:\/\/www.pinterest.com\/positiveprintscom\/"]}]}},"jetpack_sharing_enabled":true,"_links":{"self":[{"href":"https:\/\/positiveprints.com\/sv\/wp-json\/wp\/v2\/product\/1105127","targetHints":{"allow":["GET"]}}],"collection":[{"href":"https:\/\/positiveprints.com\/sv\/wp-json\/wp\/v2\/product"}],"about":[{"href":"https:\/\/positiveprints.com\/sv\/wp-json\/wp\/v2\/types\/product"}],"wp:featuredmedia":[{"embeddable":true,"href":"https:\/\/positiveprints.com\/sv\/wp-json\/wp\/v2\/media\/1551420"}],"wp:attachment":[{"href":"https:\/\/positiveprints.com\/sv\/wp-json\/wp\/v2\/media?parent=1105127"}],"wp:term":[{"taxonomy":"product_brand","embeddable":true,"href":"https:\/\/positiveprints.com\/sv\/wp-json\/wp\/v2\/product_brand?post=1105127"},{"taxonomy":"product_cat","embeddable":true,"href":"https:\/\/positiveprints.com\/sv\/wp-json\/wp\/v2\/product_cat?post=1105127"},{"taxonomy":"product_tag","embeddable":true,"href":"https:\/\/positiveprints.com\/sv\/wp-json\/wp\/v2\/product_tag?post=1105127"}],"curies":[{"name":"wp","href":"https:\/\/api.w.org\/{rel}","templated":true}]}}