{"id":1105123,"date":"2024-04-22T19:48:52","date_gmt":"2024-04-22T18:48:52","guid":{"rendered":"https:\/\/positiveprints.com\/?post_type=product&#038;p=1105123"},"modified":"2026-04-03T02:53:52","modified_gmt":"2026-04-03T01:53:52","slug":"anpassade-koordinater-smycken","status":"publish","type":"product","link":"https:\/\/positiveprints.com\/sv\/produkt\/anpassade-koordinater-smycken\/","title":{"rendered":"Anpassade koordinater smycken"},"content":{"rendered":"<p>Har du n\u00e5gonsin \u00f6nskat att du kunde b\u00e4ra med dig en bit av dina mest omhuldade minnen vart du \u00e4n g\u00e5r? Uppt\u00e4ck v\u00e5ra smycken med anpassade koordinater. Men vad \u00e4r det som g\u00f6r dessa smycken s\u00e5 speciella?<\/p>\n\n\n\n<h2>Skapa dina egna koordinatsmycken<\/h2>\n\n<p>Med v\u00e5ra Custom Coordinates Jewelry kan du f\u00e5nga den exakta platsen d\u00e4r dina mest v\u00e4rdefulla \u00f6gonblick utspelade sig. Med hj\u00e4lp av v\u00e5r intuitiva online-editor v\u00e4ljer du helt enkelt \u00f6nskad plats s\u00e5 graverar vi dess koordinater p\u00e5 framsidan av ditt h\u00e4nge.<\/p>\n\n\n\n<p>Men det \u00e4r inte allt &#8211; du kan ocks\u00e5 l\u00e4gga till ett personligt meddelande p\u00e5 baksidan av h\u00e4nget, vilket g\u00f6r det till en verkligt personlig minnessak.<\/p>\n\n\n\n<p>Varje h\u00e4nge, oavsett om det \u00e4r en elegant cirkel eller levereras med en 45 cm l\u00e5ng kedja, genomg\u00e5r en noggrann lasergravyr f\u00f6r att s\u00e4kerst\u00e4lla precision och h\u00e5llbarhet. Detta s\u00e4kerst\u00e4ller att ditt unika smycke kommer att st\u00e5 emot tidens tand, precis som dina k\u00e4ra minnen.<\/p>\n\n\n\n<h2>Best\u00e4llning av Coordinates-smycken som g\u00e5va<\/h2>\n\n<p>Letar du efter den perfekta presenten till n\u00e5gon du tycker om? V\u00e5ra smycken med anpassade koordinater \u00e4r svaret. F\u00f6rest\u00e4ll dig gl\u00e4djen i deras ansikte n\u00e4r de f\u00e5r ett h\u00e4nge med koordinaterna f\u00f6r platsen d\u00e4r ni tr\u00e4ffades f\u00f6rsta g\u00e5ngen, eller n\u00e5gon annan plats som har s\u00e4rskild betydelse f\u00f6r er b\u00e5da. Det \u00e4r en innerlig gest som s\u00e4ger en hel del om er relation.<\/p>\n\n\n\n<p>Det \u00e4r enkelt att best\u00e4lla &#8211; bes\u00f6k bara v\u00e5r webbplats, anv\u00e4nd v\u00e5r online-editor f\u00f6r att anpassa ditt h\u00e4nge, v\u00e4lj \u00f6nskat material och kedjealternativ och l\u00e4gg din best\u00e4llning. Vi tar hand om resten och ser till att ditt h\u00e4nge \u00e4r elegant f\u00f6rpackat i ett smyckeskrin, komplett med en sk\u00f6tselguide och en speciell trasa f\u00f6r reng\u00f6ring.<\/p>\n\n\n\n<p>Oavsett om du firar en milstolpe, minns ett speciellt \u00f6gonblick eller helt enkelt visar n\u00e5gon att du bryr dig, \u00e4r v\u00e5ra Custom Coordinates-smycken det perfekta s\u00e4ttet att uttrycka din k\u00e4rlek och h\u00e5lla dina minnen n\u00e4ra hj\u00e4rtat. S\u00e5 varf\u00f6r v\u00e4nta? Skapa din personliga bit idag och l\u00e5t dina minnen lysa klart!<\/p>","protected":false},"excerpt":{"rendered":"<ul class=\"check-list\">\n<li>Skapa ett unikt smycke med GPS-koordinater f\u00f6r en speciell plats<\/li>\n<li>20 mm h\u00e4nge tillverkat av h\u00f6gkvalitativt sterlingsilver , lasergraverat och handbearbetat<\/li>\n<li>V\u00e4lj en hj\u00e4rtlig text som passar tillf\u00e4llet<\/li>\n<li>Anpassa p\u00e5 bara 2 minuter<\/li>\n<li>Se resultatet direkt \u2013 den interaktiva f\u00f6rhandsvisningen l\u00e5ter dig finjustera varje detalj<\/li>\n<\/ul>\n","protected":false},"featured_media":1551974,"template":"","meta":[],"product_brand":[],"product_cat":[7459,7694,15046,8119,9266,12258,8108,9695,11473,7774,7743,11469,7790,11477,11470,8188,11476,7838],"product_tag":[11905,11906,13380,13430,11835,11829,13480,15067,15068,15069,15070],"class_list":{"0":"post-1105123","1":"product","2":"type-product","3":"status-publish","4":"has-post-thumbnail","6":"product_cat-alla-produkter","7":"product_cat-gavor-for-kvinnor","8":"product_cat-julklappar-for-vanner","9":"product_cat-inflyttningspresenter-presenttillfallen","10":"product_cat-jewelry-sv","11":"product_cat-jewelry-basic-sv","12":"product_cat-julpresenter","13":"product_cat-koordinerar-smycken","14":"product_cat-julklappar-till-barnen","15":"product_cat-gavor-till-dottern","16":"product_cat-gavor-till-en-syster","17":"product_cat-julklappar-till-flickvannen","18":"product_cat-gavor-till-flickvannen","19":"product_cat-julklappar-till-frun","20":"product_cat-julklappar-till-henne","21":"product_cat-till-henne","22":"product_cat-julklappar-till-systern","23":"product_cat-gavor-till-vanner","24":"product_tag-berlock","25":"product_tag-berlocker","26":"product_tag-julklapp-till-en-mormor","27":"product_tag-julklapp-till-syster","28":"product_tag-julklappar-till-frun","29":"product_tag-julklappar-till-henne","30":"product_tag-julklappar-till-vanner","31":"product_tag-lancuszek-sv","32":"product_tag-medalion-sv","33":"product_tag-naszyjnik-sv","34":"product_tag-wisiorek-sv","36":"first","37":"instock","38":"sale","39":"taxable","40":"shipping-taxable","41":"purchasable","42":"product-type-variable"},"yoast_head":"<!-- This site is optimized with the Yoast SEO Premium plugin v27.2 (Yoast SEO v27.2) - https:\/\/yoast.com\/product\/yoast-seo-premium-wordpress\/ -->\n<title>Smycken med egna koordinater - Positiva avtryck<\/title>\n<meta name=\"description\" content=\"V\u00e5ra Custom Coordinates-smycken \u00e4r det perfekta s\u00e4ttet att uttrycka din k\u00e4rlek. Skapa din personliga bit idag och l\u00e5t dina minnen lysa klart!\" \/>\n<meta name=\"robots\" content=\"index, follow, max-snippet:-1, max-image-preview:large, max-video-preview:-1\" \/>\n<link rel=\"canonical\" href=\"https:\/\/positiveprints.com\/sv\/produkt\/anpassade-koordinater-smycken\/\" \/>\n<meta property=\"og:locale\" content=\"sv_SE\" \/>\n<meta property=\"og:type\" content=\"article\" \/>\n<meta property=\"og:title\" content=\"Anpassade koordinater smycken\" \/>\n<meta property=\"og:description\" content=\"Skapa ett unikt smycke med GPS-koordinater f\u00f6r en speciell plats 20 mm h\u00e4nge tillverkat av h\u00f6gkvalitativt sterlingsilver , lasergraverat och handbearbetat V\u00e4lj en hj\u00e4rtlig text som passar tillf\u00e4llet Anpassa p\u00e5 bara 2 minuter Se resultatet direkt \u2013 den interaktiva f\u00f6rhandsvisningen l\u00e5ter dig finjustera varje detalj\" \/>\n<meta property=\"og:url\" content=\"https:\/\/positiveprints.com\/sv\/produkt\/anpassade-koordinater-smycken\/\" \/>\n<meta property=\"og:site_name\" content=\"Positive Prints\" \/>\n<meta property=\"article:publisher\" content=\"https:\/\/www.facebook.com\/positiveprintscom\" \/>\n<meta property=\"article:modified_time\" content=\"2026-04-03T01:53:52+00:00\" \/>\n<meta property=\"og:image\" content=\"https:\/\/positiveprints.com\/wp-content\/uploads\/2025\/10\/MAIN-and-packshot-all-Custom-Coordinates-Jewelry.webp\" \/>\n\t<meta property=\"og:image:width\" content=\"2500\" \/>\n\t<meta property=\"og:image:height\" content=\"2500\" \/>\n\t<meta property=\"og:image:type\" content=\"image\/webp\" \/>\n<meta name=\"twitter:card\" content=\"summary_large_image\" \/>\n<meta name=\"twitter:label1\" content=\"Ber\u00e4knad l\u00e4stid\" \/>\n\t<meta name=\"twitter:data1\" content=\"2 minut\" \/>\n<!-- \/ Yoast SEO Premium plugin. -->","yoast_head_json":{"title":"Smycken med egna koordinater - Positiva avtryck","description":"V\u00e5ra Custom Coordinates-smycken \u00e4r det perfekta s\u00e4ttet att uttrycka din k\u00e4rlek. Skapa din personliga bit idag och l\u00e5t dina minnen lysa klart!","robots":{"index":"index","follow":"follow","max-snippet":"max-snippet:-1","max-image-preview":"max-image-preview:large","max-video-preview":"max-video-preview:-1"},"canonical":"https:\/\/positiveprints.com\/sv\/produkt\/anpassade-koordinater-smycken\/","og_locale":"sv_SE","og_type":"article","og_title":"Anpassade koordinater smycken","og_description":"Skapa ett unikt smycke med GPS-koordinater f\u00f6r en speciell plats 20 mm h\u00e4nge tillverkat av h\u00f6gkvalitativt sterlingsilver , lasergraverat och handbearbetat V\u00e4lj en hj\u00e4rtlig text som passar tillf\u00e4llet Anpassa p\u00e5 bara 2 minuter Se resultatet direkt \u2013 den interaktiva f\u00f6rhandsvisningen l\u00e5ter dig finjustera varje detalj","og_url":"https:\/\/positiveprints.com\/sv\/produkt\/anpassade-koordinater-smycken\/","og_site_name":"Positive Prints","article_publisher":"https:\/\/www.facebook.com\/positiveprintscom","article_modified_time":"2026-04-03T01:53:52+00:00","og_image":[{"width":2500,"height":2500,"url":"https:\/\/positiveprints.com\/wp-content\/uploads\/2025\/10\/MAIN-and-packshot-all-Custom-Coordinates-Jewelry.webp","type":"image\/webp"}],"twitter_card":"summary_large_image","twitter_misc":{"Ber\u00e4knad l\u00e4stid":"2 minut"},"schema":{"@context":"https:\/\/schema.org","@graph":[{"@type":["WebPage","ItemPage"],"@id":"https:\/\/positiveprints.com\/sv\/produkt\/anpassade-koordinater-smycken\/","url":"https:\/\/positiveprints.com\/sv\/produkt\/anpassade-koordinater-smycken\/","name":"Smycken med egna koordinater - Positiva avtryck","isPartOf":{"@id":"https:\/\/positiveprints.com\/sv\/#website"},"primaryImageOfPage":{"@id":"https:\/\/positiveprints.com\/sv\/produkt\/anpassade-koordinater-smycken\/#primaryimage"},"image":{"@id":"https:\/\/positiveprints.com\/sv\/produkt\/anpassade-koordinater-smycken\/#primaryimage"},"thumbnailUrl":"https:\/\/positiveprints.com\/wp-content\/uploads\/2025\/10\/MAIN-and-packshot-all-Custom-Coordinates-Jewelry.webp","datePublished":"2024-04-22T18:48:52+00:00","dateModified":"2026-04-03T01:53:52+00:00","description":"V\u00e5ra Custom Coordinates-smycken \u00e4r det perfekta s\u00e4ttet att uttrycka din k\u00e4rlek. Skapa din personliga bit idag och l\u00e5t dina minnen lysa klart!","breadcrumb":{"@id":"https:\/\/positiveprints.com\/sv\/produkt\/anpassade-koordinater-smycken\/#breadcrumb"},"inLanguage":"sv-SE","potentialAction":[{"@type":"ReadAction","target":["https:\/\/positiveprints.com\/sv\/produkt\/anpassade-koordinater-smycken\/"]}]},{"@type":"ImageObject","inLanguage":"sv-SE","@id":"https:\/\/positiveprints.com\/sv\/produkt\/anpassade-koordinater-smycken\/#primaryimage","url":"https:\/\/positiveprints.com\/wp-content\/uploads\/2025\/10\/MAIN-and-packshot-all-Custom-Coordinates-Jewelry.webp","contentUrl":"https:\/\/positiveprints.com\/wp-content\/uploads\/2025\/10\/MAIN-and-packshot-all-Custom-Coordinates-Jewelry.webp","width":2500,"height":2500},{"@type":"BreadcrumbList","@id":"https:\/\/positiveprints.com\/sv\/produkt\/anpassade-koordinater-smycken\/#breadcrumb","itemListElement":[{"@type":"ListItem","position":1,"name":"Home","item":"https:\/\/positiveprints.com\/sv\/"},{"@type":"ListItem","position":2,"name":"Produkter","item":"https:\/\/positiveprints.com\/sv\/shop\/"},{"@type":"ListItem","position":3,"name":"Anpassade koordinater smycken"}]},{"@type":"WebSite","@id":"https:\/\/positiveprints.com\/sv\/#website","url":"https:\/\/positiveprints.com\/sv\/","name":"Positive Prints","description":"Amazing Custom Personalized Gifts","publisher":{"@id":"https:\/\/positiveprints.com\/sv\/#organization"},"potentialAction":[{"@type":"SearchAction","target":{"@type":"EntryPoint","urlTemplate":"https:\/\/positiveprints.com\/sv\/?s={search_term_string}"},"query-input":{"@type":"PropertyValueSpecification","valueRequired":true,"valueName":"search_term_string"}}],"inLanguage":"sv-SE"},{"@type":"Organization","@id":"https:\/\/positiveprints.com\/sv\/#organization","name":"Positive Prints","alternateName":"Positive Prints","url":"https:\/\/positiveprints.com\/sv\/","logo":{"@type":"ImageObject","inLanguage":"sv-SE","@id":"https:\/\/positiveprints.com\/sv\/#\/schema\/logo\/image\/","url":"https:\/\/positiveprints.com\/wp-content\/uploads\/2026\/03\/245815646_1337939713319158_5671353136411139666_n.png","contentUrl":"https:\/\/positiveprints.com\/wp-content\/uploads\/2026\/03\/245815646_1337939713319158_5671353136411139666_n.png","width":800,"height":800,"caption":"Positive Prints"},"image":{"@id":"https:\/\/positiveprints.com\/sv\/#\/schema\/logo\/image\/"},"sameAs":["https:\/\/www.facebook.com\/positiveprintscom","https:\/\/www.instagram.com\/positiveprintscom\/","https:\/\/www.tiktok.com\/@positiveprintscom","https:\/\/www.pinterest.com\/positiveprintscom\/"]}]}},"jetpack_sharing_enabled":true,"_links":{"self":[{"href":"https:\/\/positiveprints.com\/sv\/wp-json\/wp\/v2\/product\/1105123","targetHints":{"allow":["GET"]}}],"collection":[{"href":"https:\/\/positiveprints.com\/sv\/wp-json\/wp\/v2\/product"}],"about":[{"href":"https:\/\/positiveprints.com\/sv\/wp-json\/wp\/v2\/types\/product"}],"wp:featuredmedia":[{"embeddable":true,"href":"https:\/\/positiveprints.com\/sv\/wp-json\/wp\/v2\/media\/1551974"}],"wp:attachment":[{"href":"https:\/\/positiveprints.com\/sv\/wp-json\/wp\/v2\/media?parent=1105123"}],"wp:term":[{"taxonomy":"product_brand","embeddable":true,"href":"https:\/\/positiveprints.com\/sv\/wp-json\/wp\/v2\/product_brand?post=1105123"},{"taxonomy":"product_cat","embeddable":true,"href":"https:\/\/positiveprints.com\/sv\/wp-json\/wp\/v2\/product_cat?post=1105123"},{"taxonomy":"product_tag","embeddable":true,"href":"https:\/\/positiveprints.com\/sv\/wp-json\/wp\/v2\/product_tag?post=1105123"}],"curies":[{"name":"wp","href":"https:\/\/api.w.org\/{rel}","templated":true}]}}