{"id":1105107,"date":"2024-04-22T19:45:35","date_gmt":"2024-04-22T18:45:35","guid":{"rendered":"https:\/\/positiveprints.com\/?post_type=product&#038;p=1105107"},"modified":"2026-04-03T02:54:07","modified_gmt":"2026-04-03T01:54:07","slug":"andliga-zodiaksmycken-med-tryck","status":"publish","type":"product","link":"https:\/\/positiveprints.com\/sv\/produkt\/andliga-zodiaksmycken-med-tryck\/","title":{"rendered":"Andliga zodiaksmycken med tryck"},"content":{"rendered":"Letar du efter ett meningsfullt s\u00e4tt att uttrycka din andlighet och individualitet genom smycken? Titta inte l\u00e4ngre \u00e4n till v\u00e5ra anpassade spirituella zodiaksmycken. Men vad \u00e4r det som g\u00f6r dessa smycken s\u00e5 speciella?\n\n<h2>Skapa dina egna spirituella zodiaksmycken<\/h2>\n\nV\u00e5ra Custom Spiritual Zodiac Jewelry g\u00f6r att du kan infoga din personliga energi i ett vackert utformat h\u00e4nge. Med hj\u00e4lp av v\u00e5r online-redakt\u00f6r kan du v\u00e4lja ditt stj\u00e4rntecken eller s\u00f6ka efter datum f\u00f6r att hitta den spirituella zodiakillustration som passar dig.\n\n\n\nN\u00e4r du har valt din design kan du l\u00e4gga till ett personligt meddelande p\u00e5 baksidan av h\u00e4nget, s\u00e5 att det blir helt ditt eget. \n\n\n\nVarje h\u00e4nge, oavsett om det \u00e4r en elegant cirkel eller levereras med en 45 cm l\u00e5ng kedja, genomg\u00e5r en exakt lasergravyr f\u00f6r att s\u00e4kerst\u00e4lla att varje detalj f\u00e5ngas perfekt. Detta s\u00e4kerst\u00e4ller att ditt personliga smycke blir en tidl\u00f6s skatt som \u00e5terspeglar din individualitet.\n\n<h2>Fira unik identitet och spirituell resa<\/h2>\n\nLetar du efter den perfekta f\u00f6delsedagspresenten till n\u00e5gon du tycker om? V\u00e5ra anpassade spirituella zodiaksmycken \u00e4r svaret. F\u00f6rest\u00e4ll dig gl\u00e4djen i deras ansikte n\u00e4r de f\u00e5r ett h\u00e4nge med sitt stj\u00e4rntecken tillsammans med ett hj\u00e4rtligt personligt meddelande fr\u00e5n dig. Det \u00e4r en tankev\u00e4ckande gest som hyllar deras unika identitet och andliga resa.\n\n\n\nDet \u00e4r enkelt att best\u00e4lla &#8211; bes\u00f6k bara v\u00e5r webbplats, anv\u00e4nd v\u00e5r intuitiva online-editor f\u00f6r att skr\u00e4ddarsy ditt h\u00e4nge, v\u00e4lj \u00f6nskat material och kedjealternativ och l\u00e4gg din best\u00e4llning. Vi tar hand om resten och ser till att ditt h\u00e4nge \u00e4r k\u00e4rleksfullt f\u00f6rpackat i ett smyckeskrin, komplett med en sk\u00f6tselguide och en speciell trasa f\u00f6r reng\u00f6ring.\n\n\n\nOavsett om du firar en f\u00f6delsedag, hedrar ett speciellt tillf\u00e4lle eller helt enkelt visar n\u00e5gon att du bryr dig, \u00e4r v\u00e5ra Custom Spiritual Zodiac Jewelry det perfekta s\u00e4ttet att f\u00f6rmedla din k\u00e4rlek och andliga koppling. S\u00e5 varf\u00f6r v\u00e4nta? Skapa ditt personliga smycke idag och l\u00e5t din unika energi lysa starkt!","protected":false},"excerpt":{"rendered":"<ul class=\"check-list\">\n<li>Omfamna ditt eller din n\u00e4rst\u00e5endes stj\u00e4rntecken med unika smycken<\/li>\n<li>20 mm h\u00e4nge tillverkat av h\u00f6gkvalitativt sterlingsilver , lasergraverat och handbearbetat<\/li>\n<li>V\u00e4lj en hj\u00e4rtlig text som passar tillf\u00e4llet<\/li>\n<li>Anpassa p\u00e5 bara 2 minuter<\/li>\n<li>Se resultatet direkt \u2013 den interaktiva f\u00f6rhandsvisningen l\u00e5ter dig finjustera varje detalj<\/li>\n<\/ul>\n","protected":false},"featured_media":1549991,"template":"","meta":[],"product_brand":[],"product_cat":[7459,7966,7598,8117,11221,7694,15046,9266,12258,8108,8115,11473,7774,7743,11469,7790,7758,11477,8188,11470,11474,11468,11476,7838,9692],"product_tag":[13380,13430,11772,11835,11829,11833,13480,13626],"class_list":{"0":"post-1105107","1":"product","2":"type-product","3":"status-publish","4":"has-post-thumbnail","6":"product_cat-alla-produkter","7":"product_cat-gavor-till-baby-shower","8":"product_cat-gavor-till-dopet","9":"product_cat-fodelsedagspresenter-presenttillfallen","10":"product_cat-fodelsedagspresenter-till-henne","11":"product_cat-gavor-for-kvinnor","12":"product_cat-julklappar-for-vanner","13":"product_cat-jewelry-sv","14":"product_cat-jewelry-basic-sv","15":"product_cat-julpresenter","16":"product_cat-gavor-till-nyfodda-barn-presenttillfallen","17":"product_cat-julklappar-till-barnen","18":"product_cat-gavor-till-dottern","19":"product_cat-gavor-till-en-syster","20":"product_cat-julklappar-till-flickvannen","21":"product_cat-gavor-till-flickvannen","22":"product_cat-gavor-till-fru","23":"product_cat-julklappar-till-frun","24":"product_cat-till-henne","25":"product_cat-julklappar-till-henne","26":"product_cat-julklappar-till-mamma","27":"product_cat-julklappar-till-mormor","28":"product_cat-julklappar-till-systern","29":"product_cat-gavor-till-vanner","30":"product_cat-zodiac-smycken","31":"product_tag-julklapp-till-en-mormor","32":"product_tag-julklapp-till-syster","33":"product_tag-julklappar-till-flickvannen","34":"product_tag-julklappar-till-frun","35":"product_tag-julklappar-till-henne","36":"product_tag-julklappar-till-mamma","37":"product_tag-julklappar-till-vanner","38":"product_tag-zodiakhalsband","40":"first","41":"instock","42":"sale","43":"taxable","44":"shipping-taxable","45":"purchasable","46":"product-type-variable"},"yoast_head":"<!-- This site is optimized with the Yoast SEO Premium plugin v27.2 (Yoast SEO v27.2) - https:\/\/yoast.com\/product\/yoast-seo-premium-wordpress\/ -->\n<title>Andliga Zodiac-smycken med tryck - Positive Prints<\/title>\n<meta name=\"description\" content=\"V\u00e5ra spirituella zodiaksmycken med tryck \u00e4r det perfekta s\u00e4ttet att skapa en meningsfull kontakt. Designa ditt personliga smycke idag och omfamna ditt stj\u00e4rntecken!\" \/>\n<meta name=\"robots\" content=\"index, follow, max-snippet:-1, max-image-preview:large, max-video-preview:-1\" \/>\n<link rel=\"canonical\" href=\"https:\/\/positiveprints.com\/sv\/produkt\/andliga-zodiaksmycken-med-tryck\/\" \/>\n<meta property=\"og:locale\" content=\"sv_SE\" \/>\n<meta property=\"og:type\" content=\"article\" \/>\n<meta property=\"og:title\" content=\"Andliga zodiaksmycken med tryck\" \/>\n<meta property=\"og:description\" content=\"Omfamna ditt eller din n\u00e4rst\u00e5endes stj\u00e4rntecken med unika smycken   20 mm h\u00e4nge tillverkat av h\u00f6gkvalitativt sterlingsilver , lasergraverat och handbearbetat   V\u00e4lj en hj\u00e4rtlig text som passar tillf\u00e4llet   Anpassa p\u00e5 bara 2 minuter   Se resultatet direkt \u2013 den interaktiva f\u00f6rhandsvisningen l\u00e5ter dig finjustera varje detalj\" \/>\n<meta property=\"og:url\" content=\"https:\/\/positiveprints.com\/sv\/produkt\/andliga-zodiaksmycken-med-tryck\/\" \/>\n<meta property=\"og:site_name\" content=\"Positive Prints\" \/>\n<meta property=\"article:publisher\" content=\"https:\/\/www.facebook.com\/positiveprintscom\" \/>\n<meta property=\"article:modified_time\" content=\"2026-04-03T01:54:07+00:00\" \/>\n<meta property=\"og:image\" content=\"https:\/\/positiveprints.com\/wp-content\/uploads\/2025\/10\/main-and-packshot-Custom-Spiritual-Zodiac-Jewelry.webp\" \/>\n\t<meta property=\"og:image:width\" content=\"2500\" \/>\n\t<meta property=\"og:image:height\" content=\"2500\" \/>\n\t<meta property=\"og:image:type\" content=\"image\/webp\" \/>\n<meta name=\"twitter:card\" content=\"summary_large_image\" \/>\n<meta name=\"twitter:label1\" content=\"Ber\u00e4knad l\u00e4stid\" \/>\n\t<meta name=\"twitter:data1\" content=\"2 minut\" \/>\n<!-- \/ Yoast SEO Premium plugin. -->","yoast_head_json":{"title":"Andliga Zodiac-smycken med tryck - Positive Prints","description":"V\u00e5ra spirituella zodiaksmycken med tryck \u00e4r det perfekta s\u00e4ttet att skapa en meningsfull kontakt. Designa ditt personliga smycke idag och omfamna ditt stj\u00e4rntecken!","robots":{"index":"index","follow":"follow","max-snippet":"max-snippet:-1","max-image-preview":"max-image-preview:large","max-video-preview":"max-video-preview:-1"},"canonical":"https:\/\/positiveprints.com\/sv\/produkt\/andliga-zodiaksmycken-med-tryck\/","og_locale":"sv_SE","og_type":"article","og_title":"Andliga zodiaksmycken med tryck","og_description":"Omfamna ditt eller din n\u00e4rst\u00e5endes stj\u00e4rntecken med unika smycken   20 mm h\u00e4nge tillverkat av h\u00f6gkvalitativt sterlingsilver , lasergraverat och handbearbetat   V\u00e4lj en hj\u00e4rtlig text som passar tillf\u00e4llet   Anpassa p\u00e5 bara 2 minuter   Se resultatet direkt \u2013 den interaktiva f\u00f6rhandsvisningen l\u00e5ter dig finjustera varje detalj","og_url":"https:\/\/positiveprints.com\/sv\/produkt\/andliga-zodiaksmycken-med-tryck\/","og_site_name":"Positive Prints","article_publisher":"https:\/\/www.facebook.com\/positiveprintscom","article_modified_time":"2026-04-03T01:54:07+00:00","og_image":[{"width":2500,"height":2500,"url":"https:\/\/positiveprints.com\/wp-content\/uploads\/2025\/10\/main-and-packshot-Custom-Spiritual-Zodiac-Jewelry.webp","type":"image\/webp"}],"twitter_card":"summary_large_image","twitter_misc":{"Ber\u00e4knad l\u00e4stid":"2 minut"},"schema":{"@context":"https:\/\/schema.org","@graph":[{"@type":["WebPage","ItemPage"],"@id":"https:\/\/positiveprints.com\/sv\/produkt\/andliga-zodiaksmycken-med-tryck\/","url":"https:\/\/positiveprints.com\/sv\/produkt\/andliga-zodiaksmycken-med-tryck\/","name":"Andliga Zodiac-smycken med tryck - Positive Prints","isPartOf":{"@id":"https:\/\/positiveprints.com\/sv\/#website"},"primaryImageOfPage":{"@id":"https:\/\/positiveprints.com\/sv\/produkt\/andliga-zodiaksmycken-med-tryck\/#primaryimage"},"image":{"@id":"https:\/\/positiveprints.com\/sv\/produkt\/andliga-zodiaksmycken-med-tryck\/#primaryimage"},"thumbnailUrl":"https:\/\/positiveprints.com\/wp-content\/uploads\/2025\/10\/main-and-packshot-Custom-Spiritual-Zodiac-Jewelry.webp","datePublished":"2024-04-22T18:45:35+00:00","dateModified":"2026-04-03T01:54:07+00:00","description":"V\u00e5ra spirituella zodiaksmycken med tryck \u00e4r det perfekta s\u00e4ttet att skapa en meningsfull kontakt. Designa ditt personliga smycke idag och omfamna ditt stj\u00e4rntecken!","breadcrumb":{"@id":"https:\/\/positiveprints.com\/sv\/produkt\/andliga-zodiaksmycken-med-tryck\/#breadcrumb"},"inLanguage":"sv-SE","potentialAction":[{"@type":"ReadAction","target":["https:\/\/positiveprints.com\/sv\/produkt\/andliga-zodiaksmycken-med-tryck\/"]}]},{"@type":"ImageObject","inLanguage":"sv-SE","@id":"https:\/\/positiveprints.com\/sv\/produkt\/andliga-zodiaksmycken-med-tryck\/#primaryimage","url":"https:\/\/positiveprints.com\/wp-content\/uploads\/2025\/10\/main-and-packshot-Custom-Spiritual-Zodiac-Jewelry.webp","contentUrl":"https:\/\/positiveprints.com\/wp-content\/uploads\/2025\/10\/main-and-packshot-Custom-Spiritual-Zodiac-Jewelry.webp","width":2500,"height":2500},{"@type":"BreadcrumbList","@id":"https:\/\/positiveprints.com\/sv\/produkt\/andliga-zodiaksmycken-med-tryck\/#breadcrumb","itemListElement":[{"@type":"ListItem","position":1,"name":"Home","item":"https:\/\/positiveprints.com\/sv\/"},{"@type":"ListItem","position":2,"name":"Produkter","item":"https:\/\/positiveprints.com\/sv\/shop\/"},{"@type":"ListItem","position":3,"name":"Andliga zodiaksmycken med tryck"}]},{"@type":"WebSite","@id":"https:\/\/positiveprints.com\/sv\/#website","url":"https:\/\/positiveprints.com\/sv\/","name":"Positive Prints","description":"Amazing Custom Personalized Gifts","publisher":{"@id":"https:\/\/positiveprints.com\/sv\/#organization"},"potentialAction":[{"@type":"SearchAction","target":{"@type":"EntryPoint","urlTemplate":"https:\/\/positiveprints.com\/sv\/?s={search_term_string}"},"query-input":{"@type":"PropertyValueSpecification","valueRequired":true,"valueName":"search_term_string"}}],"inLanguage":"sv-SE"},{"@type":"Organization","@id":"https:\/\/positiveprints.com\/sv\/#organization","name":"Positive Prints","alternateName":"Positive Prints","url":"https:\/\/positiveprints.com\/sv\/","logo":{"@type":"ImageObject","inLanguage":"sv-SE","@id":"https:\/\/positiveprints.com\/sv\/#\/schema\/logo\/image\/","url":"https:\/\/positiveprints.com\/wp-content\/uploads\/2026\/03\/245815646_1337939713319158_5671353136411139666_n.png","contentUrl":"https:\/\/positiveprints.com\/wp-content\/uploads\/2026\/03\/245815646_1337939713319158_5671353136411139666_n.png","width":800,"height":800,"caption":"Positive Prints"},"image":{"@id":"https:\/\/positiveprints.com\/sv\/#\/schema\/logo\/image\/"},"sameAs":["https:\/\/www.facebook.com\/positiveprintscom","https:\/\/www.instagram.com\/positiveprintscom\/","https:\/\/www.tiktok.com\/@positiveprintscom","https:\/\/www.pinterest.com\/positiveprintscom\/"]}]}},"jetpack_sharing_enabled":true,"_links":{"self":[{"href":"https:\/\/positiveprints.com\/sv\/wp-json\/wp\/v2\/product\/1105107","targetHints":{"allow":["GET"]}}],"collection":[{"href":"https:\/\/positiveprints.com\/sv\/wp-json\/wp\/v2\/product"}],"about":[{"href":"https:\/\/positiveprints.com\/sv\/wp-json\/wp\/v2\/types\/product"}],"wp:featuredmedia":[{"embeddable":true,"href":"https:\/\/positiveprints.com\/sv\/wp-json\/wp\/v2\/media\/1549991"}],"wp:attachment":[{"href":"https:\/\/positiveprints.com\/sv\/wp-json\/wp\/v2\/media?parent=1105107"}],"wp:term":[{"taxonomy":"product_brand","embeddable":true,"href":"https:\/\/positiveprints.com\/sv\/wp-json\/wp\/v2\/product_brand?post=1105107"},{"taxonomy":"product_cat","embeddable":true,"href":"https:\/\/positiveprints.com\/sv\/wp-json\/wp\/v2\/product_cat?post=1105107"},{"taxonomy":"product_tag","embeddable":true,"href":"https:\/\/positiveprints.com\/sv\/wp-json\/wp\/v2\/product_tag?post=1105107"}],"curies":[{"name":"wp","href":"https:\/\/api.w.org\/{rel}","templated":true}]}}