{"id":1091915,"date":"2024-03-28T19:22:38","date_gmt":"2024-03-28T18:22:38","guid":{"rendered":"https:\/\/positiveprints.com\/?post_type=product&#038;p=1091915"},"modified":"2026-04-03T02:55:24","modified_gmt":"2026-04-03T01:55:24","slug":"examen-4-fotocollage","status":"publish","type":"product","link":"https:\/\/positiveprints.com\/sv\/produkt\/examen-4-fotocollage\/","title":{"rendered":"Examen 4 Fotocollage"},"content":{"rendered":"<p>Letar du efter den perfekta presenten f\u00f6r att fira din \u00e4lskades examen? Leta inte l\u00e4ngre! V\u00e5rt &#8220;Graduation 4 Photo Collage&#8221; \u00e4r det perfekta s\u00e4ttet att hedra denna milstolpe och skapa ett best\u00e5ende minne. L\u00e5t oss titta n\u00e4rmare p\u00e5 hur du kan g\u00f6ra deras examensdag extra speciell med ett personligt collage.<\/p>\r\n\r\n<h2>Personlig examen 4 fotocollage<\/h2>\r\n\r\n<p>Det \u00e4r enkelt att skapa ditt &#8220;Graduation 4 Photo Collage&#8221;! V\u00e4lj helt enkelt ett tema som speglar examensarbetarens resa &#8211; oavsett om det \u00e4r skolans f\u00e4rger, stoltaste \u00f6gonblick eller favoritminnen. L\u00e4gg sedan till fyra uppskattade foton som f\u00e5ngar essensen av deras examensupplevelse, fr\u00e5n stolta familjemoment till glada firanden med v\u00e4nner.<\/p>\r\n\r\n<p>N\u00e4r bilderna \u00e4r p\u00e5 plats v\u00e4ljer du det perfekta displayalternativet f\u00f6r att visa upp deras collage. Oavsett om du v\u00e4ljer en tryckt affisch, inramat m\u00e4sterverk, canvasduk eller direkt digital nedladdning erbjuder varje val ett unikt s\u00e4tt att hedra deras prestationer. Med bara n\u00e5gra enkla steg kan du skapa en hj\u00e4rtlig g\u00e5va som hyllar deras h\u00e5rda arbete och h\u00e4ngivenhet.  <\/p>\r\n\r\n<h2>Den unika examenspresenten<\/h2>\r\n\r\n<p>F\u00f6rest\u00e4ll dig gl\u00e4djen i ansiktet p\u00e5 dina studenter n\u00e4r de packar upp ett personligt fotocollage med 4 bilder fr\u00e5n examen, som visar deras resa och prestationer. Att best\u00e4lla detta collage som g\u00e5va \u00e4r inte bara ett k\u00f6p, utan en stolt hyllning till deras h\u00e5rda arbete och h\u00e4ngivenhet. Det \u00e4r en p\u00e5taglig symbol f\u00f6r ditt st\u00f6d och din tro p\u00e5 deras f\u00f6rm\u00e5ga n\u00e4r de nu tar sig an n\u00e4sta kapitel.<\/p>\r\n\r\n<p>Att presentera detta collage f\u00f6r din student \u00e4r ett \u00f6gonblick fyllt av stolthet &#8211; ett bevis p\u00e5 deras prestationer och den sp\u00e4nnande resa som ligger framf\u00f6r dem. Oavsett om det \u00e4r f\u00f6r en high school-examen, h\u00f6gskolestart eller n\u00e5gon annan milstolpe, firar denna g\u00e5va deras prestationer p\u00e5 ett meningsfullt och hj\u00e4rtligt s\u00e4tt.<\/p>\r\n\r\n<p>Med varje displayalternativ noggrant utformat f\u00f6r att visa upp deras collage i b\u00e4sta ljus kan du vara s\u00e4ker p\u00e5 att din g\u00e5va kommer att uppskattas i m\u00e5nga \u00e5r fram\u00f6ver. Best\u00e4ll idag och ge en g\u00e5va av stolthet, k\u00e4rlek och firande till din avg\u00e5ngselev n\u00e4r han eller hon ger sig ut p\u00e5 sitt n\u00e4sta \u00e4ventyr.<\/p>","protected":false},"excerpt":{"rendered":"<ul class=\"check-list\">\n<li>Visa din stolthet och beundran f\u00f6r den utexaminerade med ett fantastiskt konstverk och fira deras resa och prestationer.<\/li>\n<li>L\u00e4gg till text\u00f6verl\u00e4gg f\u00f6r att g\u00f6ra varje g\u00e5va speciell och meningsfull<\/li>\n<li>Anpassa p\u00e5 bara 2 minuter<\/li>\n<li>V\u00e4lj en mall eller var kreativ<\/li>\n<li>Se resultatet direkt \u2013 den interaktiva f\u00f6rhandsvisningen l\u00e5ter dig finjustera varje detalj<\/li>\n<\/ul>\n","protected":false},"featured_media":1097612,"template":"","meta":[],"product_brand":[],"product_cat":[7459,7503,7918],"product_tag":[16702,16703,8497],"class_list":{"0":"post-1091915","1":"product","2":"type-product","3":"status-publish","4":"has-post-thumbnail","6":"product_cat-alla-produkter","7":"product_cat-foto-sv","8":"product_cat-gavor-till-graduatie","9":"product_tag-examenspresent","10":"product_tag-examenspresenter","11":"product_tag-graduation-sv","13":"first","14":"instock","15":"sale","16":"taxable","17":"shipping-taxable","18":"purchasable","19":"product-type-variable"},"yoast_head":"<!-- This site is optimized with the Yoast SEO Premium plugin v27.2 (Yoast SEO v27.2) - https:\/\/yoast.com\/product\/yoast-seo-premium-wordpress\/ -->\n<title>Examen 4 Fotocollage - Positiva tryck<\/title>\n<meta name=\"description\" content=\"Fira din examen med v\u00e5rt 4-fotocollage Graduation. Uppm\u00e4rksamma dina prestationer med ett anpassat collage. Best\u00e4ll redan idag!\" \/>\n<meta name=\"robots\" content=\"index, follow, max-snippet:-1, max-image-preview:large, max-video-preview:-1\" \/>\n<link rel=\"canonical\" href=\"https:\/\/positiveprints.com\/sv\/produkt\/examen-4-fotocollage\/\" \/>\n<meta property=\"og:locale\" content=\"sv_SE\" \/>\n<meta property=\"og:type\" content=\"article\" \/>\n<meta property=\"og:title\" content=\"Examen 4 Fotocollage\" \/>\n<meta property=\"og:description\" content=\"Visa din stolthet och beundran f\u00f6r den utexaminerade med ett fantastiskt konstverk och fira deras resa och prestationer. L\u00e4gg till text\u00f6verl\u00e4gg f\u00f6r att g\u00f6ra varje g\u00e5va speciell och meningsfull Anpassa p\u00e5 bara 2 minuter V\u00e4lj en mall eller var kreativ Se resultatet direkt \u2013 den interaktiva f\u00f6rhandsvisningen l\u00e5ter dig finjustera varje detalj\" \/>\n<meta property=\"og:url\" content=\"https:\/\/positiveprints.com\/sv\/produkt\/examen-4-fotocollage\/\" \/>\n<meta property=\"og:site_name\" content=\"Positive Prints\" \/>\n<meta property=\"article:publisher\" content=\"https:\/\/www.facebook.com\/positiveprintscom\" \/>\n<meta property=\"article:modified_time\" content=\"2026-04-03T01:55:24+00:00\" \/>\n<meta property=\"og:image\" content=\"https:\/\/positiveprints.com\/wp-content\/uploads\/2024\/04\/Graduation-4-Photo-Collage.jpg\" \/>\n\t<meta property=\"og:image:width\" content=\"1080\" \/>\n\t<meta property=\"og:image:height\" content=\"1080\" \/>\n\t<meta property=\"og:image:type\" content=\"image\/jpeg\" \/>\n<meta name=\"twitter:card\" content=\"summary_large_image\" \/>\n<meta name=\"twitter:label1\" content=\"Ber\u00e4knad l\u00e4stid\" \/>\n\t<meta name=\"twitter:data1\" content=\"2 minut\" \/>\n<!-- \/ Yoast SEO Premium plugin. -->","yoast_head_json":{"title":"Examen 4 Fotocollage - Positiva tryck","description":"Fira din examen med v\u00e5rt 4-fotocollage Graduation. Uppm\u00e4rksamma dina prestationer med ett anpassat collage. Best\u00e4ll redan idag!","robots":{"index":"index","follow":"follow","max-snippet":"max-snippet:-1","max-image-preview":"max-image-preview:large","max-video-preview":"max-video-preview:-1"},"canonical":"https:\/\/positiveprints.com\/sv\/produkt\/examen-4-fotocollage\/","og_locale":"sv_SE","og_type":"article","og_title":"Examen 4 Fotocollage","og_description":"Visa din stolthet och beundran f\u00f6r den utexaminerade med ett fantastiskt konstverk och fira deras resa och prestationer. L\u00e4gg till text\u00f6verl\u00e4gg f\u00f6r att g\u00f6ra varje g\u00e5va speciell och meningsfull Anpassa p\u00e5 bara 2 minuter V\u00e4lj en mall eller var kreativ Se resultatet direkt \u2013 den interaktiva f\u00f6rhandsvisningen l\u00e5ter dig finjustera varje detalj","og_url":"https:\/\/positiveprints.com\/sv\/produkt\/examen-4-fotocollage\/","og_site_name":"Positive Prints","article_publisher":"https:\/\/www.facebook.com\/positiveprintscom","article_modified_time":"2026-04-03T01:55:24+00:00","og_image":[{"width":1080,"height":1080,"url":"https:\/\/positiveprints.com\/wp-content\/uploads\/2024\/04\/Graduation-4-Photo-Collage.jpg","type":"image\/jpeg"}],"twitter_card":"summary_large_image","twitter_misc":{"Ber\u00e4knad l\u00e4stid":"2 minut"},"schema":{"@context":"https:\/\/schema.org","@graph":[{"@type":["WebPage","ItemPage"],"@id":"https:\/\/positiveprints.com\/sv\/produkt\/examen-4-fotocollage\/","url":"https:\/\/positiveprints.com\/sv\/produkt\/examen-4-fotocollage\/","name":"Examen 4 Fotocollage - Positiva tryck","isPartOf":{"@id":"https:\/\/positiveprints.com\/sv\/#website"},"primaryImageOfPage":{"@id":"https:\/\/positiveprints.com\/sv\/produkt\/examen-4-fotocollage\/#primaryimage"},"image":{"@id":"https:\/\/positiveprints.com\/sv\/produkt\/examen-4-fotocollage\/#primaryimage"},"thumbnailUrl":"https:\/\/positiveprints.com\/wp-content\/uploads\/2024\/04\/Graduation-4-Photo-Collage.jpg","datePublished":"2024-03-28T18:22:38+00:00","dateModified":"2026-04-03T01:55:24+00:00","description":"Fira din examen med v\u00e5rt 4-fotocollage Graduation. Uppm\u00e4rksamma dina prestationer med ett anpassat collage. Best\u00e4ll redan idag!","breadcrumb":{"@id":"https:\/\/positiveprints.com\/sv\/produkt\/examen-4-fotocollage\/#breadcrumb"},"inLanguage":"sv-SE","potentialAction":[{"@type":"ReadAction","target":["https:\/\/positiveprints.com\/sv\/produkt\/examen-4-fotocollage\/"]}]},{"@type":"ImageObject","inLanguage":"sv-SE","@id":"https:\/\/positiveprints.com\/sv\/produkt\/examen-4-fotocollage\/#primaryimage","url":"https:\/\/positiveprints.com\/wp-content\/uploads\/2024\/04\/Graduation-4-Photo-Collage.jpg","contentUrl":"https:\/\/positiveprints.com\/wp-content\/uploads\/2024\/04\/Graduation-4-Photo-Collage.jpg","width":1080,"height":1080,"caption":"Graduation 4 Photo Collage"},{"@type":"BreadcrumbList","@id":"https:\/\/positiveprints.com\/sv\/produkt\/examen-4-fotocollage\/#breadcrumb","itemListElement":[{"@type":"ListItem","position":1,"name":"Home","item":"https:\/\/positiveprints.com\/sv\/"},{"@type":"ListItem","position":2,"name":"Produkter","item":"https:\/\/positiveprints.com\/sv\/shop\/"},{"@type":"ListItem","position":3,"name":"Examen 4 Fotocollage"}]},{"@type":"WebSite","@id":"https:\/\/positiveprints.com\/sv\/#website","url":"https:\/\/positiveprints.com\/sv\/","name":"Positive Prints","description":"Amazing Custom Personalized Gifts","publisher":{"@id":"https:\/\/positiveprints.com\/sv\/#organization"},"potentialAction":[{"@type":"SearchAction","target":{"@type":"EntryPoint","urlTemplate":"https:\/\/positiveprints.com\/sv\/?s={search_term_string}"},"query-input":{"@type":"PropertyValueSpecification","valueRequired":true,"valueName":"search_term_string"}}],"inLanguage":"sv-SE"},{"@type":"Organization","@id":"https:\/\/positiveprints.com\/sv\/#organization","name":"Positive Prints","alternateName":"Positive Prints","url":"https:\/\/positiveprints.com\/sv\/","logo":{"@type":"ImageObject","inLanguage":"sv-SE","@id":"https:\/\/positiveprints.com\/sv\/#\/schema\/logo\/image\/","url":"https:\/\/positiveprints.com\/wp-content\/uploads\/2026\/03\/245815646_1337939713319158_5671353136411139666_n.png","contentUrl":"https:\/\/positiveprints.com\/wp-content\/uploads\/2026\/03\/245815646_1337939713319158_5671353136411139666_n.png","width":800,"height":800,"caption":"Positive Prints"},"image":{"@id":"https:\/\/positiveprints.com\/sv\/#\/schema\/logo\/image\/"},"sameAs":["https:\/\/www.facebook.com\/positiveprintscom","https:\/\/www.instagram.com\/positiveprintscom\/","https:\/\/www.tiktok.com\/@positiveprintscom","https:\/\/www.pinterest.com\/positiveprintscom\/"]}]}},"jetpack_sharing_enabled":true,"_links":{"self":[{"href":"https:\/\/positiveprints.com\/sv\/wp-json\/wp\/v2\/product\/1091915","targetHints":{"allow":["GET"]}}],"collection":[{"href":"https:\/\/positiveprints.com\/sv\/wp-json\/wp\/v2\/product"}],"about":[{"href":"https:\/\/positiveprints.com\/sv\/wp-json\/wp\/v2\/types\/product"}],"wp:featuredmedia":[{"embeddable":true,"href":"https:\/\/positiveprints.com\/sv\/wp-json\/wp\/v2\/media\/1097612"}],"wp:attachment":[{"href":"https:\/\/positiveprints.com\/sv\/wp-json\/wp\/v2\/media?parent=1091915"}],"wp:term":[{"taxonomy":"product_brand","embeddable":true,"href":"https:\/\/positiveprints.com\/sv\/wp-json\/wp\/v2\/product_brand?post=1091915"},{"taxonomy":"product_cat","embeddable":true,"href":"https:\/\/positiveprints.com\/sv\/wp-json\/wp\/v2\/product_cat?post=1091915"},{"taxonomy":"product_tag","embeddable":true,"href":"https:\/\/positiveprints.com\/sv\/wp-json\/wp\/v2\/product_tag?post=1091915"}],"curies":[{"name":"wp","href":"https:\/\/api.w.org\/{rel}","templated":true}]}}